{"id":990200,"date":"2025-09-25T10:05:38","date_gmt":"2025-09-25T10:05:38","guid":{"rendered":"https:\/\/capiwell.ch\/?page_id=990200"},"modified":"2026-01-24T10:40:18","modified_gmt":"2026-01-24T10:40:18","slug":"impatto-e-valori","status":"publish","type":"page","link":"https:\/\/capiwell.ch\/it\/chi-siamo\/impatto-e-valori\/","title":{"rendered":"Impatto e valori"},"content":{"rendered":"<div data-elementor-type=\"wp-page\" data-elementor-id=\"990200\" class=\"elementor elementor-990200\" data-elementor-post-type=\"page\">\n\t\t\t\t<div class=\"elementor-element elementor-element-895a675 e-con-full e-flex e-con e-parent\" data-id=\"895a675\" data-element_type=\"container\" data-e-type=\"container\">\n\t\t\t\t<div class=\"elementor-element elementor-element-7c42530 elementor-widget elementor-widget-video\" data-id=\"7c42530\" data-element_type=\"widget\" data-e-type=\"widget\" data-settings=\"{&quot;video_type&quot;:&quot;hosted&quot;,&quot;autoplay&quot;:&quot;yes&quot;,&quot;play_on_mobile&quot;:&quot;yes&quot;,&quot;mute&quot;:&quot;yes&quot;,&quot;loop&quot;:&quot;yes&quot;}\" data-widget_type=\"video.default\">\n\t\t\t\t\t\t\t<div class=\"e-hosted-video elementor-wrapper elementor-open-inline\">\n\t\t\t\t\t<video class=\"elementor-video\" src=\"https:\/\/capiwell.ch\/wp-content\/uploads\/2025\/09\/impact-and-value-video.mp4\" autoplay=\"\" loop=\"\" muted=\"muted\" playsinline=\"\" controlslist=\"nodownload\"><\/video>\n\t\t\t\t<\/div>\n\t\t\t\t\t\t<\/div>\n\t\t\t\t<\/div>\n\t\t<div class=\"elementor-element elementor-element-3e1b502 e-flex e-con-boxed e-con e-parent\" data-id=\"3e1b502\" data-element_type=\"container\" data-e-type=\"container\" data-settings=\"{&quot;background_background&quot;:&quot;classic&quot;}\">\n\t\t\t\t\t<div class=\"e-con-inner\">\n\t\t<div class=\"elementor-element elementor-element-53b8a1c e-con-full e-flex e-con e-child\" data-id=\"53b8a1c\" data-element_type=\"container\" data-e-type=\"container\" data-settings=\"{&quot;background_background&quot;:&quot;classic&quot;}\">\n\t\t<div class=\"elementor-element elementor-element-52e6127 e-con-full e-flex e-con e-child\" data-id=\"52e6127\" data-element_type=\"container\" data-e-type=\"container\">\n\t\t<div class=\"elementor-element elementor-element-58f27cb e-con-full e-flex e-con e-child\" data-id=\"58f27cb\" data-element_type=\"container\" data-e-type=\"container\" data-settings=\"{&quot;background_background&quot;:&quot;classic&quot;}\">\n\t\t\t\t<div class=\"elementor-element elementor-element-66034ad elementor-widget elementor-widget-heading\" data-id=\"66034ad\" data-element_type=\"widget\" data-e-type=\"widget\" data-widget_type=\"heading.default\">\n\t\t\t\t\t<h4 class=\"elementor-heading-title elementor-size-default\">Capitale, allineato allo scopo.\n<\/h4>\t\t\t\t<\/div>\n\t\t\t\t<div class=\"elementor-element elementor-element-03c12c7 elementor-widget elementor-widget-text-editor\" data-id=\"03c12c7\" data-element_type=\"widget\" data-e-type=\"widget\" data-widget_type=\"text-editor.default\">\n\t\t\t\t\t\t\t\t\t<p>Rendiamo accessibili in Svizzera capitali privati affidabili e allineati ai principi ESG. Mettiamo in contatto gli investitori con fondatori orientati alla missione attraverso opportunit\u00e0 vagliate, in modo che ogni decisione sia mirata, ponderata e progettata per ottenere un impatto misurabile.<\/p>\t\t\t\t\t\t\t\t<\/div>\n\t\t\t\t<\/div>\n\t\t<div class=\"elementor-element elementor-element-cdd1455 e-con-full e-flex e-con e-child\" data-id=\"cdd1455\" data-element_type=\"container\" data-e-type=\"container\" data-settings=\"{&quot;background_background&quot;:&quot;classic&quot;}\">\n\t\t\t\t<div class=\"elementor-element elementor-element-84fe369 elementor-widget elementor-widget-heading\" data-id=\"84fe369\" data-element_type=\"widget\" data-e-type=\"widget\" data-widget_type=\"heading.default\">\n\t\t\t\t\t<h4 class=\"elementor-heading-title elementor-size-default\">Accesso affidabile. Esecuzione precisa. Impatto reale.<\/h4>\t\t\t\t<\/div>\n\t\t\t\t<div class=\"elementor-element elementor-element-3fa4e4e elementor-widget elementor-widget-text-editor\" data-id=\"3fa4e4e\" data-element_type=\"widget\" data-e-type=\"widget\" data-widget_type=\"text-editor.default\">\n\t\t\t\t\t\t\t\t\t<p>Curiamo le operazioni allineate agli standard ESG, applichiamo una conformit\u00e0 rigorosa e le presentiamo con flussi di lavoro chiari e digitali. Costruita sulla fiducia della Svizzera, la nostra piattaforma trasforma il capitale in uno strumento affidabile per i fondatori e in una forza per ottenere risultati migliori.<\/p>\t\t\t\t\t\t\t\t<\/div>\n\t\t\t\t<\/div>\n\t\t\t\t<\/div>\n\t\t\t\t<\/div>\n\t\t\t\t\t<\/div>\n\t\t\t\t<\/div>\n\t\t<div class=\"elementor-element elementor-element-cdb45c5 e-flex e-con-boxed e-con e-parent\" data-id=\"cdb45c5\" data-element_type=\"container\" data-e-type=\"container\" data-settings=\"{&quot;background_background&quot;:&quot;classic&quot;}\">\n\t\t\t\t\t<div class=\"e-con-inner\">\n\t\t<div class=\"elementor-element elementor-element-422d40a e-con-full e-flex e-con e-child\" data-id=\"422d40a\" data-element_type=\"container\" data-e-type=\"container\" data-settings=\"{&quot;background_background&quot;:&quot;classic&quot;}\">\n\t\t<div class=\"elementor-element elementor-element-5682e7b e-con-full e-flex e-con e-child\" data-id=\"5682e7b\" data-element_type=\"container\" data-e-type=\"container\">\n\t\t\t\t<div class=\"elementor-element elementor-element-0eac623 elementor-invisible elementor-widget__width-inherit elementor-widget-mobile__width-inherit animated-fast elementor-widget elementor-widget-heading\" data-id=\"0eac623\" data-element_type=\"widget\" data-e-type=\"widget\" data-settings=\"{&quot;_animation&quot;:&quot;fadeIn&quot;}\" data-widget_type=\"heading.default\">\n\t\t\t\t\t<h2 class=\"elementor-heading-title elementor-size-default\"><span class=\"color-accent-4\">Guida <\/span> Principi\n<\/h2>\t\t\t\t<\/div>\n\t\t\t\t<\/div>\n\t\t<div class=\"elementor-element elementor-element-159db29 equal-height-row e-flex e-con-boxed e-con e-child\" data-id=\"159db29\" data-element_type=\"container\" data-e-type=\"container\">\n\t\t\t\t\t<div class=\"e-con-inner\">\n\t\t<div class=\"elementor-element elementor-element-c6dfb3b elementor-invisible e-con-full equal-box animated-fast e-flex e-con e-child\" data-id=\"c6dfb3b\" data-element_type=\"container\" data-e-type=\"container\" data-settings=\"{&quot;background_background&quot;:&quot;classic&quot;,&quot;animation&quot;:&quot;slideInUp&quot;,&quot;animation_delay&quot;:0}\">\n\t\t<div class=\"elementor-element elementor-element-7786074 e-con-full e-flex e-con e-child\" data-id=\"7786074\" data-element_type=\"container\" data-e-type=\"container\" data-settings=\"{&quot;background_background&quot;:&quot;classic&quot;}\">\n\t\t\t\t<div class=\"elementor-element elementor-element-34567d0 elementor-widget elementor-widget-heading\" data-id=\"34567d0\" data-element_type=\"widget\" data-e-type=\"widget\" data-widget_type=\"heading.default\">\n\t\t\t\t\t<div class=\"elementor-heading-title elementor-size-default\">01<\/div>\t\t\t\t<\/div>\n\t\t\t\t<\/div>\n\t\t<div class=\"elementor-element elementor-element-cda6c31 e-con-full equal-content e-flex e-con e-child\" data-id=\"cda6c31\" data-element_type=\"container\" data-e-type=\"container\" data-settings=\"{&quot;background_background&quot;:&quot;classic&quot;}\">\n\t\t\t\t<div class=\"elementor-element elementor-element-e015e43 elementor-widget elementor-widget-heading\" data-id=\"e015e43\" data-element_type=\"widget\" data-e-type=\"widget\" data-widget_type=\"heading.default\">\n\t\t\t\t\t<h6 class=\"elementor-heading-title elementor-size-default\">Accesso curato, non rumore affollato<\/h6>\t\t\t\t<\/div>\n\t\t\t\t<div class=\"elementor-element elementor-element-74b780b elementor-widget elementor-widget-text-editor\" data-id=\"74b780b\" data-element_type=\"widget\" data-e-type=\"widget\" data-widget_type=\"text-editor.default\">\n\t\t\t\t\t\t\t\t\t<p><span style=\"font-weight: 400;\">Ogni opportunit\u00e0 viene selezionata per impatto e rilevanza.<\/span><span style=\"font-weight: 400;\"><br \/><\/span><\/p>\t\t\t\t\t\t\t\t<\/div>\n\t\t\t\t<\/div>\n\t\t\t\t<\/div>\n\t\t<div class=\"elementor-element elementor-element-8f0afa3 elementor-invisible e-con-full equal-box animated-fast e-flex e-con e-child\" data-id=\"8f0afa3\" data-element_type=\"container\" data-e-type=\"container\" data-settings=\"{&quot;background_background&quot;:&quot;classic&quot;,&quot;animation&quot;:&quot;slideInUp&quot;,&quot;animation_delay&quot;:50}\">\n\t\t<div class=\"elementor-element elementor-element-24f023b e-con-full e-flex e-con e-child\" data-id=\"24f023b\" data-element_type=\"container\" data-e-type=\"container\" data-settings=\"{&quot;background_background&quot;:&quot;classic&quot;}\">\n\t\t\t\t<div class=\"elementor-element elementor-element-06e4e75 elementor-widget elementor-widget-heading\" data-id=\"06e4e75\" data-element_type=\"widget\" data-e-type=\"widget\" data-widget_type=\"heading.default\">\n\t\t\t\t\t<div class=\"elementor-heading-title elementor-size-default\">02<\/div>\t\t\t\t<\/div>\n\t\t\t\t<\/div>\n\t\t<div class=\"elementor-element elementor-element-be20fd3 e-con-full equal-content e-flex e-con e-child\" data-id=\"be20fd3\" data-element_type=\"container\" data-e-type=\"container\" data-settings=\"{&quot;background_background&quot;:&quot;classic&quot;}\">\n\t\t\t\t<div class=\"elementor-element elementor-element-7b00d18 elementor-widget elementor-widget-heading\" data-id=\"7b00d18\" data-element_type=\"widget\" data-e-type=\"widget\" data-widget_type=\"heading.default\">\n\t\t\t\t\t<h6 class=\"elementor-heading-title elementor-size-default\">Svizzero per design, conforme per default<\/h6>\t\t\t\t<\/div>\n\t\t\t\t<div class=\"elementor-element elementor-element-5aa4673 elementor-widget elementor-widget-text-editor\" data-id=\"5aa4673\" data-element_type=\"widget\" data-e-type=\"widget\" data-widget_type=\"text-editor.default\">\n\t\t\t\t\t\t\t\t\t<p><span style=\"font-weight: 400;\">Precisione, trasparenza e fiducia sono al centro di tutto ci\u00f2 che facciamo.<\/span><\/p>\t\t\t\t\t\t\t\t<\/div>\n\t\t\t\t<\/div>\n\t\t\t\t<\/div>\n\t\t<div class=\"elementor-element elementor-element-b03e8b2 elementor-invisible e-con-full equal-box animated-fast e-flex e-con e-child\" data-id=\"b03e8b2\" data-element_type=\"container\" data-e-type=\"container\" data-settings=\"{&quot;background_background&quot;:&quot;classic&quot;,&quot;animation&quot;:&quot;slideInUp&quot;,&quot;animation_delay&quot;:100}\">\n\t\t<div class=\"elementor-element elementor-element-6154531 e-con-full e-flex e-con e-child\" data-id=\"6154531\" data-element_type=\"container\" data-e-type=\"container\" data-settings=\"{&quot;background_background&quot;:&quot;classic&quot;}\">\n\t\t\t\t<div class=\"elementor-element elementor-element-02853ba elementor-widget elementor-widget-heading\" data-id=\"02853ba\" data-element_type=\"widget\" data-e-type=\"widget\" data-widget_type=\"heading.default\">\n\t\t\t\t\t<div class=\"elementor-heading-title elementor-size-default\">03<\/div>\t\t\t\t<\/div>\n\t\t\t\t<\/div>\n\t\t<div class=\"elementor-element elementor-element-d62ba96 e-con-full equal-content e-flex e-con e-child\" data-id=\"d62ba96\" data-element_type=\"container\" data-e-type=\"container\" data-settings=\"{&quot;background_background&quot;:&quot;classic&quot;}\">\n\t\t\t\t<div class=\"elementor-element elementor-element-48165d3 elementor-widget elementor-widget-heading\" data-id=\"48165d3\" data-element_type=\"widget\" data-e-type=\"widget\" data-widget_type=\"heading.default\">\n\t\t\t\t\t<h6 class=\"elementor-heading-title elementor-size-default\">Investire come forza di scopo<\/h6>\t\t\t\t<\/div>\n\t\t\t\t<div class=\"elementor-element elementor-element-fb1d72c elementor-widget elementor-widget-text-editor\" data-id=\"fb1d72c\" data-element_type=\"widget\" data-e-type=\"widget\" data-widget_type=\"text-editor.default\">\n\t\t\t\t\t\t\t\t\t<p><span style=\"font-weight: 400;\">Il capitale viene indirizzato verso un progresso significativo.<\/span><span style=\"font-weight: 400;\"><br \/><\/span><\/p>\t\t\t\t\t\t\t\t<\/div>\n\t\t\t\t<\/div>\n\t\t\t\t<\/div>\n\t\t<div class=\"elementor-element elementor-element-b3c5260 elementor-invisible e-con-full equal-box animated-fast e-flex e-con e-child\" data-id=\"b3c5260\" data-element_type=\"container\" data-e-type=\"container\" data-settings=\"{&quot;background_background&quot;:&quot;classic&quot;,&quot;animation&quot;:&quot;slideInUp&quot;,&quot;animation_delay&quot;:150}\">\n\t\t<div class=\"elementor-element elementor-element-e12aef5 e-con-full e-flex e-con e-child\" data-id=\"e12aef5\" data-element_type=\"container\" data-e-type=\"container\" data-settings=\"{&quot;background_background&quot;:&quot;classic&quot;}\">\n\t\t\t\t<div class=\"elementor-element elementor-element-d9c5f51 elementor-widget elementor-widget-heading\" data-id=\"d9c5f51\" data-element_type=\"widget\" data-e-type=\"widget\" data-widget_type=\"heading.default\">\n\t\t\t\t\t<div class=\"elementor-heading-title elementor-size-default\">04<\/div>\t\t\t\t<\/div>\n\t\t\t\t<\/div>\n\t\t<div class=\"elementor-element elementor-element-8a75b36 e-con-full equal-content e-flex e-con e-child\" data-id=\"8a75b36\" data-element_type=\"container\" data-e-type=\"container\" data-settings=\"{&quot;background_background&quot;:&quot;classic&quot;}\">\n\t\t\t\t<div class=\"elementor-element elementor-element-2bd8c8d elementor-widget elementor-widget-heading\" data-id=\"2bd8c8d\" data-element_type=\"widget\" data-e-type=\"widget\" data-widget_type=\"heading.default\">\n\t\t\t\t\t<h6 class=\"elementor-heading-title elementor-size-default\">Esperienza artigianale, viaggio senza soluzione di continuit\u00e0<\/h6>\t\t\t\t<\/div>\n\t\t\t\t<div class=\"elementor-element elementor-element-e2ad02a elementor-widget elementor-widget-text-editor\" data-id=\"e2ad02a\" data-element_type=\"widget\" data-e-type=\"widget\" data-widget_type=\"text-editor.default\">\n\t\t\t\t\t\t\t\t\t<p><span style=\"font-weight: 400;\">La nostra piattaforma \u00e8 chiara, semplice e affidabile.<\/span><span style=\"font-weight: 400;\"><br \/><\/span><\/p>\t\t\t\t\t\t\t\t<\/div>\n\t\t\t\t<\/div>\n\t\t\t\t<\/div>\n\t\t<div class=\"elementor-element elementor-element-1341da2 elementor-invisible e-con-full equal-box animated-fast e-flex e-con e-child\" data-id=\"1341da2\" data-element_type=\"container\" data-e-type=\"container\" data-settings=\"{&quot;background_background&quot;:&quot;classic&quot;,&quot;animation&quot;:&quot;slideInUp&quot;,&quot;animation_delay&quot;:150}\">\n\t\t<div class=\"elementor-element elementor-element-f93d39a e-con-full e-flex e-con e-child\" data-id=\"f93d39a\" data-element_type=\"container\" data-e-type=\"container\" data-settings=\"{&quot;background_background&quot;:&quot;classic&quot;}\">\n\t\t\t\t<div class=\"elementor-element elementor-element-01ee07d elementor-widget elementor-widget-heading\" data-id=\"01ee07d\" data-element_type=\"widget\" data-e-type=\"widget\" data-widget_type=\"heading.default\">\n\t\t\t\t\t<div class=\"elementor-heading-title elementor-size-default\">05<\/div>\t\t\t\t<\/div>\n\t\t\t\t<\/div>\n\t\t<div class=\"elementor-element elementor-element-0c27c9e e-con-full equal-content e-flex e-con e-child\" data-id=\"0c27c9e\" data-element_type=\"container\" data-e-type=\"container\" data-settings=\"{&quot;background_background&quot;:&quot;classic&quot;}\">\n\t\t\t\t<div class=\"elementor-element elementor-element-8e9c5d0 elementor-widget elementor-widget-heading\" data-id=\"8e9c5d0\" data-element_type=\"widget\" data-e-type=\"widget\" data-widget_type=\"heading.default\">\n\t\t\t\t\t<h6 class=\"elementor-heading-title elementor-size-default\">Per l'investitore moderno, con il supporto dell'intuizione<\/h6>\t\t\t\t<\/div>\n\t\t\t\t<div class=\"elementor-element elementor-element-a906245 elementor-widget elementor-widget-text-editor\" data-id=\"a906245\" data-element_type=\"widget\" data-e-type=\"widget\" data-widget_type=\"text-editor.default\">\n\t\t\t\t\t\t\t\t\t<p><span style=\"font-weight: 400;\">Dati e competenze consentono di prendere decisioni informate.<br \/><\/span><\/p>\t\t\t\t\t\t\t\t<\/div>\n\t\t\t\t<\/div>\n\t\t\t\t<\/div>\n\t\t\t\t\t<\/div>\n\t\t\t\t<\/div>\n\t\t\t\t<\/div>\n\t\t\t\t\t<\/div>\n\t\t\t\t<\/div>\n\t\t<div class=\"elementor-element elementor-element-1e8389a e-flex e-con-boxed e-con e-parent\" data-id=\"1e8389a\" data-element_type=\"container\" data-e-type=\"container\" data-settings=\"{&quot;background_background&quot;:&quot;classic&quot;}\">\n\t\t\t\t\t<div class=\"e-con-inner\">\n\t\t<div class=\"elementor-element elementor-element-efecfd4 e-con-full e-flex e-con e-child\" data-id=\"efecfd4\" data-element_type=\"container\" data-e-type=\"container\" data-settings=\"{&quot;background_background&quot;:&quot;classic&quot;}\">\n\t\t<div class=\"elementor-element elementor-element-c6b5b06 e-con-full e-flex e-con e-child\" data-id=\"c6b5b06\" data-element_type=\"container\" data-e-type=\"container\">\n\t\t<div class=\"elementor-element elementor-element-07dc025 e-con-full e-flex e-con e-child\" data-id=\"07dc025\" data-element_type=\"container\" data-e-type=\"container\" data-settings=\"{&quot;background_background&quot;:&quot;classic&quot;}\">\n\t\t\t\t<div class=\"elementor-element elementor-element-a0f954c elementor-widget elementor-widget-heading\" data-id=\"a0f954c\" data-element_type=\"widget\" data-e-type=\"widget\" data-widget_type=\"heading.default\">\n\t\t\t\t\t<h4 class=\"elementor-heading-title elementor-size-default\">Saggezza senza tempo<\/h4>\t\t\t\t<\/div>\n\t\t\t\t<div class=\"elementor-element elementor-element-c72570b elementor-widget elementor-widget-text-editor\" data-id=\"c72570b\" data-element_type=\"widget\" data-e-type=\"widget\" data-widget_type=\"text-editor.default\">\n\t\t\t\t\t\t\t\t\t<p><span style=\"font-weight: 400;\">\u201c<em>Tutto dovrebbe essere reso il pi\u00f9 semplice possibile, ma non pi\u00f9 semplice,<\/em>\u201d <\/span><\/p><p><span style=\"font-weight: 400;\">- Albert Einstein<\/span><\/p>\t\t\t\t\t\t\t\t<\/div>\n\t\t\t\t<div class=\"elementor-element elementor-element-3a1f7b3 elementor-widget elementor-widget-text-editor\" data-id=\"3a1f7b3\" data-element_type=\"widget\" data-e-type=\"widget\" data-widget_type=\"text-editor.default\">\n\t\t\t\t\t\t\t\t\t<p><span style=\"font-weight: 400;\">\u201c<em>La perfezione si raggiunge non quando non c'\u00e8 pi\u00f9 nulla da aggiungere, ma quando non c'\u00e8 pi\u00f9 nulla da togliere,<\/em>\u201d <\/span><\/p><p><span style=\"font-weight: 400;\">- Antoine de Saint-Exup\u00e9ry<\/span><\/p>\t\t\t\t\t\t\t\t<\/div>\n\t\t\t\t<\/div>\n\t\t<div class=\"elementor-element elementor-element-da6c948 e-con-full e-flex e-con e-child\" data-id=\"da6c948\" data-element_type=\"container\" data-e-type=\"container\" data-settings=\"{&quot;background_background&quot;:&quot;classic&quot;}\">\n\t\t\t\t<div class=\"elementor-element elementor-element-f94f683 elementor-widget elementor-widget-heading\" data-id=\"f94f683\" data-element_type=\"widget\" data-e-type=\"widget\" data-widget_type=\"heading.default\">\n\t\t\t\t\t<h4 class=\"elementor-heading-title elementor-size-default\">Patrimonio e innovazione<\/h4>\t\t\t\t<\/div>\n\t\t\t\t<div class=\"elementor-element elementor-element-769746a elementor-widget elementor-widget-text-editor\" data-id=\"769746a\" data-element_type=\"widget\" data-e-type=\"widget\" data-widget_type=\"text-editor.default\">\n\t\t\t\t\t\t\t\t\t<p><span style=\"font-weight: 400;\">CapiWell affonda le sue radici nell'innovazione svizzera. Dallo spirito pionieristico di Henri Nestl\u00e9 all'odierna precisione digitale, la Svizzera \u00e8 stata a lungo un centro di innovazione affidabile. Se oggi Nestl\u00e9 stesse raccogliendo capitali, probabilmente userebbe CapiWell per trasformare l'intenzione in impatto.<\/span><\/p>\t\t\t\t\t\t\t\t<\/div>\n\t\t\t\t<\/div>\n\t\t<div class=\"elementor-element elementor-element-d839c9e e-con-full e-flex e-con e-child\" data-id=\"d839c9e\" data-element_type=\"container\" data-e-type=\"container\" data-settings=\"{&quot;background_background&quot;:&quot;classic&quot;}\">\n\t\t\t\t<div class=\"elementor-element elementor-element-afeae05 elementor-widget elementor-widget-heading\" data-id=\"afeae05\" data-element_type=\"widget\" data-e-type=\"widget\" data-widget_type=\"heading.default\">\n\t\t\t\t\t<h4 class=\"elementor-heading-title elementor-size-default\">La nostra promessa<\/h4>\t\t\t\t<\/div>\n\t\t\t\t<div class=\"elementor-element elementor-element-9b5463d elementor-widget elementor-widget-text-editor\" data-id=\"9b5463d\" data-element_type=\"widget\" data-e-type=\"widget\" data-widget_type=\"text-editor.default\">\n\t\t\t\t\t\t\t\t\t<p><span style=\"font-weight: 400;\">Ogni opportunit\u00e0 che presentiamo e ogni viaggio che progettiamo hanno lo scopo di rendere il capitale una forza per il progresso, non solo per il profitto. Investire con CapiWell \u00e8 mirato, guidato e trasformativo.<\/span><\/p>\t\t\t\t\t\t\t\t<\/div>\n\t\t\t\t<\/div>\n\t\t\t\t<\/div>\n\t\t\t\t<\/div>\n\t\t\t\t\t<\/div>\n\t\t\t\t<\/div>\n\t\t\t\t<\/div>","protected":false},"excerpt":{"rendered":"<p>https:\/\/capiwell.ch\/wp-content\/uploads\/2025\/09\/impact-and-value-video.mp4 Capital, Aligned with Purpose. We make trusted, ESG-aligned private capital accessible in Switzerland. We connect investors with mission-driven founders through vetted opportunities\u2014so every decision is purposeful, considered, and designed for measurable impact. Trusted Access. Precise Execution. Real Impact. We curate ESG-aligned deals, apply rigorous compliance, and present them with clear, digital workflows. Built on&#8230;<\/p>","protected":false},"author":2,"featured_media":0,"parent":990186,"menu_order":0,"comment_status":"closed","ping_status":"closed","template":"","meta":{"footnotes":""},"categories":[],"class_list":["post-990200","page","type-page","status-publish","hentry"],"_links":{"self":[{"href":"https:\/\/capiwell.ch\/it\/wp-json\/wp\/v2\/pages\/990200","targetHints":{"allow":["GET"]}}],"collection":[{"href":"https:\/\/capiwell.ch\/it\/wp-json\/wp\/v2\/pages"}],"about":[{"href":"https:\/\/capiwell.ch\/it\/wp-json\/wp\/v2\/types\/page"}],"author":[{"embeddable":true,"href":"https:\/\/capiwell.ch\/it\/wp-json\/wp\/v2\/users\/2"}],"replies":[{"embeddable":true,"href":"https:\/\/capiwell.ch\/it\/wp-json\/wp\/v2\/comments?post=990200"}],"version-history":[{"count":19,"href":"https:\/\/capiwell.ch\/it\/wp-json\/wp\/v2\/pages\/990200\/revisions"}],"predecessor-version":[{"id":991358,"href":"https:\/\/capiwell.ch\/it\/wp-json\/wp\/v2\/pages\/990200\/revisions\/991358"}],"up":[{"embeddable":true,"href":"https:\/\/capiwell.ch\/it\/wp-json\/wp\/v2\/pages\/990186"}],"wp:attachment":[{"href":"https:\/\/capiwell.ch\/it\/wp-json\/wp\/v2\/media?parent=990200"}],"wp:term":[{"taxonomy":"category","embeddable":true,"href":"https:\/\/capiwell.ch\/it\/wp-json\/wp\/v2\/categories?post=990200"}],"curies":[{"name":"wp","href":"https:\/\/api.w.org\/{rel}","templated":true}]}}