{"id":990186,"date":"2025-09-25T09:36:33","date_gmt":"2025-09-25T09:36:33","guid":{"rendered":"https:\/\/capiwell.ch\/?page_id=990186"},"modified":"2026-01-24T18:38:06","modified_gmt":"2026-01-24T18:38:06","slug":"chi-siamo","status":"publish","type":"page","link":"https:\/\/capiwell.ch\/it\/chi-siamo\/","title":{"rendered":"Chi siamo"},"content":{"rendered":"<div data-elementor-type=\"wp-page\" data-elementor-id=\"990186\" class=\"elementor elementor-990186\" data-elementor-post-type=\"page\">\n\t\t\t\t<div class=\"elementor-element elementor-element-224b562 e-flex e-con-boxed e-con e-parent\" data-id=\"224b562\" data-element_type=\"container\" data-e-type=\"container\">\n\t\t\t\t\t<div class=\"e-con-inner\">\n\t\t<div class=\"elementor-element elementor-element-8e92512 e-con-full e-flex e-con e-child\" data-id=\"8e92512\" data-element_type=\"container\" data-e-type=\"container\">\n\t\t<div class=\"elementor-element elementor-element-426c1dd e-con-full e-flex e-con e-child\" data-id=\"426c1dd\" data-element_type=\"container\" data-e-type=\"container\">\n\t\t\t\t<div class=\"elementor-element elementor-element-1706e3b elementor-invisible animated-fast elementor-widget__width-initial elementor-widget elementor-widget-heading\" data-id=\"1706e3b\" data-element_type=\"widget\" data-e-type=\"widget\" data-settings=\"{&quot;_animation&quot;:&quot;fadeIn&quot;}\" data-widget_type=\"heading.default\">\n\t\t\t\t\t<h2 class=\"elementor-heading-title elementor-size-default\">Il pioniere della Svizzera<br>\n<span class=\"color-accent-4\">La prima piattaforma di capitale privato multi asset completamente integrata<\/span><\/h2>\t\t\t\t<\/div>\n\t\t\t\t<div class=\"elementor-element elementor-element-90d04f0 elementor-widget elementor-widget-text-editor\" data-id=\"90d04f0\" data-element_type=\"widget\" data-e-type=\"widget\" data-widget_type=\"text-editor.default\">\n\t\t\t\t\t\t\t\t\t<p data-start=\"140\" data-end=\"224\">Crediamo che il futuro meriti finanziatori migliori.<br data-start=\"186\" data-end=\"189\" \/>Non pi\u00f9 forte. Non pi\u00f9 veloce. Solo pi\u00f9 saggio.<\/p><p data-start=\"226\" data-end=\"689\">CapiWell \u00e8 stata costruita per coloro che preferiscono la chiarezza al caos: per gli investitori che cercano uno scopo e per i fondatori che ne servono uno. In un mondo di clamore e fretta, offriamo qualcosa di diverso: una piattaforma definita dalla precisione, alimentata dalla fiducia e aperta dal design. Non inseguiamo le tendenze, ma scegliamo l'allineamento e l'ESG al centro. Non inondiamo i mercati, ma eleviamo ci\u00f2 che conta. Perch\u00e9 il vero progresso non si fa con il volume. \u00c8 fatto da coloro che vedono pi\u00f9 lontano e costruiscono meglio, insieme.<\/p><p data-start=\"691\" data-end=\"1035\">Le nostre origini sono considerate come la nostra missione. CapiWell \u00e8 nata da una rigorosa ricerca di mercato condotta da studenti e ricercatori dell'EPFL e dell'HEC di Losanna. La loro profonda analisi dell'industria del capitale privato ha fatto emergere una chiara lacuna: i progetti seri in Svizzera faticano a entrare in contatto con investitori affidabili. Questa intuizione \u00e8 diventata la nostra base.<\/p><p data-start=\"1037\" data-end=\"1343\">Oggi, apriamo l'accesso a capitali privati fidati e allineati con i principi ESG, selezionati per la qualit\u00e0 e forniti con standard di livello svizzero. Per gli investitori, forniamo opportunit\u00e0 vagliate che sono mirate, ponderate e misurabili. Per i fondatori, forniamo un percorso equo e trasparente per ottenere capitali che sostengano un reale progresso.<\/p><p data-start=\"1345\" data-end=\"1534\">\u00c8 cos\u00ec che superiamo il rumore: selezione precisa, diligenza chiara e allineamento che dura nel tempo. Il capitale diventa qualcosa di pi\u00f9 di un finanziamento: diventa uno strumento di fiducia e una forza per ottenere risultati migliori.<\/p><p data-start=\"1536\" data-end=\"1641\" data-is-last-node=\"\" data-is-only-node=\"\">Se siete pronti a investire con uno scopo o a costruire con esso, vediamo pi\u00f9 lontano e costruiamo meglio, insieme.<\/p>\t\t\t\t\t\t\t\t<\/div>\n\t\t\t\t<\/div>\n\t\t\t\t<\/div>\n\t\t\t\t\t<\/div>\n\t\t\t\t<\/div>\n\t\t<div class=\"elementor-element elementor-element-d384207 e-flex e-con-boxed e-con e-parent\" data-id=\"d384207\" data-element_type=\"container\" data-e-type=\"container\" data-settings=\"{&quot;background_background&quot;:&quot;classic&quot;}\">\n\t\t\t\t\t<div class=\"e-con-inner\">\n\t\t<div class=\"elementor-element elementor-element-bda5ec4 e-con-full e-flex e-con e-child\" data-id=\"bda5ec4\" data-element_type=\"container\" data-e-type=\"container\" data-settings=\"{&quot;background_background&quot;:&quot;classic&quot;}\">\n\t\t<div class=\"elementor-element elementor-element-5a62106 e-con-full e-flex e-con e-child\" data-id=\"5a62106\" data-element_type=\"container\" data-e-type=\"container\">\n\t\t\t\t<div class=\"elementor-element elementor-element-b42e2aa elementor-invisible elementor-widget__width-inherit elementor-widget-mobile__width-inherit animated-fast elementor-widget elementor-widget-heading\" data-id=\"b42e2aa\" data-element_type=\"widget\" data-e-type=\"widget\" data-settings=\"{&quot;_animation&quot;:&quot;fadeIn&quot;}\" data-widget_type=\"heading.default\">\n\t\t\t\t\t<h2 class=\"elementor-heading-title elementor-size-default\"><span class=\"color-accent-4\">Dalla frammentazione alla<\/span> Connessione<\/h2>\t\t\t\t<\/div>\n\t\t\t\t<div class=\"elementor-element elementor-element-fb69b08 elementor-widget elementor-widget-text-editor\" data-id=\"fb69b08\" data-element_type=\"widget\" data-e-type=\"widget\" data-widget_type=\"text-editor.default\">\n\t\t\t\t\t\t\t\t\t<p>Per troppo tempo il crowd investing in Svizzera \u00e8 stato frammentato, di portata limitata e circoscritto a singole opportunit\u00e0 di investimento. CapiWell sta cambiando questa situazione. Riuniamo in un'unica piattaforma il settore immobiliare, i prestiti alle PMI e l'equity per l'innovazione. Stiamo creando un luogo in cui investitori e fondatori si connettono direttamente. Il nostro approccio \u00e8 semplice: concentrarsi su trasparenza, finalit\u00e0 e allineamento.<\/p>\t\t\t\t\t\t\t\t<\/div>\n\t\t\t\t<\/div>\n\t\t<div class=\"elementor-element elementor-element-b4cd4e1 e-con-full e-flex e-con e-child\" data-id=\"b4cd4e1\" data-element_type=\"container\" data-e-type=\"container\">\n\t\t<div class=\"elementor-element elementor-element-121c377 elementor-invisible e-con-full animated-fast e-flex e-con e-child\" data-id=\"121c377\" data-element_type=\"container\" data-e-type=\"container\" data-settings=\"{&quot;background_background&quot;:&quot;classic&quot;,&quot;animation&quot;:&quot;slideInUp&quot;,&quot;animation_delay&quot;:0}\">\n\t\t<div class=\"elementor-element elementor-element-ccc50ad e-con-full e-flex e-con e-child\" data-id=\"ccc50ad\" data-element_type=\"container\" data-e-type=\"container\">\n\t\t<div class=\"elementor-element elementor-element-d68bd61 e-con-full e-flex e-con e-child\" data-id=\"d68bd61\" data-element_type=\"container\" data-e-type=\"container\">\n\t\t<div class=\"elementor-element elementor-element-4740bab e-con-full e-flex e-con e-child\" data-id=\"4740bab\" data-element_type=\"container\" data-e-type=\"container\">\n\t\t\t\t<div class=\"elementor-element elementor-element-0b9c8b3 elementor-widget elementor-widget-heading\" data-id=\"0b9c8b3\" data-element_type=\"widget\" data-e-type=\"widget\" data-widget_type=\"heading.default\">\n\t\t\t\t\t<h5 class=\"elementor-heading-title elementor-size-default\">La fiducia al centro<\/h5>\t\t\t\t<\/div>\n\t\t\t\t<\/div>\n\t\t<div class=\"elementor-element elementor-element-fcc44c3 e-con-full e-flex e-con e-child\" data-id=\"fcc44c3\" data-element_type=\"container\" data-e-type=\"container\">\n\t\t\t\t<div class=\"elementor-element elementor-element-868a755 elementor-widget elementor-widget-image\" data-id=\"868a755\" data-element_type=\"widget\" data-e-type=\"widget\" data-widget_type=\"image.default\">\n\t\t\t\t\t\t\t\t\t\t\t\t\t\t\t<img fetchpriority=\"high\" decoding=\"async\" width=\"446\" height=\"498\" src=\"https:\/\/capiwell.ch\/wp-content\/uploads\/2025\/09\/single-bar.png\" class=\"attachment-large size-large wp-image-988820\" alt=\"\" srcset=\"https:\/\/capiwell.ch\/wp-content\/uploads\/2025\/09\/single-bar.png 446w, https:\/\/capiwell.ch\/wp-content\/uploads\/2025\/09\/single-bar-269x300.png 269w, https:\/\/capiwell.ch\/wp-content\/uploads\/2025\/09\/single-bar-11x12.png 11w\" sizes=\"(max-width: 446px) 100vw, 446px\" \/>\t\t\t\t\t\t\t\t\t\t\t\t\t\t\t<\/div>\n\t\t\t\t<\/div>\n\t\t\t\t<\/div>\n\t\t<div class=\"elementor-element elementor-element-a3e87fb e-con-full e-flex e-con e-child\" data-id=\"a3e87fb\" data-element_type=\"container\" data-e-type=\"container\">\n\t\t\t\t<div class=\"elementor-element elementor-element-541f4ce elementor-widget elementor-widget-text-editor\" data-id=\"541f4ce\" data-element_type=\"widget\" data-e-type=\"widget\" data-widget_type=\"text-editor.default\">\n\t\t\t\t\t\t\t\t\t<p>La fiducia non pu\u00f2 essere data per scontata, ma deve essere costruita. Ecco perch\u00e9 ogni fase di CapiWell \u00e8 progettata all'insegna della trasparenza, della conformit\u00e0 e della chiarezza. Dall'onboarding alla chiusura dell'operazione, seguiamo le regole della FINMA e utilizziamo l'intelligenza comportamentale per guidare le decisioni. Il nostro approccio funziona. Gli investitori si impegnano di pi\u00f9 quando il punteggio e il contesto vengono mostrati prima dei rendimenti. I fondatori raccolgono pi\u00f9 velocemente e costruiscono una credibilit\u00e0 che dura nel tempo.<\/p>\t\t\t\t\t\t\t\t<\/div>\n\t\t\t\t<\/div>\n\t\t\t\t<\/div>\n\t\t\t\t<\/div>\n\t\t<div class=\"elementor-element elementor-element-223de1a elementor-invisible e-con-full animated-fast e-flex e-con e-child\" data-id=\"223de1a\" data-element_type=\"container\" data-e-type=\"container\" data-settings=\"{&quot;background_background&quot;:&quot;classic&quot;,&quot;animation&quot;:&quot;slideInUp&quot;,&quot;animation_delay&quot;:50}\">\n\t\t<div class=\"elementor-element elementor-element-925583c e-con-full e-flex e-con e-child\" data-id=\"925583c\" data-element_type=\"container\" data-e-type=\"container\">\n\t\t<div class=\"elementor-element elementor-element-8d19ea7 e-con-full e-flex e-con e-child\" data-id=\"8d19ea7\" data-element_type=\"container\" data-e-type=\"container\">\n\t\t\t\t<div class=\"elementor-element elementor-element-84e9d33 elementor-widget elementor-widget-heading\" data-id=\"84e9d33\" data-element_type=\"widget\" data-e-type=\"widget\" data-widget_type=\"heading.default\">\n\t\t\t\t\t<h5 class=\"elementor-heading-title elementor-size-default\">Costruito sui punti di forza della Svizzera\n<\/h5>\t\t\t\t<\/div>\n\t\t\t\t<\/div>\n\t\t<div class=\"elementor-element elementor-element-e5dd87d e-con-full e-flex e-con e-child\" data-id=\"e5dd87d\" data-element_type=\"container\" data-e-type=\"container\">\n\t\t\t\t<div class=\"elementor-element elementor-element-164208e elementor-widget elementor-widget-image\" data-id=\"164208e\" data-element_type=\"widget\" data-e-type=\"widget\" data-widget_type=\"image.default\">\n\t\t\t\t\t\t\t\t\t\t\t\t\t\t\t<img decoding=\"async\" width=\"446\" height=\"498\" src=\"https:\/\/capiwell.ch\/wp-content\/uploads\/2025\/09\/doubel-bar.png\" class=\"attachment-large size-large wp-image-988821\" alt=\"\" srcset=\"https:\/\/capiwell.ch\/wp-content\/uploads\/2025\/09\/doubel-bar.png 446w, https:\/\/capiwell.ch\/wp-content\/uploads\/2025\/09\/doubel-bar-269x300.png 269w, https:\/\/capiwell.ch\/wp-content\/uploads\/2025\/09\/doubel-bar-11x12.png 11w\" sizes=\"(max-width: 446px) 100vw, 446px\" \/>\t\t\t\t\t\t\t\t\t\t\t\t\t\t\t<\/div>\n\t\t\t\t<\/div>\n\t\t\t\t<\/div>\n\t\t<div class=\"elementor-element elementor-element-efa25e3 e-con-full e-flex e-con e-child\" data-id=\"efa25e3\" data-element_type=\"container\" data-e-type=\"container\">\n\t\t\t\t<div class=\"elementor-element elementor-element-8a9fe2e elementor-widget elementor-widget-text-editor\" data-id=\"8a9fe2e\" data-element_type=\"widget\" data-e-type=\"widget\" data-widget_type=\"text-editor.default\">\n\t\t\t\t\t\t\t\t\t<p>Non siamo partiti dal nulla. Siamo partiti dalla reputazione della Svizzera in termini di stabilit\u00e0, ricchezza e precisione. Ci siamo chiesti: e se la fiducia potesse essere integrata nel sistema? La risposta \u00e8 CapiWell. Da Zurigo a Basilea, dai giovani professionisti ai family office, dagli spin off universitari agli sviluppatori esperti, facciamo incontrare gli investitori e le opportunit\u00e0 giuste al momento giusto.<\/p>\t\t\t\t\t\t\t\t<\/div>\n\t\t\t\t<\/div>\n\t\t\t\t<\/div>\n\t\t<div class=\"elementor-element elementor-element-39380ab elementor-invisible e-con-full animated-fast e-flex e-con e-child\" data-id=\"39380ab\" data-element_type=\"container\" data-e-type=\"container\" data-settings=\"{&quot;background_background&quot;:&quot;classic&quot;,&quot;animation&quot;:&quot;slideInUp&quot;,&quot;animation_delay&quot;:100}\">\n\t\t<div class=\"elementor-element elementor-element-a5601c2 e-con-full e-flex e-con e-child\" data-id=\"a5601c2\" data-element_type=\"container\" data-e-type=\"container\">\n\t\t<div class=\"elementor-element elementor-element-b2fa165 e-con-full e-flex e-con e-child\" data-id=\"b2fa165\" data-element_type=\"container\" data-e-type=\"container\">\n\t\t\t\t<div class=\"elementor-element elementor-element-25e9046 elementor-widget elementor-widget-heading\" data-id=\"25e9046\" data-element_type=\"widget\" data-e-type=\"widget\" data-widget_type=\"heading.default\">\n\t\t\t\t\t<h5 class=\"elementor-heading-title elementor-size-default\">Il capitale fatto bene<\/h5>\t\t\t\t<\/div>\n\t\t\t\t<\/div>\n\t\t<div class=\"elementor-element elementor-element-bf75dc5 e-con-full e-flex e-con e-child\" data-id=\"bf75dc5\" data-element_type=\"container\" data-e-type=\"container\">\n\t\t\t\t<div class=\"elementor-element elementor-element-4cc0fba elementor-widget elementor-widget-image\" data-id=\"4cc0fba\" data-element_type=\"widget\" data-e-type=\"widget\" data-widget_type=\"image.default\">\n\t\t\t\t\t\t\t\t\t\t\t\t\t\t\t<img decoding=\"async\" width=\"446\" height=\"498\" src=\"https:\/\/capiwell.ch\/wp-content\/uploads\/2025\/09\/three-bar.png\" class=\"attachment-large size-large wp-image-988816\" alt=\"\" srcset=\"https:\/\/capiwell.ch\/wp-content\/uploads\/2025\/09\/three-bar.png 446w, https:\/\/capiwell.ch\/wp-content\/uploads\/2025\/09\/three-bar-269x300.png 269w, https:\/\/capiwell.ch\/wp-content\/uploads\/2025\/09\/three-bar-11x12.png 11w\" sizes=\"(max-width: 446px) 100vw, 446px\" \/>\t\t\t\t\t\t\t\t\t\t\t\t\t\t\t<\/div>\n\t\t\t\t<\/div>\n\t\t\t\t<\/div>\n\t\t<div class=\"elementor-element elementor-element-668b672 e-con-full e-flex e-con e-child\" data-id=\"668b672\" data-element_type=\"container\" data-e-type=\"container\">\n\t\t\t\t<div class=\"elementor-element elementor-element-22a11c1 elementor-widget elementor-widget-text-editor\" data-id=\"22a11c1\" data-element_type=\"widget\" data-e-type=\"widget\" data-widget_type=\"text-editor.default\">\n\t\t\t\t\t\t\t\t\t<p>La nostra missione \u00e8 chiara. Colmare il gap di capitale della Svizzera e collegare un mercato frammentato. Ogni operazione che facilitiamo apporta valore agli investitori, ai fondatori e alle comunit\u00e0 che servono. Precisione oggi, fiducia per decenni. CapiWell sta dando forma a una nuova era del capitale privato, un'operazione alla volta.<\/p>\t\t\t\t\t\t\t\t<\/div>\n\t\t\t\t<\/div>\n\t\t\t\t<\/div>\n\t\t\t\t<\/div>\n\t\t\t\t<\/div>\n\t\t\t\t\t<\/div>\n\t\t\t\t<\/div>\n\t\t\t\t<\/div>","protected":false},"excerpt":{"rendered":"<p>Pioneering Switzerland\u2019s First Fully Integrated Multi Asset Private Capital Platform We believe the future deserves better backers.Not louder. Not faster. Just wiser. CapiWell was built for those who value clarity over chaos: for investors who seek purpose and founders who serve one. In a world of hype and haste, we offer something different: a platform&#8230;<\/p>","protected":false},"author":2,"featured_media":990187,"parent":0,"menu_order":0,"comment_status":"closed","ping_status":"closed","template":"","meta":{"footnotes":""},"categories":[],"class_list":["post-990186","page","type-page","status-publish","has-post-thumbnail","hentry"],"_links":{"self":[{"href":"https:\/\/capiwell.ch\/it\/wp-json\/wp\/v2\/pages\/990186","targetHints":{"allow":["GET"]}}],"collection":[{"href":"https:\/\/capiwell.ch\/it\/wp-json\/wp\/v2\/pages"}],"about":[{"href":"https:\/\/capiwell.ch\/it\/wp-json\/wp\/v2\/types\/page"}],"author":[{"embeddable":true,"href":"https:\/\/capiwell.ch\/it\/wp-json\/wp\/v2\/users\/2"}],"replies":[{"embeddable":true,"href":"https:\/\/capiwell.ch\/it\/wp-json\/wp\/v2\/comments?post=990186"}],"version-history":[{"count":16,"href":"https:\/\/capiwell.ch\/it\/wp-json\/wp\/v2\/pages\/990186\/revisions"}],"predecessor-version":[{"id":991340,"href":"https:\/\/capiwell.ch\/it\/wp-json\/wp\/v2\/pages\/990186\/revisions\/991340"}],"wp:featuredmedia":[{"embeddable":true,"href":"https:\/\/capiwell.ch\/it\/wp-json\/wp\/v2\/media\/990187"}],"wp:attachment":[{"href":"https:\/\/capiwell.ch\/it\/wp-json\/wp\/v2\/media?parent=990186"}],"wp:term":[{"taxonomy":"category","embeddable":true,"href":"https:\/\/capiwell.ch\/it\/wp-json\/wp\/v2\/categories?post=990186"}],"curies":[{"name":"wp","href":"https:\/\/api.w.org\/{rel}","templated":true}]}}