{"id":989286,"date":"2025-09-18T10:06:08","date_gmt":"2025-09-18T10:06:08","guid":{"rendered":"https:\/\/capiwell.ch\/?page_id=989286"},"modified":"2026-01-24T18:30:55","modified_gmt":"2026-01-24T18:30:55","slug":"modello-trustbridge","status":"publish","type":"page","link":"https:\/\/capiwell.ch\/it\/come-funziona\/modello-trustbridge\/","title":{"rendered":"Modello TrustBridge"},"content":{"rendered":"<div data-elementor-type=\"wp-page\" data-elementor-id=\"989286\" class=\"elementor elementor-989286\" data-elementor-post-type=\"page\">\n\t\t\t\t<div class=\"elementor-element elementor-element-dc8347b e-flex e-con-boxed e-con e-parent\" data-id=\"dc8347b\" data-element_type=\"container\" data-e-type=\"container\">\n\t\t\t\t\t<div class=\"e-con-inner\">\n\t\t<div class=\"elementor-element elementor-element-a90c2da e-flex e-con-boxed e-con e-child\" data-id=\"a90c2da\" data-element_type=\"container\" data-e-type=\"container\">\n\t\t\t\t\t<div class=\"e-con-inner\">\n\t\t<div class=\"elementor-element elementor-element-974219c e-con-full e-flex e-con e-child\" data-id=\"974219c\" data-element_type=\"container\" data-e-type=\"container\">\n\t\t\t\t<div class=\"elementor-element elementor-element-1bccf20 elementor-invisible animated-fast elementor-widget__width-initial elementor-widget elementor-widget-heading\" data-id=\"1bccf20\" data-element_type=\"widget\" data-e-type=\"widget\" data-settings=\"{&quot;_animation&quot;:&quot;fadeIn&quot;}\" data-widget_type=\"heading.default\">\n\t\t\t\t\t<h2 class=\"elementor-heading-title elementor-size-default\"><span class=\"color-accent-4\">Il nostro<\/span> Nucleo operativo <span class=\"color-accent-4\">Ethos<\/span>\n\n<\/h2>\t\t\t\t<\/div>\n\t\t\t\t<div class=\"elementor-element elementor-element-8927436 elementor-widget elementor-widget-text-editor\" data-id=\"8927436\" data-element_type=\"widget\" data-e-type=\"widget\" data-widget_type=\"text-editor.default\">\n\t\t\t\t\t\t\t\t\t<p><b>TrustBridge \u00e8 lo standard interno di CapiWell<\/b><span style=\"font-weight: 400;\"> cio\u00e8:<\/span><\/p>\t\t\t\t\t\t\t\t<\/div>\n\t\t\t\t<\/div>\n\t\t\t\t\t<\/div>\n\t\t\t\t<\/div>\n\t\t\t\t\t<\/div>\n\t\t\t\t<\/div>\n\t\t<div class=\"elementor-element elementor-element-b65f68c e-flex e-con-boxed e-con e-parent\" data-id=\"b65f68c\" data-element_type=\"container\" data-e-type=\"container\">\n\t\t\t\t\t<div class=\"e-con-inner\">\n\t\t<div class=\"elementor-element elementor-element-7a768f8 elementor-invisible e-con-full animated-fast e-flex e-con e-child\" data-id=\"7a768f8\" data-element_type=\"container\" data-e-type=\"container\" data-settings=\"{&quot;background_background&quot;:&quot;classic&quot;,&quot;animation&quot;:&quot;slideInUp&quot;,&quot;animation_delay&quot;:0}\">\n\t\t<div class=\"elementor-element elementor-element-8b0a428 e-con-full e-flex e-con e-child\" data-id=\"8b0a428\" data-element_type=\"container\" data-e-type=\"container\">\n\t\t<div class=\"elementor-element elementor-element-d33d5e4 e-con-full e-flex e-con e-child\" data-id=\"d33d5e4\" data-element_type=\"container\" data-e-type=\"container\">\n\t\t<div class=\"elementor-element elementor-element-d3acfad e-con-full e-flex e-con e-child\" data-id=\"d3acfad\" data-element_type=\"container\" data-e-type=\"container\">\n\t\t\t\t<div class=\"elementor-element elementor-element-1dc8500 elementor-widget elementor-widget-image\" data-id=\"1dc8500\" data-element_type=\"widget\" data-e-type=\"widget\" data-widget_type=\"image.default\">\n\t\t\t\t\t\t\t\t\t\t\t\t\t\t\t<img fetchpriority=\"high\" decoding=\"async\" width=\"446\" height=\"498\" src=\"https:\/\/capiwell.ch\/wp-content\/uploads\/2025\/09\/single-bar.png\" class=\"attachment-large size-large wp-image-988820\" alt=\"\" srcset=\"https:\/\/capiwell.ch\/wp-content\/uploads\/2025\/09\/single-bar.png 446w, https:\/\/capiwell.ch\/wp-content\/uploads\/2025\/09\/single-bar-269x300.png 269w, https:\/\/capiwell.ch\/wp-content\/uploads\/2025\/09\/single-bar-11x12.png 11w\" sizes=\"(max-width: 446px) 100vw, 446px\" \/>\t\t\t\t\t\t\t\t\t\t\t\t\t\t\t<\/div>\n\t\t\t\t<\/div>\n\t\t<div class=\"elementor-element elementor-element-7296ca5 e-con-full e-flex e-con e-child\" data-id=\"7296ca5\" data-element_type=\"container\" data-e-type=\"container\">\n\t\t\t\t<\/div>\n\t\t\t\t<\/div>\n\t\t<div class=\"elementor-element elementor-element-b0db684 e-con-full e-flex e-con e-child\" data-id=\"b0db684\" data-element_type=\"container\" data-e-type=\"container\">\n\t\t<div class=\"elementor-element elementor-element-c528216 e-con-full e-flex e-con e-child\" data-id=\"c528216\" data-element_type=\"container\" data-e-type=\"container\">\n\t\t\t\t<div class=\"elementor-element elementor-element-3865dc9 elementor-widget elementor-widget-heading\" data-id=\"3865dc9\" data-element_type=\"widget\" data-e-type=\"widget\" data-widget_type=\"heading.default\">\n\t\t\t\t\t<h5 class=\"elementor-heading-title elementor-size-default\">Applicazione della precisione normativa<\/h5>\t\t\t\t<\/div>\n\t\t\t\t<\/div>\n\t\t\t\t<\/div>\n\t\t<div class=\"elementor-element elementor-element-29e177c e-con-full e-flex e-con e-child\" data-id=\"29e177c\" data-element_type=\"container\" data-e-type=\"container\">\n\t\t\t\t<div class=\"elementor-element elementor-element-e73643a elementor-widget elementor-widget-text-editor\" data-id=\"e73643a\" data-element_type=\"widget\" data-e-type=\"widget\" data-widget_type=\"text-editor.default\">\n\t\t\t\t\t\t\t\t\t<p><span style=\"font-weight: 400;\">All'onboarding e alla divulgazione delle transazioni. Gli utenti si muovono attraverso i percorsi in base all'idoneit\u00e0 e all'intento di investimento, non in base a trigger basati sul volume.<\/span><span style=\"font-weight: 400;\"><br \/><\/span><\/p>\t\t\t\t\t\t\t\t<\/div>\n\t\t\t\t<\/div>\n\t\t\t\t<\/div>\n\t\t\t\t<\/div>\n\t\t<div class=\"elementor-element elementor-element-2a6b11c elementor-invisible e-con-full animated-fast e-flex e-con e-child\" data-id=\"2a6b11c\" data-element_type=\"container\" data-e-type=\"container\" data-settings=\"{&quot;background_background&quot;:&quot;classic&quot;,&quot;animation&quot;:&quot;slideInUp&quot;,&quot;animation_delay&quot;:50}\">\n\t\t<div class=\"elementor-element elementor-element-9eb098a e-con-full e-flex e-con e-child\" data-id=\"9eb098a\" data-element_type=\"container\" data-e-type=\"container\">\n\t\t<div class=\"elementor-element elementor-element-7958e1a e-con-full e-flex e-con e-child\" data-id=\"7958e1a\" data-element_type=\"container\" data-e-type=\"container\">\n\t\t\t\t<div class=\"elementor-element elementor-element-8c9d704 elementor-widget elementor-widget-image\" data-id=\"8c9d704\" data-element_type=\"widget\" data-e-type=\"widget\" data-widget_type=\"image.default\">\n\t\t\t\t\t\t\t\t\t\t\t\t\t\t\t<img decoding=\"async\" width=\"446\" height=\"498\" src=\"https:\/\/capiwell.ch\/wp-content\/uploads\/2025\/09\/doubel-bar.png\" class=\"attachment-large size-large wp-image-988821\" alt=\"\" srcset=\"https:\/\/capiwell.ch\/wp-content\/uploads\/2025\/09\/doubel-bar.png 446w, https:\/\/capiwell.ch\/wp-content\/uploads\/2025\/09\/doubel-bar-269x300.png 269w, https:\/\/capiwell.ch\/wp-content\/uploads\/2025\/09\/doubel-bar-11x12.png 11w\" sizes=\"(max-width: 446px) 100vw, 446px\" \/>\t\t\t\t\t\t\t\t\t\t\t\t\t\t\t<\/div>\n\t\t\t\t<\/div>\n\t\t<div class=\"elementor-element elementor-element-7f42279 e-con-full e-flex e-con e-child\" data-id=\"7f42279\" data-element_type=\"container\" data-e-type=\"container\">\n\t\t\t\t<\/div>\n\t\t\t\t<\/div>\n\t\t<div class=\"elementor-element elementor-element-9008c78 e-con-full e-flex e-con e-child\" data-id=\"9008c78\" data-element_type=\"container\" data-e-type=\"container\">\n\t\t<div class=\"elementor-element elementor-element-759438d e-con-full e-flex e-con e-child\" data-id=\"759438d\" data-element_type=\"container\" data-e-type=\"container\">\n\t\t\t\t<div class=\"elementor-element elementor-element-5817457 elementor-widget elementor-widget-heading\" data-id=\"5817457\" data-element_type=\"widget\" data-e-type=\"widget\" data-widget_type=\"heading.default\">\n\t\t\t\t\t<h5 class=\"elementor-heading-title elementor-size-default\">Distribuzione del punteggio comportamentale<\/h5>\t\t\t\t<\/div>\n\t\t\t\t<\/div>\n\t\t\t\t<\/div>\n\t\t<div class=\"elementor-element elementor-element-d5f1984 e-con-full e-flex e-con e-child\" data-id=\"d5f1984\" data-element_type=\"container\" data-e-type=\"container\">\n\t\t\t\t<div class=\"elementor-element elementor-element-ae9445e elementor-widget elementor-widget-text-editor\" data-id=\"ae9445e\" data-element_type=\"widget\" data-e-type=\"widget\" data-widget_type=\"text-editor.default\">\n\t\t\t\t\t\t\t\t\t<p><span style=\"font-weight: 400;\">con un questionario di ingresso che identifica gli obiettivi degli investitori, le preferenze ESG e gli orizzonti di rischio. Questi dati informano dinamicamente su quali operazioni vengono mostrate, su come vengono attivati gli avvisi e su quali narrazioni vengono enfatizzate.<\/span><\/p>\t\t\t\t\t\t\t\t<\/div>\n\t\t\t\t<\/div>\n\t\t\t\t<\/div>\n\t\t<div class=\"elementor-element elementor-element-e015573 elementor-invisible e-con-full animated-fast e-flex e-con e-child\" data-id=\"e015573\" data-element_type=\"container\" data-e-type=\"container\" data-settings=\"{&quot;background_background&quot;:&quot;classic&quot;,&quot;animation&quot;:&quot;slideInUp&quot;,&quot;animation_delay&quot;:100}\">\n\t\t<div class=\"elementor-element elementor-element-e8b5414 e-con-full e-flex e-con e-child\" data-id=\"e8b5414\" data-element_type=\"container\" data-e-type=\"container\">\n\t\t<div class=\"elementor-element elementor-element-9f47156 e-con-full e-flex e-con e-child\" data-id=\"9f47156\" data-element_type=\"container\" data-e-type=\"container\">\n\t\t\t\t<div class=\"elementor-element elementor-element-a628a84 elementor-widget elementor-widget-image\" data-id=\"a628a84\" data-element_type=\"widget\" data-e-type=\"widget\" data-widget_type=\"image.default\">\n\t\t\t\t\t\t\t\t\t\t\t\t\t\t\t<img decoding=\"async\" width=\"446\" height=\"498\" src=\"https:\/\/capiwell.ch\/wp-content\/uploads\/2025\/09\/three-bar.png\" class=\"attachment-large size-large wp-image-988816\" alt=\"\" srcset=\"https:\/\/capiwell.ch\/wp-content\/uploads\/2025\/09\/three-bar.png 446w, https:\/\/capiwell.ch\/wp-content\/uploads\/2025\/09\/three-bar-269x300.png 269w, https:\/\/capiwell.ch\/wp-content\/uploads\/2025\/09\/three-bar-11x12.png 11w\" sizes=\"(max-width: 446px) 100vw, 446px\" \/>\t\t\t\t\t\t\t\t\t\t\t\t\t\t\t<\/div>\n\t\t\t\t<\/div>\n\t\t<div class=\"elementor-element elementor-element-f76efdf e-con-full e-flex e-con e-child\" data-id=\"f76efdf\" data-element_type=\"container\" data-e-type=\"container\">\n\t\t\t\t<\/div>\n\t\t\t\t<\/div>\n\t\t<div class=\"elementor-element elementor-element-16adae1 e-con-full e-flex e-con e-child\" data-id=\"16adae1\" data-element_type=\"container\" data-e-type=\"container\">\n\t\t<div class=\"elementor-element elementor-element-6c613df e-con-full e-flex e-con e-child\" data-id=\"6c613df\" data-element_type=\"container\" data-e-type=\"container\">\n\t\t\t\t<div class=\"elementor-element elementor-element-15377dc elementor-widget elementor-widget-heading\" data-id=\"15377dc\" data-element_type=\"widget\" data-e-type=\"widget\" data-widget_type=\"heading.default\">\n\t\t\t\t\t<h5 class=\"elementor-heading-title elementor-size-default\">L'impiego del \u201ccontrollo degli investimenti\u201d<\/h5>\t\t\t\t<\/div>\n\t\t\t\t<\/div>\n\t\t\t\t<\/div>\n\t\t<div class=\"elementor-element elementor-element-d0fd5bd e-con-full e-flex e-con e-child\" data-id=\"d0fd5bd\" data-element_type=\"container\" data-e-type=\"container\">\n\t\t\t\t<div class=\"elementor-element elementor-element-5eec885 elementor-widget elementor-widget-text-editor\" data-id=\"5eec885\" data-element_type=\"widget\" data-e-type=\"widget\" data-widget_type=\"text-editor.default\">\n\t\t\t\t\t\t\t\t\t<p><span style=\"font-weight: 400;\">Con il monitoraggio in tempo reale dei progetti con l'IoT e i rapporti istantanei.\u00a0<\/span><span style=\"font-weight: 400;\"><br \/><\/span><\/p>\t\t\t\t\t\t\t\t<\/div>\n\t\t\t\t<\/div>\n\t\t\t\t<\/div>\n\t\t<div class=\"elementor-element elementor-element-6049b0c elementor-invisible e-con-full animated-fast e-flex e-con e-child\" data-id=\"6049b0c\" data-element_type=\"container\" data-e-type=\"container\" data-settings=\"{&quot;background_background&quot;:&quot;classic&quot;,&quot;animation&quot;:&quot;slideInUp&quot;,&quot;animation_delay&quot;:150}\">\n\t\t<div class=\"elementor-element elementor-element-28125c1 e-con-full e-flex e-con e-child\" data-id=\"28125c1\" data-element_type=\"container\" data-e-type=\"container\">\n\t\t<div class=\"elementor-element elementor-element-d8ec092 e-con-full e-flex e-con e-child\" data-id=\"d8ec092\" data-element_type=\"container\" data-e-type=\"container\">\n\t\t\t\t<div class=\"elementor-element elementor-element-a7c3e0a elementor-widget elementor-widget-image\" data-id=\"a7c3e0a\" data-element_type=\"widget\" data-e-type=\"widget\" data-widget_type=\"image.default\">\n\t\t\t\t\t\t\t\t\t\t\t\t\t\t\t<img loading=\"lazy\" decoding=\"async\" width=\"747\" height=\"137\" src=\"https:\/\/capiwell.ch\/wp-content\/uploads\/2025\/02\/logo.png\" class=\"attachment-large size-large wp-image-988197\" alt=\"\" srcset=\"https:\/\/capiwell.ch\/wp-content\/uploads\/2025\/02\/logo.png 747w, https:\/\/capiwell.ch\/wp-content\/uploads\/2025\/02\/logo-300x55.png 300w, https:\/\/capiwell.ch\/wp-content\/uploads\/2025\/02\/logo-18x3.png 18w\" sizes=\"(max-width: 747px) 100vw, 747px\" \/>\t\t\t\t\t\t\t\t\t\t\t\t\t\t\t<\/div>\n\t\t\t\t<\/div>\n\t\t\t\t<\/div>\n\t\t<div class=\"elementor-element elementor-element-b8158ca e-con-full e-flex e-con e-child\" data-id=\"b8158ca\" data-element_type=\"container\" data-e-type=\"container\">\n\t\t<div class=\"elementor-element elementor-element-eee15a3 e-con-full e-flex e-con e-child\" data-id=\"eee15a3\" data-element_type=\"container\" data-e-type=\"container\">\n\t\t\t\t<div class=\"elementor-element elementor-element-c8cc573 elementor-widget elementor-widget-heading\" data-id=\"c8cc573\" data-element_type=\"widget\" data-e-type=\"widget\" data-widget_type=\"heading.default\">\n\t\t\t\t\t<h5 class=\"elementor-heading-title elementor-size-default\">Implementazione del \"Project Control\"<\/h5>\t\t\t\t<\/div>\n\t\t\t\t<\/div>\n\t\t\t\t<\/div>\n\t\t<div class=\"elementor-element elementor-element-f872b3b e-con-full e-flex e-con e-child\" data-id=\"f872b3b\" data-element_type=\"container\" data-e-type=\"container\">\n\t\t\t\t<div class=\"elementor-element elementor-element-f303958 elementor-widget elementor-widget-text-editor\" data-id=\"f303958\" data-element_type=\"widget\" data-e-type=\"widget\" data-widget_type=\"text-editor.default\">\n\t\t\t\t\t\t\t\t\t<p><span style=\"font-weight: 400;\">Con una visibilit\u00e0 dinamica della propriet\u00e0 (cruscotto della struttura del capitale in tempo reale, visione del capitale attuale, impatto degli investimenti in entrata).<\/span><\/p>\t\t\t\t\t\t\t\t<\/div>\n\t\t\t\t<\/div>\n\t\t\t\t<\/div>\n\t\t\t\t\t<\/div>\n\t\t\t\t<\/div>\n\t\t<div class=\"elementor-element elementor-element-af48cb8 e-flex e-con-boxed e-con e-parent\" data-id=\"af48cb8\" data-element_type=\"container\" data-e-type=\"container\">\n\t\t\t\t\t<div class=\"e-con-inner\">\n\t\t<div class=\"elementor-element elementor-element-b78c3e5 e-con-full e-flex e-con e-child\" data-id=\"b78c3e5\" data-element_type=\"container\" data-e-type=\"container\">\n\t\t<div class=\"elementor-element elementor-element-70c5dad e-con-full e-flex e-con e-child\" data-id=\"70c5dad\" data-element_type=\"container\" data-e-type=\"container\">\n\t\t\t\t<div class=\"elementor-element elementor-element-56f0d0c elementor-widget elementor-widget-text-editor\" data-id=\"56f0d0c\" data-element_type=\"widget\" data-e-type=\"widget\" data-widget_type=\"text-editor.default\">\n\t\t\t\t\t\t\t\t\t<p>TrustBridge integra la trasparenza narrativa nell'esperienza dell'utente. Ogni profilo dell'operazione spiega perch\u00e9 \u00e8 importante e non solo quanto rende. Gli investitori accedono a informazioni strutturate in un linguaggio semplice, mentre i fondatori vengono istruiti a tradurre la loro opportunit\u00e0 in un linguaggio pronto per le decisioni. In un mondo digitale post-trust, la chiarezza non \u00e8 pi\u00f9 un lusso, ma un'infrastruttura.<\/p><p>TrustBridge garantisce che CapiWell non diventi solo un mercato, ma un meccanismo di definizione degli standard per un flusso di capitale responsabile.<\/p>\t\t\t\t\t\t\t\t<\/div>\n\t\t\t\t<\/div>\n\t\t\t\t<\/div>\n\t\t\t\t\t<\/div>\n\t\t\t\t<\/div>\n\t\t\t\t<\/div>","protected":false},"excerpt":{"rendered":"<p>Our Core Operating Ethos TrustBridge is CapiWell\u2019s internal standard that is: Applying Regulatory Precision To onboarding and deal disclosure. Users move through pathways based on eligibility and investment intent &#8211; not volume-based triggers. Deploying Behavioral Scoring with an entry questionnaire that identifies investor goals, ESG preferences, and risk horizons. These data points dynamically inform what&#8230;<\/p>","protected":false},"author":2,"featured_media":989287,"parent":991728,"menu_order":0,"comment_status":"closed","ping_status":"closed","template":"","meta":{"footnotes":""},"categories":[],"class_list":["post-989286","page","type-page","status-publish","has-post-thumbnail","hentry"],"_links":{"self":[{"href":"https:\/\/capiwell.ch\/it\/wp-json\/wp\/v2\/pages\/989286","targetHints":{"allow":["GET"]}}],"collection":[{"href":"https:\/\/capiwell.ch\/it\/wp-json\/wp\/v2\/pages"}],"about":[{"href":"https:\/\/capiwell.ch\/it\/wp-json\/wp\/v2\/types\/page"}],"author":[{"embeddable":true,"href":"https:\/\/capiwell.ch\/it\/wp-json\/wp\/v2\/users\/2"}],"replies":[{"embeddable":true,"href":"https:\/\/capiwell.ch\/it\/wp-json\/wp\/v2\/comments?post=989286"}],"version-history":[{"count":28,"href":"https:\/\/capiwell.ch\/it\/wp-json\/wp\/v2\/pages\/989286\/revisions"}],"predecessor-version":[{"id":991356,"href":"https:\/\/capiwell.ch\/it\/wp-json\/wp\/v2\/pages\/989286\/revisions\/991356"}],"up":[{"embeddable":true,"href":"https:\/\/capiwell.ch\/it\/wp-json\/wp\/v2\/pages\/991728"}],"wp:featuredmedia":[{"embeddable":true,"href":"https:\/\/capiwell.ch\/it\/wp-json\/wp\/v2\/media\/989287"}],"wp:attachment":[{"href":"https:\/\/capiwell.ch\/it\/wp-json\/wp\/v2\/media?parent=989286"}],"wp:term":[{"taxonomy":"category","embeddable":true,"href":"https:\/\/capiwell.ch\/it\/wp-json\/wp\/v2\/categories?post=989286"}],"curies":[{"name":"wp","href":"https:\/\/api.w.org\/{rel}","templated":true}]}}