{"id":989175,"date":"2025-09-18T05:25:12","date_gmt":"2025-09-18T05:25:12","guid":{"rendered":"https:\/\/capiwell.ch\/?page_id=989175"},"modified":"2026-01-24T17:42:26","modified_gmt":"2026-01-24T17:42:26","slug":"architettura-capiwell","status":"publish","type":"page","link":"https:\/\/capiwell.ch\/it\/come-funziona\/architettura-capiwell\/","title":{"rendered":"Architettura di Capiwell"},"content":{"rendered":"<div data-elementor-type=\"wp-page\" data-elementor-id=\"989175\" class=\"elementor elementor-989175\" data-elementor-post-type=\"page\">\n\t\t\t\t<div class=\"elementor-element elementor-element-b573bd0 e-flex e-con-boxed e-con e-parent\" data-id=\"b573bd0\" data-element_type=\"container\" data-e-type=\"container\">\n\t\t\t\t\t<div class=\"e-con-inner\">\n\t\t<div class=\"elementor-element elementor-element-973f7e4 e-con-full e-flex e-con e-child\" data-id=\"973f7e4\" data-element_type=\"container\" data-e-type=\"container\">\n\t\t<div class=\"elementor-element elementor-element-cd6dedd e-con-full e-flex e-con e-child\" data-id=\"cd6dedd\" data-element_type=\"container\" data-e-type=\"container\">\n\t\t\t\t<div class=\"elementor-element elementor-element-e07fbb7 elementor-invisible animated-fast elementor-widget__width-initial elementor-widget elementor-widget-heading\" data-id=\"e07fbb7\" data-element_type=\"widget\" data-e-type=\"widget\" data-settings=\"{&quot;_animation&quot;:&quot;fadeIn&quot;}\" data-widget_type=\"heading.default\">\n\t\t\t\t\t<h2 class=\"elementor-heading-title elementor-size-default\">Un'architettura a tre livelli per<br>\n<span class=\"color-accent-4\">Fiducia e prestazioni<\/span><\/h2>\t\t\t\t<\/div>\n\t\t\t\t<\/div>\n\t\t\t\t<\/div>\n\t\t\t\t\t<\/div>\n\t\t\t\t<\/div>\n\t\t<div class=\"elementor-element elementor-element-25020d61 e-flex e-con-boxed e-con e-parent\" data-id=\"25020d61\" data-element_type=\"container\" data-e-type=\"container\">\n\t\t\t\t\t<div class=\"e-con-inner\">\n\t\t<div class=\"elementor-element elementor-element-7c997b65 elementor-invisible e-con-full animated-fast e-flex e-con e-child\" data-id=\"7c997b65\" data-element_type=\"container\" data-e-type=\"container\" data-settings=\"{&quot;background_background&quot;:&quot;classic&quot;,&quot;animation&quot;:&quot;slideInUp&quot;,&quot;animation_delay&quot;:0}\">\n\t\t<div class=\"elementor-element elementor-element-2ce1fa3f e-con-full e-flex e-con e-child\" data-id=\"2ce1fa3f\" data-element_type=\"container\" data-e-type=\"container\">\n\t\t<div class=\"elementor-element elementor-element-21ee7ec5 e-con-full e-flex e-con e-child\" data-id=\"21ee7ec5\" data-element_type=\"container\" data-e-type=\"container\">\n\t\t<div class=\"elementor-element elementor-element-66c68f58 e-con-full e-flex e-con e-child\" data-id=\"66c68f58\" data-element_type=\"container\" data-e-type=\"container\">\n\t\t\t\t<div class=\"elementor-element elementor-element-4e37eed5 elementor-widget elementor-widget-heading\" data-id=\"4e37eed5\" data-element_type=\"widget\" data-e-type=\"widget\" data-widget_type=\"heading.default\">\n\t\t\t\t\t<h4 class=\"elementor-heading-title elementor-size-default\">1. Strato di esperienza utente personalizzato<\/h4>\t\t\t\t<\/div>\n\t\t\t\t<\/div>\n\t\t<div class=\"elementor-element elementor-element-72633283 e-con-full e-flex e-con e-child\" data-id=\"72633283\" data-element_type=\"container\" data-e-type=\"container\">\n\t\t\t\t<div class=\"elementor-element elementor-element-3eb6d5e elementor-widget elementor-widget-image\" data-id=\"3eb6d5e\" data-element_type=\"widget\" data-e-type=\"widget\" data-widget_type=\"image.default\">\n\t\t\t\t\t\t\t\t\t\t\t\t\t\t\t<img fetchpriority=\"high\" decoding=\"async\" width=\"446\" height=\"498\" src=\"https:\/\/capiwell.ch\/wp-content\/uploads\/2025\/09\/single-bar.png\" class=\"attachment-large size-large wp-image-988820\" alt=\"\" srcset=\"https:\/\/capiwell.ch\/wp-content\/uploads\/2025\/09\/single-bar.png 446w, https:\/\/capiwell.ch\/wp-content\/uploads\/2025\/09\/single-bar-269x300.png 269w, https:\/\/capiwell.ch\/wp-content\/uploads\/2025\/09\/single-bar-11x12.png 11w\" sizes=\"(max-width: 446px) 100vw, 446px\" \/>\t\t\t\t\t\t\t\t\t\t\t\t\t\t\t<\/div>\n\t\t\t\t<\/div>\n\t\t\t\t<\/div>\n\t\t<div class=\"elementor-element elementor-element-314e9f12 e-con-full e-flex e-con e-child\" data-id=\"314e9f12\" data-element_type=\"container\" data-e-type=\"container\">\n\t\t\t\t<div class=\"elementor-element elementor-element-79d8d8d8 elementor-widget elementor-widget-text-editor\" data-id=\"79d8d8d8\" data-element_type=\"widget\" data-e-type=\"widget\" data-widget_type=\"text-editor.default\">\n\t\t\t\t\t\t\t\t\t<p><span style=\"font-weight: 400;\">\u00c8 l'interfaccia che gli utenti vedono e con cui interagiscono ogni giorno. Si adatta dinamicamente agli investitori e alle persone in cerca di capitali, creando un ambiente specifico per il loro ruolo, alimentato dalle intuizioni comportamentali e dai risultati dell'onboarding.<\/span><\/p><ul><li style=\"font-weight: 400;\" aria-level=\"1\"><b>Avvisi intelligenti<\/b><span style=\"font-weight: 400;\"> Tenere informati gli utenti<\/span><span style=\"font-weight: 400;\"><br \/><br \/><\/span><\/li><li style=\"font-weight: 400;\" aria-level=\"1\"><b>Flussi di transazioni curati<\/b><span style=\"font-weight: 400;\"> proporre le opportunit\u00e0 pi\u00f9 rilevanti<\/span><span style=\"font-weight: 400;\"><br \/><br \/><\/span><\/li><li style=\"font-weight: 400;\" aria-level=\"1\"><b>Distribuzione di contenuti contestuali<\/b><span style=\"font-weight: 400;\"> trasforma un cruscotto statico in un centro decisionale<\/span><span style=\"font-weight: 400;\"><br \/><br \/><\/span><\/li><\/ul><p><span style=\"font-weight: 400;\">Con <\/span><b>Punteggi TrustBridge<\/b><span style=\"font-weight: 400;\"> La conformit\u00e0 diventa visibile e trasparente, infondendo fiducia in ogni fase.<\/span><\/p>\t\t\t\t\t\t\t\t<\/div>\n\t\t\t\t<\/div>\n\t\t\t\t<\/div>\n\t\t\t\t<\/div>\n\t\t<div class=\"elementor-element elementor-element-46146de0 elementor-invisible e-con-full animated-fast e-flex e-con e-child\" data-id=\"46146de0\" data-element_type=\"container\" data-e-type=\"container\" data-settings=\"{&quot;background_background&quot;:&quot;classic&quot;,&quot;animation&quot;:&quot;slideInUp&quot;,&quot;animation_delay&quot;:50}\">\n\t\t<div class=\"elementor-element elementor-element-15cf9d97 e-con-full e-flex e-con e-child\" data-id=\"15cf9d97\" data-element_type=\"container\" data-e-type=\"container\">\n\t\t<div class=\"elementor-element elementor-element-6c8b5fd e-con-full e-flex e-con e-child\" data-id=\"6c8b5fd\" data-element_type=\"container\" data-e-type=\"container\">\n\t\t\t\t<div class=\"elementor-element elementor-element-656733f1 elementor-widget elementor-widget-heading\" data-id=\"656733f1\" data-element_type=\"widget\" data-e-type=\"widget\" data-widget_type=\"heading.default\">\n\t\t\t\t\t<h4 class=\"elementor-heading-title elementor-size-default\">2. Motore di intelligenza<\/h4>\t\t\t\t<\/div>\n\t\t\t\t<\/div>\n\t\t<div class=\"elementor-element elementor-element-7e7fe937 e-con-full e-flex e-con e-child\" data-id=\"7e7fe937\" data-element_type=\"container\" data-e-type=\"container\">\n\t\t\t\t<div class=\"elementor-element elementor-element-7f0431c elementor-widget elementor-widget-image\" data-id=\"7f0431c\" data-element_type=\"widget\" data-e-type=\"widget\" data-widget_type=\"image.default\">\n\t\t\t\t\t\t\t\t\t\t\t\t\t\t\t<img decoding=\"async\" width=\"446\" height=\"498\" src=\"https:\/\/capiwell.ch\/wp-content\/uploads\/2025\/09\/doubel-bar.png\" class=\"attachment-large size-large wp-image-988821\" alt=\"\" srcset=\"https:\/\/capiwell.ch\/wp-content\/uploads\/2025\/09\/doubel-bar.png 446w, https:\/\/capiwell.ch\/wp-content\/uploads\/2025\/09\/doubel-bar-269x300.png 269w, https:\/\/capiwell.ch\/wp-content\/uploads\/2025\/09\/doubel-bar-11x12.png 11w\" sizes=\"(max-width: 446px) 100vw, 446px\" \/>\t\t\t\t\t\t\t\t\t\t\t\t\t\t\t<\/div>\n\t\t\t\t<\/div>\n\t\t\t\t<\/div>\n\t\t<div class=\"elementor-element elementor-element-a8a4d9d e-con-full e-flex e-con e-child\" data-id=\"a8a4d9d\" data-element_type=\"container\" data-e-type=\"container\">\n\t\t\t\t<div class=\"elementor-element elementor-element-1a81667 elementor-widget elementor-widget-text-editor\" data-id=\"1a81667\" data-element_type=\"widget\" data-e-type=\"widget\" data-widget_type=\"text-editor.default\">\n\t\t\t\t\t\t\t\t\t<p><span style=\"font-weight: 400;\">Dietro l'interfaccia si nasconde l'intelligenza che guida la personalizzazione e la conformit\u00e0. Questo livello alimenta <\/span><b>segmentazione, corrispondenza e filtraggio<\/b><span style=\"font-weight: 400;\">, assicurando che ogni opportunit\u00e0 presentata sia pertinente e sicura.<\/span><\/p><ul><li style=\"font-weight: 400;\" aria-level=\"1\"><b>Profili utente dinamici<\/b><span style=\"font-weight: 400;\"> costruito a partire dal comportamento e dagli input della piattaforma<\/span><span style=\"font-weight: 400;\"><br \/><br \/><\/span><\/li><li style=\"font-weight: 400;\" aria-level=\"1\"><b>Logica di etichettatura<\/b><span style=\"font-weight: 400;\"> che adatta l'esposizione all'affare<\/span><span style=\"font-weight: 400;\"><br \/><br \/><\/span><\/li><li style=\"font-weight: 400;\" aria-level=\"1\"><b>Soglie di punteggio automatizzate<\/b><span style=\"font-weight: 400;\"> informati dall'analisi comportamentale<\/span><span style=\"font-weight: 400;\"><br \/><br \/><\/span><\/li><li style=\"font-weight: 400;\" aria-level=\"1\"><b>Filtri KYC e AML integrati<\/b><span style=\"font-weight: 400;\"> che rilevano e indirizzano i segnali di rischio prima dell'esposizione<\/span><span style=\"font-weight: 400;\"><br \/><br \/><\/span><\/li><\/ul><p><span style=\"font-weight: 400;\">\u00c8 qui che la fiducia degli investitori incontra il rigore normativo.<\/span><\/p>\t\t\t\t\t\t\t\t<\/div>\n\t\t\t\t<\/div>\n\t\t\t\t<\/div>\n\t\t<div class=\"elementor-element elementor-element-e94b969 elementor-invisible e-con-full animated-fast e-flex e-con e-child\" data-id=\"e94b969\" data-element_type=\"container\" data-e-type=\"container\" data-settings=\"{&quot;background_background&quot;:&quot;classic&quot;,&quot;animation&quot;:&quot;slideInUp&quot;,&quot;animation_delay&quot;:100}\">\n\t\t<div class=\"elementor-element elementor-element-46c8c89 e-con-full e-flex e-con e-child\" data-id=\"46c8c89\" data-element_type=\"container\" data-e-type=\"container\">\n\t\t<div class=\"elementor-element elementor-element-bbc0762 e-con-full e-flex e-con e-child\" data-id=\"bbc0762\" data-element_type=\"container\" data-e-type=\"container\">\n\t\t\t\t<div class=\"elementor-element elementor-element-225e521 elementor-widget elementor-widget-heading\" data-id=\"225e521\" data-element_type=\"widget\" data-e-type=\"widget\" data-widget_type=\"heading.default\">\n\t\t\t\t\t<h4 class=\"elementor-heading-title elementor-size-default\">3. Nucleo dell'infrastruttura<\/h4>\t\t\t\t<\/div>\n\t\t\t\t<\/div>\n\t\t<div class=\"elementor-element elementor-element-a04ce62 e-con-full e-flex e-con e-child\" data-id=\"a04ce62\" data-element_type=\"container\" data-e-type=\"container\">\n\t\t\t\t<div class=\"elementor-element elementor-element-a063825 elementor-widget elementor-widget-image\" data-id=\"a063825\" data-element_type=\"widget\" data-e-type=\"widget\" data-widget_type=\"image.default\">\n\t\t\t\t\t\t\t\t\t\t\t\t\t\t\t<img decoding=\"async\" width=\"446\" height=\"498\" src=\"https:\/\/capiwell.ch\/wp-content\/uploads\/2025\/09\/three-bar.png\" class=\"attachment-large size-large wp-image-988816\" alt=\"\" srcset=\"https:\/\/capiwell.ch\/wp-content\/uploads\/2025\/09\/three-bar.png 446w, https:\/\/capiwell.ch\/wp-content\/uploads\/2025\/09\/three-bar-269x300.png 269w, https:\/\/capiwell.ch\/wp-content\/uploads\/2025\/09\/three-bar-11x12.png 11w\" sizes=\"(max-width: 446px) 100vw, 446px\" \/>\t\t\t\t\t\t\t\t\t\t\t\t\t\t\t<\/div>\n\t\t\t\t<\/div>\n\t\t\t\t<\/div>\n\t\t<div class=\"elementor-element elementor-element-74d655a e-con-full e-flex e-con e-child\" data-id=\"74d655a\" data-element_type=\"container\" data-e-type=\"container\">\n\t\t\t\t<div class=\"elementor-element elementor-element-e387e65 elementor-widget elementor-widget-text-editor\" data-id=\"e387e65\" data-element_type=\"widget\" data-e-type=\"widget\" data-widget_type=\"text-editor.default\">\n\t\t\t\t\t\t\t\t\t<p><span style=\"font-weight: 400;\">Alla base c'\u00e8 il sistema che garantisce integrit\u00e0 e scalabilit\u00e0. Il nucleo dell'infrastruttura \u00e8 l'ancoraggio <\/span><b>La struttura legale e operativa di CapiWell<\/b><span style=\"font-weight: 400;\">.<\/span><\/p><ul><li style=\"font-weight: 400;\" aria-level=\"1\"><b>Quadro giuridico conforme a SO-FIT<\/b><b><br \/><br \/><\/b><\/li><li style=\"font-weight: 400;\" aria-level=\"1\"><b>Modelli standardizzati di SPV<\/b><span style=\"font-weight: 400;\"> per un'esecuzione efficiente delle transazioni<\/span><span style=\"font-weight: 400;\"><br \/><br \/><\/span><\/li><li style=\"font-weight: 400;\" aria-level=\"1\"><b>Flussi di pagamento sicuri<\/b><span style=\"font-weight: 400;\"> con una tracciabilit\u00e0 di audit completa<\/span><span style=\"font-weight: 400;\"><br \/><br \/><\/span><\/li><li style=\"font-weight: 400;\" aria-level=\"1\"><b>Sistema CRM di livello aziendale<\/b><span style=\"font-weight: 400;\"> progettato per l'ispezione normativa<\/span><span style=\"font-weight: 400;\"><br \/><br \/><\/span><\/li><\/ul><p><span style=\"font-weight: 400;\">Fin dal primo giorno, ogni azione e punto di dati \u00e8 protetto, tracciabile e costruito per essere scalato.<\/span><\/p>\t\t\t\t\t\t\t\t<\/div>\n\t\t\t\t<\/div>\n\t\t\t\t<\/div>\n\t\t\t\t\t<\/div>\n\t\t\t\t<\/div>\n\t\t<div class=\"elementor-element elementor-element-303553a e-flex e-con-boxed e-con e-child\" data-id=\"303553a\" data-element_type=\"container\" data-e-type=\"container\">\n\t\t\t\t\t<div class=\"e-con-inner\">\n\t\t<div class=\"elementor-element elementor-element-2055a98 e-con-full e-flex e-con e-child\" data-id=\"2055a98\" data-element_type=\"container\" data-e-type=\"container\" data-settings=\"{&quot;background_background&quot;:&quot;classic&quot;}\">\n\t\t\t\t<\/div>\n\t\t<div class=\"elementor-element elementor-element-f5405bc e-con-full e-flex e-con e-child\" data-id=\"f5405bc\" data-element_type=\"container\" data-e-type=\"container\" data-settings=\"{&quot;background_background&quot;:&quot;classic&quot;}\">\n\t\t<div class=\"elementor-element elementor-element-2871fff e-con-full e-flex e-con e-child\" data-id=\"2871fff\" data-element_type=\"container\" data-e-type=\"container\">\n\t\t\t\t<div class=\"elementor-element elementor-element-e3f77f1 elementor-widget elementor-widget-image\" data-id=\"e3f77f1\" data-element_type=\"widget\" data-e-type=\"widget\" data-widget_type=\"image.default\">\n\t\t\t\t\t\t\t\t\t\t\t\t\t\t\t<img loading=\"lazy\" decoding=\"async\" width=\"754\" height=\"138\" src=\"https:\/\/capiwell.ch\/wp-content\/uploads\/2025\/09\/logo-white.png\" class=\"attachment-large size-large wp-image-988205\" alt=\"\" srcset=\"https:\/\/capiwell.ch\/wp-content\/uploads\/2025\/09\/logo-white.png 754w, https:\/\/capiwell.ch\/wp-content\/uploads\/2025\/09\/logo-white-300x55.png 300w, https:\/\/capiwell.ch\/wp-content\/uploads\/2025\/09\/logo-white-18x3.png 18w\" sizes=\"(max-width: 754px) 100vw, 754px\" \/>\t\t\t\t\t\t\t\t\t\t\t\t\t\t\t<\/div>\n\t\t\t\t<div class=\"elementor-element elementor-element-9a927f4 elementor-invisible animated-fast elementor-widget elementor-widget-heading\" data-id=\"9a927f4\" data-element_type=\"widget\" data-e-type=\"widget\" data-settings=\"{&quot;_animation&quot;:&quot;slideInUp&quot;,&quot;_animation_delay&quot;:50}\" data-widget_type=\"heading.default\">\n\t\t\t\t\t<h3 class=\"elementor-heading-title elementor-size-default\">Una piattaforma che definisce la categoria<\/h3>\t\t\t\t<\/div>\n\t\t\t\t<\/div>\n\t\t\t\t<div class=\"elementor-element elementor-element-934ad9e elementor-widget elementor-widget-spacer\" data-id=\"934ad9e\" data-element_type=\"widget\" data-e-type=\"widget\" data-widget_type=\"spacer.default\">\n\t\t\t\t\t\t\t<div class=\"elementor-spacer\">\n\t\t\t<div class=\"elementor-spacer-inner\"><\/div>\n\t\t<\/div>\n\t\t\t\t\t\t<\/div>\n\t\t<div class=\"elementor-element elementor-element-12a5e03 e-con-full e-flex e-con e-child\" data-id=\"12a5e03\" data-element_type=\"container\" data-e-type=\"container\">\n\t\t\t\t<div class=\"elementor-element elementor-element-f19028e elementor-widget elementor-widget-text-editor\" data-id=\"f19028e\" data-element_type=\"widget\" data-e-type=\"widget\" data-widget_type=\"text-editor.default\">\n\t\t\t\t\t\t\t\t\t<p><span style=\"font-weight: 400;\">A differenza dei marketplace leggeri, CapiWell \u00e8 un <\/span><b>piattaforma che definisce la categoria<\/b><span style=\"font-weight: 400;\"> che unisce <\/span><b>personalizzazione degli investitori, abilitazione dei fondatori e credibilit\u00e0 del sistema<\/b><span style=\"font-weight: 400;\"> in un unico sistema sincronizzato. Combinando una tecnologia modulare con una base orientata alla compliance, stabiliamo un nuovo standard per l'esperienza del capitale privato in Svizzera e non solo.<\/span><\/p><p><b>CapiWell - dove convergono fiducia, conformit\u00e0 e crescita.<\/b><\/p>\t\t\t\t\t\t\t\t<\/div>\n\t\t\t\t<\/div>\n\t\t\t\t<\/div>\n\t\t\t\t\t<\/div>\n\t\t\t\t<\/div>\n\t\t\t\t<\/div>","protected":false},"excerpt":{"rendered":"<p>A Three-Layered Architecture for Trust and Performance 1. Personalized User Experience Layer This is the interface users see and interact with every day. It adapts dynamically for investors and capital seekers, creating a role-specific environment powered by behavioral insights and onboarding outcomes. Smart alerts keep users informed Curated deal flows bring forward the most relevant&#8230;<\/p>","protected":false},"author":2,"featured_media":989282,"parent":991728,"menu_order":0,"comment_status":"closed","ping_status":"closed","template":"","meta":{"footnotes":""},"categories":[],"class_list":["post-989175","page","type-page","status-publish","has-post-thumbnail","hentry"],"_links":{"self":[{"href":"https:\/\/capiwell.ch\/it\/wp-json\/wp\/v2\/pages\/989175","targetHints":{"allow":["GET"]}}],"collection":[{"href":"https:\/\/capiwell.ch\/it\/wp-json\/wp\/v2\/pages"}],"about":[{"href":"https:\/\/capiwell.ch\/it\/wp-json\/wp\/v2\/types\/page"}],"author":[{"embeddable":true,"href":"https:\/\/capiwell.ch\/it\/wp-json\/wp\/v2\/users\/2"}],"replies":[{"embeddable":true,"href":"https:\/\/capiwell.ch\/it\/wp-json\/wp\/v2\/comments?post=989175"}],"version-history":[{"count":35,"href":"https:\/\/capiwell.ch\/it\/wp-json\/wp\/v2\/pages\/989175\/revisions"}],"predecessor-version":[{"id":991734,"href":"https:\/\/capiwell.ch\/it\/wp-json\/wp\/v2\/pages\/989175\/revisions\/991734"}],"up":[{"embeddable":true,"href":"https:\/\/capiwell.ch\/it\/wp-json\/wp\/v2\/pages\/991728"}],"wp:featuredmedia":[{"embeddable":true,"href":"https:\/\/capiwell.ch\/it\/wp-json\/wp\/v2\/media\/989282"}],"wp:attachment":[{"href":"https:\/\/capiwell.ch\/it\/wp-json\/wp\/v2\/media?parent=989175"}],"wp:term":[{"taxonomy":"category","embeddable":true,"href":"https:\/\/capiwell.ch\/it\/wp-json\/wp\/v2\/categories?post=989175"}],"curies":[{"name":"wp","href":"https:\/\/api.w.org\/{rel}","templated":true}]}}