{"id":990186,"date":"2025-09-25T09:36:33","date_gmt":"2025-09-25T09:36:33","guid":{"rendered":"https:\/\/capiwell.ch\/?page_id=990186"},"modified":"2026-01-24T18:38:06","modified_gmt":"2026-01-24T18:38:06","slug":"a-propos-de-nous","status":"publish","type":"page","link":"https:\/\/capiwell.ch\/fr\/a-propos-de-nous\/","title":{"rendered":"Qui sommes-nous"},"content":{"rendered":"<div data-elementor-type=\"wp-page\" data-elementor-id=\"990186\" class=\"elementor elementor-990186\" data-elementor-post-type=\"page\">\n\t\t\t\t<div class=\"elementor-element elementor-element-224b562 e-flex e-con-boxed e-con e-parent\" data-id=\"224b562\" data-element_type=\"container\" data-e-type=\"container\">\n\t\t\t\t\t<div class=\"e-con-inner\">\n\t\t<div class=\"elementor-element elementor-element-8e92512 e-con-full e-flex e-con e-child\" data-id=\"8e92512\" data-element_type=\"container\" data-e-type=\"container\">\n\t\t<div class=\"elementor-element elementor-element-426c1dd e-con-full e-flex e-con e-child\" data-id=\"426c1dd\" data-element_type=\"container\" data-e-type=\"container\">\n\t\t\t\t<div class=\"elementor-element elementor-element-1706e3b elementor-invisible animated-fast elementor-widget__width-initial elementor-widget elementor-widget-heading\" data-id=\"1706e3b\" data-element_type=\"widget\" data-e-type=\"widget\" data-settings=\"{&quot;_animation&quot;:&quot;fadeIn&quot;}\" data-widget_type=\"heading.default\">\n\t\t\t\t\t<h2 class=\"elementor-heading-title elementor-size-default\">Les pionniers de la Suisse<br>\n<span class=\"color-accent-4\">Premi\u00e8re plateforme de capital priv\u00e9 multi-actifs enti\u00e8rement int\u00e9gr\u00e9e<\/span><\/h2>\t\t\t\t<\/div>\n\t\t\t\t<div class=\"elementor-element elementor-element-90d04f0 elementor-widget elementor-widget-text-editor\" data-id=\"90d04f0\" data-element_type=\"widget\" data-e-type=\"widget\" data-widget_type=\"text-editor.default\">\n\t\t\t\t\t\t\t\t\t<p data-start=\"140\" data-end=\"224\">Nous pensons que l'avenir m\u00e9rite de meilleurs bailleurs de fonds.<br data-start=\"186\" data-end=\"189\" \/>Pas plus fort. Pas plus vite. Juste plus sage.<\/p><p data-start=\"226\" data-end=\"689\">CapiWell a \u00e9t\u00e9 cr\u00e9\u00e9 pour ceux qui pr\u00e9f\u00e8rent la clart\u00e9 au chaos : pour les investisseurs qui recherchent un but et les fondateurs qui en servent un. Dans un monde d'agitation et de pr\u00e9cipitation, nous offrons quelque chose de diff\u00e9rent : une plateforme d\u00e9finie par la pr\u00e9cision, aliment\u00e9e par la confiance et ouverte par la conception. Nous ne poursuivons pas les tendances, nous choisissons l'alignement et l'ESG au c\u0153ur de nos activit\u00e9s. Nous n'inondons pas les march\u00e9s, nous \u00e9levons ce qui compte. Parce que le vrai progr\u00e8s ne se fait pas en volume. Il est le fait de ceux qui voient plus loin et construisent mieux, ensemble.<\/p><p data-start=\"691\" data-end=\"1035\">Nos origines sont aussi r\u00e9fl\u00e9chies que notre mission. CapiWell est n\u00e9 d'une \u00e9tude de march\u00e9 rigoureuse men\u00e9e par des \u00e9tudiants et des chercheurs de l'EPFL et de HEC Lausanne. Leur analyse approfondie de l'industrie du capital priv\u00e9 a r\u00e9v\u00e9l\u00e9 une lacune \u00e9vidente : les projets s\u00e9rieux en Suisse ont du mal \u00e0 entrer en contact avec des investisseurs fiables. Cette constatation est devenue notre fondement.<\/p><p data-start=\"1037\" data-end=\"1343\">Aujourd'hui, nous ouvrons l'acc\u00e8s \u00e0 des capitaux priv\u00e9s de confiance, align\u00e9s sur les crit\u00e8res ESG, s\u00e9lectionn\u00e9s pour leur qualit\u00e9 et livr\u00e9s selon les normes suisses. Pour les investisseurs, nous offrons des opportunit\u00e9s v\u00e9rifi\u00e9es qui sont cibl\u00e9es, r\u00e9fl\u00e9chies et mesurables. Pour les fondateurs, nous offrons une voie \u00e9quitable et transparente vers le capital qui soutient le progr\u00e8s r\u00e9el.<\/p><p data-start=\"1345\" data-end=\"1534\">C'est ainsi que nous allons au-del\u00e0 du bruit : une s\u00e9lection pr\u00e9cise, une diligence claire et un alignement qui dure. Le capital devient plus qu'un simple financement - il devient un outil de confiance et une force pour de meilleurs r\u00e9sultats.<\/p><p data-start=\"1536\" data-end=\"1641\" data-is-last-node=\"\" data-is-only-node=\"\">Si vous \u00eates pr\u00eat \u00e0 investir dans un but pr\u00e9cis ou \u00e0 construire avec ce but, voyons plus loin et construisons mieux, ensemble.<\/p>\t\t\t\t\t\t\t\t<\/div>\n\t\t\t\t<\/div>\n\t\t\t\t<\/div>\n\t\t\t\t\t<\/div>\n\t\t\t\t<\/div>\n\t\t<div class=\"elementor-element elementor-element-d384207 e-flex e-con-boxed e-con e-parent\" data-id=\"d384207\" data-element_type=\"container\" data-e-type=\"container\" data-settings=\"{&quot;background_background&quot;:&quot;classic&quot;}\">\n\t\t\t\t\t<div class=\"e-con-inner\">\n\t\t<div class=\"elementor-element elementor-element-bda5ec4 e-con-full e-flex e-con e-child\" data-id=\"bda5ec4\" data-element_type=\"container\" data-e-type=\"container\" data-settings=\"{&quot;background_background&quot;:&quot;classic&quot;}\">\n\t\t<div class=\"elementor-element elementor-element-5a62106 e-con-full e-flex e-con e-child\" data-id=\"5a62106\" data-element_type=\"container\" data-e-type=\"container\">\n\t\t\t\t<div class=\"elementor-element elementor-element-b42e2aa elementor-invisible elementor-widget__width-inherit elementor-widget-mobile__width-inherit animated-fast elementor-widget elementor-widget-heading\" data-id=\"b42e2aa\" data-element_type=\"widget\" data-e-type=\"widget\" data-settings=\"{&quot;_animation&quot;:&quot;fadeIn&quot;}\" data-widget_type=\"heading.default\">\n\t\t\t\t\t<h2 class=\"elementor-heading-title elementor-size-default\"><span class=\"color-accent-4\">De la fragmentation \u00e0 la<\/span> Connexion<\/h2>\t\t\t\t<\/div>\n\t\t\t\t<div class=\"elementor-element elementor-element-fb69b08 elementor-widget elementor-widget-text-editor\" data-id=\"fb69b08\" data-element_type=\"widget\" data-e-type=\"widget\" data-widget_type=\"text-editor.default\">\n\t\t\t\t\t\t\t\t\t<p>Pendant trop longtemps, l'investissement participatif en Suisse a \u00e9t\u00e9 fragment\u00e9, \u00e9troit et limit\u00e9 \u00e0 des opportunit\u00e9s d'actifs uniques. CapiWell change cela. Nous r\u00e9unissons l'immobilier, les pr\u00eats aux PME et le capital-innovation sur une m\u00eame plateforme. Nous cr\u00e9ons un lieu o\u00f9 les investisseurs et les fondateurs se connectent directement. Notre approche est simple : nous nous concentrons sur la transparence, l'objectif et l'alignement.<\/p>\t\t\t\t\t\t\t\t<\/div>\n\t\t\t\t<\/div>\n\t\t<div class=\"elementor-element elementor-element-b4cd4e1 e-con-full e-flex e-con e-child\" data-id=\"b4cd4e1\" data-element_type=\"container\" data-e-type=\"container\">\n\t\t<div class=\"elementor-element elementor-element-121c377 elementor-invisible e-con-full animated-fast e-flex e-con e-child\" data-id=\"121c377\" data-element_type=\"container\" data-e-type=\"container\" data-settings=\"{&quot;background_background&quot;:&quot;classic&quot;,&quot;animation&quot;:&quot;slideInUp&quot;,&quot;animation_delay&quot;:0}\">\n\t\t<div class=\"elementor-element elementor-element-ccc50ad e-con-full e-flex e-con e-child\" data-id=\"ccc50ad\" data-element_type=\"container\" data-e-type=\"container\">\n\t\t<div class=\"elementor-element elementor-element-d68bd61 e-con-full e-flex e-con e-child\" data-id=\"d68bd61\" data-element_type=\"container\" data-e-type=\"container\">\n\t\t<div class=\"elementor-element elementor-element-4740bab e-con-full e-flex e-con e-child\" data-id=\"4740bab\" data-element_type=\"container\" data-e-type=\"container\">\n\t\t\t\t<div class=\"elementor-element elementor-element-0b9c8b3 elementor-widget elementor-widget-heading\" data-id=\"0b9c8b3\" data-element_type=\"widget\" data-e-type=\"widget\" data-widget_type=\"heading.default\">\n\t\t\t\t\t<h5 class=\"elementor-heading-title elementor-size-default\">La confiance au c\u0153ur du projet<\/h5>\t\t\t\t<\/div>\n\t\t\t\t<\/div>\n\t\t<div class=\"elementor-element elementor-element-fcc44c3 e-con-full e-flex e-con e-child\" data-id=\"fcc44c3\" data-element_type=\"container\" data-e-type=\"container\">\n\t\t\t\t<div class=\"elementor-element elementor-element-868a755 elementor-widget elementor-widget-image\" data-id=\"868a755\" data-element_type=\"widget\" data-e-type=\"widget\" data-widget_type=\"image.default\">\n\t\t\t\t\t\t\t\t\t\t\t\t\t\t\t<img fetchpriority=\"high\" decoding=\"async\" width=\"446\" height=\"498\" src=\"https:\/\/capiwell.ch\/wp-content\/uploads\/2025\/09\/single-bar.png\" class=\"attachment-large size-large wp-image-988820\" alt=\"\" srcset=\"https:\/\/capiwell.ch\/wp-content\/uploads\/2025\/09\/single-bar.png 446w, https:\/\/capiwell.ch\/wp-content\/uploads\/2025\/09\/single-bar-269x300.png 269w, https:\/\/capiwell.ch\/wp-content\/uploads\/2025\/09\/single-bar-11x12.png 11w\" sizes=\"(max-width: 446px) 100vw, 446px\" \/>\t\t\t\t\t\t\t\t\t\t\t\t\t\t\t<\/div>\n\t\t\t\t<\/div>\n\t\t\t\t<\/div>\n\t\t<div class=\"elementor-element elementor-element-a3e87fb e-con-full e-flex e-con e-child\" data-id=\"a3e87fb\" data-element_type=\"container\" data-e-type=\"container\">\n\t\t\t\t<div class=\"elementor-element elementor-element-541f4ce elementor-widget elementor-widget-text-editor\" data-id=\"541f4ce\" data-element_type=\"widget\" data-e-type=\"widget\" data-widget_type=\"text-editor.default\">\n\t\t\t\t\t\t\t\t\t<p>La confiance ne se pr\u00e9sume pas, elle se construit. C'est pourquoi chaque \u00e9tape de CapiWell est con\u00e7ue autour de la transparence, de la conformit\u00e9 et de la clart\u00e9. De l'int\u00e9gration \u00e0 la cl\u00f4ture de la transaction, nous suivons les r\u00e8gles de la FINMA et utilisons l'intelligence comportementale pour guider nos d\u00e9cisions. Notre approche fonctionne. Les investisseurs s'engagent davantage lorsque le scoring et le contexte sont pr\u00e9sent\u00e9s avant les rendements. Les fondateurs l\u00e8vent des fonds plus rapidement et construisent une cr\u00e9dibilit\u00e9 durable.<\/p>\t\t\t\t\t\t\t\t<\/div>\n\t\t\t\t<\/div>\n\t\t\t\t<\/div>\n\t\t\t\t<\/div>\n\t\t<div class=\"elementor-element elementor-element-223de1a elementor-invisible e-con-full animated-fast e-flex e-con e-child\" data-id=\"223de1a\" data-element_type=\"container\" data-e-type=\"container\" data-settings=\"{&quot;background_background&quot;:&quot;classic&quot;,&quot;animation&quot;:&quot;slideInUp&quot;,&quot;animation_delay&quot;:50}\">\n\t\t<div class=\"elementor-element elementor-element-925583c e-con-full e-flex e-con e-child\" data-id=\"925583c\" data-element_type=\"container\" data-e-type=\"container\">\n\t\t<div class=\"elementor-element elementor-element-8d19ea7 e-con-full e-flex e-con e-child\" data-id=\"8d19ea7\" data-element_type=\"container\" data-e-type=\"container\">\n\t\t\t\t<div class=\"elementor-element elementor-element-84e9d33 elementor-widget elementor-widget-heading\" data-id=\"84e9d33\" data-element_type=\"widget\" data-e-type=\"widget\" data-widget_type=\"heading.default\">\n\t\t\t\t\t<h5 class=\"elementor-heading-title elementor-size-default\">Construit sur les forces de la Suisse\n<\/h5>\t\t\t\t<\/div>\n\t\t\t\t<\/div>\n\t\t<div class=\"elementor-element elementor-element-e5dd87d e-con-full e-flex e-con e-child\" data-id=\"e5dd87d\" data-element_type=\"container\" data-e-type=\"container\">\n\t\t\t\t<div class=\"elementor-element elementor-element-164208e elementor-widget elementor-widget-image\" data-id=\"164208e\" data-element_type=\"widget\" data-e-type=\"widget\" data-widget_type=\"image.default\">\n\t\t\t\t\t\t\t\t\t\t\t\t\t\t\t<img decoding=\"async\" width=\"446\" height=\"498\" src=\"https:\/\/capiwell.ch\/wp-content\/uploads\/2025\/09\/doubel-bar.png\" class=\"attachment-large size-large wp-image-988821\" alt=\"\" srcset=\"https:\/\/capiwell.ch\/wp-content\/uploads\/2025\/09\/doubel-bar.png 446w, https:\/\/capiwell.ch\/wp-content\/uploads\/2025\/09\/doubel-bar-269x300.png 269w, https:\/\/capiwell.ch\/wp-content\/uploads\/2025\/09\/doubel-bar-11x12.png 11w\" sizes=\"(max-width: 446px) 100vw, 446px\" \/>\t\t\t\t\t\t\t\t\t\t\t\t\t\t\t<\/div>\n\t\t\t\t<\/div>\n\t\t\t\t<\/div>\n\t\t<div class=\"elementor-element elementor-element-efa25e3 e-con-full e-flex e-con e-child\" data-id=\"efa25e3\" data-element_type=\"container\" data-e-type=\"container\">\n\t\t\t\t<div class=\"elementor-element elementor-element-8a9fe2e elementor-widget elementor-widget-text-editor\" data-id=\"8a9fe2e\" data-element_type=\"widget\" data-e-type=\"widget\" data-widget_type=\"text-editor.default\">\n\t\t\t\t\t\t\t\t\t<p>Nous ne sommes pas partis de rien. Nous sommes partis de la r\u00e9putation de stabilit\u00e9, de richesse et de pr\u00e9cision de la Suisse. Nous nous sommes demand\u00e9 : et si la confiance pouvait \u00eatre int\u00e9gr\u00e9e dans le syst\u00e8me ? La r\u00e9ponse est CapiWell. De Zurich \u00e0 B\u00e2le, des jeunes professionnels aux family offices, des spin offs universitaires aux d\u00e9veloppeurs exp\u00e9riment\u00e9s, nous r\u00e9unissons les bons investisseurs et les bonnes opportunit\u00e9s au bon moment.<\/p>\t\t\t\t\t\t\t\t<\/div>\n\t\t\t\t<\/div>\n\t\t\t\t<\/div>\n\t\t<div class=\"elementor-element elementor-element-39380ab elementor-invisible e-con-full animated-fast e-flex e-con e-child\" data-id=\"39380ab\" data-element_type=\"container\" data-e-type=\"container\" data-settings=\"{&quot;background_background&quot;:&quot;classic&quot;,&quot;animation&quot;:&quot;slideInUp&quot;,&quot;animation_delay&quot;:100}\">\n\t\t<div class=\"elementor-element elementor-element-a5601c2 e-con-full e-flex e-con e-child\" data-id=\"a5601c2\" data-element_type=\"container\" data-e-type=\"container\">\n\t\t<div class=\"elementor-element elementor-element-b2fa165 e-con-full e-flex e-con e-child\" data-id=\"b2fa165\" data-element_type=\"container\" data-e-type=\"container\">\n\t\t\t\t<div class=\"elementor-element elementor-element-25e9046 elementor-widget elementor-widget-heading\" data-id=\"25e9046\" data-element_type=\"widget\" data-e-type=\"widget\" data-widget_type=\"heading.default\">\n\t\t\t\t\t<h5 class=\"elementor-heading-title elementor-size-default\">Le capital bien fait<\/h5>\t\t\t\t<\/div>\n\t\t\t\t<\/div>\n\t\t<div class=\"elementor-element elementor-element-bf75dc5 e-con-full e-flex e-con e-child\" data-id=\"bf75dc5\" data-element_type=\"container\" data-e-type=\"container\">\n\t\t\t\t<div class=\"elementor-element elementor-element-4cc0fba elementor-widget elementor-widget-image\" data-id=\"4cc0fba\" data-element_type=\"widget\" data-e-type=\"widget\" data-widget_type=\"image.default\">\n\t\t\t\t\t\t\t\t\t\t\t\t\t\t\t<img decoding=\"async\" width=\"446\" height=\"498\" src=\"https:\/\/capiwell.ch\/wp-content\/uploads\/2025\/09\/three-bar.png\" class=\"attachment-large size-large wp-image-988816\" alt=\"\" srcset=\"https:\/\/capiwell.ch\/wp-content\/uploads\/2025\/09\/three-bar.png 446w, https:\/\/capiwell.ch\/wp-content\/uploads\/2025\/09\/three-bar-269x300.png 269w, https:\/\/capiwell.ch\/wp-content\/uploads\/2025\/09\/three-bar-11x12.png 11w\" sizes=\"(max-width: 446px) 100vw, 446px\" \/>\t\t\t\t\t\t\t\t\t\t\t\t\t\t\t<\/div>\n\t\t\t\t<\/div>\n\t\t\t\t<\/div>\n\t\t<div class=\"elementor-element elementor-element-668b672 e-con-full e-flex e-con e-child\" data-id=\"668b672\" data-element_type=\"container\" data-e-type=\"container\">\n\t\t\t\t<div class=\"elementor-element elementor-element-22a11c1 elementor-widget elementor-widget-text-editor\" data-id=\"22a11c1\" data-element_type=\"widget\" data-e-type=\"widget\" data-widget_type=\"text-editor.default\">\n\t\t\t\t\t\t\t\t\t<p>Notre mission est claire. Nous comblons le d\u00e9ficit de capitaux en Suisse et connectons un march\u00e9 fragment\u00e9. Chaque transaction que nous facilitons apporte de la valeur aux investisseurs, aux fondateurs et aux communaut\u00e9s qu'ils servent. La pr\u00e9cision aujourd'hui, la confiance pour des d\u00e9cennies. CapiWell fa\u00e7onne une nouvelle \u00e8re de capital priv\u00e9, une transaction \u00e0 la fois.<\/p>\t\t\t\t\t\t\t\t<\/div>\n\t\t\t\t<\/div>\n\t\t\t\t<\/div>\n\t\t\t\t<\/div>\n\t\t\t\t<\/div>\n\t\t\t\t\t<\/div>\n\t\t\t\t<\/div>\n\t\t\t\t<\/div>","protected":false},"excerpt":{"rendered":"<p>Pioneering Switzerland\u2019s First Fully Integrated Multi Asset Private Capital Platform We believe the future deserves better backers.Not louder. Not faster. Just wiser. CapiWell was built for those who value clarity over chaos: for investors who seek purpose and founders who serve one. In a world of hype and haste, we offer something different: a platform&#8230;<\/p>","protected":false},"author":2,"featured_media":990187,"parent":0,"menu_order":0,"comment_status":"closed","ping_status":"closed","template":"","meta":{"footnotes":""},"categories":[],"class_list":["post-990186","page","type-page","status-publish","has-post-thumbnail","hentry"],"_links":{"self":[{"href":"https:\/\/capiwell.ch\/fr\/wp-json\/wp\/v2\/pages\/990186","targetHints":{"allow":["GET"]}}],"collection":[{"href":"https:\/\/capiwell.ch\/fr\/wp-json\/wp\/v2\/pages"}],"about":[{"href":"https:\/\/capiwell.ch\/fr\/wp-json\/wp\/v2\/types\/page"}],"author":[{"embeddable":true,"href":"https:\/\/capiwell.ch\/fr\/wp-json\/wp\/v2\/users\/2"}],"replies":[{"embeddable":true,"href":"https:\/\/capiwell.ch\/fr\/wp-json\/wp\/v2\/comments?post=990186"}],"version-history":[{"count":16,"href":"https:\/\/capiwell.ch\/fr\/wp-json\/wp\/v2\/pages\/990186\/revisions"}],"predecessor-version":[{"id":991340,"href":"https:\/\/capiwell.ch\/fr\/wp-json\/wp\/v2\/pages\/990186\/revisions\/991340"}],"wp:featuredmedia":[{"embeddable":true,"href":"https:\/\/capiwell.ch\/fr\/wp-json\/wp\/v2\/media\/990187"}],"wp:attachment":[{"href":"https:\/\/capiwell.ch\/fr\/wp-json\/wp\/v2\/media?parent=990186"}],"wp:term":[{"taxonomy":"category","embeddable":true,"href":"https:\/\/capiwell.ch\/fr\/wp-json\/wp\/v2\/categories?post=990186"}],"curies":[{"name":"wp","href":"https:\/\/api.w.org\/{rel}","templated":true}]}}