{"id":990130,"date":"2025-09-24T10:08:43","date_gmt":"2025-09-24T10:08:43","guid":{"rendered":"https:\/\/capiwell.ch\/?page_id=990130"},"modified":"2026-01-24T12:06:24","modified_gmt":"2026-01-24T12:06:24","slug":"collecter-des-fonds","status":"publish","type":"page","link":"https:\/\/capiwell.ch\/fr\/collecter-des-fonds\/","title":{"rendered":"Lever des fonds"},"content":{"rendered":"<div data-elementor-type=\"wp-page\" data-elementor-id=\"990130\" class=\"elementor elementor-990130\" data-elementor-post-type=\"page\">\n\t\t\t\t<div class=\"elementor-element elementor-element-b02266f e-flex e-con-boxed e-con e-parent\" data-id=\"b02266f\" data-element_type=\"container\" data-e-type=\"container\">\n\t\t\t\t\t<div class=\"e-con-inner\">\n\t\t\t\t<div class=\"elementor-element elementor-element-dbc86ce elementor-widget elementor-widget-text-editor\" data-id=\"dbc86ce\" data-element_type=\"widget\" data-e-type=\"widget\" data-widget_type=\"text-editor.default\">\n\t\t\t\t\t\t\t\t\t<p>CapiWell vous met en relation avec des capitaux priv\u00e9s de confiance, align\u00e9s sur l'ESG, par le biais de notre plateforme peer-to-peer. Que votre projet concerne l'immobilier, une startup, un pr\u00eat aux PME, un financement personnel ou une spin-off universitaire, nous vous mettons en relation avec des investisseurs qui partagent votre vision.<\/p><p>D\u00e9crivez-nous simplement votre projet ci-dessous et nous vous indiquerons s'il remplit les conditions requises pour b\u00e9n\u00e9ficier d'un financement, puis nous vous guiderons dans les \u00e9tapes suivantes.<\/p>\t\t\t\t\t\t\t\t<\/div>\n\t\t\t\t\t<\/div>\n\t\t\t\t<\/div>\n\t\t<div class=\"elementor-element elementor-element-b08375e e-flex e-con-boxed e-con e-parent\" data-id=\"b08375e\" data-element_type=\"container\" data-e-type=\"container\">\n\t\t\t\t\t<div class=\"e-con-inner\">\n\t\t<div class=\"elementor-element elementor-element-f9cf383 e-con-full e-flex e-con e-child\" data-id=\"f9cf383\" data-element_type=\"container\" data-e-type=\"container\" data-settings=\"{&quot;background_background&quot;:&quot;classic&quot;}\">\n\t\t\t\t<div class=\"elementor-element elementor-element-db50fca elementor-widget elementor-widget-shortcode\" data-id=\"db50fca\" data-element_type=\"widget\" data-e-type=\"widget\" data-widget_type=\"shortcode.default\">\n\t\t\t\t\t\t\t<div class=\"elementor-shortcode\">\n    <div class=\"capiwell-form-container\">\n      <iframe\n        aria-label=\"Lever des fonds\"\n        frameborder=\"0\"\n        scrolling=\"auto\"\n        src=\"https:\/\/forms.zohopublic.eu\/capiwell1\/form\/FrenchTellUsAboutYourFundraisingProject\/formperma\/qxja3XRxrMNjxHYdZz-FiTvQ0AqUg6qaM47Oe4HXDKM\"\n      ><\/iframe>\n    <\/div><\/div>\n\t\t\t\t\t\t<\/div>\n\t\t\t\t<\/div>\n\t\t<div class=\"elementor-element elementor-element-5addfb8 e-con-full e-flex e-con e-child\" data-id=\"5addfb8\" data-element_type=\"container\" data-e-type=\"container\" data-settings=\"{&quot;background_background&quot;:&quot;classic&quot;}\">\n\t\t<div class=\"elementor-element elementor-element-ef2315d e-con-full blur-background e-flex e-con e-child\" data-id=\"ef2315d\" data-element_type=\"container\" data-e-type=\"container\" data-settings=\"{&quot;background_background&quot;:&quot;classic&quot;}\">\n\t\t\t\t<div class=\"vamtam-has-theme-widget-styles elementor-element elementor-element-2d79413 elementor-widget__width-initial elementor-widget-tablet__width-auto elementor-view-stacked elementor-shape-circle elementor-widget elementor-widget-icon\" data-id=\"2d79413\" data-element_type=\"widget\" data-e-type=\"widget\" data-settings=\"{&quot;motion_fx_motion_fx_scrolling&quot;:&quot;yes&quot;,&quot;motion_fx_rotateZ_effect&quot;:&quot;yes&quot;,&quot;motion_fx_rotateZ_direction&quot;:&quot;negative&quot;,&quot;motion_fx_rotateZ_affectedRange&quot;:{&quot;unit&quot;:&quot;%&quot;,&quot;size&quot;:&quot;&quot;,&quot;sizes&quot;:{&quot;start&quot;:28,&quot;end&quot;:78}},&quot;motion_fx_devices&quot;:[&quot;desktop&quot;],&quot;motion_fx_rotateZ_speed&quot;:{&quot;unit&quot;:&quot;px&quot;,&quot;size&quot;:1,&quot;sizes&quot;:[]}}\" data-widget_type=\"icon.default\">\n\t\t\t\t\t\t\t<div class=\"elementor-icon-wrapper\">\n\t\t\t<div class=\"elementor-icon\">\n\t\t\t<i aria-hidden=\"true\" class=\"vamtamtheme- vamtam-theme-phone\"><\/i>\t\t\t<\/div>\n\t\t<\/div>\n\t\t\t\t\t\t<\/div>\n\t\t\t\t<div class=\"elementor-element elementor-element-c6105c0 elementor-widget__width-initial elementor-widget elementor-widget-text-editor\" data-id=\"c6105c0\" data-element_type=\"widget\" data-e-type=\"widget\" data-widget_type=\"text-editor.default\">\n\t\t\t\t\t\t\t\t\t<p>Si vous rencontrez des difficult\u00e9s pour remplir ce formulaire, veuillez <a href=\"\/contact-us\/\">nous contacter<\/a> - notre \u00e9quipe se fera un plaisir de vous aider.<\/p>\t\t\t\t\t\t\t\t<\/div>\n\t\t\t\t<\/div>\n\t\t\t\t<\/div>\n\t\t\t\t\t<\/div>\n\t\t\t\t<\/div>\n\t\t<div class=\"elementor-element elementor-element-cee9f62 e-con-full e-flex e-con e-parent\" data-id=\"cee9f62\" data-element_type=\"container\" data-e-type=\"container\" data-settings=\"{&quot;background_background&quot;:&quot;classic&quot;}\">\n\t\t<div class=\"elementor-element elementor-element-bbc1dc8 e-flex e-con-boxed e-con e-child\" data-id=\"bbc1dc8\" data-element_type=\"container\" data-e-type=\"container\" data-settings=\"{&quot;background_background&quot;:&quot;classic&quot;}\">\n\t\t\t\t\t<div class=\"e-con-inner\">\n\t\t<div class=\"elementor-element elementor-element-6ab6563 e-con-full e-flex e-con e-child\" data-id=\"6ab6563\" data-element_type=\"container\" data-e-type=\"container\">\n\t\t<div class=\"elementor-element elementor-element-a02b9ae e-con-full e-flex e-con e-child\" data-id=\"a02b9ae\" data-element_type=\"container\" data-e-type=\"container\">\n\t\t\t\t<div class=\"elementor-element elementor-element-a669b1f elementor-invisible elementor-widget__width-inherit animated-fast elementor-widget elementor-widget-heading\" data-id=\"a669b1f\" data-element_type=\"widget\" data-e-type=\"widget\" data-settings=\"{&quot;_animation&quot;:&quot;fadeIn&quot;}\" data-widget_type=\"heading.default\">\n\t\t\t\t\t<h2 class=\"elementor-heading-title elementor-size-default\">Vue d'ensemble <span class=\"color-accent-4\">Possibilit\u00e9s de collecte de fonds<\/span><\/h2>\t\t\t\t<\/div>\n\t\t\t\t<\/div>\n\t\t\t\t<\/div>\n\t\t<div class=\"elementor-element elementor-element-5ae3a4f elementor-invisible animated-fast e-con-full e-flex e-con e-child\" data-id=\"5ae3a4f\" data-element_type=\"container\" data-e-type=\"container\" data-settings=\"{&quot;animation&quot;:&quot;fadeIn&quot;,&quot;animation_delay&quot;:50,&quot;background_background&quot;:&quot;classic&quot;}\">\n\t\t<div class=\"elementor-element elementor-element-dd43b83 elementor-invisible e-con-full animated-fast e-flex e-con e-child\" data-id=\"dd43b83\" data-element_type=\"container\" data-e-type=\"container\" data-settings=\"{&quot;animation&quot;:&quot;slideInUp&quot;,&quot;animation_delay&quot;:0,&quot;background_background&quot;:&quot;classic&quot;}\">\n\t\t<div class=\"elementor-element elementor-element-e1a5a0c e-con-full e-flex e-con e-child\" data-id=\"e1a5a0c\" data-element_type=\"container\" data-e-type=\"container\" data-settings=\"{&quot;background_background&quot;:&quot;classic&quot;}\">\n\t\t\t\t<div class=\"elementor-element elementor-element-cc5b21e elementor-widget elementor-widget-heading\" data-id=\"cc5b21e\" data-element_type=\"widget\" data-e-type=\"widget\" data-widget_type=\"heading.default\">\n\t\t\t\t\t<h5 class=\"elementor-heading-title elementor-size-default\">Lever des capitaux avec des actions immobili\u00e8res suisses<\/h5>\t\t\t\t<\/div>\n\t\t\t\t<\/div>\n\t\t<div class=\"elementor-element elementor-element-b949d32 e-con-full e-flex e-con e-child\" data-id=\"b949d32\" data-element_type=\"container\" data-e-type=\"container\" data-settings=\"{&quot;background_background&quot;:&quot;classic&quot;}\">\n\t\t\t\t<div class=\"elementor-element elementor-element-5d4d0a5 elementor-widget elementor-widget-text-editor\" data-id=\"5d4d0a5\" data-element_type=\"widget\" data-e-type=\"widget\" data-widget_type=\"text-editor.default\">\n\t\t\t\t\t\t\t\t\t<p>Transformez votre propri\u00e9t\u00e9 en opportunit\u00e9 d'investissement. Attirez des investisseurs priv\u00e9s et institutionnels et proposez des actions l\u00e9galement reconnues tout en gardant le contr\u00f4le de votre projet. Notre march\u00e9 secondaire ajoute de la liquidit\u00e9, ce qui vous permet de vous d\u00e9velopper, de r\u00e9nover ou de vous agrandir. Nous d\u00e9mocratisons l'acc\u00e8s \u00e0 des capitaux priv\u00e9s fiables et conformes \u00e0 l'ESG, en permettant aux promoteurs et aux investisseurs de construire ensemble un march\u00e9 immobilier plus fort et durable.<\/p>\t\t\t\t\t\t\t\t<\/div>\n\t\t\t\t<\/div>\n\t\t\t\t<\/div>\n\t\t<div class=\"elementor-element elementor-element-3968de3 elementor-invisible e-con-full animated-fast e-flex e-con e-child\" data-id=\"3968de3\" data-element_type=\"container\" data-e-type=\"container\" data-settings=\"{&quot;animation&quot;:&quot;slideInUp&quot;,&quot;animation_delay&quot;:0,&quot;background_background&quot;:&quot;classic&quot;}\">\n\t\t<div class=\"elementor-element elementor-element-25e9818 e-con-full e-flex e-con e-child\" data-id=\"25e9818\" data-element_type=\"container\" data-e-type=\"container\" data-settings=\"{&quot;background_background&quot;:&quot;classic&quot;}\">\n\t\t\t\t<div class=\"elementor-element elementor-element-7ad9e4c elementor-widget elementor-widget-heading\" data-id=\"7ad9e4c\" data-element_type=\"widget\" data-e-type=\"widget\" data-widget_type=\"heading.default\">\n\t\t\t\t\t<h5 class=\"elementor-heading-title elementor-size-default\">Financer votre startup en phase de croissance<\/h5>\t\t\t\t<\/div>\n\t\t\t\t<\/div>\n\t\t<div class=\"elementor-element elementor-element-49cd042 e-con-full e-flex e-con e-child\" data-id=\"49cd042\" data-element_type=\"container\" data-e-type=\"container\" data-settings=\"{&quot;background_background&quot;:&quot;classic&quot;}\">\n\t\t\t\t<div class=\"elementor-element elementor-element-0a927c7 elementor-widget elementor-widget-text-editor\" data-id=\"0a927c7\" data-element_type=\"widget\" data-e-type=\"widget\" data-widget_type=\"text-editor.default\">\n\t\t\t\t\t\t\t\t\t<p>D\u00e9veloppez votre startup avec des investisseurs motiv\u00e9s pr\u00eats \u00e0 soutenir votre vision. Obtenez un financement pour le d\u00e9veloppement de produits, l'expansion du march\u00e9 ou la croissance op\u00e9rationnelle tout en construisant des partenariats \u00e0 long terme. Nous d\u00e9mocratisons l'acc\u00e8s \u00e0 des capitaux priv\u00e9s de confiance align\u00e9s sur l'ESG, en permettant aux fondateurs et aux investisseurs de transformer des id\u00e9es novatrices en un avenir meilleur.<\/p>\t\t\t\t\t\t\t\t<\/div>\n\t\t\t\t<\/div>\n\t\t\t\t<\/div>\n\t\t<div class=\"elementor-element elementor-element-14f4128 elementor-invisible e-con-full animated-fast e-flex e-con e-child\" data-id=\"14f4128\" data-element_type=\"container\" data-e-type=\"container\" data-settings=\"{&quot;animation&quot;:&quot;slideInUp&quot;,&quot;animation_delay&quot;:0,&quot;background_background&quot;:&quot;classic&quot;}\">\n\t\t<div class=\"elementor-element elementor-element-f8b1a0c e-con-full e-flex e-con e-child\" data-id=\"f8b1a0c\" data-element_type=\"container\" data-e-type=\"container\" data-settings=\"{&quot;background_background&quot;:&quot;classic&quot;}\">\n\t\t\t\t<div class=\"elementor-element elementor-element-49cc134 elementor-widget elementor-widget-heading\" data-id=\"49cc134\" data-element_type=\"widget\" data-e-type=\"widget\" data-widget_type=\"heading.default\">\n\t\t\t\t\t<h5 class=\"elementor-heading-title elementor-size-default\">Acc\u00e9der \u00e0 un financement rapide et flexible pour les PME<\/h5>\t\t\t\t<\/div>\n\t\t\t\t<\/div>\n\t\t<div class=\"elementor-element elementor-element-624f45a e-con-full e-flex e-con e-child\" data-id=\"624f45a\" data-element_type=\"container\" data-e-type=\"container\" data-settings=\"{&quot;background_background&quot;:&quot;classic&quot;}\">\n\t\t\t\t<div class=\"elementor-element elementor-element-af80df0 elementor-widget elementor-widget-text-editor\" data-id=\"af80df0\" data-element_type=\"widget\" data-e-type=\"widget\" data-widget_type=\"text-editor.default\">\n\t\t\t\t\t\t\t\t\t<p>Faites tourner votre entreprise gr\u00e2ce \u00e0 des financements \u00e0 court terme propos\u00e9s par des pr\u00eateurs priv\u00e9s et institutionnels. Pr\u00e9financez vos commandes, optimisez votre tr\u00e9sorerie et couvrez vos besoins op\u00e9rationnels gr\u00e2ce \u00e0 des calendriers de remboursement structur\u00e9s. Nous d\u00e9mocratisons l'acc\u00e8s \u00e0 des capitaux priv\u00e9s fiables et conformes aux crit\u00e8res ESG, en permettant aux entreprises et aux investisseurs de renforcer ensemble l'\u00e9pine dorsale de l'\u00e9conomie suisse.<\/p>\t\t\t\t\t\t\t\t<\/div>\n\t\t\t\t<\/div>\n\t\t\t\t<\/div>\n\t\t<div class=\"elementor-element elementor-element-ddc08f5 elementor-invisible e-con-full animated-fast e-flex e-con e-child\" data-id=\"ddc08f5\" data-element_type=\"container\" data-e-type=\"container\" data-settings=\"{&quot;animation&quot;:&quot;slideInUp&quot;,&quot;animation_delay&quot;:0,&quot;background_background&quot;:&quot;classic&quot;}\">\n\t\t<div class=\"elementor-element elementor-element-a39bc5b e-con-full e-flex e-con e-child\" data-id=\"a39bc5b\" data-element_type=\"container\" data-e-type=\"container\" data-settings=\"{&quot;background_background&quot;:&quot;classic&quot;}\">\n\t\t\t\t<div class=\"elementor-element elementor-element-f4298f1 elementor-widget elementor-widget-heading\" data-id=\"f4298f1\" data-element_type=\"widget\" data-e-type=\"widget\" data-widget_type=\"heading.default\">\n\t\t\t\t\t<h5 class=\"elementor-heading-title elementor-size-default\">Obtenir directement des pr\u00eats \u00e0 la consommation<\/h5>\t\t\t\t<\/div>\n\t\t\t\t<\/div>\n\t\t<div class=\"elementor-element elementor-element-56eb7c0 e-con-full e-flex e-con e-child\" data-id=\"56eb7c0\" data-element_type=\"container\" data-e-type=\"container\" data-settings=\"{&quot;background_background&quot;:&quot;classic&quot;}\">\n\t\t\t\t<div class=\"elementor-element elementor-element-d95872f elementor-widget elementor-widget-text-editor\" data-id=\"d95872f\" data-element_type=\"widget\" data-e-type=\"widget\" data-widget_type=\"text-editor.default\">\n\t\t\t\t\t\t\t\t\t<p>Acc\u00e9dez \u00e0 un financement personnel de mani\u00e8re rapide, transparente et discr\u00e8te. Entrez directement en contact avec des pr\u00eateurs priv\u00e9s pour obtenir des taux comp\u00e9titifs et des conditions claires, sans interm\u00e9diaires. Nous d\u00e9mocratisons l'acc\u00e8s \u00e0 des capitaux priv\u00e9s de confiance conformes aux crit\u00e8res ESG, en permettant aux emprunteurs et aux investisseurs d'atteindre leurs objectifs financiers tout en soutenant un \u00e9cosyst\u00e8me de pr\u00eat plus \u00e9quitable.<\/p>\t\t\t\t\t\t\t\t<\/div>\n\t\t\t\t<\/div>\n\t\t\t\t<\/div>\n\t\t<div class=\"elementor-element elementor-element-7790831 elementor-invisible e-con-full animated-fast e-flex e-con e-child\" data-id=\"7790831\" data-element_type=\"container\" data-e-type=\"container\" data-settings=\"{&quot;animation&quot;:&quot;slideInUp&quot;,&quot;animation_delay&quot;:0,&quot;background_background&quot;:&quot;classic&quot;}\">\n\t\t<div class=\"elementor-element elementor-element-f48ecae e-con-full e-flex e-con e-child\" data-id=\"f48ecae\" data-element_type=\"container\" data-e-type=\"container\" data-settings=\"{&quot;background_background&quot;:&quot;classic&quot;}\">\n\t\t\t\t<div class=\"elementor-element elementor-element-d52c8aa elementor-widget elementor-widget-heading\" data-id=\"d52c8aa\" data-element_type=\"widget\" data-e-type=\"widget\" data-widget_type=\"heading.default\">\n\t\t\t\t\t<h5 class=\"elementor-heading-title elementor-size-default\">Lancez votre spin-off acad\u00e9mique<\/h5>\t\t\t\t<\/div>\n\t\t\t\t<\/div>\n\t\t<div class=\"elementor-element elementor-element-cd8943d e-con-full e-flex e-con e-child\" data-id=\"cd8943d\" data-element_type=\"container\" data-e-type=\"container\" data-settings=\"{&quot;background_background&quot;:&quot;classic&quot;}\">\n\t\t\t\t<div class=\"elementor-element elementor-element-d5d9f99 elementor-widget elementor-widget-text-editor\" data-id=\"d5d9f99\" data-element_type=\"widget\" data-e-type=\"widget\" data-widget_type=\"text-editor.default\">\n\t\t\t\t\t\t\t\t\t<p>Transformer la recherche en impact sur le monde r\u00e9el. Levez des fonds pour les entreprises d\u00e9riv\u00e9es, attirez des dons et obtenez le soutien d'investisseurs pour commercialiser des projets innovants. Nous d\u00e9mocratisons l'acc\u00e8s \u00e0 des capitaux priv\u00e9s fiables et conformes aux crit\u00e8res ESG, en donnant aux fondateurs et aux investisseurs universitaires les moyens de transformer des id\u00e9es r\u00e9volutionnaires en un avenir meilleur pour la soci\u00e9t\u00e9.<\/p>\t\t\t\t\t\t\t\t<\/div>\n\t\t\t\t<\/div>\n\t\t\t\t<\/div>\n\t\t\t\t<\/div>\n\t\t<div class=\"elementor-element elementor-element-7d49580 e-con-full e-flex e-con e-child\" data-id=\"7d49580\" data-element_type=\"container\" data-e-type=\"container\">\n\t\t\t\t<\/div>\n\t\t\t\t\t<\/div>\n\t\t\t\t<\/div>\n\t\t\t\t<\/div>\n\t\t\t\t<\/div>","protected":false},"excerpt":{"rendered":"<p>Nous sommes impatients de conna\u00eetre vos objectifs financiers.<\/p>","protected":false},"author":2,"featured_media":0,"parent":0,"menu_order":0,"comment_status":"closed","ping_status":"closed","template":"","meta":{"footnotes":""},"categories":[],"class_list":["post-990130","page","type-page","status-publish","hentry"],"_links":{"self":[{"href":"https:\/\/capiwell.ch\/fr\/wp-json\/wp\/v2\/pages\/990130","targetHints":{"allow":["GET"]}}],"collection":[{"href":"https:\/\/capiwell.ch\/fr\/wp-json\/wp\/v2\/pages"}],"about":[{"href":"https:\/\/capiwell.ch\/fr\/wp-json\/wp\/v2\/types\/page"}],"author":[{"embeddable":true,"href":"https:\/\/capiwell.ch\/fr\/wp-json\/wp\/v2\/users\/2"}],"replies":[{"embeddable":true,"href":"https:\/\/capiwell.ch\/fr\/wp-json\/wp\/v2\/comments?post=990130"}],"version-history":[{"count":34,"href":"https:\/\/capiwell.ch\/fr\/wp-json\/wp\/v2\/pages\/990130\/revisions"}],"predecessor-version":[{"id":991357,"href":"https:\/\/capiwell.ch\/fr\/wp-json\/wp\/v2\/pages\/990130\/revisions\/991357"}],"wp:attachment":[{"href":"https:\/\/capiwell.ch\/fr\/wp-json\/wp\/v2\/media?parent=990130"}],"wp:term":[{"taxonomy":"category","embeddable":true,"href":"https:\/\/capiwell.ch\/fr\/wp-json\/wp\/v2\/categories?post=990130"}],"curies":[{"name":"wp","href":"https:\/\/api.w.org\/{rel}","templated":true}]}}