{"id":989960,"date":"2025-09-22T07:35:13","date_gmt":"2025-09-22T07:35:13","guid":{"rendered":"https:\/\/capiwell.ch\/?page_id=989960"},"modified":"2026-01-24T12:06:50","modified_gmt":"2026-01-24T12:06:50","slug":"batiments-economes-en-energie","status":"publish","type":"page","link":"https:\/\/capiwell.ch\/fr\/batiments-economes-en-energie\/","title":{"rendered":"B\u00e2timents \u00e9conomes en \u00e9nergie"},"content":{"rendered":"<div data-elementor-type=\"wp-page\" data-elementor-id=\"989960\" class=\"elementor elementor-989960\" data-elementor-post-type=\"page\">\n\t\t\t\t<div class=\"elementor-element elementor-element-82072b5 parent-div e-flex e-con-boxed e-con e-parent\" data-id=\"82072b5\" data-element_type=\"container\" data-e-type=\"container\">\n\t\t\t\t\t<div class=\"e-con-inner\">\n\t\t<div class=\"elementor-element elementor-element-e82559f e-con-full e-flex e-con e-child\" data-id=\"e82559f\" data-element_type=\"container\" data-e-type=\"container\">\n\t\t\t\t<div class=\"elementor-element elementor-element-811a2fd elementor-widget elementor-widget-text-editor\" data-id=\"811a2fd\" data-element_type=\"widget\" data-e-type=\"widget\" data-widget_type=\"text-editor.default\">\n\t\t\t\t\t\t\t\t\t<p><span style=\"font-weight: 400;\">Pour les investisseurs, ce secteur allie stabilit\u00e9 \u00e0 long terme et impact sur l'environnement. Les entrepreneurs b\u00e9n\u00e9ficient des normes de construction \u00e9lev\u00e9es de la Suisse et de la demande croissante de logements et d'immeubles commerciaux durables.<\/span><\/p>\t\t\t\t\t\t\t\t<\/div>\n\t\t\t\t<\/div>\n\t\t<div class=\"elementor-element elementor-element-e842d90 e-con-full e-flex e-con e-child\" data-id=\"e842d90\" data-element_type=\"container\" data-e-type=\"container\">\n\t\t\t\t<div class=\"elementor-element elementor-element-60b53a1 elementor-widget elementor-widget-image\" data-id=\"60b53a1\" data-element_type=\"widget\" data-e-type=\"widget\" data-widget_type=\"image.default\">\n\t\t\t\t\t\t\t\t\t\t\t\t\t\t\t<img fetchpriority=\"high\" decoding=\"async\" width=\"1024\" height=\"555\" src=\"https:\/\/capiwell.ch\/wp-content\/uploads\/2025\/09\/energy-efficient-buildings-02-1024x555.jpg\" class=\"attachment-large size-large wp-image-988668\" alt=\"\" srcset=\"https:\/\/capiwell.ch\/wp-content\/uploads\/2025\/09\/energy-efficient-buildings-02-1024x555.jpg 1024w, https:\/\/capiwell.ch\/wp-content\/uploads\/2025\/09\/energy-efficient-buildings-02-300x163.jpg 300w, https:\/\/capiwell.ch\/wp-content\/uploads\/2025\/09\/energy-efficient-buildings-02-768x416.jpg 768w, https:\/\/capiwell.ch\/wp-content\/uploads\/2025\/09\/energy-efficient-buildings-02-1536x832.jpg 1536w, https:\/\/capiwell.ch\/wp-content\/uploads\/2025\/09\/energy-efficient-buildings-02-18x10.jpg 18w, https:\/\/capiwell.ch\/wp-content\/uploads\/2025\/09\/energy-efficient-buildings-02.jpg 1600w\" sizes=\"(max-width: 1024px) 100vw, 1024px\" \/>\t\t\t\t\t\t\t\t\t\t\t\t\t\t\t<\/div>\n\t\t\t\t<\/div>\n\t\t\t\t\t<\/div>\n\t\t\t\t<\/div>\n\t\t<div class=\"elementor-element elementor-element-5369463 e-flex e-con-boxed e-con e-parent\" data-id=\"5369463\" data-element_type=\"container\" data-e-type=\"container\">\n\t\t\t\t\t<div class=\"e-con-inner\">\n\t\t<div class=\"elementor-element elementor-element-25f306b e-con-full e-flex e-con e-child\" data-id=\"25f306b\" data-element_type=\"container\" data-e-type=\"container\">\n\t\t\t\t<div class=\"elementor-element elementor-element-8f80cdf elementor-widget elementor-widget-image\" data-id=\"8f80cdf\" data-element_type=\"widget\" data-e-type=\"widget\" data-widget_type=\"image.default\">\n\t\t\t\t\t\t\t\t\t\t\t\t\t\t\t<img decoding=\"async\" width=\"1024\" height=\"555\" src=\"https:\/\/capiwell.ch\/wp-content\/uploads\/2025\/09\/energy-efficient-buildings-03-1024x555.jpg\" class=\"attachment-large size-large wp-image-988669\" alt=\"\" srcset=\"https:\/\/capiwell.ch\/wp-content\/uploads\/2025\/09\/energy-efficient-buildings-03-1024x555.jpg 1024w, https:\/\/capiwell.ch\/wp-content\/uploads\/2025\/09\/energy-efficient-buildings-03-300x163.jpg 300w, https:\/\/capiwell.ch\/wp-content\/uploads\/2025\/09\/energy-efficient-buildings-03-768x416.jpg 768w, https:\/\/capiwell.ch\/wp-content\/uploads\/2025\/09\/energy-efficient-buildings-03-1536x832.jpg 1536w, https:\/\/capiwell.ch\/wp-content\/uploads\/2025\/09\/energy-efficient-buildings-03-18x10.jpg 18w, https:\/\/capiwell.ch\/wp-content\/uploads\/2025\/09\/energy-efficient-buildings-03.jpg 1600w\" sizes=\"(max-width: 1024px) 100vw, 1024px\" \/>\t\t\t\t\t\t\t\t\t\t\t\t\t\t\t<\/div>\n\t\t\t\t<\/div>\n\t\t<div class=\"elementor-element elementor-element-d1e866f e-con-full e-flex e-con e-child\" data-id=\"d1e866f\" data-element_type=\"container\" data-e-type=\"container\">\n\t\t\t\t<div class=\"elementor-element elementor-element-d8a7c70 elementor-widget elementor-widget-text-editor\" data-id=\"d8a7c70\" data-element_type=\"widget\" data-e-type=\"widget\" data-widget_type=\"text-editor.default\">\n\t\t\t\t\t\t\t\t\t<p><span style=\"font-weight: 400;\">Notre mission est d'acc\u00e9l\u00e9rer cette transition. En canalisant des capitaux priv\u00e9s vers des start-ups sp\u00e9cialis\u00e9es dans les b\u00e2timents \u00e0 haute efficacit\u00e9 \u00e9nerg\u00e9tique, nous contribuons \u00e0 cr\u00e9er un avenir o\u00f9 les b\u00e2timents suisses seront non seulement de classe mondiale en termes de conception, mais aussi des leaders en mati\u00e8re de durabilit\u00e9.<\/span><\/p>\t\t\t\t\t\t\t\t<\/div>\n\t\t\t\t<\/div>\n\t\t\t\t\t<\/div>\n\t\t\t\t<\/div>\n\t\t\t\t<\/div>","protected":false},"excerpt":{"rendered":"<p>Les b\u00e2timents repr\u00e9sentent une part importante de la consommation d'\u00e9nergie et des \u00e9missions. En Suisse, o\u00f9 la durabilit\u00e9 et l'innovation s'entrecroisent, des startups ouvrent la voie \u00e0 la conception de b\u00e2timents plus intelligents, plus verts et plus efficaces sur le plan \u00e9nerg\u00e9tique.<\/p>","protected":false},"author":2,"featured_media":989579,"parent":0,"menu_order":0,"comment_status":"closed","ping_status":"closed","template":"","meta":{"footnotes":""},"categories":[63],"class_list":["post-989960","page","type-page","status-publish","has-post-thumbnail","hentry","category-energy-efficient-buildings"],"_links":{"self":[{"href":"https:\/\/capiwell.ch\/fr\/wp-json\/wp\/v2\/pages\/989960","targetHints":{"allow":["GET"]}}],"collection":[{"href":"https:\/\/capiwell.ch\/fr\/wp-json\/wp\/v2\/pages"}],"about":[{"href":"https:\/\/capiwell.ch\/fr\/wp-json\/wp\/v2\/types\/page"}],"author":[{"embeddable":true,"href":"https:\/\/capiwell.ch\/fr\/wp-json\/wp\/v2\/users\/2"}],"replies":[{"embeddable":true,"href":"https:\/\/capiwell.ch\/fr\/wp-json\/wp\/v2\/comments?post=989960"}],"version-history":[{"count":8,"href":"https:\/\/capiwell.ch\/fr\/wp-json\/wp\/v2\/pages\/989960\/revisions"}],"predecessor-version":[{"id":991673,"href":"https:\/\/capiwell.ch\/fr\/wp-json\/wp\/v2\/pages\/989960\/revisions\/991673"}],"wp:featuredmedia":[{"embeddable":true,"href":"https:\/\/capiwell.ch\/fr\/wp-json\/wp\/v2\/media\/989579"}],"wp:attachment":[{"href":"https:\/\/capiwell.ch\/fr\/wp-json\/wp\/v2\/media?parent=989960"}],"wp:term":[{"taxonomy":"category","embeddable":true,"href":"https:\/\/capiwell.ch\/fr\/wp-json\/wp\/v2\/categories?post=989960"}],"curies":[{"name":"wp","href":"https:\/\/api.w.org\/{rel}","templated":true}]}}