{"id":989948,"date":"2025-09-22T07:31:37","date_gmt":"2025-09-22T07:31:37","guid":{"rendered":"https:\/\/capiwell.ch\/?page_id=989948"},"modified":"2026-01-24T14:11:18","modified_gmt":"2026-01-24T14:11:18","slug":"edtech","status":"publish","type":"page","link":"https:\/\/capiwell.ch\/fr\/edtech\/","title":{"rendered":"EdTech"},"content":{"rendered":"<div data-elementor-type=\"wp-page\" data-elementor-id=\"989948\" class=\"elementor elementor-989948\" data-elementor-post-type=\"page\">\n\t\t\t\t<div class=\"elementor-element elementor-element-6d4c5f3 parent-div e-flex e-con-boxed e-con e-parent\" data-id=\"6d4c5f3\" data-element_type=\"container\" data-e-type=\"container\">\n\t\t\t\t\t<div class=\"e-con-inner\">\n\t\t<div class=\"elementor-element elementor-element-32c3376 e-con-full e-flex e-con e-child\" data-id=\"32c3376\" data-element_type=\"container\" data-e-type=\"container\">\n\t\t\t\t<div class=\"elementor-element elementor-element-6f1f2a6 elementor-widget elementor-widget-text-editor\" data-id=\"6f1f2a6\" data-element_type=\"widget\" data-e-type=\"widget\" data-widget_type=\"text-editor.default\">\n\t\t\t\t\t\t\t\t\t<p><span style=\"font-weight: 400;\">Pour les investisseurs, il s'agit d'un secteur o\u00f9 l'impact soci\u00e9tal et les rendements financiers s'harmonisent parfaitement. Les entrepreneurs b\u00e9n\u00e9ficient de la r\u00e9putation d'excellence de la Suisse en mati\u00e8re d'\u00e9ducation, qui constitue une base solide pour se d\u00e9velopper \u00e0 l'\u00e9chelle internationale.<\/span><\/p>\t\t\t\t\t\t\t\t<\/div>\n\t\t\t\t<\/div>\n\t\t<div class=\"elementor-element elementor-element-63d36e7 e-con-full e-flex e-con e-child\" data-id=\"63d36e7\" data-element_type=\"container\" data-e-type=\"container\">\n\t\t\t\t<div class=\"elementor-element elementor-element-9d8a472 elementor-widget elementor-widget-image\" data-id=\"9d8a472\" data-element_type=\"widget\" data-e-type=\"widget\" data-widget_type=\"image.default\">\n\t\t\t\t\t\t\t\t\t\t\t\t\t\t\t<img fetchpriority=\"high\" decoding=\"async\" width=\"1024\" height=\"555\" src=\"https:\/\/capiwell.ch\/wp-content\/uploads\/2025\/09\/EdTech-01-1024x555.jpg\" class=\"attachment-large size-large wp-image-988654\" alt=\"\" srcset=\"https:\/\/capiwell.ch\/wp-content\/uploads\/2025\/09\/EdTech-01-1024x555.jpg 1024w, https:\/\/capiwell.ch\/wp-content\/uploads\/2025\/09\/EdTech-01-300x163.jpg 300w, https:\/\/capiwell.ch\/wp-content\/uploads\/2025\/09\/EdTech-01-768x416.jpg 768w, https:\/\/capiwell.ch\/wp-content\/uploads\/2025\/09\/EdTech-01-1536x832.jpg 1536w, https:\/\/capiwell.ch\/wp-content\/uploads\/2025\/09\/EdTech-01-18x10.jpg 18w, https:\/\/capiwell.ch\/wp-content\/uploads\/2025\/09\/EdTech-01.jpg 1600w\" sizes=\"(max-width: 1024px) 100vw, 1024px\" \/>\t\t\t\t\t\t\t\t\t\t\t\t\t\t\t<\/div>\n\t\t\t\t<\/div>\n\t\t\t\t\t<\/div>\n\t\t\t\t<\/div>\n\t\t<div class=\"elementor-element elementor-element-3930079 e-flex e-con-boxed e-con e-parent\" data-id=\"3930079\" data-element_type=\"container\" data-e-type=\"container\">\n\t\t\t\t\t<div class=\"e-con-inner\">\n\t\t<div class=\"elementor-element elementor-element-db0d571 e-con-full e-flex e-con e-child\" data-id=\"db0d571\" data-element_type=\"container\" data-e-type=\"container\">\n\t\t\t\t<div class=\"elementor-element elementor-element-d1d5206 elementor-widget elementor-widget-image\" data-id=\"d1d5206\" data-element_type=\"widget\" data-e-type=\"widget\" data-widget_type=\"image.default\">\n\t\t\t\t\t\t\t\t\t\t\t\t\t\t\t<img decoding=\"async\" width=\"1024\" height=\"555\" src=\"https:\/\/capiwell.ch\/wp-content\/uploads\/2025\/09\/EdTech-02-1024x555.jpg\" class=\"attachment-large size-large wp-image-988655\" alt=\"\" srcset=\"https:\/\/capiwell.ch\/wp-content\/uploads\/2025\/09\/EdTech-02-1024x555.jpg 1024w, https:\/\/capiwell.ch\/wp-content\/uploads\/2025\/09\/EdTech-02-300x163.jpg 300w, https:\/\/capiwell.ch\/wp-content\/uploads\/2025\/09\/EdTech-02-768x416.jpg 768w, https:\/\/capiwell.ch\/wp-content\/uploads\/2025\/09\/EdTech-02-1536x832.jpg 1536w, https:\/\/capiwell.ch\/wp-content\/uploads\/2025\/09\/EdTech-02-18x10.jpg 18w, https:\/\/capiwell.ch\/wp-content\/uploads\/2025\/09\/EdTech-02.jpg 1600w\" sizes=\"(max-width: 1024px) 100vw, 1024px\" \/>\t\t\t\t\t\t\t\t\t\t\t\t\t\t\t<\/div>\n\t\t\t\t<\/div>\n\t\t<div class=\"elementor-element elementor-element-1f36362 e-con-full e-flex e-con e-child\" data-id=\"1f36362\" data-element_type=\"container\" data-e-type=\"container\">\n\t\t\t\t<div class=\"elementor-element elementor-element-9b723ca elementor-widget elementor-widget-text-editor\" data-id=\"9b723ca\" data-element_type=\"widget\" data-e-type=\"widget\" data-widget_type=\"text-editor.default\">\n\t\t\t\t\t\t\t\t\t<p><span style=\"font-weight: 400;\">Notre plateforme fait le lien entre le capital et la vision. En soutenant les startups EdTech, nous aidons la Suisse \u00e0 rester \u00e0 la pointe de l'innovation mondiale en mati\u00e8re d'\u00e9ducation, en veillant \u00e0 ce que les g\u00e9n\u00e9rations futures s'\u00e9panouissent dans un monde \u00e0 l'\u00e8re du num\u00e9rique.<\/span><\/p>\t\t\t\t\t\t\t\t<\/div>\n\t\t\t\t<\/div>\n\t\t\t\t\t<\/div>\n\t\t\t\t<\/div>\n\t\t\t\t<\/div>","protected":false},"excerpt":{"rendered":"<p>L'\u00e9ducation est l'un des atouts majeurs de la Suisse, avec des universit\u00e9s et des institutions class\u00e9es parmi les meilleures au monde. Les startups EdTech apportent l'innovation num\u00e9rique dans cet \u00e9cosyst\u00e8me, en utilisant l'IA et des plateformes avanc\u00e9es pour rendre l'apprentissage plus personnalis\u00e9 et accessible.<\/p>","protected":false},"author":2,"featured_media":989577,"parent":0,"menu_order":0,"comment_status":"closed","ping_status":"closed","template":"","meta":{"footnotes":""},"categories":[61],"class_list":["post-989948","page","type-page","status-publish","has-post-thumbnail","hentry","category-edtech"],"_links":{"self":[{"href":"https:\/\/capiwell.ch\/fr\/wp-json\/wp\/v2\/pages\/989948","targetHints":{"allow":["GET"]}}],"collection":[{"href":"https:\/\/capiwell.ch\/fr\/wp-json\/wp\/v2\/pages"}],"about":[{"href":"https:\/\/capiwell.ch\/fr\/wp-json\/wp\/v2\/types\/page"}],"author":[{"embeddable":true,"href":"https:\/\/capiwell.ch\/fr\/wp-json\/wp\/v2\/users\/2"}],"replies":[{"embeddable":true,"href":"https:\/\/capiwell.ch\/fr\/wp-json\/wp\/v2\/comments?post=989948"}],"version-history":[{"count":8,"href":"https:\/\/capiwell.ch\/fr\/wp-json\/wp\/v2\/pages\/989948\/revisions"}],"predecessor-version":[{"id":991667,"href":"https:\/\/capiwell.ch\/fr\/wp-json\/wp\/v2\/pages\/989948\/revisions\/991667"}],"wp:featuredmedia":[{"embeddable":true,"href":"https:\/\/capiwell.ch\/fr\/wp-json\/wp\/v2\/media\/989577"}],"wp:attachment":[{"href":"https:\/\/capiwell.ch\/fr\/wp-json\/wp\/v2\/media?parent=989948"}],"wp:term":[{"taxonomy":"category","embeddable":true,"href":"https:\/\/capiwell.ch\/fr\/wp-json\/wp\/v2\/categories?post=989948"}],"curies":[{"name":"wp","href":"https:\/\/api.w.org\/{rel}","templated":true}]}}