{"id":989936,"date":"2025-09-22T07:28:14","date_gmt":"2025-09-22T07:28:14","guid":{"rendered":"https:\/\/capiwell.ch\/?page_id=989936"},"modified":"2026-01-25T18:45:35","modified_gmt":"2026-01-25T18:45:35","slug":"agritech-et-foodtech","status":"publish","type":"page","link":"https:\/\/capiwell.ch\/fr\/agritech-et-foodtech\/","title":{"rendered":"AgriTech et FoodTech"},"content":{"rendered":"<div data-elementor-type=\"wp-page\" data-elementor-id=\"989936\" class=\"elementor elementor-989936\" data-elementor-post-type=\"page\">\n\t\t\t\t<div class=\"elementor-element elementor-element-4b61a50 parent-div e-flex e-con-boxed e-con e-parent\" data-id=\"4b61a50\" data-element_type=\"container\" data-e-type=\"container\">\n\t\t\t\t\t<div class=\"e-con-inner\">\n\t\t<div class=\"elementor-element elementor-element-f27b17e e-con-full e-flex e-con e-child\" data-id=\"f27b17e\" data-element_type=\"container\" data-e-type=\"container\">\n\t\t\t\t<div class=\"elementor-element elementor-element-b270501 elementor-widget elementor-widget-text-editor\" data-id=\"b270501\" data-element_type=\"widget\" data-e-type=\"widget\" data-widget_type=\"text-editor.default\">\n\t\t\t\t\t\t\t\t\t<p><span style=\"font-weight: 400;\">Pour les investisseurs, ce secteur repr\u00e9sente une s\u00e9curit\u00e9 \u00e0 long terme. L'alimentation sera toujours essentielle et la demande de solutions durables ne fait qu'augmenter. Les entrepreneurs ont acc\u00e8s \u00e0 un \u00e9cosyst\u00e8me favorable o\u00f9 les normes suisses de qualit\u00e9 et de durabilit\u00e9 sont des r\u00e9f\u00e9rences mondiales.<\/span><\/p>\t\t\t\t\t\t\t\t<\/div>\n\t\t\t\t<\/div>\n\t\t<div class=\"elementor-element elementor-element-7716346 e-con-full e-flex e-con e-child\" data-id=\"7716346\" data-element_type=\"container\" data-e-type=\"container\">\n\t\t\t\t<div class=\"elementor-element elementor-element-d1dbd82 elementor-widget elementor-widget-image\" data-id=\"d1dbd82\" data-element_type=\"widget\" data-e-type=\"widget\" data-widget_type=\"image.default\">\n\t\t\t\t\t\t\t\t\t\t\t\t\t\t\t<img fetchpriority=\"high\" decoding=\"async\" width=\"1024\" height=\"555\" src=\"https:\/\/capiwell.ch\/wp-content\/uploads\/2025\/09\/agritech-and-foodtech-01-1024x555.jpg\" class=\"attachment-large size-large wp-image-988639\" alt=\"\" srcset=\"https:\/\/capiwell.ch\/wp-content\/uploads\/2025\/09\/agritech-and-foodtech-01-1024x555.jpg 1024w, https:\/\/capiwell.ch\/wp-content\/uploads\/2025\/09\/agritech-and-foodtech-01-300x163.jpg 300w, https:\/\/capiwell.ch\/wp-content\/uploads\/2025\/09\/agritech-and-foodtech-01-768x416.jpg 768w, https:\/\/capiwell.ch\/wp-content\/uploads\/2025\/09\/agritech-and-foodtech-01-1536x832.jpg 1536w, https:\/\/capiwell.ch\/wp-content\/uploads\/2025\/09\/agritech-and-foodtech-01-18x10.jpg 18w, https:\/\/capiwell.ch\/wp-content\/uploads\/2025\/09\/agritech-and-foodtech-01.jpg 1600w\" sizes=\"(max-width: 1024px) 100vw, 1024px\" \/>\t\t\t\t\t\t\t\t\t\t\t\t\t\t\t<\/div>\n\t\t\t\t<\/div>\n\t\t\t\t\t<\/div>\n\t\t\t\t<\/div>\n\t\t<div class=\"elementor-element elementor-element-113120e e-flex e-con-boxed e-con e-parent\" data-id=\"113120e\" data-element_type=\"container\" data-e-type=\"container\">\n\t\t\t\t\t<div class=\"e-con-inner\">\n\t\t<div class=\"elementor-element elementor-element-a2915a0 e-con-full e-flex e-con e-child\" data-id=\"a2915a0\" data-element_type=\"container\" data-e-type=\"container\">\n\t\t\t\t<div class=\"elementor-element elementor-element-6451ada elementor-widget elementor-widget-image\" data-id=\"6451ada\" data-element_type=\"widget\" data-e-type=\"widget\" data-widget_type=\"image.default\">\n\t\t\t\t\t\t\t\t\t\t\t\t\t\t\t<img decoding=\"async\" width=\"1024\" height=\"555\" src=\"https:\/\/capiwell.ch\/wp-content\/uploads\/2025\/09\/agritech-and-foodtech-02-1024x555.jpg\" class=\"attachment-large size-large wp-image-988640\" alt=\"\" srcset=\"https:\/\/capiwell.ch\/wp-content\/uploads\/2025\/09\/agritech-and-foodtech-02-1024x555.jpg 1024w, https:\/\/capiwell.ch\/wp-content\/uploads\/2025\/09\/agritech-and-foodtech-02-300x163.jpg 300w, https:\/\/capiwell.ch\/wp-content\/uploads\/2025\/09\/agritech-and-foodtech-02-768x416.jpg 768w, https:\/\/capiwell.ch\/wp-content\/uploads\/2025\/09\/agritech-and-foodtech-02-1536x832.jpg 1536w, https:\/\/capiwell.ch\/wp-content\/uploads\/2025\/09\/agritech-and-foodtech-02-18x10.jpg 18w, https:\/\/capiwell.ch\/wp-content\/uploads\/2025\/09\/agritech-and-foodtech-02.jpg 1600w\" sizes=\"(max-width: 1024px) 100vw, 1024px\" \/>\t\t\t\t\t\t\t\t\t\t\t\t\t\t\t<\/div>\n\t\t\t\t<\/div>\n\t\t<div class=\"elementor-element elementor-element-38753df e-con-full e-flex e-con e-child\" data-id=\"38753df\" data-element_type=\"container\" data-e-type=\"container\">\n\t\t\t\t<div class=\"elementor-element elementor-element-b672add elementor-widget elementor-widget-text-editor\" data-id=\"b672add\" data-element_type=\"widget\" data-e-type=\"widget\" data-widget_type=\"text-editor.default\">\n\t\t\t\t\t\t\t\t\t<p><span style=\"font-weight: 400;\">Notre mission est d'alimenter ces transformations. En mettant en relation des investisseurs avec des entreprises pionni\u00e8res de l'AgriTech et de la FoodTech, notre plateforme aide la Suisse \u00e0 ouvrir la voie vers des syst\u00e8mes alimentaires durables pour l'avenir.<\/span><\/p>\t\t\t\t\t\t\t\t<\/div>\n\t\t\t\t<\/div>\n\t\t\t\t\t<\/div>\n\t\t\t\t<\/div>\n\t\t\t\t<\/div>","protected":false},"excerpt":{"rendered":"<p>En Suisse, l'agriculture rencontre l'innovation. Les startups AgriTech et FoodTech r\u00e9inventent les pratiques agricoles, r\u00e9duisent le gaspillage alimentaire et cr\u00e9ent des alternatives durables aux produits traditionnels, tout en s'alignant sur l'agenda de la Suisse en mati\u00e8re de d\u00e9veloppement durable.<\/p>","protected":false},"author":2,"featured_media":989574,"parent":0,"menu_order":0,"comment_status":"closed","ping_status":"closed","template":"","meta":{"footnotes":""},"categories":[59],"class_list":["post-989936","page","type-page","status-publish","has-post-thumbnail","hentry","category-agritech-and-foodtech"],"_links":{"self":[{"href":"https:\/\/capiwell.ch\/fr\/wp-json\/wp\/v2\/pages\/989936","targetHints":{"allow":["GET"]}}],"collection":[{"href":"https:\/\/capiwell.ch\/fr\/wp-json\/wp\/v2\/pages"}],"about":[{"href":"https:\/\/capiwell.ch\/fr\/wp-json\/wp\/v2\/types\/page"}],"author":[{"embeddable":true,"href":"https:\/\/capiwell.ch\/fr\/wp-json\/wp\/v2\/users\/2"}],"replies":[{"embeddable":true,"href":"https:\/\/capiwell.ch\/fr\/wp-json\/wp\/v2\/comments?post=989936"}],"version-history":[{"count":9,"href":"https:\/\/capiwell.ch\/fr\/wp-json\/wp\/v2\/pages\/989936\/revisions"}],"predecessor-version":[{"id":991774,"href":"https:\/\/capiwell.ch\/fr\/wp-json\/wp\/v2\/pages\/989936\/revisions\/991774"}],"wp:featuredmedia":[{"embeddable":true,"href":"https:\/\/capiwell.ch\/fr\/wp-json\/wp\/v2\/media\/989574"}],"wp:attachment":[{"href":"https:\/\/capiwell.ch\/fr\/wp-json\/wp\/v2\/media?parent=989936"}],"wp:term":[{"taxonomy":"category","embeddable":true,"href":"https:\/\/capiwell.ch\/fr\/wp-json\/wp\/v2\/categories?post=989936"}],"curies":[{"name":"wp","href":"https:\/\/api.w.org\/{rel}","templated":true}]}}