{"id":989931,"date":"2025-09-22T07:25:58","date_gmt":"2025-09-22T07:25:58","guid":{"rendered":"https:\/\/capiwell.ch\/?page_id=989931"},"modified":"2026-01-24T10:06:34","modified_gmt":"2026-01-24T10:06:34","slug":"sante-et-technologies-de-linformation","status":"publish","type":"page","link":"https:\/\/capiwell.ch\/fr\/sante-et-technologies-de-linformation\/","title":{"rendered":"Technologies de la sant\u00e9"},"content":{"rendered":"<div data-elementor-type=\"wp-page\" data-elementor-id=\"989931\" class=\"elementor elementor-989931\" data-elementor-post-type=\"page\">\n\t\t\t\t<div class=\"elementor-element elementor-element-50913e1 parent-div e-flex e-con-boxed e-con e-parent\" data-id=\"50913e1\" data-element_type=\"container\" data-e-type=\"container\">\n\t\t\t\t\t<div class=\"e-con-inner\">\n\t\t<div class=\"elementor-element elementor-element-e33d075 e-con-full e-flex e-con e-child\" data-id=\"e33d075\" data-element_type=\"container\" data-e-type=\"container\">\n\t\t\t\t<div class=\"elementor-element elementor-element-7f10c19 elementor-widget elementor-widget-text-editor\" data-id=\"7f10c19\" data-element_type=\"widget\" data-e-type=\"widget\" data-widget_type=\"text-editor.default\">\n\t\t\t\t\t\t\t\t\t<p><span style=\"font-weight: 400;\">Les investisseurs trouvent les technologies de la sant\u00e9 particuli\u00e8rement attrayantes parce qu'elles allient impact soci\u00e9tal et potentiel de croissance. Les entrepreneurs, soutenus par le cadre r\u00e9glementaire et l'environnement de recherche m\u00e9dicale solides de la Suisse, sont id\u00e9alement plac\u00e9s pour cr\u00e9er des succ\u00e8s mondiaux.<\/span><\/p>\t\t\t\t\t\t\t\t<\/div>\n\t\t\t\t<\/div>\n\t\t<div class=\"elementor-element elementor-element-db0e9c8 e-con-full e-flex e-con e-child\" data-id=\"db0e9c8\" data-element_type=\"container\" data-e-type=\"container\">\n\t\t\t\t<div class=\"elementor-element elementor-element-9ac5627 elementor-widget elementor-widget-image\" data-id=\"9ac5627\" data-element_type=\"widget\" data-e-type=\"widget\" data-widget_type=\"image.default\">\n\t\t\t\t\t\t\t\t\t\t\t\t\t\t\t<img fetchpriority=\"high\" decoding=\"async\" width=\"1024\" height=\"555\" src=\"https:\/\/capiwell.ch\/wp-content\/uploads\/2025\/09\/healthtech-01-1024x555.jpg\" class=\"attachment-large size-large wp-image-988632\" alt=\"\" srcset=\"https:\/\/capiwell.ch\/wp-content\/uploads\/2025\/09\/healthtech-01-1024x555.jpg 1024w, https:\/\/capiwell.ch\/wp-content\/uploads\/2025\/09\/healthtech-01-300x163.jpg 300w, https:\/\/capiwell.ch\/wp-content\/uploads\/2025\/09\/healthtech-01-768x416.jpg 768w, https:\/\/capiwell.ch\/wp-content\/uploads\/2025\/09\/healthtech-01-1536x832.jpg 1536w, https:\/\/capiwell.ch\/wp-content\/uploads\/2025\/09\/healthtech-01-18x10.jpg 18w, https:\/\/capiwell.ch\/wp-content\/uploads\/2025\/09\/healthtech-01.jpg 1600w\" sizes=\"(max-width: 1024px) 100vw, 1024px\" \/>\t\t\t\t\t\t\t\t\t\t\t\t\t\t\t<\/div>\n\t\t\t\t<\/div>\n\t\t\t\t\t<\/div>\n\t\t\t\t<\/div>\n\t\t<div class=\"elementor-element elementor-element-a073d5b e-flex e-con-boxed e-con e-parent\" data-id=\"a073d5b\" data-element_type=\"container\" data-e-type=\"container\">\n\t\t\t\t\t<div class=\"e-con-inner\">\n\t\t<div class=\"elementor-element elementor-element-de398d3 e-con-full e-flex e-con e-child\" data-id=\"de398d3\" data-element_type=\"container\" data-e-type=\"container\">\n\t\t\t\t<div class=\"elementor-element elementor-element-0eddc2e elementor-widget elementor-widget-image\" data-id=\"0eddc2e\" data-element_type=\"widget\" data-e-type=\"widget\" data-widget_type=\"image.default\">\n\t\t\t\t\t\t\t\t\t\t\t\t\t\t\t<img decoding=\"async\" width=\"1024\" height=\"555\" src=\"https:\/\/capiwell.ch\/wp-content\/uploads\/2025\/09\/healthtech-02-1024x555.jpg\" class=\"attachment-large size-large wp-image-988633\" alt=\"\" srcset=\"https:\/\/capiwell.ch\/wp-content\/uploads\/2025\/09\/healthtech-02-1024x555.jpg 1024w, https:\/\/capiwell.ch\/wp-content\/uploads\/2025\/09\/healthtech-02-300x163.jpg 300w, https:\/\/capiwell.ch\/wp-content\/uploads\/2025\/09\/healthtech-02-768x416.jpg 768w, https:\/\/capiwell.ch\/wp-content\/uploads\/2025\/09\/healthtech-02-1536x832.jpg 1536w, https:\/\/capiwell.ch\/wp-content\/uploads\/2025\/09\/healthtech-02-18x10.jpg 18w, https:\/\/capiwell.ch\/wp-content\/uploads\/2025\/09\/healthtech-02.jpg 1600w\" sizes=\"(max-width: 1024px) 100vw, 1024px\" \/>\t\t\t\t\t\t\t\t\t\t\t\t\t\t\t<\/div>\n\t\t\t\t<\/div>\n\t\t<div class=\"elementor-element elementor-element-fbeb2e5 e-con-full e-flex e-con e-child\" data-id=\"fbeb2e5\" data-element_type=\"container\" data-e-type=\"container\">\n\t\t\t\t<div class=\"elementor-element elementor-element-0a711bf elementor-widget elementor-widget-text-editor\" data-id=\"0a711bf\" data-element_type=\"widget\" data-e-type=\"widget\" data-widget_type=\"text-editor.default\">\n\t\t\t\t\t\t\t\t\t<p><span style=\"font-weight: 400;\">Nous sommes l\u00e0 pour relier le capital \u00e0 l'objectif. En permettant aux investisseurs de soutenir l'innovation dans le domaine des technologies de la sant\u00e9, notre plateforme garantit que les startups suisses ouvrent la voie \u00e0 la transformation des soins de sant\u00e9 dans le monde entier.<\/span><\/p>\t\t\t\t\t\t\t\t<\/div>\n\t\t\t\t<\/div>\n\t\t\t\t\t<\/div>\n\t\t\t\t<\/div>\n\t\t\t\t<\/div>","protected":false},"excerpt":{"rendered":"<p>Les soins de sant\u00e9 en Suisse sont r\u00e9guli\u00e8rement class\u00e9s parmi les meilleurs au monde. Les startups Healthtech s'appuient sur cette base en d\u00e9veloppant des outils num\u00e9riques, des wearables et des plateformes de t\u00e9l\u00e9m\u00e9decine qui rendent les soins de sant\u00e9 plus efficaces, plus accessibles et plus personnalis\u00e9s.<\/p>","protected":false},"author":2,"featured_media":989571,"parent":0,"menu_order":0,"comment_status":"closed","ping_status":"closed","template":"","meta":{"footnotes":""},"categories":[58],"class_list":["post-989931","page","type-page","status-publish","has-post-thumbnail","hentry","category-healthtech"],"_links":{"self":[{"href":"https:\/\/capiwell.ch\/fr\/wp-json\/wp\/v2\/pages\/989931","targetHints":{"allow":["GET"]}}],"collection":[{"href":"https:\/\/capiwell.ch\/fr\/wp-json\/wp\/v2\/pages"}],"about":[{"href":"https:\/\/capiwell.ch\/fr\/wp-json\/wp\/v2\/types\/page"}],"author":[{"embeddable":true,"href":"https:\/\/capiwell.ch\/fr\/wp-json\/wp\/v2\/users\/2"}],"replies":[{"embeddable":true,"href":"https:\/\/capiwell.ch\/fr\/wp-json\/wp\/v2\/comments?post=989931"}],"version-history":[{"count":7,"href":"https:\/\/capiwell.ch\/fr\/wp-json\/wp\/v2\/pages\/989931\/revisions"}],"predecessor-version":[{"id":991658,"href":"https:\/\/capiwell.ch\/fr\/wp-json\/wp\/v2\/pages\/989931\/revisions\/991658"}],"wp:featuredmedia":[{"embeddable":true,"href":"https:\/\/capiwell.ch\/fr\/wp-json\/wp\/v2\/media\/989571"}],"wp:attachment":[{"href":"https:\/\/capiwell.ch\/fr\/wp-json\/wp\/v2\/media?parent=989931"}],"wp:term":[{"taxonomy":"category","embeddable":true,"href":"https:\/\/capiwell.ch\/fr\/wp-json\/wp\/v2\/categories?post=989931"}],"curies":[{"name":"wp","href":"https:\/\/api.w.org\/{rel}","templated":true}]}}