{"id":989919,"date":"2025-09-22T07:20:21","date_gmt":"2025-09-22T07:20:21","guid":{"rendered":"https:\/\/capiwell.ch\/?page_id=989919"},"modified":"2026-01-24T11:45:38","modified_gmt":"2026-01-24T11:45:38","slug":"lintelligence-artificielle-et-lapprentissage-automatique","status":"publish","type":"page","link":"https:\/\/capiwell.ch\/fr\/lintelligence-artificielle-et-lapprentissage-automatique\/","title":{"rendered":"IA et apprentissage automatique"},"content":{"rendered":"<div data-elementor-type=\"wp-page\" data-elementor-id=\"989919\" class=\"elementor elementor-989919\" data-elementor-post-type=\"page\">\n\t\t\t\t<div class=\"elementor-element elementor-element-cd5960d parent-div e-flex e-con-boxed e-con e-parent\" data-id=\"cd5960d\" data-element_type=\"container\" data-e-type=\"container\">\n\t\t\t\t\t<div class=\"e-con-inner\">\n\t\t<div class=\"elementor-element elementor-element-14f7808 e-con-full e-flex e-con e-child\" data-id=\"14f7808\" data-element_type=\"container\" data-e-type=\"container\">\n\t\t\t\t<div class=\"elementor-element elementor-element-10b1b79 elementor-widget elementor-widget-text-editor\" data-id=\"10b1b79\" data-element_type=\"widget\" data-e-type=\"widget\" data-widget_type=\"text-editor.default\">\n\t\t\t\t\t\t\t\t\t<p><span style=\"font-weight: 400;\">Pour les investisseurs, il s'agit de l'un des secteurs les plus dynamiques et \u00e0 forte croissance. Les startups qui appliquent l'IA \u00e0 des probl\u00e8mes concrets, de l'optimisation logistique \u00e0 l'imagerie m\u00e9dicale, cr\u00e9ent une valeur \u00e9norme. Les entrepreneurs, quant \u00e0 eux, ont besoin de capitaux pour recruter des talents et d\u00e9velopper leurs solutions \u00e0 l'\u00e9chelle mondiale.<\/span><\/p>\t\t\t\t\t\t\t\t<\/div>\n\t\t\t\t<\/div>\n\t\t<div class=\"elementor-element elementor-element-ae18275 e-con-full e-flex e-con e-child\" data-id=\"ae18275\" data-element_type=\"container\" data-e-type=\"container\">\n\t\t\t\t<div class=\"elementor-element elementor-element-93074c5 elementor-widget elementor-widget-image\" data-id=\"93074c5\" data-element_type=\"widget\" data-e-type=\"widget\" data-widget_type=\"image.default\">\n\t\t\t\t\t\t\t\t\t\t\t\t\t\t\t<img fetchpriority=\"high\" decoding=\"async\" width=\"1024\" height=\"555\" src=\"https:\/\/capiwell.ch\/wp-content\/uploads\/2025\/09\/AI-and-machine-learning-01-1024x555.jpg\" class=\"attachment-large size-large wp-image-988614\" alt=\"\" srcset=\"https:\/\/capiwell.ch\/wp-content\/uploads\/2025\/09\/AI-and-machine-learning-01-1024x555.jpg 1024w, https:\/\/capiwell.ch\/wp-content\/uploads\/2025\/09\/AI-and-machine-learning-01-300x163.jpg 300w, https:\/\/capiwell.ch\/wp-content\/uploads\/2025\/09\/AI-and-machine-learning-01-768x416.jpg 768w, https:\/\/capiwell.ch\/wp-content\/uploads\/2025\/09\/AI-and-machine-learning-01-1536x832.jpg 1536w, https:\/\/capiwell.ch\/wp-content\/uploads\/2025\/09\/AI-and-machine-learning-01-18x10.jpg 18w, https:\/\/capiwell.ch\/wp-content\/uploads\/2025\/09\/AI-and-machine-learning-01.jpg 1600w\" sizes=\"(max-width: 1024px) 100vw, 1024px\" \/>\t\t\t\t\t\t\t\t\t\t\t\t\t\t\t<\/div>\n\t\t\t\t<\/div>\n\t\t\t\t\t<\/div>\n\t\t\t\t<\/div>\n\t\t<div class=\"elementor-element elementor-element-acfc088 e-flex e-con-boxed e-con e-parent\" data-id=\"acfc088\" data-element_type=\"container\" data-e-type=\"container\">\n\t\t\t\t\t<div class=\"e-con-inner\">\n\t\t<div class=\"elementor-element elementor-element-7816075 e-con-full e-flex e-con e-child\" data-id=\"7816075\" data-element_type=\"container\" data-e-type=\"container\">\n\t\t\t\t<div class=\"elementor-element elementor-element-bec89ed elementor-widget elementor-widget-image\" data-id=\"bec89ed\" data-element_type=\"widget\" data-e-type=\"widget\" data-widget_type=\"image.default\">\n\t\t\t\t\t\t\t\t\t\t\t\t\t\t\t<img decoding=\"async\" width=\"1024\" height=\"555\" src=\"https:\/\/capiwell.ch\/wp-content\/uploads\/2025\/09\/AI-and-machine-learning-02-1024x555.jpg\" class=\"attachment-large size-large wp-image-988615\" alt=\"\" srcset=\"https:\/\/capiwell.ch\/wp-content\/uploads\/2025\/09\/AI-and-machine-learning-02-1024x555.jpg 1024w, https:\/\/capiwell.ch\/wp-content\/uploads\/2025\/09\/AI-and-machine-learning-02-300x163.jpg 300w, https:\/\/capiwell.ch\/wp-content\/uploads\/2025\/09\/AI-and-machine-learning-02-768x416.jpg 768w, https:\/\/capiwell.ch\/wp-content\/uploads\/2025\/09\/AI-and-machine-learning-02-1536x832.jpg 1536w, https:\/\/capiwell.ch\/wp-content\/uploads\/2025\/09\/AI-and-machine-learning-02-18x10.jpg 18w, https:\/\/capiwell.ch\/wp-content\/uploads\/2025\/09\/AI-and-machine-learning-02.jpg 1600w\" sizes=\"(max-width: 1024px) 100vw, 1024px\" \/>\t\t\t\t\t\t\t\t\t\t\t\t\t\t\t<\/div>\n\t\t\t\t<\/div>\n\t\t<div class=\"elementor-element elementor-element-d6dbe02 e-con-full e-flex e-con e-child\" data-id=\"d6dbe02\" data-element_type=\"container\" data-e-type=\"container\">\n\t\t\t\t<div class=\"elementor-element elementor-element-c132255 elementor-widget elementor-widget-text-editor\" data-id=\"c132255\" data-element_type=\"widget\" data-e-type=\"widget\" data-widget_type=\"text-editor.default\">\n\t\t\t\t\t\t\t\t\t<p><span style=\"font-weight: 400;\">Notre r\u00f4le est de leur donner ce coup de pouce. Gr\u00e2ce \u00e0 notre plateforme, nous d\u00e9mocratisons l'acc\u00e8s aux investissements dans l'IA, en aidant les startups \u00e0 se d\u00e9velopper tout en permettant aux investisseurs de faire partie d'une vague d'innovation qui d\u00e9finira la comp\u00e9titivit\u00e9 de la Suisse dans les d\u00e9cennies \u00e0 venir.<\/span><\/p>\t\t\t\t\t\t\t\t<\/div>\n\t\t\t\t<\/div>\n\t\t\t\t\t<\/div>\n\t\t\t\t<\/div>\n\t\t\t\t<\/div>","protected":false},"excerpt":{"rendered":"<p>Des laboratoires de robotique de Zurich aux clusters de science des donn\u00e9es de Lausanne, la Suisse est un haut lieu de la recherche sur l'intelligence artificielle. L'IA et l'apprentissage automatique ne sont plus des concepts futuristes, ils remod\u00e8lent en temps r\u00e9el les industries, de la fabrication \u00e0 la finance.<\/p>","protected":false},"author":2,"featured_media":989567,"parent":0,"menu_order":0,"comment_status":"closed","ping_status":"closed","template":"","meta":{"footnotes":""},"categories":[56],"class_list":["post-989919","page","type-page","status-publish","has-post-thumbnail","hentry","category-ai-and-machine-learning"],"_links":{"self":[{"href":"https:\/\/capiwell.ch\/fr\/wp-json\/wp\/v2\/pages\/989919","targetHints":{"allow":["GET"]}}],"collection":[{"href":"https:\/\/capiwell.ch\/fr\/wp-json\/wp\/v2\/pages"}],"about":[{"href":"https:\/\/capiwell.ch\/fr\/wp-json\/wp\/v2\/types\/page"}],"author":[{"embeddable":true,"href":"https:\/\/capiwell.ch\/fr\/wp-json\/wp\/v2\/users\/2"}],"replies":[{"embeddable":true,"href":"https:\/\/capiwell.ch\/fr\/wp-json\/wp\/v2\/comments?post=989919"}],"version-history":[{"count":9,"href":"https:\/\/capiwell.ch\/fr\/wp-json\/wp\/v2\/pages\/989919\/revisions"}],"predecessor-version":[{"id":991778,"href":"https:\/\/capiwell.ch\/fr\/wp-json\/wp\/v2\/pages\/989919\/revisions\/991778"}],"wp:featuredmedia":[{"embeddable":true,"href":"https:\/\/capiwell.ch\/fr\/wp-json\/wp\/v2\/media\/989567"}],"wp:attachment":[{"href":"https:\/\/capiwell.ch\/fr\/wp-json\/wp\/v2\/media?parent=989919"}],"wp:term":[{"taxonomy":"category","embeddable":true,"href":"https:\/\/capiwell.ch\/fr\/wp-json\/wp\/v2\/categories?post=989919"}],"curies":[{"name":"wp","href":"https:\/\/api.w.org\/{rel}","templated":true}]}}