{"id":989914,"date":"2025-09-22T07:14:17","date_gmt":"2025-09-22T07:14:17","guid":{"rendered":"https:\/\/capiwell.ch\/?page_id=989914"},"modified":"2026-01-24T10:49:30","modified_gmt":"2026-01-24T10:49:30","slug":"biotechnologies-et-technologies-medicales","status":"publish","type":"page","link":"https:\/\/capiwell.ch\/fr\/biotechnologies-et-technologies-medicales\/","title":{"rendered":"Biotech et Medtech"},"content":{"rendered":"<div data-elementor-type=\"wp-page\" data-elementor-id=\"989914\" class=\"elementor elementor-989914\" data-elementor-post-type=\"page\">\n\t\t\t\t<div class=\"elementor-element elementor-element-d8a37db parent-div e-flex e-con-boxed e-con e-parent\" data-id=\"d8a37db\" data-element_type=\"container\" data-e-type=\"container\">\n\t\t\t\t\t<div class=\"e-con-inner\">\n\t\t<div class=\"elementor-element elementor-element-b095574 e-con-full e-flex e-con e-child\" data-id=\"b095574\" data-element_type=\"container\" data-e-type=\"container\">\n\t\t\t\t<div class=\"elementor-element elementor-element-1aa44ce elementor-widget elementor-widget-text-editor\" data-id=\"1aa44ce\" data-element_type=\"widget\" data-e-type=\"widget\" data-widget_type=\"text-editor.default\">\n\t\t\t\t\t\t\t\t\t<p><span style=\"font-weight: 400;\">Pour la soci\u00e9t\u00e9, les enjeux ne pourraient \u00eatre plus importants. Ces innovations ne se contentent pas d'am\u00e9liorer les soins de sant\u00e9, elles sauvent des vies. Les investisseurs b\u00e9n\u00e9ficient d'une exposition \u00e0 un secteur dont la demande mondiale et la r\u00e9silience sont fortes, tandis que les entrepreneurs profitent de l'\u00e9cosyst\u00e8me de soins de sant\u00e9 in\u00e9gal\u00e9 de la Suisse, compos\u00e9 d'h\u00f4pitaux, de laboratoires et d'expertise scientifique.<\/span><\/p>\t\t\t\t\t\t\t\t<\/div>\n\t\t\t\t<\/div>\n\t\t<div class=\"elementor-element elementor-element-cec454c e-con-full e-flex e-con e-child\" data-id=\"cec454c\" data-element_type=\"container\" data-e-type=\"container\">\n\t\t\t\t<div class=\"elementor-element elementor-element-4d7a7b3 elementor-widget elementor-widget-image\" data-id=\"4d7a7b3\" data-element_type=\"widget\" data-e-type=\"widget\" data-widget_type=\"image.default\">\n\t\t\t\t\t\t\t\t\t\t\t\t\t\t\t<img fetchpriority=\"high\" decoding=\"async\" width=\"1024\" height=\"555\" src=\"https:\/\/capiwell.ch\/wp-content\/uploads\/2025\/09\/biotech-and-medtech-01-1024x555.jpg\" class=\"attachment-large size-large wp-image-988607\" alt=\"\" srcset=\"https:\/\/capiwell.ch\/wp-content\/uploads\/2025\/09\/biotech-and-medtech-01-1024x555.jpg 1024w, https:\/\/capiwell.ch\/wp-content\/uploads\/2025\/09\/biotech-and-medtech-01-300x163.jpg 300w, https:\/\/capiwell.ch\/wp-content\/uploads\/2025\/09\/biotech-and-medtech-01-768x416.jpg 768w, https:\/\/capiwell.ch\/wp-content\/uploads\/2025\/09\/biotech-and-medtech-01-1536x832.jpg 1536w, https:\/\/capiwell.ch\/wp-content\/uploads\/2025\/09\/biotech-and-medtech-01-18x10.jpg 18w, https:\/\/capiwell.ch\/wp-content\/uploads\/2025\/09\/biotech-and-medtech-01.jpg 1600w\" sizes=\"(max-width: 1024px) 100vw, 1024px\" \/>\t\t\t\t\t\t\t\t\t\t\t\t\t\t\t<\/div>\n\t\t\t\t<\/div>\n\t\t\t\t\t<\/div>\n\t\t\t\t<\/div>\n\t\t<div class=\"elementor-element elementor-element-51f4e6e e-flex e-con-boxed e-con e-parent\" data-id=\"51f4e6e\" data-element_type=\"container\" data-e-type=\"container\">\n\t\t\t\t\t<div class=\"e-con-inner\">\n\t\t<div class=\"elementor-element elementor-element-915f3b5 e-con-full e-flex e-con e-child\" data-id=\"915f3b5\" data-element_type=\"container\" data-e-type=\"container\">\n\t\t\t\t<div class=\"elementor-element elementor-element-bfba26f elementor-widget elementor-widget-image\" data-id=\"bfba26f\" data-element_type=\"widget\" data-e-type=\"widget\" data-widget_type=\"image.default\">\n\t\t\t\t\t\t\t\t\t\t\t\t\t\t\t<img decoding=\"async\" width=\"1024\" height=\"555\" src=\"https:\/\/capiwell.ch\/wp-content\/uploads\/2025\/09\/biotech-and-medtech-02-1024x555.jpg\" class=\"attachment-large size-large wp-image-988608\" alt=\"\" srcset=\"https:\/\/capiwell.ch\/wp-content\/uploads\/2025\/09\/biotech-and-medtech-02-1024x555.jpg 1024w, https:\/\/capiwell.ch\/wp-content\/uploads\/2025\/09\/biotech-and-medtech-02-300x163.jpg 300w, https:\/\/capiwell.ch\/wp-content\/uploads\/2025\/09\/biotech-and-medtech-02-768x416.jpg 768w, https:\/\/capiwell.ch\/wp-content\/uploads\/2025\/09\/biotech-and-medtech-02-1536x832.jpg 1536w, https:\/\/capiwell.ch\/wp-content\/uploads\/2025\/09\/biotech-and-medtech-02-18x10.jpg 18w, https:\/\/capiwell.ch\/wp-content\/uploads\/2025\/09\/biotech-and-medtech-02.jpg 1600w\" sizes=\"(max-width: 1024px) 100vw, 1024px\" \/>\t\t\t\t\t\t\t\t\t\t\t\t\t\t\t<\/div>\n\t\t\t\t<\/div>\n\t\t<div class=\"elementor-element elementor-element-a08b171 e-con-full e-flex e-con e-child\" data-id=\"a08b171\" data-element_type=\"container\" data-e-type=\"container\">\n\t\t\t\t<div class=\"elementor-element elementor-element-60a80ef elementor-widget elementor-widget-text-editor\" data-id=\"60a80ef\" data-element_type=\"widget\" data-e-type=\"widget\" data-widget_type=\"text-editor.default\">\n\t\t\t\t\t\t\t\t\t<p><span style=\"font-weight: 400;\">Notre mission est d'acc\u00e9l\u00e9rer ces progr\u00e8s. En mettant en relation des investisseurs avec des startups pionni\u00e8res dans le domaine de la biotechnologie et de la technologie m\u00e9dicale, nous contribuons \u00e0 faire en sorte que la Suisse reste une plaque tournante o\u00f9 les d\u00e9couvertes scientifiques deviennent des traitements accessibles, fa\u00e7onnant ainsi l'avenir des soins de sant\u00e9 pour les g\u00e9n\u00e9rations \u00e0 venir.<\/span><\/p>\t\t\t\t\t\t\t\t<\/div>\n\t\t\t\t<\/div>\n\t\t\t\t\t<\/div>\n\t\t\t\t<\/div>\n\t\t\t\t<\/div>","protected":false},"excerpt":{"rendered":"<p>La Suisse abrite certains des g\u00e9ants pharmaceutiques les plus respect\u00e9s au monde et des institutions de recherche de pointe. Les jeunes entreprises de biotechnologie et de technologie m\u00e9dicale tirent parti de cet environnement fertile pour mettre au point des th\u00e9rapies qui sauvent des vies, des diagnostics de pr\u00e9cision et des technologies m\u00e9dicales r\u00e9volutionnaires.<\/p>","protected":false},"author":2,"featured_media":989566,"parent":0,"menu_order":0,"comment_status":"closed","ping_status":"closed","template":"","meta":{"footnotes":""},"categories":[55],"class_list":["post-989914","page","type-page","status-publish","has-post-thumbnail","hentry","category-biotech-and-medtech"],"_links":{"self":[{"href":"https:\/\/capiwell.ch\/fr\/wp-json\/wp\/v2\/pages\/989914","targetHints":{"allow":["GET"]}}],"collection":[{"href":"https:\/\/capiwell.ch\/fr\/wp-json\/wp\/v2\/pages"}],"about":[{"href":"https:\/\/capiwell.ch\/fr\/wp-json\/wp\/v2\/types\/page"}],"author":[{"embeddable":true,"href":"https:\/\/capiwell.ch\/fr\/wp-json\/wp\/v2\/users\/2"}],"replies":[{"embeddable":true,"href":"https:\/\/capiwell.ch\/fr\/wp-json\/wp\/v2\/comments?post=989914"}],"version-history":[{"count":9,"href":"https:\/\/capiwell.ch\/fr\/wp-json\/wp\/v2\/pages\/989914\/revisions"}],"predecessor-version":[{"id":991782,"href":"https:\/\/capiwell.ch\/fr\/wp-json\/wp\/v2\/pages\/989914\/revisions\/991782"}],"wp:featuredmedia":[{"embeddable":true,"href":"https:\/\/capiwell.ch\/fr\/wp-json\/wp\/v2\/media\/989566"}],"wp:attachment":[{"href":"https:\/\/capiwell.ch\/fr\/wp-json\/wp\/v2\/media?parent=989914"}],"wp:term":[{"taxonomy":"category","embeddable":true,"href":"https:\/\/capiwell.ch\/fr\/wp-json\/wp\/v2\/categories?post=989914"}],"curies":[{"name":"wp","href":"https:\/\/api.w.org\/{rel}","templated":true}]}}