{"id":989904,"date":"2025-09-22T07:07:48","date_gmt":"2025-09-22T07:07:48","guid":{"rendered":"https:\/\/capiwell.ch\/?page_id=989904"},"modified":"2026-01-24T15:26:44","modified_gmt":"2026-01-24T15:26:44","slug":"ingenierie-et-deep-tech","status":"publish","type":"page","link":"https:\/\/capiwell.ch\/fr\/ingenierie-et-deep-tech\/","title":{"rendered":"Ing\u00e9nierie et Deep Tech"},"content":{"rendered":"<div data-elementor-type=\"wp-page\" data-elementor-id=\"989904\" class=\"elementor elementor-989904\" data-elementor-post-type=\"page\">\n\t\t\t\t<div class=\"elementor-element elementor-element-17da9c2 parent-div e-flex e-con-boxed e-con e-parent\" data-id=\"17da9c2\" data-element_type=\"container\" data-e-type=\"container\">\n\t\t\t\t\t<div class=\"e-con-inner\">\n\t\t<div class=\"elementor-element elementor-element-ef8e4ea e-con-full e-flex e-con e-child\" data-id=\"ef8e4ea\" data-element_type=\"container\" data-e-type=\"container\">\n\t\t\t\t<div class=\"elementor-element elementor-element-1640fdd elementor-widget elementor-widget-text-editor\" data-id=\"1640fdd\" data-element_type=\"widget\" data-e-type=\"widget\" data-widget_type=\"text-editor.default\">\n\t\t\t\t\t\t\t\t\t<p><span style=\"font-weight: 400;\">Les investisseurs s'int\u00e9ressent aux technologies profondes parce qu'elles allient rigueur intellectuelle et potentiel de perc\u00e9e. Si les risques sont plus \u00e9lev\u00e9s, les perspectives sont \u00e9normes : les nouveaux mat\u00e9riaux, l'informatique quantique, la robotique et d'autres avanc\u00e9es peuvent remodeler des secteurs entiers. En Suisse, les entrepreneurs b\u00e9n\u00e9ficient d'un \u00e9cosyst\u00e8me unique o\u00f9 le monde universitaire, les pouvoirs publics et l'industrie collaborent \u00e9troitement.<\/span><\/p>\t\t\t\t\t\t\t\t<\/div>\n\t\t\t\t<\/div>\n\t\t<div class=\"elementor-element elementor-element-32d8cf9 e-con-full e-flex e-con e-child\" data-id=\"32d8cf9\" data-element_type=\"container\" data-e-type=\"container\">\n\t\t\t\t<div class=\"elementor-element elementor-element-2b69e81 elementor-widget elementor-widget-image\" data-id=\"2b69e81\" data-element_type=\"widget\" data-e-type=\"widget\" data-widget_type=\"image.default\">\n\t\t\t\t\t\t\t\t\t\t\t\t\t\t\t<img fetchpriority=\"high\" decoding=\"async\" width=\"1024\" height=\"555\" src=\"https:\/\/capiwell.ch\/wp-content\/uploads\/2025\/09\/engineering-and-deep-tech-01-1024x555.jpg\" class=\"attachment-large size-large wp-image-988592\" alt=\"\" srcset=\"https:\/\/capiwell.ch\/wp-content\/uploads\/2025\/09\/engineering-and-deep-tech-01-1024x555.jpg 1024w, https:\/\/capiwell.ch\/wp-content\/uploads\/2025\/09\/engineering-and-deep-tech-01-300x163.jpg 300w, https:\/\/capiwell.ch\/wp-content\/uploads\/2025\/09\/engineering-and-deep-tech-01-768x416.jpg 768w, https:\/\/capiwell.ch\/wp-content\/uploads\/2025\/09\/engineering-and-deep-tech-01-1536x832.jpg 1536w, https:\/\/capiwell.ch\/wp-content\/uploads\/2025\/09\/engineering-and-deep-tech-01-18x10.jpg 18w, https:\/\/capiwell.ch\/wp-content\/uploads\/2025\/09\/engineering-and-deep-tech-01.jpg 1600w\" sizes=\"(max-width: 1024px) 100vw, 1024px\" \/>\t\t\t\t\t\t\t\t\t\t\t\t\t\t\t<\/div>\n\t\t\t\t<\/div>\n\t\t\t\t\t<\/div>\n\t\t\t\t<\/div>\n\t\t<div class=\"elementor-element elementor-element-573b326 e-flex e-con-boxed e-con e-parent\" data-id=\"573b326\" data-element_type=\"container\" data-e-type=\"container\">\n\t\t\t\t\t<div class=\"e-con-inner\">\n\t\t<div class=\"elementor-element elementor-element-3f09ec4 e-con-full e-flex e-con e-child\" data-id=\"3f09ec4\" data-element_type=\"container\" data-e-type=\"container\">\n\t\t\t\t<div class=\"elementor-element elementor-element-4609625 elementor-widget elementor-widget-image\" data-id=\"4609625\" data-element_type=\"widget\" data-e-type=\"widget\" data-widget_type=\"image.default\">\n\t\t\t\t\t\t\t\t\t\t\t\t\t\t\t<img decoding=\"async\" width=\"1024\" height=\"555\" src=\"https:\/\/capiwell.ch\/wp-content\/uploads\/2025\/09\/engineering-and-deep-tech-02-1024x555.jpg\" class=\"attachment-large size-large wp-image-988593\" alt=\"\" srcset=\"https:\/\/capiwell.ch\/wp-content\/uploads\/2025\/09\/engineering-and-deep-tech-02-1024x555.jpg 1024w, https:\/\/capiwell.ch\/wp-content\/uploads\/2025\/09\/engineering-and-deep-tech-02-300x163.jpg 300w, https:\/\/capiwell.ch\/wp-content\/uploads\/2025\/09\/engineering-and-deep-tech-02-768x416.jpg 768w, https:\/\/capiwell.ch\/wp-content\/uploads\/2025\/09\/engineering-and-deep-tech-02-1536x832.jpg 1536w, https:\/\/capiwell.ch\/wp-content\/uploads\/2025\/09\/engineering-and-deep-tech-02-18x10.jpg 18w, https:\/\/capiwell.ch\/wp-content\/uploads\/2025\/09\/engineering-and-deep-tech-02.jpg 1600w\" sizes=\"(max-width: 1024px) 100vw, 1024px\" \/>\t\t\t\t\t\t\t\t\t\t\t\t\t\t\t<\/div>\n\t\t\t\t<\/div>\n\t\t<div class=\"elementor-element elementor-element-13efecd e-con-full e-flex e-con e-child\" data-id=\"13efecd\" data-element_type=\"container\" data-e-type=\"container\">\n\t\t\t\t<div class=\"elementor-element elementor-element-79c4d05 elementor-widget elementor-widget-text-editor\" data-id=\"79c4d05\" data-element_type=\"widget\" data-e-type=\"widget\" data-widget_type=\"text-editor.default\">\n\t\t\t\t\t\t\t\t\t<p><span style=\"font-weight: 400;\">Notre raison d'\u00eatre est de faire le lien entre le capital et l'innovation. Notre plateforme canalise les ressources vers les entreprises d'ing\u00e9nierie et de deep tech qui, autrement, auraient du mal \u00e0 obtenir des financements, ce qui permet \u00e0 la Suisse de rester \u00e0 la pointe de l'innovation scientifique et technologique mondiale.<\/span><\/p>\t\t\t\t\t\t\t\t<\/div>\n\t\t\t\t<\/div>\n\t\t\t\t\t<\/div>\n\t\t\t\t<\/div>\n\t\t\t\t<\/div>","protected":false},"excerpt":{"rendered":"<p>L'excellence en mati\u00e8re d'ing\u00e9nierie est ancr\u00e9e dans la culture suisse, de l'horlogerie de pr\u00e9cision \u00e0 la recherche de pointe \u00e0 l'ETH Zurich et \u00e0 l'EPFL. Les startups de deep tech s'appuient sur cette tradition, s'attaquant \u00e0 certains des d\u00e9fis scientifiques les plus difficiles \u00e0 relever et transformant la recherche en applications concr\u00e8tes.<\/p>","protected":false},"author":2,"featured_media":989564,"parent":0,"menu_order":0,"comment_status":"closed","ping_status":"closed","template":"","meta":{"footnotes":""},"categories":[53],"class_list":["post-989904","page","type-page","status-publish","has-post-thumbnail","hentry","category-engineering-and-deep-tech"],"_links":{"self":[{"href":"https:\/\/capiwell.ch\/fr\/wp-json\/wp\/v2\/pages\/989904","targetHints":{"allow":["GET"]}}],"collection":[{"href":"https:\/\/capiwell.ch\/fr\/wp-json\/wp\/v2\/pages"}],"about":[{"href":"https:\/\/capiwell.ch\/fr\/wp-json\/wp\/v2\/types\/page"}],"author":[{"embeddable":true,"href":"https:\/\/capiwell.ch\/fr\/wp-json\/wp\/v2\/users\/2"}],"replies":[{"embeddable":true,"href":"https:\/\/capiwell.ch\/fr\/wp-json\/wp\/v2\/comments?post=989904"}],"version-history":[{"count":9,"href":"https:\/\/capiwell.ch\/fr\/wp-json\/wp\/v2\/pages\/989904\/revisions"}],"predecessor-version":[{"id":991777,"href":"https:\/\/capiwell.ch\/fr\/wp-json\/wp\/v2\/pages\/989904\/revisions\/991777"}],"wp:featuredmedia":[{"embeddable":true,"href":"https:\/\/capiwell.ch\/fr\/wp-json\/wp\/v2\/media\/989564"}],"wp:attachment":[{"href":"https:\/\/capiwell.ch\/fr\/wp-json\/wp\/v2\/media?parent=989904"}],"wp:term":[{"taxonomy":"category","embeddable":true,"href":"https:\/\/capiwell.ch\/fr\/wp-json\/wp\/v2\/categories?post=989904"}],"curies":[{"name":"wp","href":"https:\/\/api.w.org\/{rel}","templated":true}]}}