{"id":989286,"date":"2025-09-18T10:06:08","date_gmt":"2025-09-18T10:06:08","guid":{"rendered":"https:\/\/capiwell.ch\/?page_id=989286"},"modified":"2026-01-24T18:30:55","modified_gmt":"2026-01-24T18:30:55","slug":"modele-trustbridge","status":"publish","type":"page","link":"https:\/\/capiwell.ch\/fr\/comment-cela-fonctionne-t-il\/modele-trustbridge\/","title":{"rendered":"Mod\u00e8le TrustBridge"},"content":{"rendered":"<div data-elementor-type=\"wp-page\" data-elementor-id=\"989286\" class=\"elementor elementor-989286\" data-elementor-post-type=\"page\">\n\t\t\t\t<div class=\"elementor-element elementor-element-dc8347b e-flex e-con-boxed e-con e-parent\" data-id=\"dc8347b\" data-element_type=\"container\" data-e-type=\"container\">\n\t\t\t\t\t<div class=\"e-con-inner\">\n\t\t<div class=\"elementor-element elementor-element-a90c2da e-flex e-con-boxed e-con e-child\" data-id=\"a90c2da\" data-element_type=\"container\" data-e-type=\"container\">\n\t\t\t\t\t<div class=\"e-con-inner\">\n\t\t<div class=\"elementor-element elementor-element-974219c e-con-full e-flex e-con e-child\" data-id=\"974219c\" data-element_type=\"container\" data-e-type=\"container\">\n\t\t\t\t<div class=\"elementor-element elementor-element-1bccf20 elementor-invisible animated-fast elementor-widget__width-initial elementor-widget elementor-widget-heading\" data-id=\"1bccf20\" data-element_type=\"widget\" data-e-type=\"widget\" data-settings=\"{&quot;_animation&quot;:&quot;fadeIn&quot;}\" data-widget_type=\"heading.default\">\n\t\t\t\t\t<h2 class=\"elementor-heading-title elementor-size-default\"><span class=\"color-accent-4\">Notre<\/span> fonctionnement <span class=\"color-accent-4\">de base<\/span>\n\n<\/h2>\t\t\t\t<\/div>\n\t\t\t\t<div class=\"elementor-element elementor-element-8927436 elementor-widget elementor-widget-text-editor\" data-id=\"8927436\" data-element_type=\"widget\" data-e-type=\"widget\" data-widget_type=\"text-editor.default\">\n\t\t\t\t\t\t\t\t\t<p><b>TrustBridge est la norme interne de CapiWell<\/b><span style=\"font-weight: 400;\"> c'est-\u00e0-dire :<\/span><\/p>\t\t\t\t\t\t\t\t<\/div>\n\t\t\t\t<\/div>\n\t\t\t\t\t<\/div>\n\t\t\t\t<\/div>\n\t\t\t\t\t<\/div>\n\t\t\t\t<\/div>\n\t\t<div class=\"elementor-element elementor-element-b65f68c e-flex e-con-boxed e-con e-parent\" data-id=\"b65f68c\" data-element_type=\"container\" data-e-type=\"container\">\n\t\t\t\t\t<div class=\"e-con-inner\">\n\t\t<div class=\"elementor-element elementor-element-7a768f8 elementor-invisible e-con-full animated-fast e-flex e-con e-child\" data-id=\"7a768f8\" data-element_type=\"container\" data-e-type=\"container\" data-settings=\"{&quot;background_background&quot;:&quot;classic&quot;,&quot;animation&quot;:&quot;slideInUp&quot;,&quot;animation_delay&quot;:0}\">\n\t\t<div class=\"elementor-element elementor-element-8b0a428 e-con-full e-flex e-con e-child\" data-id=\"8b0a428\" data-element_type=\"container\" data-e-type=\"container\">\n\t\t<div class=\"elementor-element elementor-element-d33d5e4 e-con-full e-flex e-con e-child\" data-id=\"d33d5e4\" data-element_type=\"container\" data-e-type=\"container\">\n\t\t<div class=\"elementor-element elementor-element-d3acfad e-con-full e-flex e-con e-child\" data-id=\"d3acfad\" data-element_type=\"container\" data-e-type=\"container\">\n\t\t\t\t<div class=\"elementor-element elementor-element-1dc8500 elementor-widget elementor-widget-image\" data-id=\"1dc8500\" data-element_type=\"widget\" data-e-type=\"widget\" data-widget_type=\"image.default\">\n\t\t\t\t\t\t\t\t\t\t\t\t\t\t\t<img fetchpriority=\"high\" decoding=\"async\" width=\"446\" height=\"498\" src=\"https:\/\/capiwell.ch\/wp-content\/uploads\/2025\/09\/single-bar.png\" class=\"attachment-large size-large wp-image-988820\" alt=\"\" srcset=\"https:\/\/capiwell.ch\/wp-content\/uploads\/2025\/09\/single-bar.png 446w, https:\/\/capiwell.ch\/wp-content\/uploads\/2025\/09\/single-bar-269x300.png 269w, https:\/\/capiwell.ch\/wp-content\/uploads\/2025\/09\/single-bar-11x12.png 11w\" sizes=\"(max-width: 446px) 100vw, 446px\" \/>\t\t\t\t\t\t\t\t\t\t\t\t\t\t\t<\/div>\n\t\t\t\t<\/div>\n\t\t<div class=\"elementor-element elementor-element-7296ca5 e-con-full e-flex e-con e-child\" data-id=\"7296ca5\" data-element_type=\"container\" data-e-type=\"container\">\n\t\t\t\t<\/div>\n\t\t\t\t<\/div>\n\t\t<div class=\"elementor-element elementor-element-b0db684 e-con-full e-flex e-con e-child\" data-id=\"b0db684\" data-element_type=\"container\" data-e-type=\"container\">\n\t\t<div class=\"elementor-element elementor-element-c528216 e-con-full e-flex e-con e-child\" data-id=\"c528216\" data-element_type=\"container\" data-e-type=\"container\">\n\t\t\t\t<div class=\"elementor-element elementor-element-3865dc9 elementor-widget elementor-widget-heading\" data-id=\"3865dc9\" data-element_type=\"widget\" data-e-type=\"widget\" data-widget_type=\"heading.default\">\n\t\t\t\t\t<h5 class=\"elementor-heading-title elementor-size-default\">Appliquer la pr\u00e9cision r\u00e9glementaire<\/h5>\t\t\t\t<\/div>\n\t\t\t\t<\/div>\n\t\t\t\t<\/div>\n\t\t<div class=\"elementor-element elementor-element-29e177c e-con-full e-flex e-con e-child\" data-id=\"29e177c\" data-element_type=\"container\" data-e-type=\"container\">\n\t\t\t\t<div class=\"elementor-element elementor-element-e73643a elementor-widget elementor-widget-text-editor\" data-id=\"e73643a\" data-element_type=\"widget\" data-e-type=\"widget\" data-widget_type=\"text-editor.default\">\n\t\t\t\t\t\t\t\t\t<p><span style=\"font-weight: 400;\">\u00c0 l'accueil et \u00e0 la divulgation de l'op\u00e9ration. Les utilisateurs passent d'une \u00e9tape \u00e0 l'autre en fonction de leur \u00e9ligibilit\u00e9 et de leur intention d'investissement, et non en fonction du volume.<\/span><span style=\"font-weight: 400;\"><br \/><\/span><\/p>\t\t\t\t\t\t\t\t<\/div>\n\t\t\t\t<\/div>\n\t\t\t\t<\/div>\n\t\t\t\t<\/div>\n\t\t<div class=\"elementor-element elementor-element-2a6b11c elementor-invisible e-con-full animated-fast e-flex e-con e-child\" data-id=\"2a6b11c\" data-element_type=\"container\" data-e-type=\"container\" data-settings=\"{&quot;background_background&quot;:&quot;classic&quot;,&quot;animation&quot;:&quot;slideInUp&quot;,&quot;animation_delay&quot;:50}\">\n\t\t<div class=\"elementor-element elementor-element-9eb098a e-con-full e-flex e-con e-child\" data-id=\"9eb098a\" data-element_type=\"container\" data-e-type=\"container\">\n\t\t<div class=\"elementor-element elementor-element-7958e1a e-con-full e-flex e-con e-child\" data-id=\"7958e1a\" data-element_type=\"container\" data-e-type=\"container\">\n\t\t\t\t<div class=\"elementor-element elementor-element-8c9d704 elementor-widget elementor-widget-image\" data-id=\"8c9d704\" data-element_type=\"widget\" data-e-type=\"widget\" data-widget_type=\"image.default\">\n\t\t\t\t\t\t\t\t\t\t\t\t\t\t\t<img decoding=\"async\" width=\"446\" height=\"498\" src=\"https:\/\/capiwell.ch\/wp-content\/uploads\/2025\/09\/doubel-bar.png\" class=\"attachment-large size-large wp-image-988821\" alt=\"\" srcset=\"https:\/\/capiwell.ch\/wp-content\/uploads\/2025\/09\/doubel-bar.png 446w, https:\/\/capiwell.ch\/wp-content\/uploads\/2025\/09\/doubel-bar-269x300.png 269w, https:\/\/capiwell.ch\/wp-content\/uploads\/2025\/09\/doubel-bar-11x12.png 11w\" sizes=\"(max-width: 446px) 100vw, 446px\" \/>\t\t\t\t\t\t\t\t\t\t\t\t\t\t\t<\/div>\n\t\t\t\t<\/div>\n\t\t<div class=\"elementor-element elementor-element-7f42279 e-con-full e-flex e-con e-child\" data-id=\"7f42279\" data-element_type=\"container\" data-e-type=\"container\">\n\t\t\t\t<\/div>\n\t\t\t\t<\/div>\n\t\t<div class=\"elementor-element elementor-element-9008c78 e-con-full e-flex e-con e-child\" data-id=\"9008c78\" data-element_type=\"container\" data-e-type=\"container\">\n\t\t<div class=\"elementor-element elementor-element-759438d e-con-full e-flex e-con e-child\" data-id=\"759438d\" data-element_type=\"container\" data-e-type=\"container\">\n\t\t\t\t<div class=\"elementor-element elementor-element-5817457 elementor-widget elementor-widget-heading\" data-id=\"5817457\" data-element_type=\"widget\" data-e-type=\"widget\" data-widget_type=\"heading.default\">\n\t\t\t\t\t<h5 class=\"elementor-heading-title elementor-size-default\">D\u00e9ployer la notation comportementale<\/h5>\t\t\t\t<\/div>\n\t\t\t\t<\/div>\n\t\t\t\t<\/div>\n\t\t<div class=\"elementor-element elementor-element-d5f1984 e-con-full e-flex e-con e-child\" data-id=\"d5f1984\" data-element_type=\"container\" data-e-type=\"container\">\n\t\t\t\t<div class=\"elementor-element elementor-element-ae9445e elementor-widget elementor-widget-text-editor\" data-id=\"ae9445e\" data-element_type=\"widget\" data-e-type=\"widget\" data-widget_type=\"text-editor.default\">\n\t\t\t\t\t\t\t\t\t<p><span style=\"font-weight: 400;\">Avec un questionnaire d'entr\u00e9e qui identifie les objectifs des investisseurs, leurs pr\u00e9f\u00e9rences en mati\u00e8re d'ESG et leurs horizons de risque. Ces donn\u00e9es informent de mani\u00e8re dynamique sur les transactions pr\u00e9sent\u00e9es, sur la mani\u00e8re dont les alertes sont d\u00e9clench\u00e9es et sur les r\u00e9cits qui sont mis en avant.<\/span><\/p>\t\t\t\t\t\t\t\t<\/div>\n\t\t\t\t<\/div>\n\t\t\t\t<\/div>\n\t\t<div class=\"elementor-element elementor-element-e015573 elementor-invisible e-con-full animated-fast e-flex e-con e-child\" data-id=\"e015573\" data-element_type=\"container\" data-e-type=\"container\" data-settings=\"{&quot;background_background&quot;:&quot;classic&quot;,&quot;animation&quot;:&quot;slideInUp&quot;,&quot;animation_delay&quot;:100}\">\n\t\t<div class=\"elementor-element elementor-element-e8b5414 e-con-full e-flex e-con e-child\" data-id=\"e8b5414\" data-element_type=\"container\" data-e-type=\"container\">\n\t\t<div class=\"elementor-element elementor-element-9f47156 e-con-full e-flex e-con e-child\" data-id=\"9f47156\" data-element_type=\"container\" data-e-type=\"container\">\n\t\t\t\t<div class=\"elementor-element elementor-element-a628a84 elementor-widget elementor-widget-image\" data-id=\"a628a84\" data-element_type=\"widget\" data-e-type=\"widget\" data-widget_type=\"image.default\">\n\t\t\t\t\t\t\t\t\t\t\t\t\t\t\t<img decoding=\"async\" width=\"446\" height=\"498\" src=\"https:\/\/capiwell.ch\/wp-content\/uploads\/2025\/09\/three-bar.png\" class=\"attachment-large size-large wp-image-988816\" alt=\"\" srcset=\"https:\/\/capiwell.ch\/wp-content\/uploads\/2025\/09\/three-bar.png 446w, https:\/\/capiwell.ch\/wp-content\/uploads\/2025\/09\/three-bar-269x300.png 269w, https:\/\/capiwell.ch\/wp-content\/uploads\/2025\/09\/three-bar-11x12.png 11w\" sizes=\"(max-width: 446px) 100vw, 446px\" \/>\t\t\t\t\t\t\t\t\t\t\t\t\t\t\t<\/div>\n\t\t\t\t<\/div>\n\t\t<div class=\"elementor-element elementor-element-f76efdf e-con-full e-flex e-con e-child\" data-id=\"f76efdf\" data-element_type=\"container\" data-e-type=\"container\">\n\t\t\t\t<\/div>\n\t\t\t\t<\/div>\n\t\t<div class=\"elementor-element elementor-element-16adae1 e-con-full e-flex e-con e-child\" data-id=\"16adae1\" data-element_type=\"container\" data-e-type=\"container\">\n\t\t<div class=\"elementor-element elementor-element-6c613df e-con-full e-flex e-con e-child\" data-id=\"6c613df\" data-element_type=\"container\" data-e-type=\"container\">\n\t\t\t\t<div class=\"elementor-element elementor-element-15377dc elementor-widget elementor-widget-heading\" data-id=\"15377dc\" data-element_type=\"widget\" data-e-type=\"widget\" data-widget_type=\"heading.default\">\n\t\t\t\t\t<h5 class=\"elementor-heading-title elementor-size-default\">D\u00e9ployer le \u201ccontr\u00f4le des investissements\u201d<\/h5>\t\t\t\t<\/div>\n\t\t\t\t<\/div>\n\t\t\t\t<\/div>\n\t\t<div class=\"elementor-element elementor-element-d0fd5bd e-con-full e-flex e-con e-child\" data-id=\"d0fd5bd\" data-element_type=\"container\" data-e-type=\"container\">\n\t\t\t\t<div class=\"elementor-element elementor-element-5eec885 elementor-widget elementor-widget-text-editor\" data-id=\"5eec885\" data-element_type=\"widget\" data-e-type=\"widget\" data-widget_type=\"text-editor.default\">\n\t\t\t\t\t\t\t\t\t<p><span style=\"font-weight: 400;\">Avec un suivi de projet en direct avec IoT et des rapports instantan\u00e9s.\u00a0<\/span><span style=\"font-weight: 400;\"><br \/><\/span><\/p>\t\t\t\t\t\t\t\t<\/div>\n\t\t\t\t<\/div>\n\t\t\t\t<\/div>\n\t\t<div class=\"elementor-element elementor-element-6049b0c elementor-invisible e-con-full animated-fast e-flex e-con e-child\" data-id=\"6049b0c\" data-element_type=\"container\" data-e-type=\"container\" data-settings=\"{&quot;background_background&quot;:&quot;classic&quot;,&quot;animation&quot;:&quot;slideInUp&quot;,&quot;animation_delay&quot;:150}\">\n\t\t<div class=\"elementor-element elementor-element-28125c1 e-con-full e-flex e-con e-child\" data-id=\"28125c1\" data-element_type=\"container\" data-e-type=\"container\">\n\t\t<div class=\"elementor-element elementor-element-d8ec092 e-con-full e-flex e-con e-child\" data-id=\"d8ec092\" data-element_type=\"container\" data-e-type=\"container\">\n\t\t\t\t<div class=\"elementor-element elementor-element-a7c3e0a elementor-widget elementor-widget-image\" data-id=\"a7c3e0a\" data-element_type=\"widget\" data-e-type=\"widget\" data-widget_type=\"image.default\">\n\t\t\t\t\t\t\t\t\t\t\t\t\t\t\t<img loading=\"lazy\" decoding=\"async\" width=\"747\" height=\"137\" src=\"https:\/\/capiwell.ch\/wp-content\/uploads\/2025\/02\/logo.png\" class=\"attachment-large size-large wp-image-988197\" alt=\"\" srcset=\"https:\/\/capiwell.ch\/wp-content\/uploads\/2025\/02\/logo.png 747w, https:\/\/capiwell.ch\/wp-content\/uploads\/2025\/02\/logo-300x55.png 300w, https:\/\/capiwell.ch\/wp-content\/uploads\/2025\/02\/logo-18x3.png 18w\" sizes=\"(max-width: 747px) 100vw, 747px\" \/>\t\t\t\t\t\t\t\t\t\t\t\t\t\t\t<\/div>\n\t\t\t\t<\/div>\n\t\t\t\t<\/div>\n\t\t<div class=\"elementor-element elementor-element-b8158ca e-con-full e-flex e-con e-child\" data-id=\"b8158ca\" data-element_type=\"container\" data-e-type=\"container\">\n\t\t<div class=\"elementor-element elementor-element-eee15a3 e-con-full e-flex e-con e-child\" data-id=\"eee15a3\" data-element_type=\"container\" data-e-type=\"container\">\n\t\t\t\t<div class=\"elementor-element elementor-element-c8cc573 elementor-widget elementor-widget-heading\" data-id=\"c8cc573\" data-element_type=\"widget\" data-e-type=\"widget\" data-widget_type=\"heading.default\">\n\t\t\t\t\t<h5 class=\"elementor-heading-title elementor-size-default\">D\u00e9ployer le \"contr\u00f4le de projet\"<\/h5>\t\t\t\t<\/div>\n\t\t\t\t<\/div>\n\t\t\t\t<\/div>\n\t\t<div class=\"elementor-element elementor-element-f872b3b e-con-full e-flex e-con e-child\" data-id=\"f872b3b\" data-element_type=\"container\" data-e-type=\"container\">\n\t\t\t\t<div class=\"elementor-element elementor-element-f303958 elementor-widget elementor-widget-text-editor\" data-id=\"f303958\" data-element_type=\"widget\" data-e-type=\"widget\" data-widget_type=\"text-editor.default\">\n\t\t\t\t\t\t\t\t\t<p><span style=\"font-weight: 400;\">Avec une visibilit\u00e9 dynamique de la propri\u00e9t\u00e9 (tableau de bord de la structure du capital en temps r\u00e9el, vue actuelle des fonds propres, impact des investissements entrants)<\/span><\/p>\t\t\t\t\t\t\t\t<\/div>\n\t\t\t\t<\/div>\n\t\t\t\t<\/div>\n\t\t\t\t\t<\/div>\n\t\t\t\t<\/div>\n\t\t<div class=\"elementor-element elementor-element-af48cb8 e-flex e-con-boxed e-con e-parent\" data-id=\"af48cb8\" data-element_type=\"container\" data-e-type=\"container\">\n\t\t\t\t\t<div class=\"e-con-inner\">\n\t\t<div class=\"elementor-element elementor-element-b78c3e5 e-con-full e-flex e-con e-child\" data-id=\"b78c3e5\" data-element_type=\"container\" data-e-type=\"container\">\n\t\t<div class=\"elementor-element elementor-element-70c5dad e-con-full e-flex e-con e-child\" data-id=\"70c5dad\" data-element_type=\"container\" data-e-type=\"container\">\n\t\t\t\t<div class=\"elementor-element elementor-element-56f0d0c elementor-widget elementor-widget-text-editor\" data-id=\"56f0d0c\" data-element_type=\"widget\" data-e-type=\"widget\" data-widget_type=\"text-editor.default\">\n\t\t\t\t\t\t\t\t\t<p>TrustBridge int\u00e8gre la transparence narrative dans l'exp\u00e9rience de l'utilisateur. Chaque profil d'op\u00e9ration explique pourquoi elle est importante et pas seulement ce qu'elle rapporte. Les investisseurs ont acc\u00e8s \u00e0 des informations structur\u00e9es dans un langage clair, tandis que les fondateurs sont form\u00e9s pour traduire leur opportunit\u00e9 dans un langage pr\u00eat \u00e0 la prise de d\u00e9cision. Dans un monde num\u00e9rique post-confiance, la clart\u00e9 n'est plus un luxe, c'est une infrastructure.<\/p><p>TrustBridge veille \u00e0 ce que CapiWell devienne non seulement une place de march\u00e9 des opportunit\u00e9s d'investissement, mais aussi un m\u00e9canisme normatif pour des flux de capitaux responsables.<\/p>\t\t\t\t\t\t\t\t<\/div>\n\t\t\t\t<\/div>\n\t\t\t\t<\/div>\n\t\t\t\t\t<\/div>\n\t\t\t\t<\/div>\n\t\t\t\t<\/div>","protected":false},"excerpt":{"rendered":"<p>Our Core Operating Ethos TrustBridge is CapiWell\u2019s internal standard that is: Applying Regulatory Precision To onboarding and deal disclosure. Users move through pathways based on eligibility and investment intent &#8211; not volume-based triggers. Deploying Behavioral Scoring with an entry questionnaire that identifies investor goals, ESG preferences, and risk horizons. These data points dynamically inform what&#8230;<\/p>","protected":false},"author":2,"featured_media":989287,"parent":991728,"menu_order":0,"comment_status":"closed","ping_status":"closed","template":"","meta":{"footnotes":""},"categories":[],"class_list":["post-989286","page","type-page","status-publish","has-post-thumbnail","hentry"],"_links":{"self":[{"href":"https:\/\/capiwell.ch\/fr\/wp-json\/wp\/v2\/pages\/989286","targetHints":{"allow":["GET"]}}],"collection":[{"href":"https:\/\/capiwell.ch\/fr\/wp-json\/wp\/v2\/pages"}],"about":[{"href":"https:\/\/capiwell.ch\/fr\/wp-json\/wp\/v2\/types\/page"}],"author":[{"embeddable":true,"href":"https:\/\/capiwell.ch\/fr\/wp-json\/wp\/v2\/users\/2"}],"replies":[{"embeddable":true,"href":"https:\/\/capiwell.ch\/fr\/wp-json\/wp\/v2\/comments?post=989286"}],"version-history":[{"count":28,"href":"https:\/\/capiwell.ch\/fr\/wp-json\/wp\/v2\/pages\/989286\/revisions"}],"predecessor-version":[{"id":991356,"href":"https:\/\/capiwell.ch\/fr\/wp-json\/wp\/v2\/pages\/989286\/revisions\/991356"}],"up":[{"embeddable":true,"href":"https:\/\/capiwell.ch\/fr\/wp-json\/wp\/v2\/pages\/991728"}],"wp:featuredmedia":[{"embeddable":true,"href":"https:\/\/capiwell.ch\/fr\/wp-json\/wp\/v2\/media\/989287"}],"wp:attachment":[{"href":"https:\/\/capiwell.ch\/fr\/wp-json\/wp\/v2\/media?parent=989286"}],"wp:term":[{"taxonomy":"category","embeddable":true,"href":"https:\/\/capiwell.ch\/fr\/wp-json\/wp\/v2\/categories?post=989286"}],"curies":[{"name":"wp","href":"https:\/\/api.w.org\/{rel}","templated":true}]}}