{"id":989175,"date":"2025-09-18T05:25:12","date_gmt":"2025-09-18T05:25:12","guid":{"rendered":"https:\/\/capiwell.ch\/?page_id=989175"},"modified":"2026-01-24T17:42:26","modified_gmt":"2026-01-24T17:42:26","slug":"capiwell-architecture","status":"publish","type":"page","link":"https:\/\/capiwell.ch\/fr\/comment-cela-fonctionne-t-il\/capiwell-architecture\/","title":{"rendered":"Architecture de Capiwell"},"content":{"rendered":"<div data-elementor-type=\"wp-page\" data-elementor-id=\"989175\" class=\"elementor elementor-989175\" data-elementor-post-type=\"page\">\n\t\t\t\t<div class=\"elementor-element elementor-element-b573bd0 e-flex e-con-boxed e-con e-parent\" data-id=\"b573bd0\" data-element_type=\"container\" data-e-type=\"container\">\n\t\t\t\t\t<div class=\"e-con-inner\">\n\t\t<div class=\"elementor-element elementor-element-973f7e4 e-con-full e-flex e-con e-child\" data-id=\"973f7e4\" data-element_type=\"container\" data-e-type=\"container\">\n\t\t<div class=\"elementor-element elementor-element-cd6dedd e-con-full e-flex e-con e-child\" data-id=\"cd6dedd\" data-element_type=\"container\" data-e-type=\"container\">\n\t\t\t\t<div class=\"elementor-element elementor-element-e07fbb7 elementor-invisible animated-fast elementor-widget__width-initial elementor-widget elementor-widget-heading\" data-id=\"e07fbb7\" data-element_type=\"widget\" data-e-type=\"widget\" data-settings=\"{&quot;_animation&quot;:&quot;fadeIn&quot;}\" data-widget_type=\"heading.default\">\n\t\t\t\t\t<h2 class=\"elementor-heading-title elementor-size-default\">Une architecture \u00e0 trois niveaux pour<br>\n<span class=\"color-accent-4\">Confiance et performance<\/span><\/h2>\t\t\t\t<\/div>\n\t\t\t\t<\/div>\n\t\t\t\t<\/div>\n\t\t\t\t\t<\/div>\n\t\t\t\t<\/div>\n\t\t<div class=\"elementor-element elementor-element-25020d61 e-flex e-con-boxed e-con e-parent\" data-id=\"25020d61\" data-element_type=\"container\" data-e-type=\"container\">\n\t\t\t\t\t<div class=\"e-con-inner\">\n\t\t<div class=\"elementor-element elementor-element-7c997b65 elementor-invisible e-con-full animated-fast e-flex e-con e-child\" data-id=\"7c997b65\" data-element_type=\"container\" data-e-type=\"container\" data-settings=\"{&quot;background_background&quot;:&quot;classic&quot;,&quot;animation&quot;:&quot;slideInUp&quot;,&quot;animation_delay&quot;:0}\">\n\t\t<div class=\"elementor-element elementor-element-2ce1fa3f e-con-full e-flex e-con e-child\" data-id=\"2ce1fa3f\" data-element_type=\"container\" data-e-type=\"container\">\n\t\t<div class=\"elementor-element elementor-element-21ee7ec5 e-con-full e-flex e-con e-child\" data-id=\"21ee7ec5\" data-element_type=\"container\" data-e-type=\"container\">\n\t\t<div class=\"elementor-element elementor-element-66c68f58 e-con-full e-flex e-con e-child\" data-id=\"66c68f58\" data-element_type=\"container\" data-e-type=\"container\">\n\t\t\t\t<div class=\"elementor-element elementor-element-4e37eed5 elementor-widget elementor-widget-heading\" data-id=\"4e37eed5\" data-element_type=\"widget\" data-e-type=\"widget\" data-widget_type=\"heading.default\">\n\t\t\t\t\t<h4 class=\"elementor-heading-title elementor-size-default\">1. Couche d'exp\u00e9rience utilisateur personnalis\u00e9e<\/h4>\t\t\t\t<\/div>\n\t\t\t\t<\/div>\n\t\t<div class=\"elementor-element elementor-element-72633283 e-con-full e-flex e-con e-child\" data-id=\"72633283\" data-element_type=\"container\" data-e-type=\"container\">\n\t\t\t\t<div class=\"elementor-element elementor-element-3eb6d5e elementor-widget elementor-widget-image\" data-id=\"3eb6d5e\" data-element_type=\"widget\" data-e-type=\"widget\" data-widget_type=\"image.default\">\n\t\t\t\t\t\t\t\t\t\t\t\t\t\t\t<img fetchpriority=\"high\" decoding=\"async\" width=\"446\" height=\"498\" src=\"https:\/\/capiwell.ch\/wp-content\/uploads\/2025\/09\/single-bar.png\" class=\"attachment-large size-large wp-image-988820\" alt=\"\" srcset=\"https:\/\/capiwell.ch\/wp-content\/uploads\/2025\/09\/single-bar.png 446w, https:\/\/capiwell.ch\/wp-content\/uploads\/2025\/09\/single-bar-269x300.png 269w, https:\/\/capiwell.ch\/wp-content\/uploads\/2025\/09\/single-bar-11x12.png 11w\" sizes=\"(max-width: 446px) 100vw, 446px\" \/>\t\t\t\t\t\t\t\t\t\t\t\t\t\t\t<\/div>\n\t\t\t\t<\/div>\n\t\t\t\t<\/div>\n\t\t<div class=\"elementor-element elementor-element-314e9f12 e-con-full e-flex e-con e-child\" data-id=\"314e9f12\" data-element_type=\"container\" data-e-type=\"container\">\n\t\t\t\t<div class=\"elementor-element elementor-element-79d8d8d8 elementor-widget elementor-widget-text-editor\" data-id=\"79d8d8d8\" data-element_type=\"widget\" data-e-type=\"widget\" data-widget_type=\"text-editor.default\">\n\t\t\t\t\t\t\t\t\t<p><span style=\"font-weight: 400;\">Il s'agit de l'interface que les utilisateurs voient et avec laquelle ils interagissent tous les jours. Elle s'adapte dynamiquement aux investisseurs et aux personnes \u00e0 la recherche de capitaux, en cr\u00e9ant un environnement sp\u00e9cifique \u00e0 chaque r\u00f4le, aliment\u00e9 par des informations sur les comportements et les r\u00e9sultats de l'int\u00e9gration.<\/span><\/p><ul><li style=\"font-weight: 400;\" aria-level=\"1\"><b>Alertes intelligentes<\/b><span style=\"font-weight: 400;\"> informer les utilisateurs<\/span><span style=\"font-weight: 400;\"><br \/><br \/><\/span><\/li><li style=\"font-weight: 400;\" aria-level=\"1\"><b>Flux d'affaires<\/b><span style=\"font-weight: 400;\"> mettre en avant les opportunit\u00e9s les plus pertinentes<\/span><span style=\"font-weight: 400;\"><br \/><br \/><\/span><\/li><li style=\"font-weight: 400;\" aria-level=\"1\"><b>Diffusion de contenu contextuel<\/b><span style=\"font-weight: 400;\"> transforme un tableau de bord statique en un centre de d\u00e9cision<\/span><span style=\"font-weight: 400;\"><br \/><br \/><\/span><\/li><\/ul><p><span style=\"font-weight: 400;\">Avec <\/span><b>Les scores de TrustBridge<\/b><span style=\"font-weight: 400;\"> En affichant clairement chaque opportunit\u00e9, la conformit\u00e9 devient visible et transparente, inspirant la confiance \u00e0 chaque \u00e9tape.<\/span><\/p>\t\t\t\t\t\t\t\t<\/div>\n\t\t\t\t<\/div>\n\t\t\t\t<\/div>\n\t\t\t\t<\/div>\n\t\t<div class=\"elementor-element elementor-element-46146de0 elementor-invisible e-con-full animated-fast e-flex e-con e-child\" data-id=\"46146de0\" data-element_type=\"container\" data-e-type=\"container\" data-settings=\"{&quot;background_background&quot;:&quot;classic&quot;,&quot;animation&quot;:&quot;slideInUp&quot;,&quot;animation_delay&quot;:50}\">\n\t\t<div class=\"elementor-element elementor-element-15cf9d97 e-con-full e-flex e-con e-child\" data-id=\"15cf9d97\" data-element_type=\"container\" data-e-type=\"container\">\n\t\t<div class=\"elementor-element elementor-element-6c8b5fd e-con-full e-flex e-con e-child\" data-id=\"6c8b5fd\" data-element_type=\"container\" data-e-type=\"container\">\n\t\t\t\t<div class=\"elementor-element elementor-element-656733f1 elementor-widget elementor-widget-heading\" data-id=\"656733f1\" data-element_type=\"widget\" data-e-type=\"widget\" data-widget_type=\"heading.default\">\n\t\t\t\t\t<h4 class=\"elementor-heading-title elementor-size-default\">2. Moteur de renseignement<\/h4>\t\t\t\t<\/div>\n\t\t\t\t<\/div>\n\t\t<div class=\"elementor-element elementor-element-7e7fe937 e-con-full e-flex e-con e-child\" data-id=\"7e7fe937\" data-element_type=\"container\" data-e-type=\"container\">\n\t\t\t\t<div class=\"elementor-element elementor-element-7f0431c elementor-widget elementor-widget-image\" data-id=\"7f0431c\" data-element_type=\"widget\" data-e-type=\"widget\" data-widget_type=\"image.default\">\n\t\t\t\t\t\t\t\t\t\t\t\t\t\t\t<img decoding=\"async\" width=\"446\" height=\"498\" src=\"https:\/\/capiwell.ch\/wp-content\/uploads\/2025\/09\/doubel-bar.png\" class=\"attachment-large size-large wp-image-988821\" alt=\"\" srcset=\"https:\/\/capiwell.ch\/wp-content\/uploads\/2025\/09\/doubel-bar.png 446w, https:\/\/capiwell.ch\/wp-content\/uploads\/2025\/09\/doubel-bar-269x300.png 269w, https:\/\/capiwell.ch\/wp-content\/uploads\/2025\/09\/doubel-bar-11x12.png 11w\" sizes=\"(max-width: 446px) 100vw, 446px\" \/>\t\t\t\t\t\t\t\t\t\t\t\t\t\t\t<\/div>\n\t\t\t\t<\/div>\n\t\t\t\t<\/div>\n\t\t<div class=\"elementor-element elementor-element-a8a4d9d e-con-full e-flex e-con e-child\" data-id=\"a8a4d9d\" data-element_type=\"container\" data-e-type=\"container\">\n\t\t\t\t<div class=\"elementor-element elementor-element-1a81667 elementor-widget elementor-widget-text-editor\" data-id=\"1a81667\" data-element_type=\"widget\" data-e-type=\"widget\" data-widget_type=\"text-editor.default\">\n\t\t\t\t\t\t\t\t\t<p><span style=\"font-weight: 400;\">Derri\u00e8re l'interface se cache l'intelligence qui permet la personnalisation et la conformit\u00e9. Cette couche alimente <\/span><b>la segmentation, la mise en correspondance et le filtrage<\/b><span style=\"font-weight: 400;\">, L'objectif est de faire en sorte que chaque opportunit\u00e9 pr\u00e9sent\u00e9e soit \u00e0 la fois pertinente et s\u00fbre.<\/span><\/p><ul><li style=\"font-weight: 400;\" aria-level=\"1\"><b>Profils d'utilisateurs dynamiques<\/b><span style=\"font-weight: 400;\"> construit \u00e0 partir du comportement et des donn\u00e9es de la plate-forme<\/span><span style=\"font-weight: 400;\"><br \/><br \/><\/span><\/li><li style=\"font-weight: 400;\" aria-level=\"1\"><b>Logique de balisage<\/b><span style=\"font-weight: 400;\"> qui adapte l'exposition aux march\u00e9s<\/span><span style=\"font-weight: 400;\"><br \/><br \/><\/span><\/li><li style=\"font-weight: 400;\" aria-level=\"1\"><b>Seuils de notation automatis\u00e9s<\/b><span style=\"font-weight: 400;\"> \u00e9clair\u00e9 par l'analyse comportementale<\/span><span style=\"font-weight: 400;\"><br \/><br \/><\/span><\/li><li style=\"font-weight: 400;\" aria-level=\"1\"><b>Filtres KYC et AML int\u00e9gr\u00e9s<\/b><span style=\"font-weight: 400;\"> qui d\u00e9tectent et acheminent les signaux de risque avant l'exposition<\/span><span style=\"font-weight: 400;\"><br \/><br \/><\/span><\/li><\/ul><p><span style=\"font-weight: 400;\">C'est l\u00e0 que la confiance des investisseurs rencontre la rigueur r\u00e9glementaire.<\/span><\/p>\t\t\t\t\t\t\t\t<\/div>\n\t\t\t\t<\/div>\n\t\t\t\t<\/div>\n\t\t<div class=\"elementor-element elementor-element-e94b969 elementor-invisible e-con-full animated-fast e-flex e-con e-child\" data-id=\"e94b969\" data-element_type=\"container\" data-e-type=\"container\" data-settings=\"{&quot;background_background&quot;:&quot;classic&quot;,&quot;animation&quot;:&quot;slideInUp&quot;,&quot;animation_delay&quot;:100}\">\n\t\t<div class=\"elementor-element elementor-element-46c8c89 e-con-full e-flex e-con e-child\" data-id=\"46c8c89\" data-element_type=\"container\" data-e-type=\"container\">\n\t\t<div class=\"elementor-element elementor-element-bbc0762 e-con-full e-flex e-con e-child\" data-id=\"bbc0762\" data-element_type=\"container\" data-e-type=\"container\">\n\t\t\t\t<div class=\"elementor-element elementor-element-225e521 elementor-widget elementor-widget-heading\" data-id=\"225e521\" data-element_type=\"widget\" data-e-type=\"widget\" data-widget_type=\"heading.default\">\n\t\t\t\t\t<h4 class=\"elementor-heading-title elementor-size-default\">3. Le c\u0153ur de l'infrastructure<\/h4>\t\t\t\t<\/div>\n\t\t\t\t<\/div>\n\t\t<div class=\"elementor-element elementor-element-a04ce62 e-con-full e-flex e-con e-child\" data-id=\"a04ce62\" data-element_type=\"container\" data-e-type=\"container\">\n\t\t\t\t<div class=\"elementor-element elementor-element-a063825 elementor-widget elementor-widget-image\" data-id=\"a063825\" data-element_type=\"widget\" data-e-type=\"widget\" data-widget_type=\"image.default\">\n\t\t\t\t\t\t\t\t\t\t\t\t\t\t\t<img decoding=\"async\" width=\"446\" height=\"498\" src=\"https:\/\/capiwell.ch\/wp-content\/uploads\/2025\/09\/three-bar.png\" class=\"attachment-large size-large wp-image-988816\" alt=\"\" srcset=\"https:\/\/capiwell.ch\/wp-content\/uploads\/2025\/09\/three-bar.png 446w, https:\/\/capiwell.ch\/wp-content\/uploads\/2025\/09\/three-bar-269x300.png 269w, https:\/\/capiwell.ch\/wp-content\/uploads\/2025\/09\/three-bar-11x12.png 11w\" sizes=\"(max-width: 446px) 100vw, 446px\" \/>\t\t\t\t\t\t\t\t\t\t\t\t\t\t\t<\/div>\n\t\t\t\t<\/div>\n\t\t\t\t<\/div>\n\t\t<div class=\"elementor-element elementor-element-74d655a e-con-full e-flex e-con e-child\" data-id=\"74d655a\" data-element_type=\"container\" data-e-type=\"container\">\n\t\t\t\t<div class=\"elementor-element elementor-element-e387e65 elementor-widget elementor-widget-text-editor\" data-id=\"e387e65\" data-element_type=\"widget\" data-e-type=\"widget\" data-widget_type=\"text-editor.default\">\n\t\t\t\t\t\t\t\t\t<p><span style=\"font-weight: 400;\">\u00c0 la base se trouve le syst\u00e8me qui garantit l'int\u00e9grit\u00e9 et l'\u00e9volutivit\u00e9. Le c\u0153ur de l'infrastructure ancre <\/span><b>L'ossature juridique et op\u00e9rationnelle de CapiWell<\/b><span style=\"font-weight: 400;\">.<\/span><\/p><ul><li style=\"font-weight: 400;\" aria-level=\"1\"><b>Cadre juridique conforme \u00e0 SO-FIT<\/b><b><br \/><br \/><\/b><\/li><li style=\"font-weight: 400;\" aria-level=\"1\"><b>Mod\u00e8les standardis\u00e9s de SPV<\/b><span style=\"font-weight: 400;\"> pour une ex\u00e9cution efficace des transactions<\/span><span style=\"font-weight: 400;\"><br \/><br \/><\/span><\/li><li style=\"font-weight: 400;\" aria-level=\"1\"><b>Flux de paiements s\u00e9curis\u00e9s<\/b><span style=\"font-weight: 400;\"> avec une tra\u00e7abilit\u00e9 compl\u00e8te des audits<\/span><span style=\"font-weight: 400;\"><br \/><br \/><\/span><\/li><li style=\"font-weight: 400;\" aria-level=\"1\"><b>Syst\u00e8me de gestion de la relation client (CRM) de niveau entreprise<\/b><span style=\"font-weight: 400;\"> con\u00e7u pour l'inspection r\u00e9glementaire<\/span><span style=\"font-weight: 400;\"><br \/><br \/><\/span><\/li><\/ul><p><span style=\"font-weight: 400;\">D\u00e8s le premier jour, chaque action et chaque point de donn\u00e9es sont s\u00e9curis\u00e9s, tra\u00e7ables et \u00e9volutifs.<\/span><\/p>\t\t\t\t\t\t\t\t<\/div>\n\t\t\t\t<\/div>\n\t\t\t\t<\/div>\n\t\t\t\t\t<\/div>\n\t\t\t\t<\/div>\n\t\t<div class=\"elementor-element elementor-element-303553a e-flex e-con-boxed e-con e-child\" data-id=\"303553a\" data-element_type=\"container\" data-e-type=\"container\">\n\t\t\t\t\t<div class=\"e-con-inner\">\n\t\t<div class=\"elementor-element elementor-element-2055a98 e-con-full e-flex e-con e-child\" data-id=\"2055a98\" data-element_type=\"container\" data-e-type=\"container\" data-settings=\"{&quot;background_background&quot;:&quot;classic&quot;}\">\n\t\t\t\t<\/div>\n\t\t<div class=\"elementor-element elementor-element-f5405bc e-con-full e-flex e-con e-child\" data-id=\"f5405bc\" data-element_type=\"container\" data-e-type=\"container\" data-settings=\"{&quot;background_background&quot;:&quot;classic&quot;}\">\n\t\t<div class=\"elementor-element elementor-element-2871fff e-con-full e-flex e-con e-child\" data-id=\"2871fff\" data-element_type=\"container\" data-e-type=\"container\">\n\t\t\t\t<div class=\"elementor-element elementor-element-e3f77f1 elementor-widget elementor-widget-image\" data-id=\"e3f77f1\" data-element_type=\"widget\" data-e-type=\"widget\" data-widget_type=\"image.default\">\n\t\t\t\t\t\t\t\t\t\t\t\t\t\t\t<img loading=\"lazy\" decoding=\"async\" width=\"754\" height=\"138\" src=\"https:\/\/capiwell.ch\/wp-content\/uploads\/2025\/09\/logo-white.png\" class=\"attachment-large size-large wp-image-988205\" alt=\"\" srcset=\"https:\/\/capiwell.ch\/wp-content\/uploads\/2025\/09\/logo-white.png 754w, https:\/\/capiwell.ch\/wp-content\/uploads\/2025\/09\/logo-white-300x55.png 300w, https:\/\/capiwell.ch\/wp-content\/uploads\/2025\/09\/logo-white-18x3.png 18w\" sizes=\"(max-width: 754px) 100vw, 754px\" \/>\t\t\t\t\t\t\t\t\t\t\t\t\t\t\t<\/div>\n\t\t\t\t<div class=\"elementor-element elementor-element-9a927f4 elementor-invisible animated-fast elementor-widget elementor-widget-heading\" data-id=\"9a927f4\" data-element_type=\"widget\" data-e-type=\"widget\" data-settings=\"{&quot;_animation&quot;:&quot;slideInUp&quot;,&quot;_animation_delay&quot;:50}\" data-widget_type=\"heading.default\">\n\t\t\t\t\t<h3 class=\"elementor-heading-title elementor-size-default\">Une plateforme qui d\u00e9finit la cat\u00e9gorie<\/h3>\t\t\t\t<\/div>\n\t\t\t\t<\/div>\n\t\t\t\t<div class=\"elementor-element elementor-element-934ad9e elementor-widget elementor-widget-spacer\" data-id=\"934ad9e\" data-element_type=\"widget\" data-e-type=\"widget\" data-widget_type=\"spacer.default\">\n\t\t\t\t\t\t\t<div class=\"elementor-spacer\">\n\t\t\t<div class=\"elementor-spacer-inner\"><\/div>\n\t\t<\/div>\n\t\t\t\t\t\t<\/div>\n\t\t<div class=\"elementor-element elementor-element-12a5e03 e-con-full e-flex e-con e-child\" data-id=\"12a5e03\" data-element_type=\"container\" data-e-type=\"container\">\n\t\t\t\t<div class=\"elementor-element elementor-element-f19028e elementor-widget elementor-widget-text-editor\" data-id=\"f19028e\" data-element_type=\"widget\" data-e-type=\"widget\" data-widget_type=\"text-editor.default\">\n\t\t\t\t\t\t\t\t\t<p><span style=\"font-weight: 400;\">Contrairement aux places de march\u00e9 l\u00e9g\u00e8res, CapiWell est une <\/span><b>plate-forme de d\u00e9finition de cat\u00e9gorie<\/b><span style=\"font-weight: 400;\"> qui unit <\/span><b>la personnalisation de l'investisseur, l'habilitation du fondateur et la cr\u00e9dibilit\u00e9 syst\u00e9mique<\/b><span style=\"font-weight: 400;\"> dans un syst\u00e8me synchronis\u00e9. En combinant une technologie modulaire avec une fondation ax\u00e9e sur la conformit\u00e9, nous \u00e9tablissons une nouvelle norme pour la mani\u00e8re dont les capitaux priv\u00e9s devraient \u00eatre per\u00e7us en Suisse et au-del\u00e0.<\/span><\/p><p><b>CapiWell - la convergence de la confiance, de la conformit\u00e9 et de la croissance.<\/b><\/p>\t\t\t\t\t\t\t\t<\/div>\n\t\t\t\t<\/div>\n\t\t\t\t<\/div>\n\t\t\t\t\t<\/div>\n\t\t\t\t<\/div>\n\t\t\t\t<\/div>","protected":false},"excerpt":{"rendered":"<p>A Three-Layered Architecture for Trust and Performance 1. Personalized User Experience Layer This is the interface users see and interact with every day. It adapts dynamically for investors and capital seekers, creating a role-specific environment powered by behavioral insights and onboarding outcomes. Smart alerts keep users informed Curated deal flows bring forward the most relevant&#8230;<\/p>","protected":false},"author":2,"featured_media":989282,"parent":991728,"menu_order":0,"comment_status":"closed","ping_status":"closed","template":"","meta":{"footnotes":""},"categories":[],"class_list":["post-989175","page","type-page","status-publish","has-post-thumbnail","hentry"],"_links":{"self":[{"href":"https:\/\/capiwell.ch\/fr\/wp-json\/wp\/v2\/pages\/989175","targetHints":{"allow":["GET"]}}],"collection":[{"href":"https:\/\/capiwell.ch\/fr\/wp-json\/wp\/v2\/pages"}],"about":[{"href":"https:\/\/capiwell.ch\/fr\/wp-json\/wp\/v2\/types\/page"}],"author":[{"embeddable":true,"href":"https:\/\/capiwell.ch\/fr\/wp-json\/wp\/v2\/users\/2"}],"replies":[{"embeddable":true,"href":"https:\/\/capiwell.ch\/fr\/wp-json\/wp\/v2\/comments?post=989175"}],"version-history":[{"count":35,"href":"https:\/\/capiwell.ch\/fr\/wp-json\/wp\/v2\/pages\/989175\/revisions"}],"predecessor-version":[{"id":991734,"href":"https:\/\/capiwell.ch\/fr\/wp-json\/wp\/v2\/pages\/989175\/revisions\/991734"}],"up":[{"embeddable":true,"href":"https:\/\/capiwell.ch\/fr\/wp-json\/wp\/v2\/pages\/991728"}],"wp:featuredmedia":[{"embeddable":true,"href":"https:\/\/capiwell.ch\/fr\/wp-json\/wp\/v2\/media\/989282"}],"wp:attachment":[{"href":"https:\/\/capiwell.ch\/fr\/wp-json\/wp\/v2\/media?parent=989175"}],"wp:term":[{"taxonomy":"category","embeddable":true,"href":"https:\/\/capiwell.ch\/fr\/wp-json\/wp\/v2\/categories?post=989175"}],"curies":[{"name":"wp","href":"https:\/\/api.w.org\/{rel}","templated":true}]}}