{"id":4737,"date":"2025-02-21T11:00:03","date_gmt":"2025-02-21T11:00:03","guid":{"rendered":"https:\/\/finovate.vamtam.com\/?page_id=4737"},"modified":"2026-01-24T09:59:34","modified_gmt":"2026-01-24T09:59:34","slug":"charbel-merhi","status":"publish","type":"page","link":"https:\/\/capiwell.ch\/fr\/a-propos-de-nous\/leadership\/charbel-merhi\/","title":{"rendered":"Charbel Merhi"},"content":{"rendered":"<div data-elementor-type=\"wp-page\" data-elementor-id=\"4737\" class=\"elementor elementor-4737\" data-elementor-post-type=\"page\">\n\t\t\t\t<div class=\"elementor-element elementor-element-ac6e72b e-flex e-con-boxed e-con e-parent\" data-id=\"ac6e72b\" data-element_type=\"container\" data-e-type=\"container\">\n\t\t\t\t\t<div class=\"e-con-inner\">\n\t\t\t\t<div class=\"elementor-element elementor-element-ac5b53a elementor-widget-divider--view-line elementor-widget elementor-widget-divider\" data-id=\"ac5b53a\" data-element_type=\"widget\" data-e-type=\"widget\" data-widget_type=\"divider.default\">\n\t\t\t\t\t\t\t<div class=\"elementor-divider\">\n\t\t\t<span class=\"elementor-divider-separator\">\n\t\t\t\t\t\t<\/span>\n\t\t<\/div>\n\t\t\t\t\t\t<\/div>\n\t\t\t\t\t<\/div>\n\t\t\t\t<\/div>\n\t\t<div class=\"elementor-element elementor-element-549fcbd e-flex e-con-boxed e-con e-parent\" data-id=\"549fcbd\" data-element_type=\"container\" data-e-type=\"container\">\n\t\t\t\t\t<div class=\"e-con-inner\">\n\t\t\t\t<div class=\"elementor-element elementor-element-043188b elementor-widget elementor-widget-text-editor\" data-id=\"043188b\" data-element_type=\"widget\" data-e-type=\"widget\" data-widget_type=\"text-editor.default\">\n\t\t\t\t\t\t\t\t\t<p>Il travaille actuellement chez Monty Capital SA \u00e0 Gen\u00e8ve, o\u00f9 il contribue aux op\u00e9rations administratives, financi\u00e8res et de conformit\u00e9. Ses responsabilit\u00e9s comprennent la supervision r\u00e9glementaire, la mise en \u0153uvre de la politique AML\/KYC et l'analyse des risques.<\/p><p>Parlant couramment l'arabe, le fran\u00e7ais et l'anglais, Charbel associe une solide base analytique \u00e0 une exp\u00e9rience pratique de la gestion des risques, ce qui le positionne comme un contributeur prometteur dans les secteurs de la finance et de la fintech.<\/p>\t\t\t\t\t\t\t\t<\/div>\n\t\t\t\t\t<\/div>\n\t\t\t\t<\/div>\n\t\t\t\t<\/div>","protected":false},"excerpt":{"rendered":"<p>Charbel Merhi est un jeune professionnel qui poss\u00e8de une expertise acad\u00e9mique et pratique dans les domaines de l'actuariat, de la finance et de la conformit\u00e9. Il est titulaire d'un master en sciences actuarielles de HEC Lausanne (Suisse).<\/p>","protected":false},"author":1,"featured_media":990601,"parent":1071,"menu_order":0,"comment_status":"closed","ping_status":"closed","template":"","meta":{"footnotes":""},"categories":[78],"class_list":["post-4737","page","type-page","status-publish","has-post-thumbnail","hentry","category-leadership"],"_links":{"self":[{"href":"https:\/\/capiwell.ch\/fr\/wp-json\/wp\/v2\/pages\/4737","targetHints":{"allow":["GET"]}}],"collection":[{"href":"https:\/\/capiwell.ch\/fr\/wp-json\/wp\/v2\/pages"}],"about":[{"href":"https:\/\/capiwell.ch\/fr\/wp-json\/wp\/v2\/types\/page"}],"author":[{"embeddable":true,"href":"https:\/\/capiwell.ch\/fr\/wp-json\/wp\/v2\/users\/1"}],"replies":[{"embeddable":true,"href":"https:\/\/capiwell.ch\/fr\/wp-json\/wp\/v2\/comments?post=4737"}],"version-history":[{"count":12,"href":"https:\/\/capiwell.ch\/fr\/wp-json\/wp\/v2\/pages\/4737\/revisions"}],"predecessor-version":[{"id":990626,"href":"https:\/\/capiwell.ch\/fr\/wp-json\/wp\/v2\/pages\/4737\/revisions\/990626"}],"up":[{"embeddable":true,"href":"https:\/\/capiwell.ch\/fr\/wp-json\/wp\/v2\/pages\/1071"}],"wp:featuredmedia":[{"embeddable":true,"href":"https:\/\/capiwell.ch\/fr\/wp-json\/wp\/v2\/media\/990601"}],"wp:attachment":[{"href":"https:\/\/capiwell.ch\/fr\/wp-json\/wp\/v2\/media?parent=4737"}],"wp:term":[{"taxonomy":"category","embeddable":true,"href":"https:\/\/capiwell.ch\/fr\/wp-json\/wp\/v2\/categories?post=4737"}],"curies":[{"name":"wp","href":"https:\/\/api.w.org\/{rel}","templated":true}]}}