{"id":2110,"date":"2025-02-21T12:00:10","date_gmt":"2025-02-21T12:00:10","guid":{"rendered":"https:\/\/finovate.vamtam.com\/?page_id=2110"},"modified":"2026-01-24T16:00:52","modified_gmt":"2026-01-24T16:00:52","slug":"cesar-jabr","status":"publish","type":"page","link":"https:\/\/capiwell.ch\/fr\/a-propos-de-nous\/leadership\/cesar-jabr\/","title":{"rendered":"Cesar Jabr"},"content":{"rendered":"<div data-elementor-type=\"wp-page\" data-elementor-id=\"2110\" class=\"elementor elementor-2110\" data-elementor-post-type=\"page\">\n\t\t\t\t<div class=\"elementor-element elementor-element-3088465 e-flex e-con-boxed e-con e-parent\" data-id=\"3088465\" data-element_type=\"container\" data-e-type=\"container\">\n\t\t\t\t\t<div class=\"e-con-inner\">\n\t\t\t\t<div class=\"elementor-element elementor-element-19b76ed elementor-widget-divider--view-line elementor-widget elementor-widget-divider\" data-id=\"19b76ed\" data-element_type=\"widget\" data-e-type=\"widget\" data-widget_type=\"divider.default\">\n\t\t\t\t\t\t\t<div class=\"elementor-divider\">\n\t\t\t<span class=\"elementor-divider-separator\">\n\t\t\t\t\t\t<\/span>\n\t\t<\/div>\n\t\t\t\t\t\t<\/div>\n\t\t\t\t\t<\/div>\n\t\t\t\t<\/div>\n\t\t<div class=\"elementor-element elementor-element-bb8a142 e-flex e-con-boxed e-con e-parent\" data-id=\"bb8a142\" data-element_type=\"container\" data-e-type=\"container\">\n\t\t\t\t\t<div class=\"e-con-inner\">\n\t\t\t\t<div class=\"elementor-element elementor-element-f403d4e elementor-widget elementor-widget-text-editor\" data-id=\"f403d4e\" data-element_type=\"widget\" data-e-type=\"widget\" data-widget_type=\"text-editor.default\">\n\t\t\t\t\t\t\t\t\t<p>Il a occup\u00e9 le poste de directeur g\u00e9n\u00e9ral adjoint du groupe Monty Mobile, o\u00f9 il a dirig\u00e9 l'organisation vers la pr\u00e9paration \u00e0 l'introduction en bourse et a lanc\u00e9 des services financiers mobiles et des solutions bancaires num\u00e9riques d'avant-garde. Au cours de sa carri\u00e8re, il a occup\u00e9 des postes de direction au sein de Monty Holding, Spactron et DiscoveryTel Communications, ainsi que des postes de conseiller et de consultant dans le domaine de la FinTech et de la transformation num\u00e9rique. Il a constamment obtenu des r\u00e9sultats en mati\u00e8re de restructuration d'entreprise, de gestion de projets d'entreprise et de d\u00e9veloppement commercial transfrontalier.<\/p><p>Cesar est titulaire d'un doctorat en sciences de gestion de l'Universit\u00e9 Montesquieu Bordeaux IV, ainsi que de qualifications avanc\u00e9es en finance et en administration des affaires obtenues aupr\u00e8s d'institutions libanaises de premier plan. Parlant couramment l'anglais, l'arabe et le fran\u00e7ais, il apporte une combinaison rare de distinction acad\u00e9mique, de dynamisme entrepreneurial et d'exp\u00e9rience dans des conseils d'administration internationaux, ce qui le positionne comme un leader de confiance dans l'\u00e9conomie num\u00e9rique.<\/p>\t\t\t\t\t\t\t\t<\/div>\n\t\t\t\t\t<\/div>\n\t\t\t\t<\/div>\n\t\t\t\t<\/div>","protected":false},"excerpt":{"rendered":"<p>Cesar Jabr est un cadre sup\u00e9rieur qui compte plus de vingt-cinq ans de leadership international en Europe, au Moyen-Orient et en Afrique. Il s'est forg\u00e9 une r\u00e9putation en guidant des organisations \u00e0 travers des transformations complexes dans les domaines des t\u00e9l\u00e9communications, de la banque num\u00e9rique et de la technologie, en combinant une vision strat\u00e9gique avec une compr\u00e9hension approfondie de la finance, de la gouvernance et de l'innovation.<\/p>","protected":false},"author":1,"featured_media":990599,"parent":1071,"menu_order":0,"comment_status":"closed","ping_status":"closed","template":"","meta":{"footnotes":""},"categories":[78],"class_list":["post-2110","page","type-page","status-publish","has-post-thumbnail","hentry","category-leadership"],"_links":{"self":[{"href":"https:\/\/capiwell.ch\/fr\/wp-json\/wp\/v2\/pages\/2110","targetHints":{"allow":["GET"]}}],"collection":[{"href":"https:\/\/capiwell.ch\/fr\/wp-json\/wp\/v2\/pages"}],"about":[{"href":"https:\/\/capiwell.ch\/fr\/wp-json\/wp\/v2\/types\/page"}],"author":[{"embeddable":true,"href":"https:\/\/capiwell.ch\/fr\/wp-json\/wp\/v2\/users\/1"}],"replies":[{"embeddable":true,"href":"https:\/\/capiwell.ch\/fr\/wp-json\/wp\/v2\/comments?post=2110"}],"version-history":[{"count":10,"href":"https:\/\/capiwell.ch\/fr\/wp-json\/wp\/v2\/pages\/2110\/revisions"}],"predecessor-version":[{"id":990507,"href":"https:\/\/capiwell.ch\/fr\/wp-json\/wp\/v2\/pages\/2110\/revisions\/990507"}],"up":[{"embeddable":true,"href":"https:\/\/capiwell.ch\/fr\/wp-json\/wp\/v2\/pages\/1071"}],"wp:featuredmedia":[{"embeddable":true,"href":"https:\/\/capiwell.ch\/fr\/wp-json\/wp\/v2\/media\/990599"}],"wp:attachment":[{"href":"https:\/\/capiwell.ch\/fr\/wp-json\/wp\/v2\/media?parent=2110"}],"wp:term":[{"taxonomy":"category","embeddable":true,"href":"https:\/\/capiwell.ch\/fr\/wp-json\/wp\/v2\/categories?post=2110"}],"curies":[{"name":"wp","href":"https:\/\/api.w.org\/{rel}","templated":true}]}}