{"id":2079,"date":"2025-02-21T13:00:28","date_gmt":"2025-02-21T13:00:28","guid":{"rendered":"https:\/\/finovate.vamtam.com\/?page_id=2079"},"modified":"2026-01-24T10:54:46","modified_gmt":"2026-01-24T10:54:46","slug":"mountasser-hachem","status":"publish","type":"page","link":"https:\/\/capiwell.ch\/fr\/a-propos-de-nous\/leadership\/mountasser-hachem\/","title":{"rendered":"Mountasser Hachem"},"content":{"rendered":"<div data-elementor-type=\"wp-page\" data-elementor-id=\"2079\" class=\"elementor elementor-2079\" data-elementor-post-type=\"page\">\n\t\t\t\t<div class=\"elementor-element elementor-element-04625ac e-flex e-con-boxed e-con e-parent\" data-id=\"04625ac\" data-element_type=\"container\" data-e-type=\"container\">\n\t\t\t\t\t<div class=\"e-con-inner\">\n\t\t\t\t<div class=\"elementor-element elementor-element-84efbdb elementor-widget-divider--view-line elementor-widget elementor-widget-divider\" data-id=\"84efbdb\" data-element_type=\"widget\" data-e-type=\"widget\" data-widget_type=\"divider.default\">\n\t\t\t\t\t\t\t<div class=\"elementor-divider\">\n\t\t\t<span class=\"elementor-divider-separator\">\n\t\t\t\t\t\t<\/span>\n\t\t<\/div>\n\t\t\t\t\t\t<\/div>\n\t\t\t\t\t<\/div>\n\t\t\t\t<\/div>\n\t\t<div class=\"elementor-element elementor-element-5aef412 e-flex e-con-boxed e-con e-parent\" data-id=\"5aef412\" data-element_type=\"container\" data-e-type=\"container\">\n\t\t\t\t\t<div class=\"e-con-inner\">\n\t\t\t\t<div class=\"elementor-element elementor-element-9c9281f elementor-widget elementor-widget-text-editor\" data-id=\"9c9281f\" data-element_type=\"widget\" data-e-type=\"widget\" data-widget_type=\"text-editor.default\">\n\t\t\t\t\t\t\t\t\t<p>En tant que fondateur et pr\u00e9sident du groupe Monty Holding, Montasser a supervis\u00e9 l'expansion de l'entreprise pour en faire un leader mondial, avec des op\u00e9rations couvrant plus de 120 pays. Sous sa direction, l'organisation a lanc\u00e9 des initiatives r\u00e9volutionnaires dans les services financiers mobiles, la fintech et la banque num\u00e9rique, positionnant Monty Holding \u00e0 l'avant-garde de l'innovation technologique et de l'inclusion financi\u00e8re. Tout au long de sa carri\u00e8re, il a guid\u00e9 avec succ\u00e8s des organisations vers la pr\u00e9paration \u00e0 l'introduction en bourse, orchestr\u00e9 des strat\u00e9gies de croissance transfrontali\u00e8res et favoris\u00e9 des partenariats internationaux, d\u00e9montrant constamment une capacit\u00e9 rare \u00e0 combiner une vision entrepreneuriale avec la gouvernance et la discipline financi\u00e8re.<\/p><p>M. Montasser poss\u00e8de des qualifications sup\u00e9rieures en gestion, en finance et en administration des affaires et parle couramment l'anglais, l'arabe et le fran\u00e7ais. Son leadership se caract\u00e9rise par sa r\u00e9silience, sa perspicacit\u00e9 strat\u00e9gique et son engagement in\u00e9branlable en faveur de l'innovation, ce qui lui a valu d'\u00eatre reconnu comme un cadre de haut niveau et un leader de confiance dans les salles de conf\u00e9rence. Fort d'une vaste exp\u00e9rience dans le conseil aux organisations multinationales et dans l'\u00e9laboration de l'avenir des \u00e9cosyst\u00e8mes num\u00e9riques, il apporte une combinaison unique de perspective globale, de dynamisme entrepreneurial et d'impact transformateur, ce qui le positionne comme une pierre angulaire de la croissance strat\u00e9gique et de la cr\u00e9ation de valeur \u00e0 long terme.<\/p>\t\t\t\t\t\t\t\t<\/div>\n\t\t\t\t\t<\/div>\n\t\t\t\t<\/div>\n\t\t\t\t<\/div>","protected":false},"excerpt":{"rendered":"<p>Montasser Hachem est un chef d'entreprise et un entrepreneur visionnaire qui compte plus de vingt-cinq ans d'exp\u00e9rience internationale \u00e0 la pointe des t\u00e9l\u00e9communications, de l'innovation num\u00e9rique et des services financiers. Il est largement reconnu pour sa capacit\u00e9 \u00e0 transformer les organisations et \u00e0 favoriser une croissance durable, et s'est forg\u00e9 une r\u00e9putation comme l'une des personnalit\u00e9s les plus influentes de l'\u00e9conomie num\u00e9rique en Europe, au Moyen-Orient et en Afrique. Sa clairvoyance strat\u00e9gique, combin\u00e9e \u00e0 une profonde expertise op\u00e9rationnelle, lui a permis de mener des transformations commerciales complexes, en proposant des solutions innovantes qui red\u00e9finissent les march\u00e9s et apportent une valeur durable aux parties prenantes.<\/p>","protected":false},"author":1,"featured_media":990600,"parent":1071,"menu_order":0,"comment_status":"closed","ping_status":"closed","template":"","meta":{"footnotes":""},"categories":[78],"class_list":["post-2079","page","type-page","status-publish","has-post-thumbnail","hentry","category-leadership"],"_links":{"self":[{"href":"https:\/\/capiwell.ch\/fr\/wp-json\/wp\/v2\/pages\/2079","targetHints":{"allow":["GET"]}}],"collection":[{"href":"https:\/\/capiwell.ch\/fr\/wp-json\/wp\/v2\/pages"}],"about":[{"href":"https:\/\/capiwell.ch\/fr\/wp-json\/wp\/v2\/types\/page"}],"author":[{"embeddable":true,"href":"https:\/\/capiwell.ch\/fr\/wp-json\/wp\/v2\/users\/1"}],"replies":[{"embeddable":true,"href":"https:\/\/capiwell.ch\/fr\/wp-json\/wp\/v2\/comments?post=2079"}],"version-history":[{"count":19,"href":"https:\/\/capiwell.ch\/fr\/wp-json\/wp\/v2\/pages\/2079\/revisions"}],"predecessor-version":[{"id":990640,"href":"https:\/\/capiwell.ch\/fr\/wp-json\/wp\/v2\/pages\/2079\/revisions\/990640"}],"up":[{"embeddable":true,"href":"https:\/\/capiwell.ch\/fr\/wp-json\/wp\/v2\/pages\/1071"}],"wp:featuredmedia":[{"embeddable":true,"href":"https:\/\/capiwell.ch\/fr\/wp-json\/wp\/v2\/media\/990600"}],"wp:attachment":[{"href":"https:\/\/capiwell.ch\/fr\/wp-json\/wp\/v2\/media?parent=2079"}],"wp:term":[{"taxonomy":"category","embeddable":true,"href":"https:\/\/capiwell.ch\/fr\/wp-json\/wp\/v2\/categories?post=2079"}],"curies":[{"name":"wp","href":"https:\/\/api.w.org\/{rel}","templated":true}]}}