{"id":1092,"date":"2025-02-19T13:37:15","date_gmt":"2025-02-19T13:37:15","guid":{"rendered":"https:\/\/finovate.vamtam.com\/?page_id=1092"},"modified":"2026-01-24T12:07:04","modified_gmt":"2026-01-24T12:07:04","slug":"politique-de-confidentialite","status":"publish","type":"page","link":"https:\/\/capiwell.ch\/fr\/politique-de-confidentialite\/","title":{"rendered":"Politique de confidentialit\u00e9"},"content":{"rendered":"<div data-elementor-type=\"wp-page\" data-elementor-id=\"1092\" class=\"elementor elementor-1092\" data-elementor-post-type=\"page\">\n\t\t\t\t<div class=\"elementor-element elementor-element-1b06d04 e-flex e-con-boxed e-con e-parent\" data-id=\"1b06d04\" data-element_type=\"container\" data-e-type=\"container\">\n\t\t\t\t\t<div class=\"e-con-inner\">\n\t\t\t\t<div class=\"elementor-element elementor-element-a598f7c elementor-widget elementor-widget-text-editor\" data-id=\"a598f7c\" data-element_type=\"widget\" data-e-type=\"widget\" data-widget_type=\"text-editor.default\">\n\t\t\t\t\t\t\t\t\t<p><strong>Date d'entr\u00e9e en vigueur : 01.11.2025<\/strong><\/p>\t\t\t\t\t\t\t\t<\/div>\n\t\t\t\t<div class=\"elementor-element elementor-element-29ce603 elementor-widget elementor-widget-image\" data-id=\"29ce603\" data-element_type=\"widget\" data-e-type=\"widget\" data-widget_type=\"image.default\">\n\t\t\t\t\t\t\t\t\t\t\t\t\t\t\t<img fetchpriority=\"high\" decoding=\"async\" width=\"1024\" height=\"298\" src=\"https:\/\/capiwell.ch\/wp-content\/uploads\/2025\/09\/privacy-policy-main-1024x298.jpg\" class=\"attachment-large size-large wp-image-989009\" alt=\"\" srcset=\"https:\/\/capiwell.ch\/wp-content\/uploads\/2025\/09\/privacy-policy-main-1024x298.jpg 1024w, https:\/\/capiwell.ch\/wp-content\/uploads\/2025\/09\/privacy-policy-main-300x87.jpg 300w, https:\/\/capiwell.ch\/wp-content\/uploads\/2025\/09\/privacy-policy-main-768x224.jpg 768w, https:\/\/capiwell.ch\/wp-content\/uploads\/2025\/09\/privacy-policy-main-1536x447.jpg 1536w, https:\/\/capiwell.ch\/wp-content\/uploads\/2025\/09\/privacy-policy-main-18x5.jpg 18w, https:\/\/capiwell.ch\/wp-content\/uploads\/2025\/09\/privacy-policy-main.jpg 1920w\" sizes=\"(max-width: 1024px) 100vw, 1024px\" \/>\t\t\t\t\t\t\t\t\t\t\t\t\t\t\t<\/div>\n\t\t\t\t\t<\/div>\n\t\t\t\t<\/div>\n\t\t<div class=\"elementor-element elementor-element-c1e8912 e-flex e-con-boxed e-con e-parent\" data-id=\"c1e8912\" data-element_type=\"container\" data-e-type=\"container\">\n\t\t\t\t\t<div class=\"e-con-inner\">\n\t\t\t\t<div class=\"elementor-element elementor-element-19b6271 elementor-widget elementor-widget-heading\" data-id=\"19b6271\" data-element_type=\"widget\" data-e-type=\"widget\" data-widget_type=\"heading.default\">\n\t\t\t\t\t<h4 class=\"elementor-heading-title elementor-size-default\">1. Introduction <\/h4>\t\t\t\t<\/div>\n\t\t\t\t<div class=\"elementor-element elementor-element-eb7bd66 elementor-widget elementor-widget-text-editor\" data-id=\"eb7bd66\" data-element_type=\"widget\" data-e-type=\"widget\" data-widget_type=\"text-editor.default\">\n\t\t\t\t\t\t\t\t\t<p>Chez Monty Capital SA, nous nous engageons \u00e0 prot\u00e9ger et \u00e0 respecter votre vie priv\u00e9e. Cette politique de confidentialit\u00e9 explique comment nous collectons, utilisons, divulguons et prot\u00e9geons vos donn\u00e9es personnelles lorsque vous utilisez notre plateforme de financement participatif, <a href=\"http:\/\/www.capiwell.ch\">www.capiwell.ch<\/a>, et les services connexes (la \u201cplateforme\u201d). Cette politique s'applique \u00e0 tous les utilisateurs, y compris les emprunteurs, les pr\u00eateurs (investisseurs) et les visiteurs. En utilisant notre Plateforme ou en fournissant des donn\u00e9es personnelles, vous reconnaissez avoir lu, compris et accept\u00e9 les pratiques d\u00e9crites dans la pr\u00e9sente Politique de confidentialit\u00e9.<\/p>\t\t\t\t\t\t\t\t<\/div>\n\t\t\t\t<div class=\"elementor-element elementor-element-7bff451 elementor-widget elementor-widget-heading\" data-id=\"7bff451\" data-element_type=\"widget\" data-e-type=\"widget\" data-widget_type=\"heading.default\">\n\t\t\t\t\t<h4 class=\"elementor-heading-title elementor-size-default\">2. Responsable du traitement des donn\u00e9es <\/h4>\t\t\t\t<\/div>\n\t\t\t\t<div class=\"elementor-element elementor-element-e10cf8e elementor-widget elementor-widget-text-editor\" data-id=\"e10cf8e\" data-element_type=\"widget\" data-e-type=\"widget\" data-widget_type=\"text-editor.default\">\n\t\t\t\t\t\t\t\t\t<p class=\" translation-block\">Monty Capital SA est le responsable du traitement de vos donn\u00e9es personnelles.<br><br>Les donn\u00e9es sur les prospects et les clients sont collect\u00e9es et stock\u00e9es en toute s\u00e9curit\u00e9 dans un CRM h\u00e9berg\u00e9 au sein de l'Union europ\u00e9enne et ne sont divulgu\u00e9es qu'au personnel autoris\u00e9 de Monty Capital SA.<br><br>Des sauvegardes r\u00e9guli\u00e8res sont maintenues en Suisse, garantissant une r\u00e9cup\u00e9ration rapide des donn\u00e9es en cas de sinistre. L'emplacement exact du centre de donn\u00e9es est confidentiel mais peut \u00eatre divulgu\u00e9 au client sur pr\u00e9sentation d'une demande \u00e9crite justifi\u00e9e.<br><br>D\u00e9tails de contact :<\/p><p><strong>Monty Capital SA<\/strong><br \/>Rue Du-Roveray 20 1207<br \/>Gen\u00e8ve<br \/>Suisse<\/p><p>Courriel : <a href=\"mailto:info@capiwell.ch\">info@capiwell.ch<\/a><br \/>T\u00e9l\u00e9phone : <a href=\"tel::+41223550076\">+41 22 35 50 076<\/a><\/p>\t\t\t\t\t\t\t\t<\/div>\n\t\t\t\t<div class=\"elementor-element elementor-element-6784975 elementor-widget elementor-widget-text-editor\" data-id=\"6784975\" data-element_type=\"widget\" data-e-type=\"widget\" data-widget_type=\"text-editor.default\">\n\t\t\t\t\t\t\t\t\t<p>Pour toute question relative \u00e0 la protection des donn\u00e9es, vous pouvez nous contacter \u00e0 l'adresse ci-dessus.<\/p>\t\t\t\t\t\t\t\t<\/div>\n\t\t\t\t<div class=\"elementor-element elementor-element-c1b1131 elementor-widget elementor-widget-heading\" data-id=\"c1b1131\" data-element_type=\"widget\" data-e-type=\"widget\" data-widget_type=\"heading.default\">\n\t\t\t\t\t<h4 class=\"elementor-heading-title elementor-size-default\">3. Types de donn\u00e9es \u00e0 caract\u00e8re personnel que nous collectons <\/h4>\t\t\t\t<\/div>\n\t\t\t\t<div class=\"elementor-element elementor-element-0925075 elementor-widget elementor-widget-text-editor\" data-id=\"0925075\" data-element_type=\"widget\" data-e-type=\"widget\" data-widget_type=\"text-editor.default\">\n\t\t\t\t\t\t\t\t\t<p>Pour fournir nos services et nous conformer \u00e0 nos obligations l\u00e9gales, nous collectons et traitons des donn\u00e9es \u00e0 caract\u00e8re personnel, y compris, mais sans s'y limiter :<\/p><ul><li><strong>Donn\u00e9es d'identification :<\/strong> nom, sexe, date de naissance, nationalit\u00e9, num\u00e9ros de carte d'identit\u00e9 ou de passeport d\u00e9livr\u00e9s par le gouvernement<\/li><li><strong>Coordonn\u00e9es :<\/strong> adresse, courriel, num\u00e9ros de t\u00e9l\u00e9phone<\/li><li><strong>Donn\u00e9es financi\u00e8res :<\/strong> coordonn\u00e9es bancaires, informations sur les revenus, historique des remboursements, fiches de paie, d\u00e9clarations fiscales, bilans (pour les entreprises), donn\u00e9es sur la solvabilit\u00e9.<\/li><li><strong>Donn\u00e9es d'utilisation de la plateforme :<\/strong> les identifiants de connexion, les adresses IP, les informations sur les appareils, les cookies et les donn\u00e9es d'analyse provenant d'outils tiers tels que Google Analytics<\/li><li><strong>Donn\u00e9es de communication :<\/strong> les courriels, messages et autres communications que vous envoyez ou recevez par l'interm\u00e9diaire de la plate-forme<\/li><li><strong>Donn\u00e9es juridiques et de conformit\u00e9 :<\/strong> Documents KYC (Know Your Customer), donn\u00e9es de v\u00e9rification, contr\u00f4les LBC (Lutte contre le Blanchiment de Capitaux\u202f)<\/li><li><strong>Autres donn\u00e9es :<\/strong> les donn\u00e9es relatives aux assurances, les pr\u00e9f\u00e9rences en mati\u00e8re de marketing et, \u00e9ventuellement, les donn\u00e9es relatives aux tiers au sujet desquels vous fournissez des informations (par exemple, votre conjoint, vos partenaires commerciaux).<\/li><\/ul>\t\t\t\t\t\t\t\t<\/div>\n\t\t\t\t<div class=\"elementor-element elementor-element-2039f98 elementor-widget elementor-widget-heading\" data-id=\"2039f98\" data-element_type=\"widget\" data-e-type=\"widget\" data-widget_type=\"heading.default\">\n\t\t\t\t\t<h4 class=\"elementor-heading-title elementor-size-default\">4. Comment nous collectons les donn\u00e9es personnelles <\/h4>\t\t\t\t<\/div>\n\t\t\t\t<div class=\"elementor-element elementor-element-751a118 elementor-widget elementor-widget-text-editor\" data-id=\"751a118\" data-element_type=\"widget\" data-e-type=\"widget\" data-widget_type=\"text-editor.default\">\n\t\t\t\t\t\t\t\t\t<p>Nous recueillons des donn\u00e9es directement aupr\u00e8s de vous lorsque vous<\/p><ul><li>S'inscrire et utiliser notre plateforme en tant qu'emprunteur, pr\u00eateur ou visiteur.<\/li><li>Soumettre des demandes de pr\u00eat ou des ordres d'investissement<\/li><li>Communiquer avec nous ou r\u00e9pondre \u00e0 des enqu\u00eates<\/li><li>Utiliser notre plateforme, y compris par le biais de cookies et de technologies de suivi qui collectent des donn\u00e9es comportementales<\/li><\/ul><p>Nous pouvons \u00e9galement collecter des donn\u00e9es aupr\u00e8s de sources tierces, notamment :<\/p><ul><li>Bureaux de cr\u00e9dit et registres publics ou priv\u00e9s (par exemple, ZEK, IKO) pour les v\u00e9rifications de solvabilit\u00e9.<\/li><li>Partenaires et prestataires de services charg\u00e9s de v\u00e9rifier l'identit\u00e9, d'\u00e9valuer la solvabilit\u00e9 ou de pr\u00e9venir les fraudes.<\/li><li>D'autres tiers avec votre consentement ou si la loi l'exige<\/li><\/ul>\t\t\t\t\t\t\t\t<\/div>\n\t\t\t\t<div class=\"elementor-element elementor-element-23c69bb elementor-widget elementor-widget-heading\" data-id=\"23c69bb\" data-element_type=\"widget\" data-e-type=\"widget\" data-widget_type=\"heading.default\">\n\t\t\t\t\t<h4 class=\"elementor-heading-title elementor-size-default\">5. Finalit\u00e9 du traitement et base juridique <\/h4>\t\t\t\t<\/div>\n\t\t\t\t<div class=\"elementor-element elementor-element-45f24e5 elementor-widget elementor-widget-text-editor\" data-id=\"45f24e5\" data-element_type=\"widget\" data-e-type=\"widget\" data-widget_type=\"text-editor.default\">\n\t\t\t\t\t\t\t\t\t<p>Nous traitons vos donn\u00e9es personnelles pour :<\/p><ul><li>Faciliter les accords de pr\u00eat entre les emprunteurs et les pr\u00eateurs, y compris l'\u00e9valuation de la solvabilit\u00e9 et des risques.<\/li><li>G\u00e9rer votre adh\u00e9sion et vous donner acc\u00e8s aux services de la plate-forme<\/li><li>V\u00e9rifier votre identit\u00e9 et effectuer des contr\u00f4les de conformit\u00e9 r\u00e9glementaire conform\u00e9ment aux lois suisses sur la lutte contre le blanchiment d'argent et \u00e0 la loi sur le cr\u00e9dit \u00e0 la consommation.<\/li><li>Communiquer des informations importantes, des avis et du mat\u00e9riel de marketing (avec l'accord de l'int\u00e9ress\u00e9)<\/li><li>G\u00e9rer les paiements, les remboursements, les frais, les assurances et le recouvrement de cr\u00e9ances<\/li><li>Assurer la s\u00e9curit\u00e9 et pr\u00e9venir la fraude, l'utilisation abusive ou l'acc\u00e8s non autoris\u00e9<\/li><li>Am\u00e9liorer la plate-forme gr\u00e2ce \u00e0 l'analyse et \u00e0 la recherche statistique<\/li><li>Remplir les obligations contractuelles et l\u00e9gales, y compris les rapports aux autorit\u00e9s de surveillance<\/li><\/ul><p>Les fondements juridiques du traitement sont les suivants :<\/p><ul><li>Ex\u00e9cution des contrats et mesures pr\u00e9contractuelles<\/li><li>Respect des obligations l\u00e9gales<\/li><li>Les int\u00e9r\u00eats l\u00e9gitimes que nous poursuivons (par exemple, la s\u00e9curit\u00e9 de la plateforme et le marketing)<\/li><li>Votre consentement, le cas \u00e9ch\u00e9ant<\/li><\/ul>\t\t\t\t\t\t\t\t<\/div>\n\t\t\t\t<div class=\"elementor-element elementor-element-0da4994 elementor-widget elementor-widget-heading\" data-id=\"0da4994\" data-element_type=\"widget\" data-e-type=\"widget\" data-widget_type=\"heading.default\">\n\t\t\t\t\t<h4 class=\"elementor-heading-title elementor-size-default\">6. La divulgation de donn\u00e9es \u00e0 caract\u00e8re personnel <\/h4>\t\t\t\t<\/div>\n\t\t\t\t<div class=\"elementor-element elementor-element-b6468a1 elementor-widget elementor-widget-text-editor\" data-id=\"b6468a1\" data-element_type=\"widget\" data-e-type=\"widget\" data-widget_type=\"text-editor.default\">\n\t\t\t\t\t\t\t\t\t<p>Nous pouvons partager vos donn\u00e9es personnelles avec<\/p><ul><li>Bureaux d'information sur le cr\u00e9dit (par exemple, ZEK, IKO) pour l'\u00e9tablissement de rapports sur le cr\u00e9dit et la v\u00e9rification.<\/li><li>Partenaires de la plateforme tels que les organismes de paiement, les compagnies d'assurance et les fournisseurs de services informatiques<\/li><li>Les autorit\u00e9s r\u00e9glementaires et les services charg\u00e9s de l'application de la loi, lorsque la loi l'exige ou pour faire respecter les droits<\/li><li>Investisseurs, avec les donn\u00e9es essentielles n\u00e9cessaires \u00e0 l'ex\u00e9cution et \u00e0 la gestion des contrats de pr\u00eat (divulgation limit\u00e9e, anonymis\u00e9e dans la mesure du possible)<\/li><li>Prestataires de services tiers op\u00e9rant dans le cadre d'accords de confidentialit\u00e9 pour aider \u00e0 la fourniture de services<\/li><li>Partenaires marketing et fournisseurs d'analyses, avec votre consentement le cas \u00e9ch\u00e9ant<\/li><\/ul>\t\t\t\t\t\t\t\t<\/div>\n\t\t\t\t<div class=\"elementor-element elementor-element-51053dd elementor-widget elementor-widget-heading\" data-id=\"51053dd\" data-element_type=\"widget\" data-e-type=\"widget\" data-widget_type=\"heading.default\">\n\t\t\t\t\t<h4 class=\"elementor-heading-title elementor-size-default\">7. Conservation des donn\u00e9es <\/h4>\t\t\t\t<\/div>\n\t\t\t\t<div class=\"elementor-element elementor-element-37fc4bc elementor-widget elementor-widget-text-editor\" data-id=\"37fc4bc\" data-element_type=\"widget\" data-e-type=\"widget\" data-widget_type=\"text-editor.default\">\n\t\t\t\t\t\t\t\t\t<p>Nous ne conservons vos donn\u00e9es \u00e0 caract\u00e8re personnel qu'aussi longtemps que n\u00e9cessaire aux fins d\u00e9crites dans la pr\u00e9sente politique et dans le respect des lois applicables. Les p\u00e9riodes de conservation peuvent varier en fonction de la nature des donn\u00e9es :<\/p><ul><li>\u00c0 des fins d'identification et de lutte contre le blanchiment d'argent, les donn\u00e9es sont conserv\u00e9es pendant au moins 10 ans apr\u00e8s la fin de la relation contractuelle, conform\u00e9ment \u00e0 la l\u00e9gislation suisse.<\/li><li>Pour les relations contractuelles en cours, les donn\u00e9es sont conserv\u00e9es pendant la dur\u00e9e du contrat plus les d\u00e9lais de prescription l\u00e9gaux.<\/li><li>Pour les donn\u00e9es marketing, la conservation dure jusqu'\u00e0 ce que vous retiriez votre consentement ou que vous vous d\u00e9sengagiez.<\/li><\/ul>\t\t\t\t\t\t\t\t<\/div>\n\t\t\t\t<div class=\"elementor-element elementor-element-35b274f elementor-widget elementor-widget-heading\" data-id=\"35b274f\" data-element_type=\"widget\" data-e-type=\"widget\" data-widget_type=\"heading.default\">\n\t\t\t\t\t<h4 class=\"elementor-heading-title elementor-size-default\">8. Vos droits <\/h4>\t\t\t\t<\/div>\n\t\t\t\t<div class=\"elementor-element elementor-element-ffdef02 elementor-widget elementor-widget-text-editor\" data-id=\"ffdef02\" data-element_type=\"widget\" data-e-type=\"widget\" data-widget_type=\"text-editor.default\">\n\t\t\t\t\t\t\t\t\t<p>Vous disposez des droits suivants en vertu des lois applicables en mati\u00e8re de protection des donn\u00e9es :<\/p><ul><li><strong>Acc\u00e8s :<\/strong> Demander la confirmation et l'acc\u00e8s \u00e0 vos donn\u00e9es personnelles<\/li><li><strong>Rectification :<\/strong> Corriger les donn\u00e9es inexactes ou incompl\u00e8tes<\/li><li><strong>Effacement :<\/strong> Demander la suppression de vos donn\u00e9es lorsque la loi le permet<\/li><li><strong>Restriction :<\/strong> Limiter le traitement dans certaines conditions<\/li><li><strong>Objection :<\/strong> Objection au traitement fond\u00e9 sur les int\u00e9r\u00eats l\u00e9gitimes ou le marketing<\/li><li><strong>Portabilit\u00e9 des donn\u00e9es :<\/strong> Recevoir vos donn\u00e9es dans un format commun\u00e9ment utilis\u00e9 et lisible par une machine<\/li><li><strong>Retirer le consentement :<\/strong> Lorsque le traitement est fond\u00e9 sur le consentement, vous pouvez le retirer \u00e0 tout moment<\/li><\/ul><p>Pour exercer vos droits, veuillez nous contacter \u00e0 l'adresse suivante : [email de contact]. Nous vous r\u00e9pondrons dans les d\u00e9lais l\u00e9gaux.<\/p>\t\t\t\t\t\t\t\t<\/div>\n\t\t\t\t<div class=\"elementor-element elementor-element-255da5f elementor-widget elementor-widget-heading\" data-id=\"255da5f\" data-element_type=\"widget\" data-e-type=\"widget\" data-widget_type=\"heading.default\">\n\t\t\t\t\t<h4 class=\"elementor-heading-title elementor-size-default\">9. Mesures de s\u00e9curit\u00e9<\/h4>\t\t\t\t<\/div>\n\t\t\t\t<div class=\"elementor-element elementor-element-9603d69 elementor-widget elementor-widget-text-editor\" data-id=\"9603d69\" data-element_type=\"widget\" data-e-type=\"widget\" data-widget_type=\"text-editor.default\">\n\t\t\t\t\t\t\t\t\t<p>Nous mettons en \u0153uvre des mesures techniques et organisationnelles appropri\u00e9es pour prot\u00e9ger vos donn\u00e9es contre l'acc\u00e8s non autoris\u00e9, l'alt\u00e9ration, la divulgation ou la destruction. Ces mesures comprennent le cryptage, des serveurs s\u00e9curis\u00e9s, des contr\u00f4les d'acc\u00e8s et des audits r\u00e9guliers.<\/p>\t\t\t\t\t\t\t\t<\/div>\n\t\t\t\t<div class=\"elementor-element elementor-element-28cf147 elementor-widget elementor-widget-heading\" data-id=\"28cf147\" data-element_type=\"widget\" data-e-type=\"widget\" data-widget_type=\"heading.default\">\n\t\t\t\t\t<h4 class=\"elementor-heading-title elementor-size-default\">10. Cookies et technologies de suivi<\/h4>\t\t\t\t<\/div>\n\t\t\t\t<div class=\"elementor-element elementor-element-2622bb5 elementor-widget elementor-widget-text-editor\" data-id=\"2622bb5\" data-element_type=\"widget\" data-e-type=\"widget\" data-widget_type=\"text-editor.default\">\n\t\t\t\t\t\t\t\t\t<p>Notre plateforme utilise des cookies et des services d'analyse tiers tels que Google Analytics afin d'am\u00e9liorer la convivialit\u00e9, d'analyser les habitudes d'utilisation et de fournir un contenu personnalis\u00e9. Vous pouvez g\u00e9rer vos pr\u00e9f\u00e9rences en mati\u00e8re de cookies par le biais des param\u00e8tres de votre navigateur et refuser le suivi, le cas \u00e9ch\u00e9ant.<\/p>\t\t\t\t\t\t\t\t<\/div>\n\t\t\t\t<div class=\"elementor-element elementor-element-1fb114e elementor-widget elementor-widget-heading\" data-id=\"1fb114e\" data-element_type=\"widget\" data-e-type=\"widget\" data-widget_type=\"heading.default\">\n\t\t\t\t\t<h4 class=\"elementor-heading-title elementor-size-default\">11. Transferts internationaux de donn\u00e9es<\/h4>\t\t\t\t<\/div>\n\t\t\t\t<div class=\"elementor-element elementor-element-6a94cb9 elementor-widget elementor-widget-text-editor\" data-id=\"6a94cb9\" data-element_type=\"widget\" data-e-type=\"widget\" data-widget_type=\"text-editor.default\">\n\t\t\t\t\t\t\t\t\t<p>Vos donn\u00e9es personnelles peuvent \u00eatre transf\u00e9r\u00e9es \u00e0 des tiers ou \u00e0 des partenaires situ\u00e9s en Suisse ou \u00e0 l'\u00e9tranger. Lorsque les donn\u00e9es sont transf\u00e9r\u00e9es en dehors de l'Espace \u00e9conomique europ\u00e9en ou de la Suisse vers des pays ne disposant pas de lois ad\u00e9quates en mati\u00e8re de protection des donn\u00e9es, nous assurons des garanties appropri\u00e9es telles que des clauses contractuelles types ou nous nous appuyons sur les dispositions l\u00e9gales applicables.<\/p>\t\t\t\t\t\t\t\t<\/div>\n\t\t\t\t<div class=\"elementor-element elementor-element-6d396ec elementor-widget elementor-widget-heading\" data-id=\"6d396ec\" data-element_type=\"widget\" data-e-type=\"widget\" data-widget_type=\"heading.default\">\n\t\t\t\t\t<h4 class=\"elementor-heading-title elementor-size-default\">12. Modifications de la pr\u00e9sente politique de protection de la vie priv\u00e9e<\/h4>\t\t\t\t<\/div>\n\t\t\t\t<div class=\"elementor-element elementor-element-5de9a44 elementor-widget elementor-widget-text-editor\" data-id=\"5de9a44\" data-element_type=\"widget\" data-e-type=\"widget\" data-widget_type=\"text-editor.default\">\n\t\t\t\t\t\t\t\t\t<p>Nous pouvons mettre \u00e0 jour la pr\u00e9sente politique afin de refl\u00e9ter les modifications apport\u00e9es aux exigences l\u00e9gales, \u00e0 nos services ou \u00e0 nos pratiques op\u00e9rationnelles. Les mises \u00e0 jour seront publi\u00e9es sur notre Plateforme avec leur date d'entr\u00e9e en vigueur. Nous vous encourageons \u00e0 consulter r\u00e9guli\u00e8rement la politique.<\/p>\t\t\t\t\t\t\t\t<\/div>\n\t\t\t\t<div class=\"elementor-element elementor-element-0f7af76 elementor-widget elementor-widget-heading\" data-id=\"0f7af76\" data-element_type=\"widget\" data-e-type=\"widget\" data-widget_type=\"heading.default\">\n\t\t\t\t\t<h4 class=\"elementor-heading-title elementor-size-default\">13. Contact et plaintes<\/h4>\t\t\t\t<\/div>\n\t\t\t\t<div class=\"elementor-element elementor-element-cce6c47 elementor-widget elementor-widget-text-editor\" data-id=\"cce6c47\" data-element_type=\"widget\" data-e-type=\"widget\" data-widget_type=\"text-editor.default\">\n\t\t\t\t\t\t\t\t\t<p>Si vous avez des doutes sur la mani\u00e8re dont nous traitons vos donn\u00e9es, veuillez contacter notre d\u00e9l\u00e9gu\u00e9 \u00e0 la protection des donn\u00e9es \u00e0 l'adresse suivante<\/p><p><strong>Monty Capital SA<\/strong><br \/>Rue Du-Roveray 20 1207<br \/>Gen\u00e8ve<br \/>Suisse<\/p><p>Courriel : <a href=\"mailto:info@capiwell.ch\">info@capiwell.ch<\/a><br \/>T\u00e9l\u00e9phone : <a href=\"tel::+41223550076\">+41 22 35 50 076<\/a><\/p><p>Vous avez \u00e9galement le droit d'introduire une r\u00e9clamation aupr\u00e8s de l'autorit\u00e9 de contr\u00f4le comp\u00e9tente en mati\u00e8re de protection des donn\u00e9es.<\/p><p>La pr\u00e9sente politique de confidentialit\u00e9 refl\u00e8te les meilleures pratiques et les divulgations inspir\u00e9es des documents de Monty Capital SA, r\u00e9pondant ainsi aux attentes suisses et internationales en mati\u00e8re de protection des donn\u00e9es.<\/p>\t\t\t\t\t\t\t\t<\/div>\n\t\t\t\t\t<\/div>\n\t\t\t\t<\/div>\n\t\t\t\t<\/div>","protected":false},"excerpt":{"rendered":"<p>Dated: 01.11.2025 1. Introduction At Monty Capital SA, we are committed to protecting and respecting your privacy. This Privacy Policy explains how we collect, use, disclose, and protect your personal data when you use our crowdlending platform, www.capiwell.ch, and related services (the &#8220;Platform&#8221;). This Policy applies to all users, including Borrowers, Lenders (Investors), and visitors&#8230;.<\/p>","protected":false},"author":1,"featured_media":0,"parent":0,"menu_order":0,"comment_status":"closed","ping_status":"closed","template":"","meta":{"footnotes":""},"categories":[],"class_list":["post-1092","page","type-page","status-publish","hentry"],"_links":{"self":[{"href":"https:\/\/capiwell.ch\/fr\/wp-json\/wp\/v2\/pages\/1092","targetHints":{"allow":["GET"]}}],"collection":[{"href":"https:\/\/capiwell.ch\/fr\/wp-json\/wp\/v2\/pages"}],"about":[{"href":"https:\/\/capiwell.ch\/fr\/wp-json\/wp\/v2\/types\/page"}],"author":[{"embeddable":true,"href":"https:\/\/capiwell.ch\/fr\/wp-json\/wp\/v2\/users\/1"}],"replies":[{"embeddable":true,"href":"https:\/\/capiwell.ch\/fr\/wp-json\/wp\/v2\/comments?post=1092"}],"version-history":[{"count":36,"href":"https:\/\/capiwell.ch\/fr\/wp-json\/wp\/v2\/pages\/1092\/revisions"}],"predecessor-version":[{"id":991414,"href":"https:\/\/capiwell.ch\/fr\/wp-json\/wp\/v2\/pages\/1092\/revisions\/991414"}],"wp:attachment":[{"href":"https:\/\/capiwell.ch\/fr\/wp-json\/wp\/v2\/media?parent=1092"}],"wp:term":[{"taxonomy":"category","embeddable":true,"href":"https:\/\/capiwell.ch\/fr\/wp-json\/wp\/v2\/categories?post=1092"}],"curies":[{"name":"wp","href":"https:\/\/api.w.org\/{rel}","templated":true}]}}