{"id":990548,"date":"2025-10-01T15:38:00","date_gmt":"2025-10-01T15:38:00","guid":{"rendered":"https:\/\/capiwell.ch\/?page_id=990548"},"modified":"2026-01-25T08:33:27","modified_gmt":"2026-01-25T08:33:27","slug":"newsletter","status":"publish","type":"page","link":"https:\/\/capiwell.ch\/de\/newsletter\/","title":{"rendered":"Newsletter"},"content":{"rendered":"<div data-elementor-type=\"wp-page\" data-elementor-id=\"990548\" class=\"elementor elementor-990548\" data-elementor-post-type=\"page\">\n\t\t\t\t<div class=\"elementor-element elementor-element-b08375e e-flex e-con-boxed e-con e-parent\" data-id=\"b08375e\" data-element_type=\"container\" data-e-type=\"container\">\n\t\t\t\t\t<div class=\"e-con-inner\">\n\t\t<div class=\"elementor-element elementor-element-f9cf383 e-con-full e-flex e-con e-child\" data-id=\"f9cf383\" data-element_type=\"container\" data-e-type=\"container\" data-settings=\"{&quot;background_background&quot;:&quot;classic&quot;}\">\n\t\t\t\t<div class=\"elementor-element elementor-element-b9486ac elementor-invisible animated-fast elementor-hidden-desktop elementor-hidden-tablet elementor-hidden-mobile elementor-widget elementor-widget-heading\" data-id=\"b9486ac\" data-element_type=\"widget\" data-e-type=\"widget\" data-settings=\"{&quot;_animation&quot;:&quot;fadeIn&quot;,&quot;_animation_delay&quot;:0}\" data-widget_type=\"heading.default\">\n\t\t\t\t\t<h2 class=\"elementor-heading-title elementor-size-default\">Benutzer-Onboarding<\/h2>\t\t\t\t<\/div>\n\t\t\t\t<div class=\"elementor-element elementor-element-c072691 elementor-invisible animated-fast elementor-hidden-desktop elementor-hidden-tablet elementor-hidden-mobile elementor-widget elementor-widget-text-editor\" data-id=\"c072691\" data-element_type=\"widget\" data-e-type=\"widget\" data-settings=\"{&quot;_animation&quot;:&quot;fadeIn&quot;,&quot;_animation_delay&quot;:0}\" data-widget_type=\"text-editor.default\">\n\t\t\t\t\t\t\t\t\t<p>Bitte befolgen Sie die Anweisungen sorgf\u00e4ltig; es dauert nur ein paar Minuten. Wir werden Sie innerhalb von 24 Stunden nach unserer Pr\u00fcfung \u00fcber die n\u00e4chsten Schritte informieren.<\/p>\t\t\t\t\t\t\t\t<\/div>\n\t\t\t\t<div class=\"elementor-element elementor-element-ff8f50e elementor-widget elementor-widget-shortcode\" data-id=\"ff8f50e\" data-element_type=\"widget\" data-e-type=\"widget\" data-widget_type=\"shortcode.default\">\n\t\t\t\t\t\t\t<div class=\"elementor-shortcode\">\n    <div class=\"capiwell-form-container\">\n      <iframe\n        aria-label=\"Newsletter-Abonnement\"\n        frameborder=\"0\"\n        scrolling=\"auto\"\n        src=\"https:\/\/forms.zohopublic.eu\/capiwell1\/form\/GERMANNewsletterSubscription\/formperma\/ePTFhxxdRjSM5hgTZBDQOJY_sxubEHxGtbQQGbeaB14\"\n      ><\/iframe>\n    <\/div><\/div>\n\t\t\t\t\t\t<\/div>\n\t\t\t\t<\/div>\n\t\t<div class=\"elementor-element elementor-element-5addfb8 e-con-full e-flex e-con e-child\" data-id=\"5addfb8\" data-element_type=\"container\" data-e-type=\"container\" data-settings=\"{&quot;background_background&quot;:&quot;classic&quot;}\">\n\t\t<div class=\"elementor-element elementor-element-ef2315d e-con-full blur-background e-flex e-con e-child\" data-id=\"ef2315d\" data-element_type=\"container\" data-e-type=\"container\" data-settings=\"{&quot;background_background&quot;:&quot;classic&quot;}\">\n\t\t\t\t<div class=\"vamtam-has-theme-widget-styles elementor-element elementor-element-2d79413 elementor-widget__width-initial elementor-widget-tablet__width-auto elementor-view-stacked elementor-shape-circle elementor-widget elementor-widget-icon\" data-id=\"2d79413\" data-element_type=\"widget\" data-e-type=\"widget\" data-settings=\"{&quot;motion_fx_motion_fx_scrolling&quot;:&quot;yes&quot;,&quot;motion_fx_rotateZ_effect&quot;:&quot;yes&quot;,&quot;motion_fx_rotateZ_direction&quot;:&quot;negative&quot;,&quot;motion_fx_rotateZ_affectedRange&quot;:{&quot;unit&quot;:&quot;%&quot;,&quot;size&quot;:&quot;&quot;,&quot;sizes&quot;:{&quot;start&quot;:28,&quot;end&quot;:78}},&quot;motion_fx_devices&quot;:[&quot;desktop&quot;],&quot;motion_fx_rotateZ_speed&quot;:{&quot;unit&quot;:&quot;px&quot;,&quot;size&quot;:1,&quot;sizes&quot;:[]}}\" data-widget_type=\"icon.default\">\n\t\t\t\t\t\t\t<div class=\"elementor-icon-wrapper\">\n\t\t\t<div class=\"elementor-icon\">\n\t\t\t<i aria-hidden=\"true\" class=\"vamtamtheme- vamtam-theme-phone\"><\/i>\t\t\t<\/div>\n\t\t<\/div>\n\t\t\t\t\t\t<\/div>\n\t\t\t\t<div class=\"elementor-element elementor-element-c6105c0 elementor-widget__width-initial elementor-widget elementor-widget-text-editor\" data-id=\"c6105c0\" data-element_type=\"widget\" data-e-type=\"widget\" data-widget_type=\"text-editor.default\">\n\t\t\t\t\t\t\t\t\t<p>Sollten Sie Schwierigkeiten beim Ausf\u00fcllen dieses Formulars haben, bitten wir Sie: <a href=\"\/contact-us\/\">Kontaktieren Sie uns.<\/a> Unser Team hilft Ihnen gern weiter.<\/p>\t\t\t\t\t\t\t\t<\/div>\n\t\t\t\t<\/div>\n\t\t\t\t<\/div>\n\t\t\t\t\t<\/div>\n\t\t\t\t<\/div>\n\t\t\t\t<\/div>","protected":false},"excerpt":{"rendered":"<p>Wir freuen uns darauf, mehr \u00fcber Ihre finanziellen Ziele zu erfahren.<\/p>","protected":false},"author":2,"featured_media":0,"parent":0,"menu_order":0,"comment_status":"closed","ping_status":"closed","template":"","meta":{"footnotes":""},"categories":[],"class_list":["post-990548","page","type-page","status-publish","hentry"],"_links":{"self":[{"href":"https:\/\/capiwell.ch\/de\/wp-json\/wp\/v2\/pages\/990548","targetHints":{"allow":["GET"]}}],"collection":[{"href":"https:\/\/capiwell.ch\/de\/wp-json\/wp\/v2\/pages"}],"about":[{"href":"https:\/\/capiwell.ch\/de\/wp-json\/wp\/v2\/types\/page"}],"author":[{"embeddable":true,"href":"https:\/\/capiwell.ch\/de\/wp-json\/wp\/v2\/users\/2"}],"replies":[{"embeddable":true,"href":"https:\/\/capiwell.ch\/de\/wp-json\/wp\/v2\/comments?post=990548"}],"version-history":[{"count":25,"href":"https:\/\/capiwell.ch\/de\/wp-json\/wp\/v2\/pages\/990548\/revisions"}],"predecessor-version":[{"id":990757,"href":"https:\/\/capiwell.ch\/de\/wp-json\/wp\/v2\/pages\/990548\/revisions\/990757"}],"wp:attachment":[{"href":"https:\/\/capiwell.ch\/de\/wp-json\/wp\/v2\/media?parent=990548"}],"wp:term":[{"taxonomy":"category","embeddable":true,"href":"https:\/\/capiwell.ch\/de\/wp-json\/wp\/v2\/categories?post=990548"}],"curies":[{"name":"wp","href":"https:\/\/api.w.org\/{rel}","templated":true}]}}