{"id":990200,"date":"2025-09-25T10:05:38","date_gmt":"2025-09-25T10:05:38","guid":{"rendered":"https:\/\/capiwell.ch\/?page_id=990200"},"modified":"2026-01-24T10:40:18","modified_gmt":"2026-01-24T10:40:18","slug":"auswirkungen-und-werte","status":"publish","type":"page","link":"https:\/\/capiwell.ch\/de\/uber-uns\/auswirkungen-und-werte\/","title":{"rendered":"Grunds\u00e4tze und Werte"},"content":{"rendered":"<div data-elementor-type=\"wp-page\" data-elementor-id=\"990200\" class=\"elementor elementor-990200\" data-elementor-post-type=\"page\">\n\t\t\t\t<div class=\"elementor-element elementor-element-895a675 e-con-full e-flex e-con e-parent\" data-id=\"895a675\" data-element_type=\"container\" data-e-type=\"container\">\n\t\t\t\t<div class=\"elementor-element elementor-element-7c42530 elementor-widget elementor-widget-video\" data-id=\"7c42530\" data-element_type=\"widget\" data-e-type=\"widget\" data-settings=\"{&quot;video_type&quot;:&quot;hosted&quot;,&quot;autoplay&quot;:&quot;yes&quot;,&quot;play_on_mobile&quot;:&quot;yes&quot;,&quot;mute&quot;:&quot;yes&quot;,&quot;loop&quot;:&quot;yes&quot;}\" data-widget_type=\"video.default\">\n\t\t\t\t\t\t\t<div class=\"e-hosted-video elementor-wrapper elementor-open-inline\">\n\t\t\t\t\t<video class=\"elementor-video\" src=\"https:\/\/capiwell.ch\/wp-content\/uploads\/2025\/09\/impact-and-value-video.mp4\" autoplay=\"\" loop=\"\" muted=\"muted\" playsinline=\"\" controlslist=\"nodownload\"><\/video>\n\t\t\t\t<\/div>\n\t\t\t\t\t\t<\/div>\n\t\t\t\t<\/div>\n\t\t<div class=\"elementor-element elementor-element-3e1b502 e-flex e-con-boxed e-con e-parent\" data-id=\"3e1b502\" data-element_type=\"container\" data-e-type=\"container\" data-settings=\"{&quot;background_background&quot;:&quot;classic&quot;}\">\n\t\t\t\t\t<div class=\"e-con-inner\">\n\t\t<div class=\"elementor-element elementor-element-53b8a1c e-con-full e-flex e-con e-child\" data-id=\"53b8a1c\" data-element_type=\"container\" data-e-type=\"container\" data-settings=\"{&quot;background_background&quot;:&quot;classic&quot;}\">\n\t\t<div class=\"elementor-element elementor-element-52e6127 e-con-full e-flex e-con e-child\" data-id=\"52e6127\" data-element_type=\"container\" data-e-type=\"container\">\n\t\t<div class=\"elementor-element elementor-element-58f27cb e-con-full e-flex e-con e-child\" data-id=\"58f27cb\" data-element_type=\"container\" data-e-type=\"container\" data-settings=\"{&quot;background_background&quot;:&quot;classic&quot;}\">\n\t\t\t\t<div class=\"elementor-element elementor-element-66034ad elementor-widget elementor-widget-heading\" data-id=\"66034ad\" data-element_type=\"widget\" data-e-type=\"widget\" data-widget_type=\"heading.default\">\n\t\t\t\t\t<h4 class=\"elementor-heading-title elementor-size-default\">Kapital, abgestimmt auf den Zweck.\n<\/h4>\t\t\t\t<\/div>\n\t\t\t\t<div class=\"elementor-element elementor-element-03c12c7 elementor-widget elementor-widget-text-editor\" data-id=\"03c12c7\" data-element_type=\"widget\" data-e-type=\"widget\" data-widget_type=\"text-editor.default\">\n\t\t\t\t\t\t\t\t\t<p>Wir machen vertrauensw\u00fcrdiges, ESG-orientiertes Privatkapital in der Schweiz zug\u00e4nglich. Wir bringen Investoren mit missionsorientierten Gr\u00fcndern durch gepr\u00fcfte M\u00f6glichkeiten zusammen - so ist jede Entscheidung zielgerichtet, \u00fcberlegt und auf messbare Wirkung ausgelegt.<\/p>\t\t\t\t\t\t\t\t<\/div>\n\t\t\t\t<\/div>\n\t\t<div class=\"elementor-element elementor-element-cdd1455 e-con-full e-flex e-con e-child\" data-id=\"cdd1455\" data-element_type=\"container\" data-e-type=\"container\" data-settings=\"{&quot;background_background&quot;:&quot;classic&quot;}\">\n\t\t\t\t<div class=\"elementor-element elementor-element-84fe369 elementor-widget elementor-widget-heading\" data-id=\"84fe369\" data-element_type=\"widget\" data-e-type=\"widget\" data-widget_type=\"heading.default\">\n\t\t\t\t\t<h4 class=\"elementor-heading-title elementor-size-default\">Vertrauensw\u00fcrdiger Zugang. Pr\u00e4zise Ausf\u00fchrung. Echte Wirkung.<\/h4>\t\t\t\t<\/div>\n\t\t\t\t<div class=\"elementor-element elementor-element-3fa4e4e elementor-widget elementor-widget-text-editor\" data-id=\"3fa4e4e\" data-element_type=\"widget\" data-e-type=\"widget\" data-widget_type=\"text-editor.default\">\n\t\t\t\t\t\t\t\t\t<p>Wir kuratieren ESG-orientierte Deals, wenden eine strenge Compliance an und pr\u00e4sentieren sie mit klaren, digitalen Workflows. Unsere Plattform basiert auf Schweizer Vertrauen und macht Kapital zu einem zuverl\u00e4ssigen Werkzeug f\u00fcr Gr\u00fcnder und zu einer Kraft f\u00fcr bessere Ergebnisse.<\/p>\t\t\t\t\t\t\t\t<\/div>\n\t\t\t\t<\/div>\n\t\t\t\t<\/div>\n\t\t\t\t<\/div>\n\t\t\t\t\t<\/div>\n\t\t\t\t<\/div>\n\t\t<div class=\"elementor-element elementor-element-cdb45c5 e-flex e-con-boxed e-con e-parent\" data-id=\"cdb45c5\" data-element_type=\"container\" data-e-type=\"container\" data-settings=\"{&quot;background_background&quot;:&quot;classic&quot;}\">\n\t\t\t\t\t<div class=\"e-con-inner\">\n\t\t<div class=\"elementor-element elementor-element-422d40a e-con-full e-flex e-con e-child\" data-id=\"422d40a\" data-element_type=\"container\" data-e-type=\"container\" data-settings=\"{&quot;background_background&quot;:&quot;classic&quot;}\">\n\t\t<div class=\"elementor-element elementor-element-5682e7b e-con-full e-flex e-con e-child\" data-id=\"5682e7b\" data-element_type=\"container\" data-e-type=\"container\">\n\t\t\t\t<div class=\"elementor-element elementor-element-0eac623 elementor-invisible elementor-widget__width-inherit elementor-widget-mobile__width-inherit animated-fast elementor-widget elementor-widget-heading\" data-id=\"0eac623\" data-element_type=\"widget\" data-e-type=\"widget\" data-settings=\"{&quot;_animation&quot;:&quot;fadeIn&quot;}\" data-widget_type=\"heading.default\">\n\t\t\t\t\t<h2 class=\"elementor-heading-title elementor-size-default\"><span class=\"color-accent-4\">Leitfaden <\/span> Grunds\u00e4tze\n<\/h2>\t\t\t\t<\/div>\n\t\t\t\t<\/div>\n\t\t<div class=\"elementor-element elementor-element-159db29 equal-height-row e-flex e-con-boxed e-con e-child\" data-id=\"159db29\" data-element_type=\"container\" data-e-type=\"container\">\n\t\t\t\t\t<div class=\"e-con-inner\">\n\t\t<div class=\"elementor-element elementor-element-c6dfb3b elementor-invisible e-con-full equal-box animated-fast e-flex e-con e-child\" data-id=\"c6dfb3b\" data-element_type=\"container\" data-e-type=\"container\" data-settings=\"{&quot;background_background&quot;:&quot;classic&quot;,&quot;animation&quot;:&quot;slideInUp&quot;,&quot;animation_delay&quot;:0}\">\n\t\t<div class=\"elementor-element elementor-element-7786074 e-con-full e-flex e-con e-child\" data-id=\"7786074\" data-element_type=\"container\" data-e-type=\"container\" data-settings=\"{&quot;background_background&quot;:&quot;classic&quot;}\">\n\t\t\t\t<div class=\"elementor-element elementor-element-34567d0 elementor-widget elementor-widget-heading\" data-id=\"34567d0\" data-element_type=\"widget\" data-e-type=\"widget\" data-widget_type=\"heading.default\">\n\t\t\t\t\t<div class=\"elementor-heading-title elementor-size-default\">01<\/div>\t\t\t\t<\/div>\n\t\t\t\t<\/div>\n\t\t<div class=\"elementor-element elementor-element-cda6c31 e-con-full equal-content e-flex e-con e-child\" data-id=\"cda6c31\" data-element_type=\"container\" data-e-type=\"container\" data-settings=\"{&quot;background_background&quot;:&quot;classic&quot;}\">\n\t\t\t\t<div class=\"elementor-element elementor-element-e015e43 elementor-widget elementor-widget-heading\" data-id=\"e015e43\" data-element_type=\"widget\" data-e-type=\"widget\" data-widget_type=\"heading.default\">\n\t\t\t\t\t<h6 class=\"elementor-heading-title elementor-size-default\">Gezielter Zugang, nicht \u00fcberf\u00fcllter L\u00e4rm.<\/h6>\t\t\t\t<\/div>\n\t\t\t\t<div class=\"elementor-element elementor-element-74b780b elementor-widget elementor-widget-text-editor\" data-id=\"74b780b\" data-element_type=\"widget\" data-e-type=\"widget\" data-widget_type=\"text-editor.default\">\n\t\t\t\t\t\t\t\t\t<p><span style=\"font-weight: 400;\">Jede Anlagechance wird nach Wirkung und Relevanz gepr\u00fcft.<\/span><span style=\"font-weight: 400;\"><br \/><\/span><\/p>\t\t\t\t\t\t\t\t<\/div>\n\t\t\t\t<\/div>\n\t\t\t\t<\/div>\n\t\t<div class=\"elementor-element elementor-element-8f0afa3 elementor-invisible e-con-full equal-box animated-fast e-flex e-con e-child\" data-id=\"8f0afa3\" data-element_type=\"container\" data-e-type=\"container\" data-settings=\"{&quot;background_background&quot;:&quot;classic&quot;,&quot;animation&quot;:&quot;slideInUp&quot;,&quot;animation_delay&quot;:50}\">\n\t\t<div class=\"elementor-element elementor-element-24f023b e-con-full e-flex e-con e-child\" data-id=\"24f023b\" data-element_type=\"container\" data-e-type=\"container\" data-settings=\"{&quot;background_background&quot;:&quot;classic&quot;}\">\n\t\t\t\t<div class=\"elementor-element elementor-element-06e4e75 elementor-widget elementor-widget-heading\" data-id=\"06e4e75\" data-element_type=\"widget\" data-e-type=\"widget\" data-widget_type=\"heading.default\">\n\t\t\t\t\t<div class=\"elementor-heading-title elementor-size-default\">02<\/div>\t\t\t\t<\/div>\n\t\t\t\t<\/div>\n\t\t<div class=\"elementor-element elementor-element-be20fd3 e-con-full equal-content e-flex e-con e-child\" data-id=\"be20fd3\" data-element_type=\"container\" data-e-type=\"container\" data-settings=\"{&quot;background_background&quot;:&quot;classic&quot;}\">\n\t\t\t\t<div class=\"elementor-element elementor-element-7b00d18 elementor-widget elementor-widget-heading\" data-id=\"7b00d18\" data-element_type=\"widget\" data-e-type=\"widget\" data-widget_type=\"heading.default\">\n\t\t\t\t\t<h6 class=\"elementor-heading-title elementor-size-default\">Schweizer Herkunft, Standardkonform von Haus aus.<\/h6>\t\t\t\t<\/div>\n\t\t\t\t<div class=\"elementor-element elementor-element-5aa4673 elementor-widget elementor-widget-text-editor\" data-id=\"5aa4673\" data-element_type=\"widget\" data-e-type=\"widget\" data-widget_type=\"text-editor.default\">\n\t\t\t\t\t\t\t\t\t<p><span style=\"font-weight: 400;\">Pr\u00e4zision, Transparenz und Vertrauen stehen im Zentrum unseres Handelns.<\/span><\/p>\t\t\t\t\t\t\t\t<\/div>\n\t\t\t\t<\/div>\n\t\t\t\t<\/div>\n\t\t<div class=\"elementor-element elementor-element-b03e8b2 elementor-invisible e-con-full equal-box animated-fast e-flex e-con e-child\" data-id=\"b03e8b2\" data-element_type=\"container\" data-e-type=\"container\" data-settings=\"{&quot;background_background&quot;:&quot;classic&quot;,&quot;animation&quot;:&quot;slideInUp&quot;,&quot;animation_delay&quot;:100}\">\n\t\t<div class=\"elementor-element elementor-element-6154531 e-con-full e-flex e-con e-child\" data-id=\"6154531\" data-element_type=\"container\" data-e-type=\"container\" data-settings=\"{&quot;background_background&quot;:&quot;classic&quot;}\">\n\t\t\t\t<div class=\"elementor-element elementor-element-02853ba elementor-widget elementor-widget-heading\" data-id=\"02853ba\" data-element_type=\"widget\" data-e-type=\"widget\" data-widget_type=\"heading.default\">\n\t\t\t\t\t<div class=\"elementor-heading-title elementor-size-default\">03<\/div>\t\t\t\t<\/div>\n\t\t\t\t<\/div>\n\t\t<div class=\"elementor-element elementor-element-d62ba96 e-con-full equal-content e-flex e-con e-child\" data-id=\"d62ba96\" data-element_type=\"container\" data-e-type=\"container\" data-settings=\"{&quot;background_background&quot;:&quot;classic&quot;}\">\n\t\t\t\t<div class=\"elementor-element elementor-element-48165d3 elementor-widget elementor-widget-heading\" data-id=\"48165d3\" data-element_type=\"widget\" data-e-type=\"widget\" data-widget_type=\"heading.default\">\n\t\t\t\t\t<h6 class=\"elementor-heading-title elementor-size-default\">Investieren als Kraft f\u00fcr den Zweck.<\/h6>\t\t\t\t<\/div>\n\t\t\t\t<div class=\"elementor-element elementor-element-fb1d72c elementor-widget elementor-widget-text-editor\" data-id=\"fb1d72c\" data-element_type=\"widget\" data-e-type=\"widget\" data-widget_type=\"text-editor.default\">\n\t\t\t\t\t\t\t\t\t<p><span style=\"font-weight: 400;\">Das Kapital wird f\u00fcr sinnvolle Fortschritte eingesetzt.<\/span><span style=\"font-weight: 400;\"><br \/><\/span><\/p>\t\t\t\t\t\t\t\t<\/div>\n\t\t\t\t<\/div>\n\t\t\t\t<\/div>\n\t\t<div class=\"elementor-element elementor-element-b3c5260 elementor-invisible e-con-full equal-box animated-fast e-flex e-con e-child\" data-id=\"b3c5260\" data-element_type=\"container\" data-e-type=\"container\" data-settings=\"{&quot;background_background&quot;:&quot;classic&quot;,&quot;animation&quot;:&quot;slideInUp&quot;,&quot;animation_delay&quot;:150}\">\n\t\t<div class=\"elementor-element elementor-element-e12aef5 e-con-full e-flex e-con e-child\" data-id=\"e12aef5\" data-element_type=\"container\" data-e-type=\"container\" data-settings=\"{&quot;background_background&quot;:&quot;classic&quot;}\">\n\t\t\t\t<div class=\"elementor-element elementor-element-d9c5f51 elementor-widget elementor-widget-heading\" data-id=\"d9c5f51\" data-element_type=\"widget\" data-e-type=\"widget\" data-widget_type=\"heading.default\">\n\t\t\t\t\t<div class=\"elementor-heading-title elementor-size-default\">04<\/div>\t\t\t\t<\/div>\n\t\t\t\t<\/div>\n\t\t<div class=\"elementor-element elementor-element-8a75b36 e-con-full equal-content e-flex e-con e-child\" data-id=\"8a75b36\" data-element_type=\"container\" data-e-type=\"container\" data-settings=\"{&quot;background_background&quot;:&quot;classic&quot;}\">\n\t\t\t\t<div class=\"elementor-element elementor-element-2bd8c8d elementor-widget elementor-widget-heading\" data-id=\"2bd8c8d\" data-element_type=\"widget\" data-e-type=\"widget\" data-widget_type=\"heading.default\">\n\t\t\t\t\t<h6 class=\"elementor-heading-title elementor-size-default\">Gepflegte Erfahrung, nahtlose Reise.<\/h6>\t\t\t\t<\/div>\n\t\t\t\t<div class=\"elementor-element elementor-element-e2ad02a elementor-widget elementor-widget-text-editor\" data-id=\"e2ad02a\" data-element_type=\"widget\" data-e-type=\"widget\" data-widget_type=\"text-editor.default\">\n\t\t\t\t\t\t\t\t\t<p><span style=\"font-weight: 400;\">Unsere Plattform ist klar, einfach und zuverl\u00e4ssig.<\/span><span style=\"font-weight: 400;\"><br \/><\/span><\/p>\t\t\t\t\t\t\t\t<\/div>\n\t\t\t\t<\/div>\n\t\t\t\t<\/div>\n\t\t<div class=\"elementor-element elementor-element-1341da2 elementor-invisible e-con-full equal-box animated-fast e-flex e-con e-child\" data-id=\"1341da2\" data-element_type=\"container\" data-e-type=\"container\" data-settings=\"{&quot;background_background&quot;:&quot;classic&quot;,&quot;animation&quot;:&quot;slideInUp&quot;,&quot;animation_delay&quot;:150}\">\n\t\t<div class=\"elementor-element elementor-element-f93d39a e-con-full e-flex e-con e-child\" data-id=\"f93d39a\" data-element_type=\"container\" data-e-type=\"container\" data-settings=\"{&quot;background_background&quot;:&quot;classic&quot;}\">\n\t\t\t\t<div class=\"elementor-element elementor-element-01ee07d elementor-widget elementor-widget-heading\" data-id=\"01ee07d\" data-element_type=\"widget\" data-e-type=\"widget\" data-widget_type=\"heading.default\">\n\t\t\t\t\t<div class=\"elementor-heading-title elementor-size-default\">05<\/div>\t\t\t\t<\/div>\n\t\t\t\t<\/div>\n\t\t<div class=\"elementor-element elementor-element-0c27c9e e-con-full equal-content e-flex e-con e-child\" data-id=\"0c27c9e\" data-element_type=\"container\" data-e-type=\"container\" data-settings=\"{&quot;background_background&quot;:&quot;classic&quot;}\">\n\t\t\t\t<div class=\"elementor-element elementor-element-8e9c5d0 elementor-widget elementor-widget-heading\" data-id=\"8e9c5d0\" data-element_type=\"widget\" data-e-type=\"widget\" data-widget_type=\"heading.default\">\n\t\t\t\t\t<h6 class=\"elementor-heading-title elementor-size-default\">F\u00fcr den modernen Investor, mit Insight.<\/h6>\t\t\t\t<\/div>\n\t\t\t\t<div class=\"elementor-element elementor-element-a906245 elementor-widget elementor-widget-text-editor\" data-id=\"a906245\" data-element_type=\"widget\" data-e-type=\"widget\" data-widget_type=\"text-editor.default\">\n\t\t\t\t\t\t\t\t\t<p><span style=\"font-weight: 400;\">Daten und Fachwissen erm\u00f6glichen fundierte Entscheidungen.<br \/><\/span><\/p>\t\t\t\t\t\t\t\t<\/div>\n\t\t\t\t<\/div>\n\t\t\t\t<\/div>\n\t\t\t\t\t<\/div>\n\t\t\t\t<\/div>\n\t\t\t\t<\/div>\n\t\t\t\t\t<\/div>\n\t\t\t\t<\/div>\n\t\t<div class=\"elementor-element elementor-element-1e8389a e-flex e-con-boxed e-con e-parent\" data-id=\"1e8389a\" data-element_type=\"container\" data-e-type=\"container\" data-settings=\"{&quot;background_background&quot;:&quot;classic&quot;}\">\n\t\t\t\t\t<div class=\"e-con-inner\">\n\t\t<div class=\"elementor-element elementor-element-efecfd4 e-con-full e-flex e-con e-child\" data-id=\"efecfd4\" data-element_type=\"container\" data-e-type=\"container\" data-settings=\"{&quot;background_background&quot;:&quot;classic&quot;}\">\n\t\t<div class=\"elementor-element elementor-element-c6b5b06 e-con-full e-flex e-con e-child\" data-id=\"c6b5b06\" data-element_type=\"container\" data-e-type=\"container\">\n\t\t<div class=\"elementor-element elementor-element-07dc025 e-con-full e-flex e-con e-child\" data-id=\"07dc025\" data-element_type=\"container\" data-e-type=\"container\" data-settings=\"{&quot;background_background&quot;:&quot;classic&quot;}\">\n\t\t\t\t<div class=\"elementor-element elementor-element-a0f954c elementor-widget elementor-widget-heading\" data-id=\"a0f954c\" data-element_type=\"widget\" data-e-type=\"widget\" data-widget_type=\"heading.default\">\n\t\t\t\t\t<h4 class=\"elementor-heading-title elementor-size-default\">Zeitlose Weisheit<\/h4>\t\t\t\t<\/div>\n\t\t\t\t<div class=\"elementor-element elementor-element-c72570b elementor-widget elementor-widget-text-editor\" data-id=\"c72570b\" data-element_type=\"widget\" data-e-type=\"widget\" data-widget_type=\"text-editor.default\">\n\t\t\t\t\t\t\t\t\t<p><span style=\"font-weight: 400;\">\u201c<em>Alles sollte so einfach wie m\u00f6glich gemacht werden, aber nicht einfacher,<\/em>\u201d <\/span><\/p><p><span style=\"font-weight: 400;\">- Albert Einstein<\/span><\/p>\t\t\t\t\t\t\t\t<\/div>\n\t\t\t\t<div class=\"elementor-element elementor-element-3a1f7b3 elementor-widget elementor-widget-text-editor\" data-id=\"3a1f7b3\" data-element_type=\"widget\" data-e-type=\"widget\" data-widget_type=\"text-editor.default\">\n\t\t\t\t\t\t\t\t\t<p><span style=\"font-weight: 400;\">\u201c<em>Vollkommenheit ist nicht dann erreicht, wenn es nichts mehr hinzuzuf\u00fcgen gibt, sondern wenn es nichts mehr wegzunehmen gibt,<\/em>\u201d <\/span><\/p><p><span style=\"font-weight: 400;\">- Antoine de Saint-Exup\u00e9ry<\/span><\/p>\t\t\t\t\t\t\t\t<\/div>\n\t\t\t\t<\/div>\n\t\t<div class=\"elementor-element elementor-element-da6c948 e-con-full e-flex e-con e-child\" data-id=\"da6c948\" data-element_type=\"container\" data-e-type=\"container\" data-settings=\"{&quot;background_background&quot;:&quot;classic&quot;}\">\n\t\t\t\t<div class=\"elementor-element elementor-element-f94f683 elementor-widget elementor-widget-heading\" data-id=\"f94f683\" data-element_type=\"widget\" data-e-type=\"widget\" data-widget_type=\"heading.default\">\n\t\t\t\t\t<h4 class=\"elementor-heading-title elementor-size-default\">Erbe und Innovation<\/h4>\t\t\t\t<\/div>\n\t\t\t\t<div class=\"elementor-element elementor-element-769746a elementor-widget elementor-widget-text-editor\" data-id=\"769746a\" data-element_type=\"widget\" data-e-type=\"widget\" data-widget_type=\"text-editor.default\">\n\t\t\t\t\t\t\t\t\t<p><span style=\"font-weight: 400;\">Schweizer Pioniergeist, modern umgesetzt.\nSeit jeher entstehen hier verl\u00e4ssliche Innovationen. CapiWell f\u00fchrt diese Tradition weiter: Wir verbinden Ambition mit Wirkung \u2013 transparent, pr\u00e4zise, schweizerisch.<\/span><\/p>\t\t\t\t\t\t\t\t<\/div>\n\t\t\t\t<\/div>\n\t\t<div class=\"elementor-element elementor-element-d839c9e e-con-full e-flex e-con e-child\" data-id=\"d839c9e\" data-element_type=\"container\" data-e-type=\"container\" data-settings=\"{&quot;background_background&quot;:&quot;classic&quot;}\">\n\t\t\t\t<div class=\"elementor-element elementor-element-afeae05 elementor-widget elementor-widget-heading\" data-id=\"afeae05\" data-element_type=\"widget\" data-e-type=\"widget\" data-widget_type=\"heading.default\">\n\t\t\t\t\t<h4 class=\"elementor-heading-title elementor-size-default\">Unser Versprechen<\/h4>\t\t\t\t<\/div>\n\t\t\t\t<div class=\"elementor-element elementor-element-9b5463d elementor-widget elementor-widget-text-editor\" data-id=\"9b5463d\" data-element_type=\"widget\" data-e-type=\"widget\" data-widget_type=\"text-editor.default\">\n\t\t\t\t\t\t\t\t\t<p><span style=\"font-weight: 400;\">Jede Chance soll Kapital zur Kraft f\u00fcr Fortschritt machen \u2013 nicht nur f\u00fcr Gewinn.\nMit CapiWell investieren Sie zielgerichtet, begleitet und wirksam.<\/span><\/p>\t\t\t\t\t\t\t\t<\/div>\n\t\t\t\t<\/div>\n\t\t\t\t<\/div>\n\t\t\t\t<\/div>\n\t\t\t\t\t<\/div>\n\t\t\t\t<\/div>\n\t\t\t\t<\/div>","protected":false},"excerpt":{"rendered":"<p>https:\/\/capiwell.ch\/wp-content\/uploads\/2025\/09\/impact-and-value-video.mp4es Kapital, auf Ziele ausgerichtet. Wir machen vertrauensw\u00fcrdiges, ESG-konformes privates Kapital in der Schweiz zug\u00e4nglich. Wir bringen Investoren mit missionsorientierten Gr\u00fcndern zusammen, indem wir sorgf\u00e4ltig gepr\u00fcfte Investitionsm\u00f6glichkeiten vermitteln \u2013 damit jede Entscheidung zielgerichtet, wohl\u00fcberlegt und auf messbare Wirkung ausgerichtet ist. Vertrauensw\u00fcrdiger Zugang. Pr\u00e4zise Umsetzung. Echte Wirkung. Wir kuratieren ESG-konforme Gesch\u00e4fte, wenden strenge Compliance-Vorgaben an und pr\u00e4sentieren sie mit klaren, digitalen Workflows. Aufbauend auf\u2026<\/p>","protected":false},"author":2,"featured_media":0,"parent":990186,"menu_order":0,"comment_status":"closed","ping_status":"closed","template":"","meta":{"footnotes":""},"categories":[],"class_list":["post-990200","page","type-page","status-publish","hentry"],"_links":{"self":[{"href":"https:\/\/capiwell.ch\/de\/wp-json\/wp\/v2\/pages\/990200","targetHints":{"allow":["GET"]}}],"collection":[{"href":"https:\/\/capiwell.ch\/de\/wp-json\/wp\/v2\/pages"}],"about":[{"href":"https:\/\/capiwell.ch\/de\/wp-json\/wp\/v2\/types\/page"}],"author":[{"embeddable":true,"href":"https:\/\/capiwell.ch\/de\/wp-json\/wp\/v2\/users\/2"}],"replies":[{"embeddable":true,"href":"https:\/\/capiwell.ch\/de\/wp-json\/wp\/v2\/comments?post=990200"}],"version-history":[{"count":19,"href":"https:\/\/capiwell.ch\/de\/wp-json\/wp\/v2\/pages\/990200\/revisions"}],"predecessor-version":[{"id":991358,"href":"https:\/\/capiwell.ch\/de\/wp-json\/wp\/v2\/pages\/990200\/revisions\/991358"}],"up":[{"embeddable":true,"href":"https:\/\/capiwell.ch\/de\/wp-json\/wp\/v2\/pages\/990186"}],"wp:attachment":[{"href":"https:\/\/capiwell.ch\/de\/wp-json\/wp\/v2\/media?parent=990200"}],"wp:term":[{"taxonomy":"category","embeddable":true,"href":"https:\/\/capiwell.ch\/de\/wp-json\/wp\/v2\/categories?post=990200"}],"curies":[{"name":"wp","href":"https:\/\/api.w.org\/{rel}","templated":true}]}}