{"id":990186,"date":"2025-09-25T09:36:33","date_gmt":"2025-09-25T09:36:33","guid":{"rendered":"https:\/\/capiwell.ch\/?page_id=990186"},"modified":"2026-01-24T18:38:06","modified_gmt":"2026-01-24T18:38:06","slug":"uber-uns","status":"publish","type":"page","link":"https:\/\/capiwell.ch\/de\/uber-uns\/","title":{"rendered":"\u00dcber uns"},"content":{"rendered":"<div data-elementor-type=\"wp-page\" data-elementor-id=\"990186\" class=\"elementor elementor-990186\" data-elementor-post-type=\"page\">\n\t\t\t\t<div class=\"elementor-element elementor-element-224b562 e-flex e-con-boxed e-con e-parent\" data-id=\"224b562\" data-element_type=\"container\" data-e-type=\"container\">\n\t\t\t\t\t<div class=\"e-con-inner\">\n\t\t<div class=\"elementor-element elementor-element-8e92512 e-con-full e-flex e-con e-child\" data-id=\"8e92512\" data-element_type=\"container\" data-e-type=\"container\">\n\t\t<div class=\"elementor-element elementor-element-426c1dd e-con-full e-flex e-con e-child\" data-id=\"426c1dd\" data-element_type=\"container\" data-e-type=\"container\">\n\t\t\t\t<div class=\"elementor-element elementor-element-1706e3b elementor-invisible animated-fast elementor-widget__width-initial elementor-widget elementor-widget-heading\" data-id=\"1706e3b\" data-element_type=\"widget\" data-e-type=\"widget\" data-settings=\"{&quot;_animation&quot;:&quot;fadeIn&quot;}\" data-widget_type=\"heading.default\">\n\t\t\t\t\t<h2 class=\"elementor-heading-title elementor-size-default\">Pionierarbeit f\u00fcr die Schweiz<br>\n<span class=\"color-accent-4\">Erste vollst\u00e4ndig integrierte Multi Asset Private Capital Plattform<\/span><\/h2>\t\t\t\t<\/div>\n\t\t\t\t<div class=\"elementor-element elementor-element-90d04f0 elementor-widget elementor-widget-text-editor\" data-id=\"90d04f0\" data-element_type=\"widget\" data-e-type=\"widget\" data-widget_type=\"text-editor.default\">\n\t\t\t\t\t\t\t\t\t<p data-start=\"140\" data-end=\"224\">Wir glauben, dass die Zukunft bessere Unterst\u00fctzer verdient.<br data-start=\"186\" data-end=\"189\" \/>Nicht lauter. Nicht schneller. Nur weiser.<\/p><p data-start=\"226\" data-end=\"689\">CapiWell wurde f\u00fcr diejenigen geschaffen, die Klarheit dem Chaos vorziehen: f\u00fcr Investoren, die einen Zweck suchen, und f\u00fcr Gr\u00fcnder, die einem Zweck dienen. In einer Welt des Rummels und der Eile bieten wir etwas anderes: eine Plattform, die durch Pr\u00e4zision definiert, durch Vertrauen angetrieben und durch Design offen ist. Wir jagen keinen Trends hinterher, sondern entscheiden uns f\u00fcr Ausrichtung und ESG im Kern. Wir \u00fcberschwemmen die M\u00e4rkte nicht, sondern heben das Wesentliche hervor. Denn wahrer Fortschritt wird nicht durch Masse erreicht. Er wird von denen gemacht, die weiter sehen und besser bauen - gemeinsam.<\/p><p data-start=\"691\" data-end=\"1035\">Unsere Urspr\u00fcnge sind so \u00fcberlegt wie unsere Mission. CapiWell ist aus einer rigorosen Marktforschung entstanden, die von Studenten und Forschern der EPFL und der HEC Lausanne durchgef\u00fchrt wurde. Ihre gr\u00fcndliche Analyse der Privatkapitalbranche hat eine klare L\u00fccke aufgedeckt: Seri\u00f6se Projekte in der Schweiz haben M\u00fche, mit zuverl\u00e4ssigen Investoren in Kontakt zu kommen. Diese Erkenntnis wurde zu unserer Grundlage.<\/p><p data-start=\"1037\" data-end=\"1343\">Heute er\u00f6ffnen wir den Zugang zu vertrauensw\u00fcrdigem, ESG-orientiertem Privatkapital - kuratiert f\u00fcr Qualit\u00e4t und geliefert mit Schweizer Standards. F\u00fcr Investoren bieten wir gepr\u00fcfte M\u00f6glichkeiten, die zielgerichtet, \u00fcberlegt und messbar sind. F\u00fcr Gr\u00fcnder bieten wir einen fairen, transparenten Weg zu Kapital, das echten Fortschritt unterst\u00fctzt.<\/p><p data-start=\"1345\" data-end=\"1534\">So \u00fcberwinden wir das Rauschen: pr\u00e4zise Auswahl, klare Sorgfalt und dauerhafte Ausrichtung. Kapital ist mehr als nur Finanzierung - es wird zu einem Instrument des Vertrauens und zu einer Kraft f\u00fcr bessere Ergebnisse.<\/p><p data-start=\"1536\" data-end=\"1641\" data-is-last-node=\"\" data-is-only-node=\"\">Wenn Sie bereit sind, zielgerichtet zu investieren oder zu bauen - lassen Sie uns gemeinsam weiter sehen und besser bauen.<\/p>\t\t\t\t\t\t\t\t<\/div>\n\t\t\t\t<\/div>\n\t\t\t\t<\/div>\n\t\t\t\t\t<\/div>\n\t\t\t\t<\/div>\n\t\t<div class=\"elementor-element elementor-element-d384207 e-flex e-con-boxed e-con e-parent\" data-id=\"d384207\" data-element_type=\"container\" data-e-type=\"container\" data-settings=\"{&quot;background_background&quot;:&quot;classic&quot;}\">\n\t\t\t\t\t<div class=\"e-con-inner\">\n\t\t<div class=\"elementor-element elementor-element-bda5ec4 e-con-full e-flex e-con e-child\" data-id=\"bda5ec4\" data-element_type=\"container\" data-e-type=\"container\" data-settings=\"{&quot;background_background&quot;:&quot;classic&quot;}\">\n\t\t<div class=\"elementor-element elementor-element-5a62106 e-con-full e-flex e-con e-child\" data-id=\"5a62106\" data-element_type=\"container\" data-e-type=\"container\">\n\t\t\t\t<div class=\"elementor-element elementor-element-b42e2aa elementor-invisible elementor-widget__width-inherit elementor-widget-mobile__width-inherit animated-fast elementor-widget elementor-widget-heading\" data-id=\"b42e2aa\" data-element_type=\"widget\" data-e-type=\"widget\" data-settings=\"{&quot;_animation&quot;:&quot;fadeIn&quot;}\" data-widget_type=\"heading.default\">\n\t\t\t\t\t<h2 class=\"elementor-heading-title elementor-size-default\"><span class=\"color-accent-4\">Von der Fragmentierung zur<\/span> Verbindung<\/h2>\t\t\t\t<\/div>\n\t\t\t\t<div class=\"elementor-element elementor-element-fb69b08 elementor-widget elementor-widget-text-editor\" data-id=\"fb69b08\" data-element_type=\"widget\" data-e-type=\"widget\" data-widget_type=\"text-editor.default\">\n\t\t\t\t\t\t\t\t\t<p>Zu lange war Crowdinvesting in der Schweiz fragmentiert, eng gefasst und auf einzelne Anlagem\u00f6glichkeiten beschr\u00e4nkt. CapiWell will das \u00e4ndern. Wir bringen Immobilien, KMU-Kredite und Innovationskapital auf einer Plattform zusammen. Wir schaffen einen Ort, an dem Investoren und Gr\u00fcnder direkt zusammenkommen. Unser Ansatz ist einfach: Wir konzentrieren uns auf Transparenz, Zweck und Ausrichtung.<\/p>\t\t\t\t\t\t\t\t<\/div>\n\t\t\t\t<\/div>\n\t\t<div class=\"elementor-element elementor-element-b4cd4e1 e-con-full e-flex e-con e-child\" data-id=\"b4cd4e1\" data-element_type=\"container\" data-e-type=\"container\">\n\t\t<div class=\"elementor-element elementor-element-121c377 elementor-invisible e-con-full animated-fast e-flex e-con e-child\" data-id=\"121c377\" data-element_type=\"container\" data-e-type=\"container\" data-settings=\"{&quot;background_background&quot;:&quot;classic&quot;,&quot;animation&quot;:&quot;slideInUp&quot;,&quot;animation_delay&quot;:0}\">\n\t\t<div class=\"elementor-element elementor-element-ccc50ad e-con-full e-flex e-con e-child\" data-id=\"ccc50ad\" data-element_type=\"container\" data-e-type=\"container\">\n\t\t<div class=\"elementor-element elementor-element-d68bd61 e-con-full e-flex e-con e-child\" data-id=\"d68bd61\" data-element_type=\"container\" data-e-type=\"container\">\n\t\t<div class=\"elementor-element elementor-element-4740bab e-con-full e-flex e-con e-child\" data-id=\"4740bab\" data-element_type=\"container\" data-e-type=\"container\">\n\t\t\t\t<div class=\"elementor-element elementor-element-0b9c8b3 elementor-widget elementor-widget-heading\" data-id=\"0b9c8b3\" data-element_type=\"widget\" data-e-type=\"widget\" data-widget_type=\"heading.default\">\n\t\t\t\t\t<h5 class=\"elementor-heading-title elementor-size-default\">Vertrauen als Kernst\u00fcck<\/h5>\t\t\t\t<\/div>\n\t\t\t\t<\/div>\n\t\t<div class=\"elementor-element elementor-element-fcc44c3 e-con-full e-flex e-con e-child\" data-id=\"fcc44c3\" data-element_type=\"container\" data-e-type=\"container\">\n\t\t\t\t<div class=\"elementor-element elementor-element-868a755 elementor-widget elementor-widget-image\" data-id=\"868a755\" data-element_type=\"widget\" data-e-type=\"widget\" data-widget_type=\"image.default\">\n\t\t\t\t\t\t\t\t\t\t\t\t\t\t\t<img fetchpriority=\"high\" decoding=\"async\" width=\"446\" height=\"498\" src=\"https:\/\/capiwell.ch\/wp-content\/uploads\/2025\/09\/single-bar.png\" class=\"attachment-large size-large wp-image-988820\" alt=\"\" srcset=\"https:\/\/capiwell.ch\/wp-content\/uploads\/2025\/09\/single-bar.png 446w, https:\/\/capiwell.ch\/wp-content\/uploads\/2025\/09\/single-bar-269x300.png 269w, https:\/\/capiwell.ch\/wp-content\/uploads\/2025\/09\/single-bar-11x12.png 11w\" sizes=\"(max-width: 446px) 100vw, 446px\" \/>\t\t\t\t\t\t\t\t\t\t\t\t\t\t\t<\/div>\n\t\t\t\t<\/div>\n\t\t\t\t<\/div>\n\t\t<div class=\"elementor-element elementor-element-a3e87fb e-con-full e-flex e-con e-child\" data-id=\"a3e87fb\" data-element_type=\"container\" data-e-type=\"container\">\n\t\t\t\t<div class=\"elementor-element elementor-element-541f4ce elementor-widget elementor-widget-text-editor\" data-id=\"541f4ce\" data-element_type=\"widget\" data-e-type=\"widget\" data-widget_type=\"text-editor.default\">\n\t\t\t\t\t\t\t\t\t<p>Vertrauen kann nicht vorausgesetzt werden, es muss aufgebaut werden. Deshalb ist jeder Schritt bei CapiWell auf Transparenz, Compliance und Klarheit ausgelegt. Vom Onboarding bis zum Gesch\u00e4ftsabschluss befolgen wir die FINMA-Vorschriften und nutzen verhaltensorientierte Erkenntnisse, um Entscheidungen zu treffen. Unser Ansatz funktioniert. Investoren engagieren sich mehr, wenn Scoring und Kontext vor den Renditen gezeigt werden. Gr\u00fcnder sammeln schneller Kapital und bauen eine dauerhafte Glaubw\u00fcrdigkeit auf.<\/p>\t\t\t\t\t\t\t\t<\/div>\n\t\t\t\t<\/div>\n\t\t\t\t<\/div>\n\t\t\t\t<\/div>\n\t\t<div class=\"elementor-element elementor-element-223de1a elementor-invisible e-con-full animated-fast e-flex e-con e-child\" data-id=\"223de1a\" data-element_type=\"container\" data-e-type=\"container\" data-settings=\"{&quot;background_background&quot;:&quot;classic&quot;,&quot;animation&quot;:&quot;slideInUp&quot;,&quot;animation_delay&quot;:50}\">\n\t\t<div class=\"elementor-element elementor-element-925583c e-con-full e-flex e-con e-child\" data-id=\"925583c\" data-element_type=\"container\" data-e-type=\"container\">\n\t\t<div class=\"elementor-element elementor-element-8d19ea7 e-con-full e-flex e-con e-child\" data-id=\"8d19ea7\" data-element_type=\"container\" data-e-type=\"container\">\n\t\t\t\t<div class=\"elementor-element elementor-element-84e9d33 elementor-widget elementor-widget-heading\" data-id=\"84e9d33\" data-element_type=\"widget\" data-e-type=\"widget\" data-widget_type=\"heading.default\">\n\t\t\t\t\t<h5 class=\"elementor-heading-title elementor-size-default\">Auf die St\u00e4rken der Schweiz bauen\n<\/h5>\t\t\t\t<\/div>\n\t\t\t\t<\/div>\n\t\t<div class=\"elementor-element elementor-element-e5dd87d e-con-full e-flex e-con e-child\" data-id=\"e5dd87d\" data-element_type=\"container\" data-e-type=\"container\">\n\t\t\t\t<div class=\"elementor-element elementor-element-164208e elementor-widget elementor-widget-image\" data-id=\"164208e\" data-element_type=\"widget\" data-e-type=\"widget\" data-widget_type=\"image.default\">\n\t\t\t\t\t\t\t\t\t\t\t\t\t\t\t<img decoding=\"async\" width=\"446\" height=\"498\" src=\"https:\/\/capiwell.ch\/wp-content\/uploads\/2025\/09\/doubel-bar.png\" class=\"attachment-large size-large wp-image-988821\" alt=\"\" srcset=\"https:\/\/capiwell.ch\/wp-content\/uploads\/2025\/09\/doubel-bar.png 446w, https:\/\/capiwell.ch\/wp-content\/uploads\/2025\/09\/doubel-bar-269x300.png 269w, https:\/\/capiwell.ch\/wp-content\/uploads\/2025\/09\/doubel-bar-11x12.png 11w\" sizes=\"(max-width: 446px) 100vw, 446px\" \/>\t\t\t\t\t\t\t\t\t\t\t\t\t\t\t<\/div>\n\t\t\t\t<\/div>\n\t\t\t\t<\/div>\n\t\t<div class=\"elementor-element elementor-element-efa25e3 e-con-full e-flex e-con e-child\" data-id=\"efa25e3\" data-element_type=\"container\" data-e-type=\"container\">\n\t\t\t\t<div class=\"elementor-element elementor-element-8a9fe2e elementor-widget elementor-widget-text-editor\" data-id=\"8a9fe2e\" data-element_type=\"widget\" data-e-type=\"widget\" data-widget_type=\"text-editor.default\">\n\t\t\t\t\t\t\t\t\t<p>Wir haben nicht bei Null angefangen. Wir begannen mit dem Ruf der Schweiz f\u00fcr Stabilit\u00e4t, Wohlstand und Pr\u00e4zision. Wir fragten uns: Was w\u00e4re, wenn man Vertrauen in das System einbauen k\u00f6nnte? Die Antwort ist CapiWell. Von Z\u00fcrich bis Basel, von jungen Fachleuten bis zu Family Offices, von Universit\u00e4ts-Spin-offs bis zu erfahrenen Entwicklern bringen wir die richtigen Investoren und M\u00f6glichkeiten zur richtigen Zeit zusammen.<\/p>\t\t\t\t\t\t\t\t<\/div>\n\t\t\t\t<\/div>\n\t\t\t\t<\/div>\n\t\t<div class=\"elementor-element elementor-element-39380ab elementor-invisible e-con-full animated-fast e-flex e-con e-child\" data-id=\"39380ab\" data-element_type=\"container\" data-e-type=\"container\" data-settings=\"{&quot;background_background&quot;:&quot;classic&quot;,&quot;animation&quot;:&quot;slideInUp&quot;,&quot;animation_delay&quot;:100}\">\n\t\t<div class=\"elementor-element elementor-element-a5601c2 e-con-full e-flex e-con e-child\" data-id=\"a5601c2\" data-element_type=\"container\" data-e-type=\"container\">\n\t\t<div class=\"elementor-element elementor-element-b2fa165 e-con-full e-flex e-con e-child\" data-id=\"b2fa165\" data-element_type=\"container\" data-e-type=\"container\">\n\t\t\t\t<div class=\"elementor-element elementor-element-25e9046 elementor-widget elementor-widget-heading\" data-id=\"25e9046\" data-element_type=\"widget\" data-e-type=\"widget\" data-widget_type=\"heading.default\">\n\t\t\t\t\t<h5 class=\"elementor-heading-title elementor-size-default\">Gut gemachtes Kapital<\/h5>\t\t\t\t<\/div>\n\t\t\t\t<\/div>\n\t\t<div class=\"elementor-element elementor-element-bf75dc5 e-con-full e-flex e-con e-child\" data-id=\"bf75dc5\" data-element_type=\"container\" data-e-type=\"container\">\n\t\t\t\t<div class=\"elementor-element elementor-element-4cc0fba elementor-widget elementor-widget-image\" data-id=\"4cc0fba\" data-element_type=\"widget\" data-e-type=\"widget\" data-widget_type=\"image.default\">\n\t\t\t\t\t\t\t\t\t\t\t\t\t\t\t<img decoding=\"async\" width=\"446\" height=\"498\" src=\"https:\/\/capiwell.ch\/wp-content\/uploads\/2025\/09\/three-bar.png\" class=\"attachment-large size-large wp-image-988816\" alt=\"\" srcset=\"https:\/\/capiwell.ch\/wp-content\/uploads\/2025\/09\/three-bar.png 446w, https:\/\/capiwell.ch\/wp-content\/uploads\/2025\/09\/three-bar-269x300.png 269w, https:\/\/capiwell.ch\/wp-content\/uploads\/2025\/09\/three-bar-11x12.png 11w\" sizes=\"(max-width: 446px) 100vw, 446px\" \/>\t\t\t\t\t\t\t\t\t\t\t\t\t\t\t<\/div>\n\t\t\t\t<\/div>\n\t\t\t\t<\/div>\n\t\t<div class=\"elementor-element elementor-element-668b672 e-con-full e-flex e-con e-child\" data-id=\"668b672\" data-element_type=\"container\" data-e-type=\"container\">\n\t\t\t\t<div class=\"elementor-element elementor-element-22a11c1 elementor-widget elementor-widget-text-editor\" data-id=\"22a11c1\" data-element_type=\"widget\" data-e-type=\"widget\" data-widget_type=\"text-editor.default\">\n\t\t\t\t\t\t\t\t\t<p>Unser Auftrag ist klar. Wir schliessen die Kapitall\u00fccke in der Schweiz und verbinden einen fragmentierten Markt. Jeder von uns vermittelte Deal bringt einen Mehrwert f\u00fcr Investoren, Gr\u00fcnder und die Gemeinschaften, denen sie dienen. Pr\u00e4zision heute, Vertrauen f\u00fcr Jahrzehnte. CapiWell gestaltet eine neue \u00c4ra des privaten Kapitals, ein Gesch\u00e4ft nach dem anderen.<\/p>\t\t\t\t\t\t\t\t<\/div>\n\t\t\t\t<\/div>\n\t\t\t\t<\/div>\n\t\t\t\t<\/div>\n\t\t\t\t<\/div>\n\t\t\t\t\t<\/div>\n\t\t\t\t<\/div>\n\t\t\t\t<\/div>","protected":false},"excerpt":{"rendered":"<p>Pioneering Switzerland\u2019s First Fully Integrated Multi Asset Private Capital Platform We believe the future deserves better backers.Not louder. Not faster. Just wiser. CapiWell was built for those who value clarity over chaos: for investors who seek purpose and founders who serve one. In a world of hype and haste, we offer something different: a platform&#8230;<\/p>","protected":false},"author":2,"featured_media":990187,"parent":0,"menu_order":0,"comment_status":"closed","ping_status":"closed","template":"","meta":{"footnotes":""},"categories":[],"class_list":["post-990186","page","type-page","status-publish","has-post-thumbnail","hentry"],"_links":{"self":[{"href":"https:\/\/capiwell.ch\/de\/wp-json\/wp\/v2\/pages\/990186","targetHints":{"allow":["GET"]}}],"collection":[{"href":"https:\/\/capiwell.ch\/de\/wp-json\/wp\/v2\/pages"}],"about":[{"href":"https:\/\/capiwell.ch\/de\/wp-json\/wp\/v2\/types\/page"}],"author":[{"embeddable":true,"href":"https:\/\/capiwell.ch\/de\/wp-json\/wp\/v2\/users\/2"}],"replies":[{"embeddable":true,"href":"https:\/\/capiwell.ch\/de\/wp-json\/wp\/v2\/comments?post=990186"}],"version-history":[{"count":16,"href":"https:\/\/capiwell.ch\/de\/wp-json\/wp\/v2\/pages\/990186\/revisions"}],"predecessor-version":[{"id":991340,"href":"https:\/\/capiwell.ch\/de\/wp-json\/wp\/v2\/pages\/990186\/revisions\/991340"}],"wp:featuredmedia":[{"embeddable":true,"href":"https:\/\/capiwell.ch\/de\/wp-json\/wp\/v2\/media\/990187"}],"wp:attachment":[{"href":"https:\/\/capiwell.ch\/de\/wp-json\/wp\/v2\/media?parent=990186"}],"wp:term":[{"taxonomy":"category","embeddable":true,"href":"https:\/\/capiwell.ch\/de\/wp-json\/wp\/v2\/categories?post=990186"}],"curies":[{"name":"wp","href":"https:\/\/api.w.org\/{rel}","templated":true}]}}