{"id":990170,"date":"2025-09-25T08:16:50","date_gmt":"2025-09-25T08:16:50","guid":{"rendered":"https:\/\/capiwell.ch\/?page_id=990170"},"modified":"2026-01-25T01:42:54","modified_gmt":"2026-01-25T01:42:54","slug":"medien","status":"publish","type":"page","link":"https:\/\/capiwell.ch\/de\/uber-uns\/medien\/","title":{"rendered":"Medien"},"content":{"rendered":"<div data-elementor-type=\"wp-page\" data-elementor-id=\"990170\" class=\"elementor elementor-990170\" data-elementor-post-type=\"page\">\n\t\t\t\t<div class=\"elementor-element elementor-element-b573bd0 e-flex e-con-boxed e-con e-parent\" data-id=\"b573bd0\" data-element_type=\"container\" data-e-type=\"container\">\n\t\t\t\t\t<div class=\"e-con-inner\">\n\t\t<div class=\"elementor-element elementor-element-973f7e4 e-con-full e-flex e-con e-child\" data-id=\"973f7e4\" data-element_type=\"container\" data-e-type=\"container\">\n\t\t<div class=\"elementor-element elementor-element-cd6dedd e-con-full e-flex e-con e-child\" data-id=\"cd6dedd\" data-element_type=\"container\" data-e-type=\"container\">\n\t\t\t\t<div class=\"elementor-element elementor-element-90d04f0 elementor-widget elementor-widget-text-editor\" data-id=\"90d04f0\" data-element_type=\"widget\" data-e-type=\"widget\" data-widget_type=\"text-editor.default\">\n\t\t\t\t\t\t\t\t\t<p>Sie berichten \u00fcber CapiWell? Unser Presseteam unterst\u00fctzt Sie mit Stellungnahmen, Interviews, Daten sowie mediengerechten Inhalten f\u00fcr Print und Digital.\nSchicken Sie uns Ihr Briefing und den Abgabetermin. Wir liefern, was Sie brauchen.<\/p><p>Bitte kontaktieren Sie unseren Sprecher: <a href=\"tel:+41783115625\">+41 78 311 56 25<\/a> oder <a href=\"mailto:press@capiwell.ch\">press@capiwell.ch<\/a><\/p>\t\t\t\t\t\t\t\t<\/div>\n\t\t\t\t<\/div>\n\t\t\t\t<\/div>\n\t\t\t\t\t<\/div>\n\t\t\t\t<\/div>\n\t\t<div class=\"elementor-element elementor-element-c40c61c e-flex e-con-boxed e-con e-parent\" data-id=\"c40c61c\" data-element_type=\"container\" data-e-type=\"container\">\n\t\t\t\t\t<div class=\"e-con-inner\">\n\t\t\t\t<div class=\"elementor-element elementor-element-bb4f083 elementor-widget elementor-widget-heading\" data-id=\"bb4f083\" data-element_type=\"widget\" data-e-type=\"widget\" data-widget_type=\"heading.default\">\n\t\t\t\t\t<h3 class=\"elementor-heading-title elementor-size-default\">CapiWell in den Medien<\/h3>\t\t\t\t<\/div>\n\t\t\t\t\t<\/div>\n\t\t\t\t<\/div>\n\t\t<div class=\"elementor-element elementor-element-267796b e-flex e-con-boxed e-con e-parent\" data-id=\"267796b\" data-element_type=\"container\" data-e-type=\"container\">\n\t\t\t\t\t<div class=\"e-con-inner\">\n\t\t<div class=\"elementor-element elementor-element-15f531d e-con-full e-flex e-con e-child\" data-id=\"15f531d\" data-element_type=\"container\" data-e-type=\"container\">\n\t\t\t\t<div class=\"elementor-element elementor-element-de30d00 elementor-widget elementor-widget-image\" data-id=\"de30d00\" data-element_type=\"widget\" data-e-type=\"widget\" data-widget_type=\"image.default\">\n\t\t\t\t\t\t\t\t\t\t\t\t\t\t\t<img fetchpriority=\"high\" decoding=\"async\" width=\"1024\" height=\"1024\" src=\"https:\/\/capiwell.ch\/wp-content\/uploads\/2025\/11\/Mountasser-Hachem-big.png\" class=\"attachment-large size-large wp-image-992645\" alt=\"\" srcset=\"https:\/\/capiwell.ch\/wp-content\/uploads\/2025\/11\/Mountasser-Hachem-big.png 1024w, https:\/\/capiwell.ch\/wp-content\/uploads\/2025\/11\/Mountasser-Hachem-big-300x300.png 300w, https:\/\/capiwell.ch\/wp-content\/uploads\/2025\/11\/Mountasser-Hachem-big-150x150.png 150w, https:\/\/capiwell.ch\/wp-content\/uploads\/2025\/11\/Mountasser-Hachem-big-768x768.png 768w, https:\/\/capiwell.ch\/wp-content\/uploads\/2025\/11\/Mountasser-Hachem-big-12x12.png 12w, https:\/\/capiwell.ch\/wp-content\/uploads\/2025\/11\/Mountasser-Hachem-big-600x600.png 600w\" sizes=\"(max-width: 1024px) 100vw, 1024px\" \/>\t\t\t\t\t\t\t\t\t\t\t\t\t\t\t<\/div>\n\t\t\t\t<\/div>\n\t\t<div class=\"elementor-element elementor-element-93c8fb4 e-con-full e-flex e-con e-child\" data-id=\"93c8fb4\" data-element_type=\"container\" data-e-type=\"container\">\n\t\t\t\t<div class=\"elementor-element elementor-element-2f83820 elementor-widget elementor-widget-heading\" data-id=\"2f83820\" data-element_type=\"widget\" data-e-type=\"widget\" data-widget_type=\"heading.default\">\n\t\t\t\t\t<h4 class=\"elementor-heading-title elementor-size-default\">Die fehlende Logik<\/h4>\t\t\t\t<\/div>\n\t\t\t\t<div class=\"elementor-element elementor-element-778ee38 elementor-widget elementor-widget-text-editor\" data-id=\"778ee38\" data-element_type=\"widget\" data-e-type=\"widget\" data-widget_type=\"text-editor.default\">\n\t\t\t\t\t\t\t\t\t<p>Lesen Sie den Artikel \u00fcber CapiWell und seine Plattform in der Finanz und Wirtschaft Beilage Game Changers.<\/p>\t\t\t\t\t\t\t\t<\/div>\n\t\t\t\t<div class=\"vamtam-has-theme-widget-styles elementor-element elementor-element-f9cde24 elementor-widget elementor-widget-button\" data-id=\"f9cde24\" data-element_type=\"widget\" data-e-type=\"widget\" data-widget_type=\"button.default\">\n\t\t\t\t\t\t\t\t\t\t<a class=\"elementor-button elementor-button-link elementor-size-sm\" href=\"https:\/\/capiwell.ch\/wp-content\/uploads\/2025\/11\/Neu_112102_25_Beilage_GameChanger_CapiWell.pdf\">\n\t\t\t\t\t\t<span class=\"elementor-button-content-wrapper\">\n\t\t\t\t\t\t\t\t\t<span class=\"elementor-button-text\">Artikel herunterladen<\/span>\n\t\t\t\t\t<\/span>\n\t\t\t\t\t<\/a>\n\t\t\t\t\t\t\t\t<\/div>\n\t\t\t\t<\/div>\n\t\t\t\t\t<\/div>\n\t\t\t\t<\/div>\n\t\t\t\t<\/div>","protected":false},"excerpt":{"rendered":"<p>If you\u2019re covering CapiWell, our press team can help: with statements, interviews, data points, and media-ready assets for print or digital. Send us your brief and deadline; we\u2019ll respond with exactly what you need. Please contact our spokesperson: +41 78 311 56 25 or press@capiwell.ch CapiWell in the Media The Logic that is Missing Read&#8230;<\/p>","protected":false},"author":2,"featured_media":990173,"parent":990186,"menu_order":0,"comment_status":"closed","ping_status":"closed","template":"","meta":{"footnotes":""},"categories":[],"class_list":["post-990170","page","type-page","status-publish","has-post-thumbnail","hentry"],"_links":{"self":[{"href":"https:\/\/capiwell.ch\/de\/wp-json\/wp\/v2\/pages\/990170","targetHints":{"allow":["GET"]}}],"collection":[{"href":"https:\/\/capiwell.ch\/de\/wp-json\/wp\/v2\/pages"}],"about":[{"href":"https:\/\/capiwell.ch\/de\/wp-json\/wp\/v2\/types\/page"}],"author":[{"embeddable":true,"href":"https:\/\/capiwell.ch\/de\/wp-json\/wp\/v2\/users\/2"}],"replies":[{"embeddable":true,"href":"https:\/\/capiwell.ch\/de\/wp-json\/wp\/v2\/comments?post=990170"}],"version-history":[{"count":27,"href":"https:\/\/capiwell.ch\/de\/wp-json\/wp\/v2\/pages\/990170\/revisions"}],"predecessor-version":[{"id":992730,"href":"https:\/\/capiwell.ch\/de\/wp-json\/wp\/v2\/pages\/990170\/revisions\/992730"}],"up":[{"embeddable":true,"href":"https:\/\/capiwell.ch\/de\/wp-json\/wp\/v2\/pages\/990186"}],"wp:featuredmedia":[{"embeddable":true,"href":"https:\/\/capiwell.ch\/de\/wp-json\/wp\/v2\/media\/990173"}],"wp:attachment":[{"href":"https:\/\/capiwell.ch\/de\/wp-json\/wp\/v2\/media?parent=990170"}],"wp:term":[{"taxonomy":"category","embeddable":true,"href":"https:\/\/capiwell.ch\/de\/wp-json\/wp\/v2\/categories?post=990170"}],"curies":[{"name":"wp","href":"https:\/\/api.w.org\/{rel}","templated":true}]}}