{"id":990130,"date":"2025-09-24T10:08:43","date_gmt":"2025-09-24T10:08:43","guid":{"rendered":"https:\/\/capiwell.ch\/?page_id=990130"},"modified":"2026-01-24T12:06:24","modified_gmt":"2026-01-24T12:06:24","slug":"spenden-sammeln","status":"publish","type":"page","link":"https:\/\/capiwell.ch\/de\/spenden-sammeln\/","title":{"rendered":"Fundraising"},"content":{"rendered":"<div data-elementor-type=\"wp-page\" data-elementor-id=\"990130\" class=\"elementor elementor-990130\" data-elementor-post-type=\"page\">\n\t\t\t\t<div class=\"elementor-element elementor-element-b02266f e-flex e-con-boxed e-con e-parent\" data-id=\"b02266f\" data-element_type=\"container\" data-e-type=\"container\">\n\t\t\t\t\t<div class=\"e-con-inner\">\n\t\t\t\t<div class=\"elementor-element elementor-element-dbc86ce elementor-widget elementor-widget-text-editor\" data-id=\"dbc86ce\" data-element_type=\"widget\" data-e-type=\"widget\" data-widget_type=\"text-editor.default\">\n\t\t\t\t\t\t\t\t\t<p>\u00dcber unsere Peer-to-Peer-Plattform erhalten Sie Zugang zu vertrauensw\u00fcrdigem, ESG-orientiertem Privatkapital. Ob Immobilie, Start-up, KMU-Finanzierung, pers\u00f6nliche Finanzierung oder akademisches Spin-off, wir bringen Sie mit Investoren zusammen, die Ihre Vision teilen.<\/p><p>Beschreiben Sie unten Ihr Projekt. Wir pr\u00fcfen, ob es finanzierbar ist, und f\u00fchren Sie anschliessend durch die n\u00e4chsten Schritte.<\/p>\t\t\t\t\t\t\t\t<\/div>\n\t\t\t\t\t<\/div>\n\t\t\t\t<\/div>\n\t\t<div class=\"elementor-element elementor-element-b08375e e-flex e-con-boxed e-con e-parent\" data-id=\"b08375e\" data-element_type=\"container\" data-e-type=\"container\">\n\t\t\t\t\t<div class=\"e-con-inner\">\n\t\t<div class=\"elementor-element elementor-element-f9cf383 e-con-full e-flex e-con e-child\" data-id=\"f9cf383\" data-element_type=\"container\" data-e-type=\"container\" data-settings=\"{&quot;background_background&quot;:&quot;classic&quot;}\">\n\t\t\t\t<div class=\"elementor-element elementor-element-db50fca elementor-widget elementor-widget-shortcode\" data-id=\"db50fca\" data-element_type=\"widget\" data-e-type=\"widget\" data-widget_type=\"shortcode.default\">\n\t\t\t\t\t\t\t<div class=\"elementor-shortcode\">\n    <div class=\"capiwell-form-container\">\n      <iframe\n        aria-label=\"Fundraising\"\n        frameborder=\"0\"\n        scrolling=\"auto\"\n        src=\"https:\/\/forms.zohopublic.eu\/capiwell1\/form\/GermanTellUsAboutYourFundraisingProject\/formperma\/gxzTwayvCdFZSuiWqs239mS7moMfYQmvXDYz9UHZ8Xw\"\n      ><\/iframe>\n    <\/div><\/div>\n\t\t\t\t\t\t<\/div>\n\t\t\t\t<\/div>\n\t\t<div class=\"elementor-element elementor-element-5addfb8 e-con-full e-flex e-con e-child\" data-id=\"5addfb8\" data-element_type=\"container\" data-e-type=\"container\" data-settings=\"{&quot;background_background&quot;:&quot;classic&quot;}\">\n\t\t<div class=\"elementor-element elementor-element-ef2315d e-con-full blur-background e-flex e-con e-child\" data-id=\"ef2315d\" data-element_type=\"container\" data-e-type=\"container\" data-settings=\"{&quot;background_background&quot;:&quot;classic&quot;}\">\n\t\t\t\t<div class=\"vamtam-has-theme-widget-styles elementor-element elementor-element-2d79413 elementor-widget__width-initial elementor-widget-tablet__width-auto elementor-view-stacked elementor-shape-circle elementor-widget elementor-widget-icon\" data-id=\"2d79413\" data-element_type=\"widget\" data-e-type=\"widget\" data-settings=\"{&quot;motion_fx_motion_fx_scrolling&quot;:&quot;yes&quot;,&quot;motion_fx_rotateZ_effect&quot;:&quot;yes&quot;,&quot;motion_fx_rotateZ_direction&quot;:&quot;negative&quot;,&quot;motion_fx_rotateZ_affectedRange&quot;:{&quot;unit&quot;:&quot;%&quot;,&quot;size&quot;:&quot;&quot;,&quot;sizes&quot;:{&quot;start&quot;:28,&quot;end&quot;:78}},&quot;motion_fx_devices&quot;:[&quot;desktop&quot;],&quot;motion_fx_rotateZ_speed&quot;:{&quot;unit&quot;:&quot;px&quot;,&quot;size&quot;:1,&quot;sizes&quot;:[]}}\" data-widget_type=\"icon.default\">\n\t\t\t\t\t\t\t<div class=\"elementor-icon-wrapper\">\n\t\t\t<div class=\"elementor-icon\">\n\t\t\t<i aria-hidden=\"true\" class=\"vamtamtheme- vamtam-theme-phone\"><\/i>\t\t\t<\/div>\n\t\t<\/div>\n\t\t\t\t\t\t<\/div>\n\t\t\t\t<div class=\"elementor-element elementor-element-c6105c0 elementor-widget__width-initial elementor-widget elementor-widget-text-editor\" data-id=\"c6105c0\" data-element_type=\"widget\" data-e-type=\"widget\" data-widget_type=\"text-editor.default\">\n\t\t\t\t\t\t\t\t\t<p>Sollten Sie Schwierigkeiten beim Ausf\u00fcllen dieses Formulars haben, bitten wir Sie: <a href=\"\/contact-us\/\">Kontaktieren Sie uns.<\/a> Unser Team hilft Ihnen gern weiter.<\/p>\t\t\t\t\t\t\t\t<\/div>\n\t\t\t\t<\/div>\n\t\t\t\t<\/div>\n\t\t\t\t\t<\/div>\n\t\t\t\t<\/div>\n\t\t<div class=\"elementor-element elementor-element-cee9f62 e-con-full e-flex e-con e-parent\" data-id=\"cee9f62\" data-element_type=\"container\" data-e-type=\"container\" data-settings=\"{&quot;background_background&quot;:&quot;classic&quot;}\">\n\t\t<div class=\"elementor-element elementor-element-bbc1dc8 e-flex e-con-boxed e-con e-child\" data-id=\"bbc1dc8\" data-element_type=\"container\" data-e-type=\"container\" data-settings=\"{&quot;background_background&quot;:&quot;classic&quot;}\">\n\t\t\t\t\t<div class=\"e-con-inner\">\n\t\t<div class=\"elementor-element elementor-element-6ab6563 e-con-full e-flex e-con e-child\" data-id=\"6ab6563\" data-element_type=\"container\" data-e-type=\"container\">\n\t\t<div class=\"elementor-element elementor-element-a02b9ae e-con-full e-flex e-con e-child\" data-id=\"a02b9ae\" data-element_type=\"container\" data-e-type=\"container\">\n\t\t\t\t<div class=\"elementor-element elementor-element-a669b1f elementor-invisible elementor-widget__width-inherit animated-fast elementor-widget elementor-widget-heading\" data-id=\"a669b1f\" data-element_type=\"widget\" data-e-type=\"widget\" data-settings=\"{&quot;_animation&quot;:&quot;fadeIn&quot;}\" data-widget_type=\"heading.default\">\n\t\t\t\t\t<h2 class=\"elementor-heading-title elementor-size-default\">\u00dcberblick zu <span class=\"color-accent-4\">Fundraising-M\u00f6glichkeiten<\/span><\/h2>\t\t\t\t<\/div>\n\t\t\t\t<\/div>\n\t\t\t\t<\/div>\n\t\t<div class=\"elementor-element elementor-element-5ae3a4f elementor-invisible animated-fast e-con-full e-flex e-con e-child\" data-id=\"5ae3a4f\" data-element_type=\"container\" data-e-type=\"container\" data-settings=\"{&quot;animation&quot;:&quot;fadeIn&quot;,&quot;animation_delay&quot;:50,&quot;background_background&quot;:&quot;classic&quot;}\">\n\t\t<div class=\"elementor-element elementor-element-dd43b83 elementor-invisible e-con-full animated-fast e-flex e-con e-child\" data-id=\"dd43b83\" data-element_type=\"container\" data-e-type=\"container\" data-settings=\"{&quot;animation&quot;:&quot;slideInUp&quot;,&quot;animation_delay&quot;:0,&quot;background_background&quot;:&quot;classic&quot;}\">\n\t\t<div class=\"elementor-element elementor-element-e1a5a0c e-con-full e-flex e-con e-child\" data-id=\"e1a5a0c\" data-element_type=\"container\" data-e-type=\"container\" data-settings=\"{&quot;background_background&quot;:&quot;classic&quot;}\">\n\t\t\t\t<div class=\"elementor-element elementor-element-cc5b21e elementor-widget elementor-widget-heading\" data-id=\"cc5b21e\" data-element_type=\"widget\" data-e-type=\"widget\" data-widget_type=\"heading.default\">\n\t\t\t\t\t<h5 class=\"elementor-heading-title elementor-size-default\">Kapitalbeschaffung mit Schweizer Immobilienanteilen<\/h5>\t\t\t\t<\/div>\n\t\t\t\t<\/div>\n\t\t<div class=\"elementor-element elementor-element-b949d32 e-con-full e-flex e-con e-child\" data-id=\"b949d32\" data-element_type=\"container\" data-e-type=\"container\" data-settings=\"{&quot;background_background&quot;:&quot;classic&quot;}\">\n\t\t\t\t<div class=\"elementor-element elementor-element-5d4d0a5 elementor-widget elementor-widget-text-editor\" data-id=\"5d4d0a5\" data-element_type=\"widget\" data-e-type=\"widget\" data-widget_type=\"text-editor.default\">\n\t\t\t\t\t\t\t\t\t<p>Verwandeln Sie Ihre Immobilie in eine Anlagechance. Gewinnen Sie private und institutionelle Investoren und bieten Sie rechtlich anerkannte Anteile an \u2013 bei voller Kontrolle \u00fcber Ihr Projekt. Unser Sekund\u00e4rmarkt schafft zus\u00e4tzliche Liquidit\u00e4t und unterst\u00fctzt Sie dabei, zu wachsen, zu renovieren oder zu expandieren. CapiWell demokratisiert den Zugang zu vertrauensw\u00fcrdigem, ESG-orientiertem Privatkapital und bringt Entwickler und Investoren zusammen \u2013 f\u00fcr einen st\u00e4rkeren, nachhaltigeren Immobilienmarkt.<\/p>\t\t\t\t\t\t\t\t<\/div>\n\t\t\t\t<\/div>\n\t\t\t\t<\/div>\n\t\t<div class=\"elementor-element elementor-element-3968de3 elementor-invisible e-con-full animated-fast e-flex e-con e-child\" data-id=\"3968de3\" data-element_type=\"container\" data-e-type=\"container\" data-settings=\"{&quot;animation&quot;:&quot;slideInUp&quot;,&quot;animation_delay&quot;:0,&quot;background_background&quot;:&quot;classic&quot;}\">\n\t\t<div class=\"elementor-element elementor-element-25e9818 e-con-full e-flex e-con e-child\" data-id=\"25e9818\" data-element_type=\"container\" data-e-type=\"container\" data-settings=\"{&quot;background_background&quot;:&quot;classic&quot;}\">\n\t\t\t\t<div class=\"elementor-element elementor-element-7ad9e4c elementor-widget elementor-widget-heading\" data-id=\"7ad9e4c\" data-element_type=\"widget\" data-e-type=\"widget\" data-widget_type=\"heading.default\">\n\t\t\t\t\t<h5 class=\"elementor-heading-title elementor-size-default\">Finanzierung f\u00fcr Ihr Start-up in der Wachstumsphase<\/h5>\t\t\t\t<\/div>\n\t\t\t\t<\/div>\n\t\t<div class=\"elementor-element elementor-element-49cd042 e-con-full e-flex e-con e-child\" data-id=\"49cd042\" data-element_type=\"container\" data-e-type=\"container\" data-settings=\"{&quot;background_background&quot;:&quot;classic&quot;}\">\n\t\t\t\t<div class=\"elementor-element elementor-element-0a927c7 elementor-widget elementor-widget-text-editor\" data-id=\"0a927c7\" data-element_type=\"widget\" data-e-type=\"widget\" data-widget_type=\"text-editor.default\">\n\t\t\t\t\t\t\t\t\t<p>Skalieren Sie mit mission-orientierten Investoren, die Ihre Vision tragen. Sichern Sie Finanzierung f\u00fcr Produktentwicklung, Marktausbau oder operatives Wachstum und bauen Sie langfristige Partnerschaften auf. CapiWell \u00f6ffnet den Zugang zu vertrauensw\u00fcrdigem, ESG-orientiertem Privatkapital und verbindet Gr\u00fcnderinnen und Gr\u00fcnder mit Investoren, die Innovation in Wirkung verwandeln.<\/p>\t\t\t\t\t\t\t\t<\/div>\n\t\t\t\t<\/div>\n\t\t\t\t<\/div>\n\t\t<div class=\"elementor-element elementor-element-14f4128 elementor-invisible e-con-full animated-fast e-flex e-con e-child\" data-id=\"14f4128\" data-element_type=\"container\" data-e-type=\"container\" data-settings=\"{&quot;animation&quot;:&quot;slideInUp&quot;,&quot;animation_delay&quot;:0,&quot;background_background&quot;:&quot;classic&quot;}\">\n\t\t<div class=\"elementor-element elementor-element-f8b1a0c e-con-full e-flex e-con e-child\" data-id=\"f8b1a0c\" data-element_type=\"container\" data-e-type=\"container\" data-settings=\"{&quot;background_background&quot;:&quot;classic&quot;}\">\n\t\t\t\t<div class=\"elementor-element elementor-element-49cc134 elementor-widget elementor-widget-heading\" data-id=\"49cc134\" data-element_type=\"widget\" data-e-type=\"widget\" data-widget_type=\"heading.default\">\n\t\t\t\t\t<h5 class=\"elementor-heading-title elementor-size-default\">Zugang zu schneller, flexibler KMU-Finanzierung<\/h5>\t\t\t\t<\/div>\n\t\t\t\t<\/div>\n\t\t<div class=\"elementor-element elementor-element-624f45a e-con-full e-flex e-con e-child\" data-id=\"624f45a\" data-element_type=\"container\" data-e-type=\"container\" data-settings=\"{&quot;background_background&quot;:&quot;classic&quot;}\">\n\t\t\t\t<div class=\"elementor-element elementor-element-af80df0 elementor-widget elementor-widget-text-editor\" data-id=\"af80df0\" data-element_type=\"widget\" data-e-type=\"widget\" data-widget_type=\"text-editor.default\">\n\t\t\t\t\t\t\t\t\t<p>Sichern Sie kurzfristige Mittel von privaten und institutionellen Kreditgebern. Finanzieren Sie Auftr\u00e4ge vor, stabilisieren Sie den Cashflow und decken Sie operativen Bedarf mit strukturierten R\u00fcckzahlungspl\u00e4nen. CapiWell \u00f6ffnet den Zugang zu vertrauensw\u00fcrdigem, ESG-orientiertem Privatkapital und st\u00e4rkt gemeinsam mit Unternehmen und Investoren das R\u00fcckgrat der Schweizer Wirtschaft.<\/p>\t\t\t\t\t\t\t\t<\/div>\n\t\t\t\t<\/div>\n\t\t\t\t<\/div>\n\t\t<div class=\"elementor-element elementor-element-ddc08f5 elementor-invisible e-con-full animated-fast e-flex e-con e-child\" data-id=\"ddc08f5\" data-element_type=\"container\" data-e-type=\"container\" data-settings=\"{&quot;animation&quot;:&quot;slideInUp&quot;,&quot;animation_delay&quot;:0,&quot;background_background&quot;:&quot;classic&quot;}\">\n\t\t<div class=\"elementor-element elementor-element-a39bc5b e-con-full e-flex e-con e-child\" data-id=\"a39bc5b\" data-element_type=\"container\" data-e-type=\"container\" data-settings=\"{&quot;background_background&quot;:&quot;classic&quot;}\">\n\t\t\t\t<div class=\"elementor-element elementor-element-f4298f1 elementor-widget elementor-widget-heading\" data-id=\"f4298f1\" data-element_type=\"widget\" data-e-type=\"widget\" data-widget_type=\"heading.default\">\n\t\t\t\t\t<h5 class=\"elementor-heading-title elementor-size-default\">Privatkredit direkt erhalten<\/h5>\t\t\t\t<\/div>\n\t\t\t\t<\/div>\n\t\t<div class=\"elementor-element elementor-element-56eb7c0 e-con-full e-flex e-con e-child\" data-id=\"56eb7c0\" data-element_type=\"container\" data-e-type=\"container\" data-settings=\"{&quot;background_background&quot;:&quot;classic&quot;}\">\n\t\t\t\t<div class=\"elementor-element elementor-element-d95872f elementor-widget elementor-widget-text-editor\" data-id=\"d95872f\" data-element_type=\"widget\" data-e-type=\"widget\" data-widget_type=\"text-editor.default\">\n\t\t\t\t\t\t\t\t\t<p>Greifen Sie schnell, transparent und diskret auf pers\u00f6nliche Finanzierungen zu. Treten Sie direkt mit privaten Kreditgebern in Kontakt, sichern Sie sich wettbewerbsf\u00e4hige Zinss\u00e4tze und klare Konditionen ohne Umwege. CapiWell \u00f6ffnet den Zugang zu vertrauensw\u00fcrdigem, ESG-orientiertem Privatkapital und erm\u00f6glicht Kreditnehmenden und Anlegenden, ihre finanziellen Ziele zu erreichen und zugleich ein faireres Vergabesystem zu unterst\u00fctzen.<\/p>\t\t\t\t\t\t\t\t<\/div>\n\t\t\t\t<\/div>\n\t\t\t\t<\/div>\n\t\t<div class=\"elementor-element elementor-element-7790831 elementor-invisible e-con-full animated-fast e-flex e-con e-child\" data-id=\"7790831\" data-element_type=\"container\" data-e-type=\"container\" data-settings=\"{&quot;animation&quot;:&quot;slideInUp&quot;,&quot;animation_delay&quot;:0,&quot;background_background&quot;:&quot;classic&quot;}\">\n\t\t<div class=\"elementor-element elementor-element-f48ecae e-con-full e-flex e-con e-child\" data-id=\"f48ecae\" data-element_type=\"container\" data-e-type=\"container\" data-settings=\"{&quot;background_background&quot;:&quot;classic&quot;}\">\n\t\t\t\t<div class=\"elementor-element elementor-element-d52c8aa elementor-widget elementor-widget-heading\" data-id=\"d52c8aa\" data-element_type=\"widget\" data-e-type=\"widget\" data-widget_type=\"heading.default\">\n\t\t\t\t\t<h5 class=\"elementor-heading-title elementor-size-default\">Starten Sie Ihr akademisches Spin-Off<\/h5>\t\t\t\t<\/div>\n\t\t\t\t<\/div>\n\t\t<div class=\"elementor-element elementor-element-cd8943d e-con-full e-flex e-con e-child\" data-id=\"cd8943d\" data-element_type=\"container\" data-e-type=\"container\" data-settings=\"{&quot;background_background&quot;:&quot;classic&quot;}\">\n\t\t\t\t<div class=\"elementor-element elementor-element-d5d9f99 elementor-widget elementor-widget-text-editor\" data-id=\"d5d9f99\" data-element_type=\"widget\" data-e-type=\"widget\" data-widget_type=\"text-editor.default\">\n\t\t\t\t\t\t\t\t\t<p>Bringen Sie Forschung in die Anwendung. Beschaffen Sie Mittel f\u00fcr Ihr Spin-off, gewinnen Sie F\u00f6rdermittel und Spenden und sichern Sie sich Investoren, um Innovationen in den Markt zu tragen. CapiWell \u00f6ffnet den Zugang zu vertrauensw\u00fcrdigem, ESG-orientiertem Privatkapital und verbindet akademische Gr\u00fcnderinnen und Gr\u00fcnder mit Investoren \u2013 f\u00fcr Ideen, die der Gesellschaft sp\u00fcrbar n\u00fctzen.<\/p>\t\t\t\t\t\t\t\t<\/div>\n\t\t\t\t<\/div>\n\t\t\t\t<\/div>\n\t\t\t\t<\/div>\n\t\t<div class=\"elementor-element elementor-element-7d49580 e-con-full e-flex e-con e-child\" data-id=\"7d49580\" data-element_type=\"container\" data-e-type=\"container\">\n\t\t\t\t<\/div>\n\t\t\t\t\t<\/div>\n\t\t\t\t<\/div>\n\t\t\t\t<\/div>\n\t\t\t\t<\/div>","protected":false},"excerpt":{"rendered":"<p>Wir freuen uns darauf, mehr \u00fcber Ihre finanziellen Ziele zu erfahren.<\/p>","protected":false},"author":2,"featured_media":0,"parent":0,"menu_order":0,"comment_status":"closed","ping_status":"closed","template":"","meta":{"footnotes":""},"categories":[],"class_list":["post-990130","page","type-page","status-publish","hentry"],"_links":{"self":[{"href":"https:\/\/capiwell.ch\/de\/wp-json\/wp\/v2\/pages\/990130","targetHints":{"allow":["GET"]}}],"collection":[{"href":"https:\/\/capiwell.ch\/de\/wp-json\/wp\/v2\/pages"}],"about":[{"href":"https:\/\/capiwell.ch\/de\/wp-json\/wp\/v2\/types\/page"}],"author":[{"embeddable":true,"href":"https:\/\/capiwell.ch\/de\/wp-json\/wp\/v2\/users\/2"}],"replies":[{"embeddable":true,"href":"https:\/\/capiwell.ch\/de\/wp-json\/wp\/v2\/comments?post=990130"}],"version-history":[{"count":34,"href":"https:\/\/capiwell.ch\/de\/wp-json\/wp\/v2\/pages\/990130\/revisions"}],"predecessor-version":[{"id":991357,"href":"https:\/\/capiwell.ch\/de\/wp-json\/wp\/v2\/pages\/990130\/revisions\/991357"}],"wp:attachment":[{"href":"https:\/\/capiwell.ch\/de\/wp-json\/wp\/v2\/media?parent=990130"}],"wp:term":[{"taxonomy":"category","embeddable":true,"href":"https:\/\/capiwell.ch\/de\/wp-json\/wp\/v2\/categories?post=990130"}],"curies":[{"name":"wp","href":"https:\/\/api.w.org\/{rel}","templated":true}]}}