{"id":989955,"date":"2025-09-22T07:33:33","date_gmt":"2025-09-22T07:33:33","guid":{"rendered":"https:\/\/capiwell.ch\/?page_id=989955"},"modified":"2026-01-24T12:03:13","modified_gmt":"2026-01-24T12:03:13","slug":"logistik-und-mobilitat","status":"publish","type":"page","link":"https:\/\/capiwell.ch\/de\/logistik-und-mobilitat\/","title":{"rendered":"Logistik und Mobilit\u00e4t"},"content":{"rendered":"<div data-elementor-type=\"wp-page\" data-elementor-id=\"989955\" class=\"elementor elementor-989955\" data-elementor-post-type=\"page\">\n\t\t\t\t<div class=\"elementor-element elementor-element-0ebc58f parent-div e-flex e-con-boxed e-con e-parent\" data-id=\"0ebc58f\" data-element_type=\"container\" data-e-type=\"container\">\n\t\t\t\t\t<div class=\"e-con-inner\">\n\t\t<div class=\"elementor-element elementor-element-37af341 e-con-full e-flex e-con e-child\" data-id=\"37af341\" data-element_type=\"container\" data-e-type=\"container\">\n\t\t\t\t<div class=\"elementor-element elementor-element-9d3fdf4 elementor-widget elementor-widget-text-editor\" data-id=\"9d3fdf4\" data-element_type=\"widget\" data-e-type=\"widget\" data-widget_type=\"text-editor.default\">\n\t\t\t\t\t\t\t\t\t<p>F\u00fcr Investoren bieten Logistik und Mobilit\u00e4t solide Chancen, zumal der globale Handel und der nachhaltige Transport f\u00fcr den wirtschaftlichen Fortschritt von zentraler Bedeutung sind. Unternehmer in der Schweiz haben Zugang zu einer Infrastruktur von Weltklasse und genie\u00dfen einen guten Ruf in Sachen Effizienz.<\/p>\t\t\t\t\t\t\t\t<\/div>\n\t\t\t\t<\/div>\n\t\t<div class=\"elementor-element elementor-element-20abdb1 e-con-full e-flex e-con e-child\" data-id=\"20abdb1\" data-element_type=\"container\" data-e-type=\"container\">\n\t\t\t\t<div class=\"elementor-element elementor-element-824e4c7 elementor-widget elementor-widget-image\" data-id=\"824e4c7\" data-element_type=\"widget\" data-e-type=\"widget\" data-widget_type=\"image.default\">\n\t\t\t\t\t\t\t\t\t\t\t\t\t\t\t<img fetchpriority=\"high\" decoding=\"async\" width=\"1024\" height=\"555\" src=\"https:\/\/capiwell.ch\/wp-content\/uploads\/2025\/09\/logistics-and-mobility-01-1024x555.jpg\" class=\"attachment-large size-large wp-image-988661\" alt=\"\" srcset=\"https:\/\/capiwell.ch\/wp-content\/uploads\/2025\/09\/logistics-and-mobility-01-1024x555.jpg 1024w, https:\/\/capiwell.ch\/wp-content\/uploads\/2025\/09\/logistics-and-mobility-01-300x163.jpg 300w, https:\/\/capiwell.ch\/wp-content\/uploads\/2025\/09\/logistics-and-mobility-01-768x416.jpg 768w, https:\/\/capiwell.ch\/wp-content\/uploads\/2025\/09\/logistics-and-mobility-01-1536x832.jpg 1536w, https:\/\/capiwell.ch\/wp-content\/uploads\/2025\/09\/logistics-and-mobility-01-18x10.jpg 18w, https:\/\/capiwell.ch\/wp-content\/uploads\/2025\/09\/logistics-and-mobility-01.jpg 1600w\" sizes=\"(max-width: 1024px) 100vw, 1024px\" \/>\t\t\t\t\t\t\t\t\t\t\t\t\t\t\t<\/div>\n\t\t\t\t<\/div>\n\t\t\t\t\t<\/div>\n\t\t\t\t<\/div>\n\t\t<div class=\"elementor-element elementor-element-d32651f e-flex e-con-boxed e-con e-parent\" data-id=\"d32651f\" data-element_type=\"container\" data-e-type=\"container\">\n\t\t\t\t\t<div class=\"e-con-inner\">\n\t\t<div class=\"elementor-element elementor-element-db1e354 e-con-full e-flex e-con e-child\" data-id=\"db1e354\" data-element_type=\"container\" data-e-type=\"container\">\n\t\t\t\t<div class=\"elementor-element elementor-element-d78e91b elementor-widget elementor-widget-image\" data-id=\"d78e91b\" data-element_type=\"widget\" data-e-type=\"widget\" data-widget_type=\"image.default\">\n\t\t\t\t\t\t\t\t\t\t\t\t\t\t\t<img decoding=\"async\" width=\"1024\" height=\"555\" src=\"https:\/\/capiwell.ch\/wp-content\/uploads\/2025\/09\/logistics-and-mobility-02-1024x555.jpg\" class=\"attachment-large size-large wp-image-988662\" alt=\"\" srcset=\"https:\/\/capiwell.ch\/wp-content\/uploads\/2025\/09\/logistics-and-mobility-02-1024x555.jpg 1024w, https:\/\/capiwell.ch\/wp-content\/uploads\/2025\/09\/logistics-and-mobility-02-300x163.jpg 300w, https:\/\/capiwell.ch\/wp-content\/uploads\/2025\/09\/logistics-and-mobility-02-768x416.jpg 768w, https:\/\/capiwell.ch\/wp-content\/uploads\/2025\/09\/logistics-and-mobility-02-1536x832.jpg 1536w, https:\/\/capiwell.ch\/wp-content\/uploads\/2025\/09\/logistics-and-mobility-02-18x10.jpg 18w, https:\/\/capiwell.ch\/wp-content\/uploads\/2025\/09\/logistics-and-mobility-02.jpg 1600w\" sizes=\"(max-width: 1024px) 100vw, 1024px\" \/>\t\t\t\t\t\t\t\t\t\t\t\t\t\t\t<\/div>\n\t\t\t\t<\/div>\n\t\t<div class=\"elementor-element elementor-element-1010ca3 e-con-full e-flex e-con e-child\" data-id=\"1010ca3\" data-element_type=\"container\" data-e-type=\"container\">\n\t\t\t\t<div class=\"elementor-element elementor-element-25a76bc elementor-widget elementor-widget-text-editor\" data-id=\"25a76bc\" data-element_type=\"widget\" data-e-type=\"widget\" data-widget_type=\"text-editor.default\">\n\t\t\t\t\t\t\t\t\t<p>Wir setzen uns daf\u00fcr ein, diese Neuerfindung voranzutreiben. Indem wir Investoren mit Logistik- und Mobilit\u00e4ts-Start-ups zusammenbringen, stellt unsere Plattform sicher, dass die Schweiz bei der effizienten und nachhaltigen Bef\u00f6rderung von Personen und G\u00fctern f\u00fchrend bleibt.<\/p>\t\t\t\t\t\t\t\t<\/div>\n\t\t\t\t<\/div>\n\t\t\t\t\t<\/div>\n\t\t\t\t<\/div>\n\t\t\t\t<\/div>","protected":false},"excerpt":{"rendered":"<p>Die geografische Lage der Schweiz im Herzen Europas hat sie zu einem logistischen Kraftzentrum gemacht. Jetzt erfinden Start-ups die Mobilit\u00e4t und die Lieferketten neu - mit nachhaltigen, technologiegest\u00fctzten L\u00f6sungen, die den Transport schneller, sauberer und intelligenter machen.<\/p>","protected":false},"author":2,"featured_media":989535,"parent":0,"menu_order":0,"comment_status":"closed","ping_status":"closed","template":"","meta":{"footnotes":""},"categories":[62],"class_list":["post-989955","page","type-page","status-publish","has-post-thumbnail","hentry","category-logistics-and-mobility"],"_links":{"self":[{"href":"https:\/\/capiwell.ch\/de\/wp-json\/wp\/v2\/pages\/989955","targetHints":{"allow":["GET"]}}],"collection":[{"href":"https:\/\/capiwell.ch\/de\/wp-json\/wp\/v2\/pages"}],"about":[{"href":"https:\/\/capiwell.ch\/de\/wp-json\/wp\/v2\/types\/page"}],"author":[{"embeddable":true,"href":"https:\/\/capiwell.ch\/de\/wp-json\/wp\/v2\/users\/2"}],"replies":[{"embeddable":true,"href":"https:\/\/capiwell.ch\/de\/wp-json\/wp\/v2\/comments?post=989955"}],"version-history":[{"count":9,"href":"https:\/\/capiwell.ch\/de\/wp-json\/wp\/v2\/pages\/989955\/revisions"}],"predecessor-version":[{"id":991775,"href":"https:\/\/capiwell.ch\/de\/wp-json\/wp\/v2\/pages\/989955\/revisions\/991775"}],"wp:featuredmedia":[{"embeddable":true,"href":"https:\/\/capiwell.ch\/de\/wp-json\/wp\/v2\/media\/989535"}],"wp:attachment":[{"href":"https:\/\/capiwell.ch\/de\/wp-json\/wp\/v2\/media?parent=989955"}],"wp:term":[{"taxonomy":"category","embeddable":true,"href":"https:\/\/capiwell.ch\/de\/wp-json\/wp\/v2\/categories?post=989955"}],"curies":[{"name":"wp","href":"https:\/\/api.w.org\/{rel}","templated":true}]}}