{"id":989948,"date":"2025-09-22T07:31:37","date_gmt":"2025-09-22T07:31:37","guid":{"rendered":"https:\/\/capiwell.ch\/?page_id=989948"},"modified":"2026-01-24T14:11:18","modified_gmt":"2026-01-24T14:11:18","slug":"edtech","status":"publish","type":"page","link":"https:\/\/capiwell.ch\/de\/edtech\/","title":{"rendered":"EdTech"},"content":{"rendered":"<div data-elementor-type=\"wp-page\" data-elementor-id=\"989948\" class=\"elementor elementor-989948\" data-elementor-post-type=\"page\">\n\t\t\t\t<div class=\"elementor-element elementor-element-6d4c5f3 parent-div e-flex e-con-boxed e-con e-parent\" data-id=\"6d4c5f3\" data-element_type=\"container\" data-e-type=\"container\">\n\t\t\t\t\t<div class=\"e-con-inner\">\n\t\t<div class=\"elementor-element elementor-element-32c3376 e-con-full e-flex e-con e-child\" data-id=\"32c3376\" data-element_type=\"container\" data-e-type=\"container\">\n\t\t\t\t<div class=\"elementor-element elementor-element-6f1f2a6 elementor-widget elementor-widget-text-editor\" data-id=\"6f1f2a6\" data-element_type=\"widget\" data-e-type=\"widget\" data-widget_type=\"text-editor.default\">\n\t\t\t\t\t\t\t\t\t<p><span style=\"font-weight: 400;\">F\u00fcr Investoren ist dies ein Sektor, in dem gesellschaftlicher Nutzen und finanzielle Rendite perfekt zusammenpassen. Unternehmer profitieren vom guten Ruf der Schweiz im Bildungsbereich, der eine gute Grundlage f\u00fcr die internationale Expansion bietet.<\/span><\/p>\t\t\t\t\t\t\t\t<\/div>\n\t\t\t\t<\/div>\n\t\t<div class=\"elementor-element elementor-element-63d36e7 e-con-full e-flex e-con e-child\" data-id=\"63d36e7\" data-element_type=\"container\" data-e-type=\"container\">\n\t\t\t\t<div class=\"elementor-element elementor-element-9d8a472 elementor-widget elementor-widget-image\" data-id=\"9d8a472\" data-element_type=\"widget\" data-e-type=\"widget\" data-widget_type=\"image.default\">\n\t\t\t\t\t\t\t\t\t\t\t\t\t\t\t<img fetchpriority=\"high\" decoding=\"async\" width=\"1024\" height=\"555\" src=\"https:\/\/capiwell.ch\/wp-content\/uploads\/2025\/09\/EdTech-01-1024x555.jpg\" class=\"attachment-large size-large wp-image-988654\" alt=\"\" srcset=\"https:\/\/capiwell.ch\/wp-content\/uploads\/2025\/09\/EdTech-01-1024x555.jpg 1024w, https:\/\/capiwell.ch\/wp-content\/uploads\/2025\/09\/EdTech-01-300x163.jpg 300w, https:\/\/capiwell.ch\/wp-content\/uploads\/2025\/09\/EdTech-01-768x416.jpg 768w, https:\/\/capiwell.ch\/wp-content\/uploads\/2025\/09\/EdTech-01-1536x832.jpg 1536w, https:\/\/capiwell.ch\/wp-content\/uploads\/2025\/09\/EdTech-01-18x10.jpg 18w, https:\/\/capiwell.ch\/wp-content\/uploads\/2025\/09\/EdTech-01.jpg 1600w\" sizes=\"(max-width: 1024px) 100vw, 1024px\" \/>\t\t\t\t\t\t\t\t\t\t\t\t\t\t\t<\/div>\n\t\t\t\t<\/div>\n\t\t\t\t\t<\/div>\n\t\t\t\t<\/div>\n\t\t<div class=\"elementor-element elementor-element-3930079 e-flex e-con-boxed e-con e-parent\" data-id=\"3930079\" data-element_type=\"container\" data-e-type=\"container\">\n\t\t\t\t\t<div class=\"e-con-inner\">\n\t\t<div class=\"elementor-element elementor-element-db0d571 e-con-full e-flex e-con e-child\" data-id=\"db0d571\" data-element_type=\"container\" data-e-type=\"container\">\n\t\t\t\t<div class=\"elementor-element elementor-element-d1d5206 elementor-widget elementor-widget-image\" data-id=\"d1d5206\" data-element_type=\"widget\" data-e-type=\"widget\" data-widget_type=\"image.default\">\n\t\t\t\t\t\t\t\t\t\t\t\t\t\t\t<img decoding=\"async\" width=\"1024\" height=\"555\" src=\"https:\/\/capiwell.ch\/wp-content\/uploads\/2025\/09\/EdTech-02-1024x555.jpg\" class=\"attachment-large size-large wp-image-988655\" alt=\"\" srcset=\"https:\/\/capiwell.ch\/wp-content\/uploads\/2025\/09\/EdTech-02-1024x555.jpg 1024w, https:\/\/capiwell.ch\/wp-content\/uploads\/2025\/09\/EdTech-02-300x163.jpg 300w, https:\/\/capiwell.ch\/wp-content\/uploads\/2025\/09\/EdTech-02-768x416.jpg 768w, https:\/\/capiwell.ch\/wp-content\/uploads\/2025\/09\/EdTech-02-1536x832.jpg 1536w, https:\/\/capiwell.ch\/wp-content\/uploads\/2025\/09\/EdTech-02-18x10.jpg 18w, https:\/\/capiwell.ch\/wp-content\/uploads\/2025\/09\/EdTech-02.jpg 1600w\" sizes=\"(max-width: 1024px) 100vw, 1024px\" \/>\t\t\t\t\t\t\t\t\t\t\t\t\t\t\t<\/div>\n\t\t\t\t<\/div>\n\t\t<div class=\"elementor-element elementor-element-1f36362 e-con-full e-flex e-con e-child\" data-id=\"1f36362\" data-element_type=\"container\" data-e-type=\"container\">\n\t\t\t\t<div class=\"elementor-element elementor-element-9b723ca elementor-widget elementor-widget-text-editor\" data-id=\"9b723ca\" data-element_type=\"widget\" data-e-type=\"widget\" data-widget_type=\"text-editor.default\">\n\t\t\t\t\t\t\t\t\t<p><span style=\"font-weight: 400;\">Unsere Plattform verbindet Kapital mit Visionen. Indem wir EdTech-Startups unterst\u00fctzen, helfen wir der Schweiz, an der Spitze der globalen Bildungsinnovation zu bleiben und sicherzustellen, dass k\u00fcnftige Generationen in einer digitalisierten Welt gedeihen.<\/span><\/p>\t\t\t\t\t\t\t\t<\/div>\n\t\t\t\t<\/div>\n\t\t\t\t\t<\/div>\n\t\t\t\t<\/div>\n\t\t\t\t<\/div>","protected":false},"excerpt":{"rendered":"<p>Bildung ist einer der st\u00e4rksten Tr\u00fcmpfe der Schweiz, mit Universit\u00e4ten und Institutionen, die zu den besten der Welt geh\u00f6ren. EdTech-Startups bringen digitale Innovationen in dieses \u00d6kosystem ein, indem sie KI und fortschrittliche Plattformen nutzen, um das Lernen individueller und zug\u00e4nglicher zu machen.<\/p>","protected":false},"author":2,"featured_media":989577,"parent":0,"menu_order":0,"comment_status":"closed","ping_status":"closed","template":"","meta":{"footnotes":""},"categories":[61],"class_list":["post-989948","page","type-page","status-publish","has-post-thumbnail","hentry","category-edtech"],"_links":{"self":[{"href":"https:\/\/capiwell.ch\/de\/wp-json\/wp\/v2\/pages\/989948","targetHints":{"allow":["GET"]}}],"collection":[{"href":"https:\/\/capiwell.ch\/de\/wp-json\/wp\/v2\/pages"}],"about":[{"href":"https:\/\/capiwell.ch\/de\/wp-json\/wp\/v2\/types\/page"}],"author":[{"embeddable":true,"href":"https:\/\/capiwell.ch\/de\/wp-json\/wp\/v2\/users\/2"}],"replies":[{"embeddable":true,"href":"https:\/\/capiwell.ch\/de\/wp-json\/wp\/v2\/comments?post=989948"}],"version-history":[{"count":8,"href":"https:\/\/capiwell.ch\/de\/wp-json\/wp\/v2\/pages\/989948\/revisions"}],"predecessor-version":[{"id":991667,"href":"https:\/\/capiwell.ch\/de\/wp-json\/wp\/v2\/pages\/989948\/revisions\/991667"}],"wp:featuredmedia":[{"embeddable":true,"href":"https:\/\/capiwell.ch\/de\/wp-json\/wp\/v2\/media\/989577"}],"wp:attachment":[{"href":"https:\/\/capiwell.ch\/de\/wp-json\/wp\/v2\/media?parent=989948"}],"wp:term":[{"taxonomy":"category","embeddable":true,"href":"https:\/\/capiwell.ch\/de\/wp-json\/wp\/v2\/categories?post=989948"}],"curies":[{"name":"wp","href":"https:\/\/api.w.org\/{rel}","templated":true}]}}