{"id":989942,"date":"2025-09-22T07:29:57","date_gmt":"2025-09-22T07:29:57","guid":{"rendered":"https:\/\/capiwell.ch\/?page_id=989942"},"modified":"2026-01-24T13:52:50","modified_gmt":"2026-01-24T13:52:50","slug":"proptech-und-intelligente-stadte","status":"publish","type":"page","link":"https:\/\/capiwell.ch\/de\/proptech-und-intelligente-stadte\/","title":{"rendered":"PropTech &amp; Smart Cities"},"content":{"rendered":"<div data-elementor-type=\"wp-page\" data-elementor-id=\"989942\" class=\"elementor elementor-989942\" data-elementor-post-type=\"page\">\n\t\t\t\t<div class=\"elementor-element elementor-element-1e93306 parent-div e-flex e-con-boxed e-con e-parent\" data-id=\"1e93306\" data-element_type=\"container\" data-e-type=\"container\">\n\t\t\t\t\t<div class=\"e-con-inner\">\n\t\t<div class=\"elementor-element elementor-element-01054b8 e-con-full e-flex e-con e-child\" data-id=\"01054b8\" data-element_type=\"container\" data-e-type=\"container\">\n\t\t\t\t<div class=\"elementor-element elementor-element-acf5db6 elementor-widget elementor-widget-text-editor\" data-id=\"acf5db6\" data-element_type=\"widget\" data-e-type=\"widget\" data-widget_type=\"text-editor.default\">\n\t\t\t\t\t\t\t\t\t<p><span style=\"font-weight: 400;\">Investoren sehen in diesem Sektor eine einzigartige Mischung aus Stabilit\u00e4t und Innovation. Unternehmer profitieren von den fortschrittlichen Stadtverwaltungen der Schweiz und der starken Nachfrage nach einem intelligenteren, nachhaltigeren urbanen Leben.<\/span><\/p>\t\t\t\t\t\t\t\t<\/div>\n\t\t\t\t<\/div>\n\t\t<div class=\"elementor-element elementor-element-b50e783 e-con-full e-flex e-con e-child\" data-id=\"b50e783\" data-element_type=\"container\" data-e-type=\"container\">\n\t\t\t\t<div class=\"elementor-element elementor-element-0902902 elementor-widget elementor-widget-image\" data-id=\"0902902\" data-element_type=\"widget\" data-e-type=\"widget\" data-widget_type=\"image.default\">\n\t\t\t\t\t\t\t\t\t\t\t\t\t\t\t<img fetchpriority=\"high\" decoding=\"async\" width=\"1024\" height=\"555\" src=\"https:\/\/capiwell.ch\/wp-content\/uploads\/2025\/09\/proptech-and-smart-cities-01-1024x555.jpg\" class=\"attachment-large size-large wp-image-988646\" alt=\"\" srcset=\"https:\/\/capiwell.ch\/wp-content\/uploads\/2025\/09\/proptech-and-smart-cities-01-1024x555.jpg 1024w, https:\/\/capiwell.ch\/wp-content\/uploads\/2025\/09\/proptech-and-smart-cities-01-300x163.jpg 300w, https:\/\/capiwell.ch\/wp-content\/uploads\/2025\/09\/proptech-and-smart-cities-01-768x416.jpg 768w, https:\/\/capiwell.ch\/wp-content\/uploads\/2025\/09\/proptech-and-smart-cities-01-1536x832.jpg 1536w, https:\/\/capiwell.ch\/wp-content\/uploads\/2025\/09\/proptech-and-smart-cities-01-18x10.jpg 18w, https:\/\/capiwell.ch\/wp-content\/uploads\/2025\/09\/proptech-and-smart-cities-01.jpg 1600w\" sizes=\"(max-width: 1024px) 100vw, 1024px\" \/>\t\t\t\t\t\t\t\t\t\t\t\t\t\t\t<\/div>\n\t\t\t\t<\/div>\n\t\t\t\t\t<\/div>\n\t\t\t\t<\/div>\n\t\t<div class=\"elementor-element elementor-element-c07caa5 e-flex e-con-boxed e-con e-parent\" data-id=\"c07caa5\" data-element_type=\"container\" data-e-type=\"container\">\n\t\t\t\t\t<div class=\"e-con-inner\">\n\t\t<div class=\"elementor-element elementor-element-8ee3c55 e-con-full e-flex e-con e-child\" data-id=\"8ee3c55\" data-element_type=\"container\" data-e-type=\"container\">\n\t\t\t\t<div class=\"elementor-element elementor-element-b0d1d9f elementor-widget elementor-widget-image\" data-id=\"b0d1d9f\" data-element_type=\"widget\" data-e-type=\"widget\" data-widget_type=\"image.default\">\n\t\t\t\t\t\t\t\t\t\t\t\t\t\t\t<img decoding=\"async\" width=\"1024\" height=\"555\" src=\"https:\/\/capiwell.ch\/wp-content\/uploads\/2025\/09\/proptech-and-smart-cities-02-1024x555.jpg\" class=\"attachment-large size-large wp-image-988647\" alt=\"\" srcset=\"https:\/\/capiwell.ch\/wp-content\/uploads\/2025\/09\/proptech-and-smart-cities-02-1024x555.jpg 1024w, https:\/\/capiwell.ch\/wp-content\/uploads\/2025\/09\/proptech-and-smart-cities-02-300x163.jpg 300w, https:\/\/capiwell.ch\/wp-content\/uploads\/2025\/09\/proptech-and-smart-cities-02-768x416.jpg 768w, https:\/\/capiwell.ch\/wp-content\/uploads\/2025\/09\/proptech-and-smart-cities-02-1536x832.jpg 1536w, https:\/\/capiwell.ch\/wp-content\/uploads\/2025\/09\/proptech-and-smart-cities-02-18x10.jpg 18w, https:\/\/capiwell.ch\/wp-content\/uploads\/2025\/09\/proptech-and-smart-cities-02.jpg 1600w\" sizes=\"(max-width: 1024px) 100vw, 1024px\" \/>\t\t\t\t\t\t\t\t\t\t\t\t\t\t\t<\/div>\n\t\t\t\t<\/div>\n\t\t<div class=\"elementor-element elementor-element-ea1113a e-con-full e-flex e-con e-child\" data-id=\"ea1113a\" data-element_type=\"container\" data-e-type=\"container\">\n\t\t\t\t<div class=\"elementor-element elementor-element-f75b075 elementor-widget elementor-widget-text-editor\" data-id=\"f75b075\" data-element_type=\"widget\" data-e-type=\"widget\" data-widget_type=\"text-editor.default\">\n\t\t\t\t\t\t\t\t\t<p><span style=\"font-weight: 400;\">Unser Ziel ist es, diesen urbanen Wandel zu beschleunigen. \u00dcber unsere Plattform spielen Investoren eine direkte Rolle bei der Gestaltung der Zukunft der Schweizer St\u00e4dte und machen sie gr\u00fcner, intelligenter und lebenswerter.<\/span><\/p>\t\t\t\t\t\t\t\t<\/div>\n\t\t\t\t<\/div>\n\t\t\t\t\t<\/div>\n\t\t\t\t<\/div>\n\t\t\t\t<\/div>","protected":false},"excerpt":{"rendered":"<p>Schweizer St\u00e4dte sind bekannt f\u00fcr ihre Effizienz, Lebensqualit\u00e4t und Innovation in der Stadtplanung. PropTech- und Smart-City-Startups verbessern dieses Erbe mit digitalen<\/p>","protected":false},"author":2,"featured_media":989576,"parent":0,"menu_order":0,"comment_status":"closed","ping_status":"closed","template":"","meta":{"footnotes":""},"categories":[60],"class_list":["post-989942","page","type-page","status-publish","has-post-thumbnail","hentry","category-proptech-and-smart-cities"],"_links":{"self":[{"href":"https:\/\/capiwell.ch\/de\/wp-json\/wp\/v2\/pages\/989942","targetHints":{"allow":["GET"]}}],"collection":[{"href":"https:\/\/capiwell.ch\/de\/wp-json\/wp\/v2\/pages"}],"about":[{"href":"https:\/\/capiwell.ch\/de\/wp-json\/wp\/v2\/types\/page"}],"author":[{"embeddable":true,"href":"https:\/\/capiwell.ch\/de\/wp-json\/wp\/v2\/users\/2"}],"replies":[{"embeddable":true,"href":"https:\/\/capiwell.ch\/de\/wp-json\/wp\/v2\/comments?post=989942"}],"version-history":[{"count":9,"href":"https:\/\/capiwell.ch\/de\/wp-json\/wp\/v2\/pages\/989942\/revisions"}],"predecessor-version":[{"id":991781,"href":"https:\/\/capiwell.ch\/de\/wp-json\/wp\/v2\/pages\/989942\/revisions\/991781"}],"wp:featuredmedia":[{"embeddable":true,"href":"https:\/\/capiwell.ch\/de\/wp-json\/wp\/v2\/media\/989576"}],"wp:attachment":[{"href":"https:\/\/capiwell.ch\/de\/wp-json\/wp\/v2\/media?parent=989942"}],"wp:term":[{"taxonomy":"category","embeddable":true,"href":"https:\/\/capiwell.ch\/de\/wp-json\/wp\/v2\/categories?post=989942"}],"curies":[{"name":"wp","href":"https:\/\/api.w.org\/{rel}","templated":true}]}}