{"id":989926,"date":"2025-09-22T07:23:53","date_gmt":"2025-09-22T07:23:53","guid":{"rendered":"https:\/\/capiwell.ch\/?page_id=989926"},"modified":"2026-01-24T13:55:12","modified_gmt":"2026-01-24T13:55:12","slug":"cybersicherheit","status":"publish","type":"page","link":"https:\/\/capiwell.ch\/de\/cybersicherheit\/","title":{"rendered":"Cybersecurity"},"content":{"rendered":"<div data-elementor-type=\"wp-page\" data-elementor-id=\"989926\" class=\"elementor elementor-989926\" data-elementor-post-type=\"page\">\n\t\t\t\t<div class=\"elementor-element elementor-element-49fa078 parent-div e-flex e-con-boxed e-con e-parent\" data-id=\"49fa078\" data-element_type=\"container\" data-e-type=\"container\">\n\t\t\t\t\t<div class=\"e-con-inner\">\n\t\t<div class=\"elementor-element elementor-element-928a090 e-con-full e-flex e-con e-child\" data-id=\"928a090\" data-element_type=\"container\" data-e-type=\"container\">\n\t\t\t\t<div class=\"elementor-element elementor-element-9f02248 elementor-widget elementor-widget-text-editor\" data-id=\"9f02248\" data-element_type=\"widget\" data-e-type=\"widget\" data-widget_type=\"text-editor.default\">\n\t\t\t\t\t\t\t\t\t<p><span style=\"font-weight: 400;\">F\u00fcr Investoren ist die Cybersicherheit ein Markt der Widerstandsf\u00e4higkeit und der Notwendigkeit. Die Nachfrage steigt st\u00e4ndig. Unternehmer profitieren vom starken IT-\u00d6kosystem und der vertrauensbasierten Gesch\u00e4ftskultur der Schweiz, die einen fruchtbaren Boden f\u00fcr Sicherheitsl\u00f6sungen bilden, die international skaliert werden k\u00f6nnen.<\/span><\/p>\t\t\t\t\t\t\t\t<\/div>\n\t\t\t\t<\/div>\n\t\t<div class=\"elementor-element elementor-element-81badb1 e-con-full e-flex e-con e-child\" data-id=\"81badb1\" data-element_type=\"container\" data-e-type=\"container\">\n\t\t\t\t<div class=\"elementor-element elementor-element-ba78a74 elementor-widget elementor-widget-image\" data-id=\"ba78a74\" data-element_type=\"widget\" data-e-type=\"widget\" data-widget_type=\"image.default\">\n\t\t\t\t\t\t\t\t\t\t\t\t\t\t\t<img fetchpriority=\"high\" decoding=\"async\" width=\"1024\" height=\"555\" src=\"https:\/\/capiwell.ch\/wp-content\/uploads\/2025\/09\/cybersecurity-01-1024x555.jpg\" class=\"attachment-large size-large wp-image-988625\" alt=\"\" srcset=\"https:\/\/capiwell.ch\/wp-content\/uploads\/2025\/09\/cybersecurity-01-1024x555.jpg 1024w, https:\/\/capiwell.ch\/wp-content\/uploads\/2025\/09\/cybersecurity-01-300x163.jpg 300w, https:\/\/capiwell.ch\/wp-content\/uploads\/2025\/09\/cybersecurity-01-768x416.jpg 768w, https:\/\/capiwell.ch\/wp-content\/uploads\/2025\/09\/cybersecurity-01-1536x832.jpg 1536w, https:\/\/capiwell.ch\/wp-content\/uploads\/2025\/09\/cybersecurity-01-18x10.jpg 18w, https:\/\/capiwell.ch\/wp-content\/uploads\/2025\/09\/cybersecurity-01.jpg 1600w\" sizes=\"(max-width: 1024px) 100vw, 1024px\" \/>\t\t\t\t\t\t\t\t\t\t\t\t\t\t\t<\/div>\n\t\t\t\t<\/div>\n\t\t\t\t\t<\/div>\n\t\t\t\t<\/div>\n\t\t<div class=\"elementor-element elementor-element-40b4bab e-flex e-con-boxed e-con e-parent\" data-id=\"40b4bab\" data-element_type=\"container\" data-e-type=\"container\">\n\t\t\t\t\t<div class=\"e-con-inner\">\n\t\t<div class=\"elementor-element elementor-element-5139496 e-con-full e-flex e-con e-child\" data-id=\"5139496\" data-element_type=\"container\" data-e-type=\"container\">\n\t\t\t\t<div class=\"elementor-element elementor-element-3eed405 elementor-widget elementor-widget-image\" data-id=\"3eed405\" data-element_type=\"widget\" data-e-type=\"widget\" data-widget_type=\"image.default\">\n\t\t\t\t\t\t\t\t\t\t\t\t\t\t\t<img decoding=\"async\" width=\"1024\" height=\"555\" src=\"https:\/\/capiwell.ch\/wp-content\/uploads\/2025\/09\/cybersecurity-02-1024x555.jpg\" class=\"attachment-large size-large wp-image-988626\" alt=\"\" srcset=\"https:\/\/capiwell.ch\/wp-content\/uploads\/2025\/09\/cybersecurity-02-1024x555.jpg 1024w, https:\/\/capiwell.ch\/wp-content\/uploads\/2025\/09\/cybersecurity-02-300x163.jpg 300w, https:\/\/capiwell.ch\/wp-content\/uploads\/2025\/09\/cybersecurity-02-768x416.jpg 768w, https:\/\/capiwell.ch\/wp-content\/uploads\/2025\/09\/cybersecurity-02-1536x832.jpg 1536w, https:\/\/capiwell.ch\/wp-content\/uploads\/2025\/09\/cybersecurity-02-18x10.jpg 18w, https:\/\/capiwell.ch\/wp-content\/uploads\/2025\/09\/cybersecurity-02.jpg 1600w\" sizes=\"(max-width: 1024px) 100vw, 1024px\" \/>\t\t\t\t\t\t\t\t\t\t\t\t\t\t\t<\/div>\n\t\t\t\t<\/div>\n\t\t<div class=\"elementor-element elementor-element-f1116d3 e-con-full e-flex e-con e-child\" data-id=\"f1116d3\" data-element_type=\"container\" data-e-type=\"container\">\n\t\t\t\t<div class=\"elementor-element elementor-element-317ca7f elementor-widget elementor-widget-text-editor\" data-id=\"317ca7f\" data-element_type=\"widget\" data-e-type=\"widget\" data-widget_type=\"text-editor.default\">\n\t\t\t\t\t\t\t\t\t<p><span style=\"font-weight: 400;\">Unsere Aufgabe ist es, diesen digitalen Schutzschild zu unterst\u00fctzen. Indem wir privates Kapital in Schweizer Cybersicherheits-Startups kanalisieren, stellt unsere Plattform sicher, dass das Land ein vertrauensw\u00fcrdiger Knotenpunkt bleibt, in dem digitale Innovation sicher gedeiht.<\/span><\/p>\t\t\t\t\t\t\t\t<\/div>\n\t\t\t\t<\/div>\n\t\t\t\t\t<\/div>\n\t\t\t\t<\/div>\n\t\t\t\t<\/div>","protected":false},"excerpt":{"rendered":"<p>Als eines der digital fortschrittlichsten L\u00e4nder der Welt ist die Schweiz mit wachsenden Bedrohungen f\u00fcr die Datensicherheit und kritische Infrastrukturen konfrontiert. Cybersecurity-Startups entwickeln Tools, die Einzelpersonen, Unternehmen und sogar ganze Regierungen vor Cyberangriffen sch\u00fctzen.<\/p>","protected":false},"author":2,"featured_media":989569,"parent":0,"menu_order":0,"comment_status":"closed","ping_status":"closed","template":"","meta":{"footnotes":""},"categories":[57],"class_list":["post-989926","page","type-page","status-publish","has-post-thumbnail","hentry","category-cybersecurity"],"_links":{"self":[{"href":"https:\/\/capiwell.ch\/de\/wp-json\/wp\/v2\/pages\/989926","targetHints":{"allow":["GET"]}}],"collection":[{"href":"https:\/\/capiwell.ch\/de\/wp-json\/wp\/v2\/pages"}],"about":[{"href":"https:\/\/capiwell.ch\/de\/wp-json\/wp\/v2\/types\/page"}],"author":[{"embeddable":true,"href":"https:\/\/capiwell.ch\/de\/wp-json\/wp\/v2\/users\/2"}],"replies":[{"embeddable":true,"href":"https:\/\/capiwell.ch\/de\/wp-json\/wp\/v2\/comments?post=989926"}],"version-history":[{"count":8,"href":"https:\/\/capiwell.ch\/de\/wp-json\/wp\/v2\/pages\/989926\/revisions"}],"predecessor-version":[{"id":991655,"href":"https:\/\/capiwell.ch\/de\/wp-json\/wp\/v2\/pages\/989926\/revisions\/991655"}],"wp:featuredmedia":[{"embeddable":true,"href":"https:\/\/capiwell.ch\/de\/wp-json\/wp\/v2\/media\/989569"}],"wp:attachment":[{"href":"https:\/\/capiwell.ch\/de\/wp-json\/wp\/v2\/media?parent=989926"}],"wp:term":[{"taxonomy":"category","embeddable":true,"href":"https:\/\/capiwell.ch\/de\/wp-json\/wp\/v2\/categories?post=989926"}],"curies":[{"name":"wp","href":"https:\/\/api.w.org\/{rel}","templated":true}]}}