{"id":989919,"date":"2025-09-22T07:20:21","date_gmt":"2025-09-22T07:20:21","guid":{"rendered":"https:\/\/capiwell.ch\/?page_id=989919"},"modified":"2026-01-24T11:45:38","modified_gmt":"2026-01-24T11:45:38","slug":"ki-und-maschinelles-lernen","status":"publish","type":"page","link":"https:\/\/capiwell.ch\/de\/ki-und-maschinelles-lernen\/","title":{"rendered":"KI und maschinelles Lernen"},"content":{"rendered":"<div data-elementor-type=\"wp-page\" data-elementor-id=\"989919\" class=\"elementor elementor-989919\" data-elementor-post-type=\"page\">\n\t\t\t\t<div class=\"elementor-element elementor-element-cd5960d parent-div e-flex e-con-boxed e-con e-parent\" data-id=\"cd5960d\" data-element_type=\"container\" data-e-type=\"container\">\n\t\t\t\t\t<div class=\"e-con-inner\">\n\t\t<div class=\"elementor-element elementor-element-14f7808 e-con-full e-flex e-con e-child\" data-id=\"14f7808\" data-element_type=\"container\" data-e-type=\"container\">\n\t\t\t\t<div class=\"elementor-element elementor-element-10b1b79 elementor-widget elementor-widget-text-editor\" data-id=\"10b1b79\" data-element_type=\"widget\" data-e-type=\"widget\" data-widget_type=\"text-editor.default\">\n\t\t\t\t\t\t\t\t\t<p><span style=\"font-weight: 400;\">F\u00fcr Investoren ist dies einer der dynamischsten und wachstumsst\u00e4rksten Sektoren. Start-ups, die KI auf reale Probleme anwenden, von der Optimierung der Logistik bis zur medizinischen Bildgebung, schaffen enorme Werte. Die Unternehmer brauchen indes Kapital, um Talente einzustellen und ihre L\u00f6sungen weltweit zu verbreiten.<\/span><\/p>\t\t\t\t\t\t\t\t<\/div>\n\t\t\t\t<\/div>\n\t\t<div class=\"elementor-element elementor-element-ae18275 e-con-full e-flex e-con e-child\" data-id=\"ae18275\" data-element_type=\"container\" data-e-type=\"container\">\n\t\t\t\t<div class=\"elementor-element elementor-element-93074c5 elementor-widget elementor-widget-image\" data-id=\"93074c5\" data-element_type=\"widget\" data-e-type=\"widget\" data-widget_type=\"image.default\">\n\t\t\t\t\t\t\t\t\t\t\t\t\t\t\t<img fetchpriority=\"high\" decoding=\"async\" width=\"1024\" height=\"555\" src=\"https:\/\/capiwell.ch\/wp-content\/uploads\/2025\/09\/AI-and-machine-learning-01-1024x555.jpg\" class=\"attachment-large size-large wp-image-988614\" alt=\"\" srcset=\"https:\/\/capiwell.ch\/wp-content\/uploads\/2025\/09\/AI-and-machine-learning-01-1024x555.jpg 1024w, https:\/\/capiwell.ch\/wp-content\/uploads\/2025\/09\/AI-and-machine-learning-01-300x163.jpg 300w, https:\/\/capiwell.ch\/wp-content\/uploads\/2025\/09\/AI-and-machine-learning-01-768x416.jpg 768w, https:\/\/capiwell.ch\/wp-content\/uploads\/2025\/09\/AI-and-machine-learning-01-1536x832.jpg 1536w, https:\/\/capiwell.ch\/wp-content\/uploads\/2025\/09\/AI-and-machine-learning-01-18x10.jpg 18w, https:\/\/capiwell.ch\/wp-content\/uploads\/2025\/09\/AI-and-machine-learning-01.jpg 1600w\" sizes=\"(max-width: 1024px) 100vw, 1024px\" \/>\t\t\t\t\t\t\t\t\t\t\t\t\t\t\t<\/div>\n\t\t\t\t<\/div>\n\t\t\t\t\t<\/div>\n\t\t\t\t<\/div>\n\t\t<div class=\"elementor-element elementor-element-acfc088 e-flex e-con-boxed e-con e-parent\" data-id=\"acfc088\" data-element_type=\"container\" data-e-type=\"container\">\n\t\t\t\t\t<div class=\"e-con-inner\">\n\t\t<div class=\"elementor-element elementor-element-7816075 e-con-full e-flex e-con e-child\" data-id=\"7816075\" data-element_type=\"container\" data-e-type=\"container\">\n\t\t\t\t<div class=\"elementor-element elementor-element-bec89ed elementor-widget elementor-widget-image\" data-id=\"bec89ed\" data-element_type=\"widget\" data-e-type=\"widget\" data-widget_type=\"image.default\">\n\t\t\t\t\t\t\t\t\t\t\t\t\t\t\t<img decoding=\"async\" width=\"1024\" height=\"555\" src=\"https:\/\/capiwell.ch\/wp-content\/uploads\/2025\/09\/AI-and-machine-learning-02-1024x555.jpg\" class=\"attachment-large size-large wp-image-988615\" alt=\"\" srcset=\"https:\/\/capiwell.ch\/wp-content\/uploads\/2025\/09\/AI-and-machine-learning-02-1024x555.jpg 1024w, https:\/\/capiwell.ch\/wp-content\/uploads\/2025\/09\/AI-and-machine-learning-02-300x163.jpg 300w, https:\/\/capiwell.ch\/wp-content\/uploads\/2025\/09\/AI-and-machine-learning-02-768x416.jpg 768w, https:\/\/capiwell.ch\/wp-content\/uploads\/2025\/09\/AI-and-machine-learning-02-1536x832.jpg 1536w, https:\/\/capiwell.ch\/wp-content\/uploads\/2025\/09\/AI-and-machine-learning-02-18x10.jpg 18w, https:\/\/capiwell.ch\/wp-content\/uploads\/2025\/09\/AI-and-machine-learning-02.jpg 1600w\" sizes=\"(max-width: 1024px) 100vw, 1024px\" \/>\t\t\t\t\t\t\t\t\t\t\t\t\t\t\t<\/div>\n\t\t\t\t<\/div>\n\t\t<div class=\"elementor-element elementor-element-d6dbe02 e-con-full e-flex e-con e-child\" data-id=\"d6dbe02\" data-element_type=\"container\" data-e-type=\"container\">\n\t\t\t\t<div class=\"elementor-element elementor-element-c132255 elementor-widget elementor-widget-text-editor\" data-id=\"c132255\" data-element_type=\"widget\" data-e-type=\"widget\" data-widget_type=\"text-editor.default\">\n\t\t\t\t\t\t\t\t\t<p><span style=\"font-weight: 400;\">Unsere Aufgabe ist es, ihnen diesen Schub zu geben. \u00dcber unsere Plattform demokratisieren wir den Zugang zu KI-Investitionen, helfen Start-ups beim Wachstum und erm\u00f6glichen es Investoren, Teil einer Innovationswelle zu sein, die die Wettbewerbsf\u00e4higkeit der Schweiz in den kommenden Jahrzehnten bestimmen wird.<\/span><\/p>\t\t\t\t\t\t\t\t<\/div>\n\t\t\t\t<\/div>\n\t\t\t\t\t<\/div>\n\t\t\t\t<\/div>\n\t\t\t\t<\/div>","protected":false},"excerpt":{"rendered":"<p>Von Robotiklabors in Z\u00fcrich bis zu Data-Science-Clustern in Lausanne - die Schweiz ist eine Brutst\u00e4tte f\u00fcr die Forschung im Bereich der k\u00fcnstlichen Intelligenz. KI und maschinelles Lernen sind keine futuristischen Konzepte mehr, sondern ver\u00e4ndern Branchen von der Fertigung bis zum Finanzwesen in Echtzeit.<\/p>","protected":false},"author":2,"featured_media":989567,"parent":0,"menu_order":0,"comment_status":"closed","ping_status":"closed","template":"","meta":{"footnotes":""},"categories":[56],"class_list":["post-989919","page","type-page","status-publish","has-post-thumbnail","hentry","category-ai-and-machine-learning"],"_links":{"self":[{"href":"https:\/\/capiwell.ch\/de\/wp-json\/wp\/v2\/pages\/989919","targetHints":{"allow":["GET"]}}],"collection":[{"href":"https:\/\/capiwell.ch\/de\/wp-json\/wp\/v2\/pages"}],"about":[{"href":"https:\/\/capiwell.ch\/de\/wp-json\/wp\/v2\/types\/page"}],"author":[{"embeddable":true,"href":"https:\/\/capiwell.ch\/de\/wp-json\/wp\/v2\/users\/2"}],"replies":[{"embeddable":true,"href":"https:\/\/capiwell.ch\/de\/wp-json\/wp\/v2\/comments?post=989919"}],"version-history":[{"count":9,"href":"https:\/\/capiwell.ch\/de\/wp-json\/wp\/v2\/pages\/989919\/revisions"}],"predecessor-version":[{"id":991778,"href":"https:\/\/capiwell.ch\/de\/wp-json\/wp\/v2\/pages\/989919\/revisions\/991778"}],"wp:featuredmedia":[{"embeddable":true,"href":"https:\/\/capiwell.ch\/de\/wp-json\/wp\/v2\/media\/989567"}],"wp:attachment":[{"href":"https:\/\/capiwell.ch\/de\/wp-json\/wp\/v2\/media?parent=989919"}],"wp:term":[{"taxonomy":"category","embeddable":true,"href":"https:\/\/capiwell.ch\/de\/wp-json\/wp\/v2\/categories?post=989919"}],"curies":[{"name":"wp","href":"https:\/\/api.w.org\/{rel}","templated":true}]}}