{"id":989914,"date":"2025-09-22T07:14:17","date_gmt":"2025-09-22T07:14:17","guid":{"rendered":"https:\/\/capiwell.ch\/?page_id=989914"},"modified":"2026-01-24T10:49:30","modified_gmt":"2026-01-24T10:49:30","slug":"biotechnologie-und-medizintechnik","status":"publish","type":"page","link":"https:\/\/capiwell.ch\/de\/biotechnologie-und-medizintechnik\/","title":{"rendered":"Biotechnologie und Medizintechnik"},"content":{"rendered":"<div data-elementor-type=\"wp-page\" data-elementor-id=\"989914\" class=\"elementor elementor-989914\" data-elementor-post-type=\"page\">\n\t\t\t\t<div class=\"elementor-element elementor-element-d8a37db parent-div e-flex e-con-boxed e-con e-parent\" data-id=\"d8a37db\" data-element_type=\"container\" data-e-type=\"container\">\n\t\t\t\t\t<div class=\"e-con-inner\">\n\t\t<div class=\"elementor-element elementor-element-b095574 e-con-full e-flex e-con e-child\" data-id=\"b095574\" data-element_type=\"container\" data-e-type=\"container\">\n\t\t\t\t<div class=\"elementor-element elementor-element-1aa44ce elementor-widget elementor-widget-text-editor\" data-id=\"1aa44ce\" data-element_type=\"widget\" data-e-type=\"widget\" data-widget_type=\"text-editor.default\">\n\t\t\t\t\t\t\t\t\t<p><span style=\"font-weight: 400;\">F\u00fcr die Gesellschaft k\u00f6nnte der Einsatz nicht h\u00f6her sein. Diese Innovationen verbessern nicht nur die Gesundheitsversorgung, sie retten auch Leben. Investoren erhalten ein Engagement in einem Sektor mit starker globaler Nachfrage und Widerstandsf\u00e4higkeit, w\u00e4hrend Unternehmer das un\u00fcbertroffene schweizerische \u00d6kosystem des Gesundheitswesens mit Krankenh\u00e4usern, Labors und wissenschaftlichem Know-how nutzen k\u00f6nnen.<\/span><\/p>\t\t\t\t\t\t\t\t<\/div>\n\t\t\t\t<\/div>\n\t\t<div class=\"elementor-element elementor-element-cec454c e-con-full e-flex e-con e-child\" data-id=\"cec454c\" data-element_type=\"container\" data-e-type=\"container\">\n\t\t\t\t<div class=\"elementor-element elementor-element-4d7a7b3 elementor-widget elementor-widget-image\" data-id=\"4d7a7b3\" data-element_type=\"widget\" data-e-type=\"widget\" data-widget_type=\"image.default\">\n\t\t\t\t\t\t\t\t\t\t\t\t\t\t\t<img fetchpriority=\"high\" decoding=\"async\" width=\"1024\" height=\"555\" src=\"https:\/\/capiwell.ch\/wp-content\/uploads\/2025\/09\/biotech-and-medtech-01-1024x555.jpg\" class=\"attachment-large size-large wp-image-988607\" alt=\"\" srcset=\"https:\/\/capiwell.ch\/wp-content\/uploads\/2025\/09\/biotech-and-medtech-01-1024x555.jpg 1024w, https:\/\/capiwell.ch\/wp-content\/uploads\/2025\/09\/biotech-and-medtech-01-300x163.jpg 300w, https:\/\/capiwell.ch\/wp-content\/uploads\/2025\/09\/biotech-and-medtech-01-768x416.jpg 768w, https:\/\/capiwell.ch\/wp-content\/uploads\/2025\/09\/biotech-and-medtech-01-1536x832.jpg 1536w, https:\/\/capiwell.ch\/wp-content\/uploads\/2025\/09\/biotech-and-medtech-01-18x10.jpg 18w, https:\/\/capiwell.ch\/wp-content\/uploads\/2025\/09\/biotech-and-medtech-01.jpg 1600w\" sizes=\"(max-width: 1024px) 100vw, 1024px\" \/>\t\t\t\t\t\t\t\t\t\t\t\t\t\t\t<\/div>\n\t\t\t\t<\/div>\n\t\t\t\t\t<\/div>\n\t\t\t\t<\/div>\n\t\t<div class=\"elementor-element elementor-element-51f4e6e e-flex e-con-boxed e-con e-parent\" data-id=\"51f4e6e\" data-element_type=\"container\" data-e-type=\"container\">\n\t\t\t\t\t<div class=\"e-con-inner\">\n\t\t<div class=\"elementor-element elementor-element-915f3b5 e-con-full e-flex e-con e-child\" data-id=\"915f3b5\" data-element_type=\"container\" data-e-type=\"container\">\n\t\t\t\t<div class=\"elementor-element elementor-element-bfba26f elementor-widget elementor-widget-image\" data-id=\"bfba26f\" data-element_type=\"widget\" data-e-type=\"widget\" data-widget_type=\"image.default\">\n\t\t\t\t\t\t\t\t\t\t\t\t\t\t\t<img decoding=\"async\" width=\"1024\" height=\"555\" src=\"https:\/\/capiwell.ch\/wp-content\/uploads\/2025\/09\/biotech-and-medtech-02-1024x555.jpg\" class=\"attachment-large size-large wp-image-988608\" alt=\"\" srcset=\"https:\/\/capiwell.ch\/wp-content\/uploads\/2025\/09\/biotech-and-medtech-02-1024x555.jpg 1024w, https:\/\/capiwell.ch\/wp-content\/uploads\/2025\/09\/biotech-and-medtech-02-300x163.jpg 300w, https:\/\/capiwell.ch\/wp-content\/uploads\/2025\/09\/biotech-and-medtech-02-768x416.jpg 768w, https:\/\/capiwell.ch\/wp-content\/uploads\/2025\/09\/biotech-and-medtech-02-1536x832.jpg 1536w, https:\/\/capiwell.ch\/wp-content\/uploads\/2025\/09\/biotech-and-medtech-02-18x10.jpg 18w, https:\/\/capiwell.ch\/wp-content\/uploads\/2025\/09\/biotech-and-medtech-02.jpg 1600w\" sizes=\"(max-width: 1024px) 100vw, 1024px\" \/>\t\t\t\t\t\t\t\t\t\t\t\t\t\t\t<\/div>\n\t\t\t\t<\/div>\n\t\t<div class=\"elementor-element elementor-element-a08b171 e-con-full e-flex e-con e-child\" data-id=\"a08b171\" data-element_type=\"container\" data-e-type=\"container\">\n\t\t\t\t<div class=\"elementor-element elementor-element-60a80ef elementor-widget elementor-widget-text-editor\" data-id=\"60a80ef\" data-element_type=\"widget\" data-e-type=\"widget\" data-widget_type=\"text-editor.default\">\n\t\t\t\t\t\t\t\t\t<p><span style=\"font-weight: 400;\">Unsere Aufgabe ist es, diesen Fortschritt zu beschleunigen. Indem wir Investoren mit bahnbrechenden Biotech- und Medtech-Start-ups zusammenbringen, tragen wir dazu bei, dass die Schweiz ein Zentrum bleibt, in dem wissenschaftliche Entdeckungen in zug\u00e4ngliche Behandlungen umgewandelt werden und die Zukunft des Gesundheitswesens f\u00fcr kommende Generationen gepr\u00e4gt wird.<\/span><\/p>\t\t\t\t\t\t\t\t<\/div>\n\t\t\t\t<\/div>\n\t\t\t\t\t<\/div>\n\t\t\t\t<\/div>\n\t\t\t\t<\/div>","protected":false},"excerpt":{"rendered":"<p>Die Schweiz beherbergt einige der weltweit angesehensten Pharmariesen und Spitzenforschungsinstitute. Biotech- und Medtech-Startups nutzen dieses fruchtbare Umfeld, um lebensrettende Therapien, Pr\u00e4zisionsdiagnostik und bahnbrechende medizinische Technologien zu entwickeln.<\/p>","protected":false},"author":2,"featured_media":989566,"parent":0,"menu_order":0,"comment_status":"closed","ping_status":"closed","template":"","meta":{"footnotes":""},"categories":[55],"class_list":["post-989914","page","type-page","status-publish","has-post-thumbnail","hentry","category-biotech-and-medtech"],"_links":{"self":[{"href":"https:\/\/capiwell.ch\/de\/wp-json\/wp\/v2\/pages\/989914","targetHints":{"allow":["GET"]}}],"collection":[{"href":"https:\/\/capiwell.ch\/de\/wp-json\/wp\/v2\/pages"}],"about":[{"href":"https:\/\/capiwell.ch\/de\/wp-json\/wp\/v2\/types\/page"}],"author":[{"embeddable":true,"href":"https:\/\/capiwell.ch\/de\/wp-json\/wp\/v2\/users\/2"}],"replies":[{"embeddable":true,"href":"https:\/\/capiwell.ch\/de\/wp-json\/wp\/v2\/comments?post=989914"}],"version-history":[{"count":9,"href":"https:\/\/capiwell.ch\/de\/wp-json\/wp\/v2\/pages\/989914\/revisions"}],"predecessor-version":[{"id":991782,"href":"https:\/\/capiwell.ch\/de\/wp-json\/wp\/v2\/pages\/989914\/revisions\/991782"}],"wp:featuredmedia":[{"embeddable":true,"href":"https:\/\/capiwell.ch\/de\/wp-json\/wp\/v2\/media\/989566"}],"wp:attachment":[{"href":"https:\/\/capiwell.ch\/de\/wp-json\/wp\/v2\/media?parent=989914"}],"wp:term":[{"taxonomy":"category","embeddable":true,"href":"https:\/\/capiwell.ch\/de\/wp-json\/wp\/v2\/categories?post=989914"}],"curies":[{"name":"wp","href":"https:\/\/api.w.org\/{rel}","templated":true}]}}