{"id":989909,"date":"2025-09-22T07:11:54","date_gmt":"2025-09-22T07:11:54","guid":{"rendered":"https:\/\/capiwell.ch\/?page_id=989909"},"modified":"2026-01-24T18:24:58","modified_gmt":"2026-01-24T18:24:58","slug":"fintech-und-insurtech","status":"publish","type":"page","link":"https:\/\/capiwell.ch\/de\/fintech-und-insurtech\/","title":{"rendered":"Fintech &amp; Insurtech"},"content":{"rendered":"<div data-elementor-type=\"wp-page\" data-elementor-id=\"989909\" class=\"elementor elementor-989909\" data-elementor-post-type=\"page\">\n\t\t\t\t<div class=\"elementor-element elementor-element-db99fa8 parent-div e-flex e-con-boxed e-con e-parent\" data-id=\"db99fa8\" data-element_type=\"container\" data-e-type=\"container\">\n\t\t\t\t\t<div class=\"e-con-inner\">\n\t\t<div class=\"elementor-element elementor-element-05ffd4b e-con-full e-flex e-con e-child\" data-id=\"05ffd4b\" data-element_type=\"container\" data-e-type=\"container\">\n\t\t\t\t<div class=\"elementor-element elementor-element-b24448d elementor-widget elementor-widget-text-editor\" data-id=\"b24448d\" data-element_type=\"widget\" data-e-type=\"widget\" data-widget_type=\"text-editor.default\">\n\t\t\t\t\t\t\t\t\t<p><span style=\"font-weight: 400;\">F\u00fcr Investoren bieten Fintech und Insurtech Zugang zu wachstumsstarken Unternehmen, die auf M\u00e4rkten, die nach digitalen L\u00f6sungen verlangen, schnell wachsen. Die Unternehmer profitieren vom starken regulatorischen Umfeld der Schweiz und ihrem weltweiten Ruf als vertrauensw\u00fcrdige Branche, was ihren Produkten sofortige Glaubw\u00fcrdigkeit verleiht.<\/span><\/p>\t\t\t\t\t\t\t\t<\/div>\n\t\t\t\t<\/div>\n\t\t<div class=\"elementor-element elementor-element-d23e20c e-con-full e-flex e-con e-child\" data-id=\"d23e20c\" data-element_type=\"container\" data-e-type=\"container\">\n\t\t\t\t<div class=\"elementor-element elementor-element-79e7343 elementor-widget elementor-widget-image\" data-id=\"79e7343\" data-element_type=\"widget\" data-e-type=\"widget\" data-widget_type=\"image.default\">\n\t\t\t\t\t\t\t\t\t\t\t\t\t\t\t<img fetchpriority=\"high\" decoding=\"async\" width=\"1024\" height=\"555\" src=\"https:\/\/capiwell.ch\/wp-content\/uploads\/2025\/09\/fintech-and-insurtech-01-1024x555.jpg\" class=\"attachment-large size-large wp-image-988600\" alt=\"\" srcset=\"https:\/\/capiwell.ch\/wp-content\/uploads\/2025\/09\/fintech-and-insurtech-01-1024x555.jpg 1024w, https:\/\/capiwell.ch\/wp-content\/uploads\/2025\/09\/fintech-and-insurtech-01-300x163.jpg 300w, https:\/\/capiwell.ch\/wp-content\/uploads\/2025\/09\/fintech-and-insurtech-01-768x416.jpg 768w, https:\/\/capiwell.ch\/wp-content\/uploads\/2025\/09\/fintech-and-insurtech-01-1536x832.jpg 1536w, https:\/\/capiwell.ch\/wp-content\/uploads\/2025\/09\/fintech-and-insurtech-01-18x10.jpg 18w, https:\/\/capiwell.ch\/wp-content\/uploads\/2025\/09\/fintech-and-insurtech-01.jpg 1600w\" sizes=\"(max-width: 1024px) 100vw, 1024px\" \/>\t\t\t\t\t\t\t\t\t\t\t\t\t\t\t<\/div>\n\t\t\t\t<\/div>\n\t\t\t\t\t<\/div>\n\t\t\t\t<\/div>\n\t\t<div class=\"elementor-element elementor-element-4b9cc97 e-flex e-con-boxed e-con e-parent\" data-id=\"4b9cc97\" data-element_type=\"container\" data-e-type=\"container\">\n\t\t\t\t\t<div class=\"e-con-inner\">\n\t\t<div class=\"elementor-element elementor-element-9d47bcb e-con-full e-flex e-con e-child\" data-id=\"9d47bcb\" data-element_type=\"container\" data-e-type=\"container\">\n\t\t\t\t<div class=\"elementor-element elementor-element-ec12187 elementor-widget elementor-widget-image\" data-id=\"ec12187\" data-element_type=\"widget\" data-e-type=\"widget\" data-widget_type=\"image.default\">\n\t\t\t\t\t\t\t\t\t\t\t\t\t\t\t<img decoding=\"async\" width=\"1024\" height=\"555\" src=\"https:\/\/capiwell.ch\/wp-content\/uploads\/2025\/09\/fintech-and-insurtech-02-1024x555.jpg\" class=\"attachment-large size-large wp-image-988601\" alt=\"\" srcset=\"https:\/\/capiwell.ch\/wp-content\/uploads\/2025\/09\/fintech-and-insurtech-02-1024x555.jpg 1024w, https:\/\/capiwell.ch\/wp-content\/uploads\/2025\/09\/fintech-and-insurtech-02-300x163.jpg 300w, https:\/\/capiwell.ch\/wp-content\/uploads\/2025\/09\/fintech-and-insurtech-02-768x416.jpg 768w, https:\/\/capiwell.ch\/wp-content\/uploads\/2025\/09\/fintech-and-insurtech-02-1536x832.jpg 1536w, https:\/\/capiwell.ch\/wp-content\/uploads\/2025\/09\/fintech-and-insurtech-02-18x10.jpg 18w, https:\/\/capiwell.ch\/wp-content\/uploads\/2025\/09\/fintech-and-insurtech-02.jpg 1600w\" sizes=\"(max-width: 1024px) 100vw, 1024px\" \/>\t\t\t\t\t\t\t\t\t\t\t\t\t\t\t<\/div>\n\t\t\t\t<\/div>\n\t\t<div class=\"elementor-element elementor-element-b50cf58 e-con-full e-flex e-con e-child\" data-id=\"b50cf58\" data-element_type=\"container\" data-e-type=\"container\">\n\t\t\t\t<div class=\"elementor-element elementor-element-df35e70 elementor-widget elementor-widget-text-editor\" data-id=\"df35e70\" data-element_type=\"widget\" data-e-type=\"widget\" data-widget_type=\"text-editor.default\">\n\t\t\t\t\t\t\t\t\t<p><span style=\"font-weight: 400;\">Unsere Mission ist klar: Wir wollen den Zugang zur Zukunft des Finanzwesens demokratisieren. Indem wir \u00fcber unsere Plattform privates Kapital mobilisieren, bef\u00e4higen wir Start-ups, schneller zu innovieren, breiter zu skalieren und die F\u00fchrungsposition der Schweiz im Bereich der globalen Finanzdienstleistungen zu st\u00e4rken.<\/span><\/p>\t\t\t\t\t\t\t\t<\/div>\n\t\t\t\t<\/div>\n\t\t\t\t\t<\/div>\n\t\t\t\t<\/div>\n\t\t\t\t<\/div>","protected":false},"excerpt":{"rendered":"<p>Der Ruf der Schweiz als globaler Finanzplatz ist unbestritten. Jetzt definieren Fintech- und Insurtech-Startups die Grundlagen des Bankwesens, der Verm\u00f6gensverwaltung und der Risikodienstleistungen neu. Durch die Kombination von Finanzexpertise und digitaler Innovation bauen diese Unternehmen das n\u00e4chste Kapitel der Schweizer Finanzwelt auf.<\/p>","protected":false},"author":2,"featured_media":989565,"parent":0,"menu_order":0,"comment_status":"closed","ping_status":"closed","template":"","meta":{"footnotes":""},"categories":[54],"class_list":["post-989909","page","type-page","status-publish","has-post-thumbnail","hentry","category-fintech-and-insurtech"],"_links":{"self":[{"href":"https:\/\/capiwell.ch\/de\/wp-json\/wp\/v2\/pages\/989909","targetHints":{"allow":["GET"]}}],"collection":[{"href":"https:\/\/capiwell.ch\/de\/wp-json\/wp\/v2\/pages"}],"about":[{"href":"https:\/\/capiwell.ch\/de\/wp-json\/wp\/v2\/types\/page"}],"author":[{"embeddable":true,"href":"https:\/\/capiwell.ch\/de\/wp-json\/wp\/v2\/users\/2"}],"replies":[{"embeddable":true,"href":"https:\/\/capiwell.ch\/de\/wp-json\/wp\/v2\/comments?post=989909"}],"version-history":[{"count":9,"href":"https:\/\/capiwell.ch\/de\/wp-json\/wp\/v2\/pages\/989909\/revisions"}],"predecessor-version":[{"id":991780,"href":"https:\/\/capiwell.ch\/de\/wp-json\/wp\/v2\/pages\/989909\/revisions\/991780"}],"wp:featuredmedia":[{"embeddable":true,"href":"https:\/\/capiwell.ch\/de\/wp-json\/wp\/v2\/media\/989565"}],"wp:attachment":[{"href":"https:\/\/capiwell.ch\/de\/wp-json\/wp\/v2\/media?parent=989909"}],"wp:term":[{"taxonomy":"category","embeddable":true,"href":"https:\/\/capiwell.ch\/de\/wp-json\/wp\/v2\/categories?post=989909"}],"curies":[{"name":"wp","href":"https:\/\/api.w.org\/{rel}","templated":true}]}}