{"id":989904,"date":"2025-09-22T07:07:48","date_gmt":"2025-09-22T07:07:48","guid":{"rendered":"https:\/\/capiwell.ch\/?page_id=989904"},"modified":"2026-01-24T15:26:44","modified_gmt":"2026-01-24T15:26:44","slug":"technik-und-tiefentechnologie","status":"publish","type":"page","link":"https:\/\/capiwell.ch\/de\/technik-und-tiefentechnologie\/","title":{"rendered":"Ingenieurwesen &amp; Hochtechnologie"},"content":{"rendered":"<div data-elementor-type=\"wp-page\" data-elementor-id=\"989904\" class=\"elementor elementor-989904\" data-elementor-post-type=\"page\">\n\t\t\t\t<div class=\"elementor-element elementor-element-17da9c2 parent-div e-flex e-con-boxed e-con e-parent\" data-id=\"17da9c2\" data-element_type=\"container\" data-e-type=\"container\">\n\t\t\t\t\t<div class=\"e-con-inner\">\n\t\t<div class=\"elementor-element elementor-element-ef8e4ea e-con-full e-flex e-con e-child\" data-id=\"ef8e4ea\" data-element_type=\"container\" data-e-type=\"container\">\n\t\t\t\t<div class=\"elementor-element elementor-element-1640fdd elementor-widget elementor-widget-text-editor\" data-id=\"1640fdd\" data-element_type=\"widget\" data-e-type=\"widget\" data-widget_type=\"text-editor.default\">\n\t\t\t\t\t\t\t\t\t<p><span style=\"font-weight: 400;\">Investoren finden Deep Tech interessant, weil sie intellektuelle Strenge mit bahnbrechendem Potenzial verbindet. Die Risiken m\u00f6gen zwar h\u00f6her sein, aber die Chancen sind enorm: Neue Materialien, Quantencomputer, Robotik und andere Fortschritte k\u00f6nnen ganze Branchen umgestalten. Unternehmer in der Schweiz profitieren von einem einzigartigen \u00d6kosystem, in dem Wissenschaft, Regierung und Industrie eng zusammenarbeiten.<\/span><\/p>\t\t\t\t\t\t\t\t<\/div>\n\t\t\t\t<\/div>\n\t\t<div class=\"elementor-element elementor-element-32d8cf9 e-con-full e-flex e-con e-child\" data-id=\"32d8cf9\" data-element_type=\"container\" data-e-type=\"container\">\n\t\t\t\t<div class=\"elementor-element elementor-element-2b69e81 elementor-widget elementor-widget-image\" data-id=\"2b69e81\" data-element_type=\"widget\" data-e-type=\"widget\" data-widget_type=\"image.default\">\n\t\t\t\t\t\t\t\t\t\t\t\t\t\t\t<img fetchpriority=\"high\" decoding=\"async\" width=\"1024\" height=\"555\" src=\"https:\/\/capiwell.ch\/wp-content\/uploads\/2025\/09\/engineering-and-deep-tech-01-1024x555.jpg\" class=\"attachment-large size-large wp-image-988592\" alt=\"\" srcset=\"https:\/\/capiwell.ch\/wp-content\/uploads\/2025\/09\/engineering-and-deep-tech-01-1024x555.jpg 1024w, https:\/\/capiwell.ch\/wp-content\/uploads\/2025\/09\/engineering-and-deep-tech-01-300x163.jpg 300w, https:\/\/capiwell.ch\/wp-content\/uploads\/2025\/09\/engineering-and-deep-tech-01-768x416.jpg 768w, https:\/\/capiwell.ch\/wp-content\/uploads\/2025\/09\/engineering-and-deep-tech-01-1536x832.jpg 1536w, https:\/\/capiwell.ch\/wp-content\/uploads\/2025\/09\/engineering-and-deep-tech-01-18x10.jpg 18w, https:\/\/capiwell.ch\/wp-content\/uploads\/2025\/09\/engineering-and-deep-tech-01.jpg 1600w\" sizes=\"(max-width: 1024px) 100vw, 1024px\" \/>\t\t\t\t\t\t\t\t\t\t\t\t\t\t\t<\/div>\n\t\t\t\t<\/div>\n\t\t\t\t\t<\/div>\n\t\t\t\t<\/div>\n\t\t<div class=\"elementor-element elementor-element-573b326 e-flex e-con-boxed e-con e-parent\" data-id=\"573b326\" data-element_type=\"container\" data-e-type=\"container\">\n\t\t\t\t\t<div class=\"e-con-inner\">\n\t\t<div class=\"elementor-element elementor-element-3f09ec4 e-con-full e-flex e-con e-child\" data-id=\"3f09ec4\" data-element_type=\"container\" data-e-type=\"container\">\n\t\t\t\t<div class=\"elementor-element elementor-element-4609625 elementor-widget elementor-widget-image\" data-id=\"4609625\" data-element_type=\"widget\" data-e-type=\"widget\" data-widget_type=\"image.default\">\n\t\t\t\t\t\t\t\t\t\t\t\t\t\t\t<img decoding=\"async\" width=\"1024\" height=\"555\" src=\"https:\/\/capiwell.ch\/wp-content\/uploads\/2025\/09\/engineering-and-deep-tech-02-1024x555.jpg\" class=\"attachment-large size-large wp-image-988593\" alt=\"\" srcset=\"https:\/\/capiwell.ch\/wp-content\/uploads\/2025\/09\/engineering-and-deep-tech-02-1024x555.jpg 1024w, https:\/\/capiwell.ch\/wp-content\/uploads\/2025\/09\/engineering-and-deep-tech-02-300x163.jpg 300w, https:\/\/capiwell.ch\/wp-content\/uploads\/2025\/09\/engineering-and-deep-tech-02-768x416.jpg 768w, https:\/\/capiwell.ch\/wp-content\/uploads\/2025\/09\/engineering-and-deep-tech-02-1536x832.jpg 1536w, https:\/\/capiwell.ch\/wp-content\/uploads\/2025\/09\/engineering-and-deep-tech-02-18x10.jpg 18w, https:\/\/capiwell.ch\/wp-content\/uploads\/2025\/09\/engineering-and-deep-tech-02.jpg 1600w\" sizes=\"(max-width: 1024px) 100vw, 1024px\" \/>\t\t\t\t\t\t\t\t\t\t\t\t\t\t\t<\/div>\n\t\t\t\t<\/div>\n\t\t<div class=\"elementor-element elementor-element-13efecd e-con-full e-flex e-con e-child\" data-id=\"13efecd\" data-element_type=\"container\" data-e-type=\"container\">\n\t\t\t\t<div class=\"elementor-element elementor-element-79c4d05 elementor-widget elementor-widget-text-editor\" data-id=\"79c4d05\" data-element_type=\"widget\" data-e-type=\"widget\" data-widget_type=\"text-editor.default\">\n\t\t\t\t\t\t\t\t\t<p><span style=\"font-weight: 400;\">Wir wollen eine Br\u00fccke zwischen Kapital und Innovation schlagen. Unsere Plattform kanalisiert Ressourcen in technische und technologische Projekte, die sonst nur schwer eine Finanzierung erhalten w\u00fcrden, und stellt sicher, dass die Schweiz an der Spitze der weltweiten wissenschaftlichen und technologischen Innovation bleibt.<\/span><\/p>\t\t\t\t\t\t\t\t<\/div>\n\t\t\t\t<\/div>\n\t\t\t\t\t<\/div>\n\t\t\t\t<\/div>\n\t\t\t\t<\/div>","protected":false},"excerpt":{"rendered":"<p>Technische Spitzenleistungen sind in der Schweizer Kultur verankert, von der Pr\u00e4zisionsuhrmacherei bis zur bahnbrechenden Forschung an der ETH Z\u00fcrich und der EPFL. Deep-Tech-Start-ups bauen auf dieser Tradition auf, indem sie einige der schwierigsten wissenschaftlichen Herausforderungen der Welt angehen und die Forschung in reale Anwendungen umsetzen.<\/p>","protected":false},"author":2,"featured_media":989564,"parent":0,"menu_order":0,"comment_status":"closed","ping_status":"closed","template":"","meta":{"footnotes":""},"categories":[53],"class_list":["post-989904","page","type-page","status-publish","has-post-thumbnail","hentry","category-engineering-and-deep-tech"],"_links":{"self":[{"href":"https:\/\/capiwell.ch\/de\/wp-json\/wp\/v2\/pages\/989904","targetHints":{"allow":["GET"]}}],"collection":[{"href":"https:\/\/capiwell.ch\/de\/wp-json\/wp\/v2\/pages"}],"about":[{"href":"https:\/\/capiwell.ch\/de\/wp-json\/wp\/v2\/types\/page"}],"author":[{"embeddable":true,"href":"https:\/\/capiwell.ch\/de\/wp-json\/wp\/v2\/users\/2"}],"replies":[{"embeddable":true,"href":"https:\/\/capiwell.ch\/de\/wp-json\/wp\/v2\/comments?post=989904"}],"version-history":[{"count":9,"href":"https:\/\/capiwell.ch\/de\/wp-json\/wp\/v2\/pages\/989904\/revisions"}],"predecessor-version":[{"id":991777,"href":"https:\/\/capiwell.ch\/de\/wp-json\/wp\/v2\/pages\/989904\/revisions\/991777"}],"wp:featuredmedia":[{"embeddable":true,"href":"https:\/\/capiwell.ch\/de\/wp-json\/wp\/v2\/media\/989564"}],"wp:attachment":[{"href":"https:\/\/capiwell.ch\/de\/wp-json\/wp\/v2\/media?parent=989904"}],"wp:term":[{"taxonomy":"category","embeddable":true,"href":"https:\/\/capiwell.ch\/de\/wp-json\/wp\/v2\/categories?post=989904"}],"curies":[{"name":"wp","href":"https:\/\/api.w.org\/{rel}","templated":true}]}}