{"id":989893,"date":"2025-09-22T05:17:14","date_gmt":"2025-09-22T05:17:14","guid":{"rendered":"https:\/\/capiwell.ch\/?page_id=989893"},"modified":"2026-01-24T18:35:01","modified_gmt":"2026-01-24T18:35:01","slug":"cleantech","status":"publish","type":"page","link":"https:\/\/capiwell.ch\/de\/cleantech\/","title":{"rendered":"Cleantech"},"content":{"rendered":"<div data-elementor-type=\"wp-page\" data-elementor-id=\"989893\" class=\"elementor elementor-989893\" data-elementor-post-type=\"page\">\n\t\t\t\t<div class=\"elementor-element elementor-element-a9431fa parent-div e-flex e-con-boxed e-con e-parent\" data-id=\"a9431fa\" data-element_type=\"container\" data-e-type=\"container\">\n\t\t\t\t\t<div class=\"e-con-inner\">\n\t\t<div class=\"elementor-element elementor-element-1a1c22f e-con-full e-flex e-con e-child\" data-id=\"1a1c22f\" data-element_type=\"container\" data-e-type=\"container\">\n\t\t\t\t<div class=\"elementor-element elementor-element-3153590 elementor-widget elementor-widget-text-editor\" data-id=\"3153590\" data-element_type=\"widget\" data-e-type=\"widget\" data-widget_type=\"text-editor.default\">\n\t\t\t\t\t\t\t\t\t<p><span style=\"font-weight: 400;\">F\u00fcr Investoren bietet Cleantech sowohl finanzielle Chancen als auch eine gro\u00dfe Wirkung. Die Nachfrage nach nachhaltigen Technologien steigt rapide, und durch die Unterst\u00fctzung von Start-ups in diesem Sektor k\u00f6nnen Investoren an einem Markt mit langfristigen Wachstumsaussichten teilhaben und gleichzeitig einen direkten Beitrag zur globalen Energiewende leisten. Unternehmer wiederum erhalten Zugang zu Kapital, mit dem sie wissenschaftliche Ideen in skalierbare Unternehmen umwandeln k\u00f6nnen.<\/span><\/p>\t\t\t\t\t\t\t\t<\/div>\n\t\t\t\t<\/div>\n\t\t<div class=\"elementor-element elementor-element-086cfc4 e-con-full e-flex e-con e-child\" data-id=\"086cfc4\" data-element_type=\"container\" data-e-type=\"container\">\n\t\t\t\t<div class=\"elementor-element elementor-element-139ffe5 elementor-widget elementor-widget-image\" data-id=\"139ffe5\" data-element_type=\"widget\" data-e-type=\"widget\" data-widget_type=\"image.default\">\n\t\t\t\t\t\t\t\t\t\t\t\t\t\t\t<img fetchpriority=\"high\" decoding=\"async\" width=\"1024\" height=\"555\" src=\"https:\/\/capiwell.ch\/wp-content\/uploads\/2025\/09\/cleantech-01-1024x555.jpg\" class=\"attachment-large size-large wp-image-988533\" alt=\"\" srcset=\"https:\/\/capiwell.ch\/wp-content\/uploads\/2025\/09\/cleantech-01-1024x555.jpg 1024w, https:\/\/capiwell.ch\/wp-content\/uploads\/2025\/09\/cleantech-01-300x163.jpg 300w, https:\/\/capiwell.ch\/wp-content\/uploads\/2025\/09\/cleantech-01-768x416.jpg 768w, https:\/\/capiwell.ch\/wp-content\/uploads\/2025\/09\/cleantech-01-1536x832.jpg 1536w, https:\/\/capiwell.ch\/wp-content\/uploads\/2025\/09\/cleantech-01-18x10.jpg 18w, https:\/\/capiwell.ch\/wp-content\/uploads\/2025\/09\/cleantech-01.jpg 1600w\" sizes=\"(max-width: 1024px) 100vw, 1024px\" \/>\t\t\t\t\t\t\t\t\t\t\t\t\t\t\t<\/div>\n\t\t\t\t<\/div>\n\t\t\t\t\t<\/div>\n\t\t\t\t<\/div>\n\t\t<div class=\"elementor-element elementor-element-1eb96e0 e-flex e-con-boxed e-con e-parent\" data-id=\"1eb96e0\" data-element_type=\"container\" data-e-type=\"container\">\n\t\t\t\t\t<div class=\"e-con-inner\">\n\t\t<div class=\"elementor-element elementor-element-682fb8f e-con-full e-flex e-con e-child\" data-id=\"682fb8f\" data-element_type=\"container\" data-e-type=\"container\">\n\t\t\t\t<div class=\"elementor-element elementor-element-f1b5b30 elementor-widget elementor-widget-image\" data-id=\"f1b5b30\" data-element_type=\"widget\" data-e-type=\"widget\" data-widget_type=\"image.default\">\n\t\t\t\t\t\t\t\t\t\t\t\t\t\t\t<img decoding=\"async\" width=\"1024\" height=\"555\" src=\"https:\/\/capiwell.ch\/wp-content\/uploads\/2025\/09\/cleantech-02-1024x555.jpg\" class=\"attachment-large size-large wp-image-988534\" alt=\"\" srcset=\"https:\/\/capiwell.ch\/wp-content\/uploads\/2025\/09\/cleantech-02-1024x555.jpg 1024w, https:\/\/capiwell.ch\/wp-content\/uploads\/2025\/09\/cleantech-02-300x163.jpg 300w, https:\/\/capiwell.ch\/wp-content\/uploads\/2025\/09\/cleantech-02-768x416.jpg 768w, https:\/\/capiwell.ch\/wp-content\/uploads\/2025\/09\/cleantech-02-1536x832.jpg 1536w, https:\/\/capiwell.ch\/wp-content\/uploads\/2025\/09\/cleantech-02-18x10.jpg 18w, https:\/\/capiwell.ch\/wp-content\/uploads\/2025\/09\/cleantech-02.jpg 1600w\" sizes=\"(max-width: 1024px) 100vw, 1024px\" \/>\t\t\t\t\t\t\t\t\t\t\t\t\t\t\t<\/div>\n\t\t\t\t<\/div>\n\t\t<div class=\"elementor-element elementor-element-fd31ecc e-con-full e-flex e-con e-child\" data-id=\"fd31ecc\" data-element_type=\"container\" data-e-type=\"container\">\n\t\t\t\t<div class=\"elementor-element elementor-element-e5983fd elementor-widget elementor-widget-text-editor\" data-id=\"e5983fd\" data-element_type=\"widget\" data-e-type=\"widget\" data-widget_type=\"text-editor.default\">\n\t\t\t\t\t\t\t\t\t<p><span style=\"font-weight: 400;\">Unsere Aufgabe ist es, diese beiden Welten zu verbinden. Indem wir die T\u00fcren des privaten Kapitals f\u00fcr eine breite Investorenbasis \u00f6ffnen, stellt unsere Plattform sicher, dass Schweizer Cleantech-Start-ups die Unterst\u00fctzung erhalten, die sie ben\u00f6tigen, um L\u00f6sungen zu beschleunigen, die den Planeten sch\u00fctzen und eine nachhaltige Zukunft sichern.<\/span><\/p>\t\t\t\t\t\t\t\t<\/div>\n\t\t\t\t<\/div>\n\t\t\t\t\t<\/div>\n\t\t\t\t<\/div>\n\t\t\t\t<\/div>","protected":false},"excerpt":{"rendered":"<p>Mit ehrgeizigen Klimazielen und einer starken \u00f6ffentlichen Nachfrage nach nachhaltigen L\u00f6sungen hat sich die Schweiz als weltweit f\u00fchrend in Sachen Umweltverantwortung positioniert. Cleantech ist hier nicht nur eine Branche, sondern eine nationale Priorit\u00e4t. Von Projekten f\u00fcr erneuerbare Energien bis hin zu fortschrittlichen Recyclingsystemen - Innovationen in diesem Bereich pr\u00e4gen eine gr\u00fcnere, widerstandsf\u00e4higere Wirtschaft.<\/p>","protected":false},"author":2,"featured_media":989562,"parent":0,"menu_order":0,"comment_status":"closed","ping_status":"closed","template":"","meta":{"footnotes":""},"categories":[5],"class_list":["post-989893","page","type-page","status-publish","has-post-thumbnail","hentry","category-cleantech"],"_links":{"self":[{"href":"https:\/\/capiwell.ch\/de\/wp-json\/wp\/v2\/pages\/989893","targetHints":{"allow":["GET"]}}],"collection":[{"href":"https:\/\/capiwell.ch\/de\/wp-json\/wp\/v2\/pages"}],"about":[{"href":"https:\/\/capiwell.ch\/de\/wp-json\/wp\/v2\/types\/page"}],"author":[{"embeddable":true,"href":"https:\/\/capiwell.ch\/de\/wp-json\/wp\/v2\/users\/2"}],"replies":[{"embeddable":true,"href":"https:\/\/capiwell.ch\/de\/wp-json\/wp\/v2\/comments?post=989893"}],"version-history":[{"count":12,"href":"https:\/\/capiwell.ch\/de\/wp-json\/wp\/v2\/pages\/989893\/revisions"}],"predecessor-version":[{"id":991639,"href":"https:\/\/capiwell.ch\/de\/wp-json\/wp\/v2\/pages\/989893\/revisions\/991639"}],"wp:featuredmedia":[{"embeddable":true,"href":"https:\/\/capiwell.ch\/de\/wp-json\/wp\/v2\/media\/989562"}],"wp:attachment":[{"href":"https:\/\/capiwell.ch\/de\/wp-json\/wp\/v2\/media?parent=989893"}],"wp:term":[{"taxonomy":"category","embeddable":true,"href":"https:\/\/capiwell.ch\/de\/wp-json\/wp\/v2\/categories?post=989893"}],"curies":[{"name":"wp","href":"https:\/\/api.w.org\/{rel}","templated":true}]}}