{"id":989727,"date":"2025-09-20T17:14:17","date_gmt":"2025-09-20T17:14:17","guid":{"rendered":"https:\/\/capiwell.ch\/?page_id=989727"},"modified":"2026-02-13T20:46:05","modified_gmt":"2026-02-13T20:46:05","slug":"partnerantrag","status":"publish","type":"page","link":"https:\/\/capiwell.ch\/de\/partnerantrag\/","title":{"rendered":"Partnerbewerbung"},"content":{"rendered":"<div data-elementor-type=\"wp-page\" data-elementor-id=\"989727\" class=\"elementor elementor-989727\" data-elementor-post-type=\"page\">\n\t\t\t\t<div class=\"elementor-element elementor-element-b02266f e-flex e-con-boxed e-con e-parent\" data-id=\"b02266f\" data-element_type=\"container\" data-e-type=\"container\">\n\t\t\t\t\t<div class=\"e-con-inner\">\n\t\t\t\t<div class=\"elementor-element elementor-element-dbc86ce elementor-widget elementor-widget-text-editor\" data-id=\"dbc86ce\" data-element_type=\"widget\" data-e-type=\"widget\" data-widget_type=\"text-editor.default\">\n\t\t\t\t\t\t\t\t\t<p><span style=\"font-weight: 400;\">Werden Sie Teil unseres Partnernetzwerks.\nBringen Sie Fachwissen, Ihr Netzwerk und fundierte Einblicke ein \u2013 wir verbinden Sie mit gepr\u00fcften Chancen im Multi-Asset-Privatkapital.<\/span><\/p>\t\t\t\t\t\t\t\t<\/div>\n\t\t\t\t\t<\/div>\n\t\t\t\t<\/div>\n\t\t<div class=\"elementor-element elementor-element-b08375e e-flex e-con-boxed e-con e-parent\" data-id=\"b08375e\" data-element_type=\"container\" data-e-type=\"container\">\n\t\t\t\t\t<div class=\"e-con-inner\">\n\t\t<div class=\"elementor-element elementor-element-f9cf383 e-con-full e-flex e-con e-child\" data-id=\"f9cf383\" data-element_type=\"container\" data-e-type=\"container\" data-settings=\"{&quot;background_background&quot;:&quot;classic&quot;}\">\n\t\t\t\t<div class=\"elementor-element elementor-element-dcf98a8 elementor-widget elementor-widget-shortcode\" data-id=\"dcf98a8\" data-element_type=\"widget\" data-e-type=\"widget\" data-widget_type=\"shortcode.default\">\n\t\t\t\t\t\t\t<div class=\"elementor-shortcode\">\n    <div class=\"capiwell-form-container\">\n      <iframe\n        aria-label=\"Partnerbewerbung\"\n        frameborder=\"0\"\n        scrolling=\"auto\"\n        src=\"https:\/\/forms.zohopublic.eu\/capiwell1\/form\/GERMANPartnerRegistration\/formperma\/4J7zEbw_bNy5M-qFQLJI35ugWFgLZVf1Yl-VaEBmQow\"\n      ><\/iframe>\n    <\/div><\/div>\n\t\t\t\t\t\t<\/div>\n\t\t\t\t<\/div>\n\t\t<div class=\"elementor-element elementor-element-5addfb8 e-con-full e-flex e-con e-child\" data-id=\"5addfb8\" data-element_type=\"container\" data-e-type=\"container\" data-settings=\"{&quot;background_background&quot;:&quot;classic&quot;}\">\n\t\t<div class=\"elementor-element elementor-element-ef2315d e-con-full blur-background e-flex e-con e-child\" data-id=\"ef2315d\" data-element_type=\"container\" data-e-type=\"container\" data-settings=\"{&quot;background_background&quot;:&quot;classic&quot;}\">\n\t\t\t\t<div class=\"vamtam-has-theme-widget-styles elementor-element elementor-element-2d79413 elementor-widget__width-initial elementor-widget-tablet__width-auto elementor-view-stacked elementor-shape-circle elementor-widget elementor-widget-icon\" data-id=\"2d79413\" data-element_type=\"widget\" data-e-type=\"widget\" data-settings=\"{&quot;motion_fx_motion_fx_scrolling&quot;:&quot;yes&quot;,&quot;motion_fx_rotateZ_effect&quot;:&quot;yes&quot;,&quot;motion_fx_rotateZ_direction&quot;:&quot;negative&quot;,&quot;motion_fx_rotateZ_affectedRange&quot;:{&quot;unit&quot;:&quot;%&quot;,&quot;size&quot;:&quot;&quot;,&quot;sizes&quot;:{&quot;start&quot;:28,&quot;end&quot;:78}},&quot;motion_fx_devices&quot;:[&quot;desktop&quot;],&quot;motion_fx_rotateZ_speed&quot;:{&quot;unit&quot;:&quot;px&quot;,&quot;size&quot;:1,&quot;sizes&quot;:[]}}\" data-widget_type=\"icon.default\">\n\t\t\t\t\t\t\t<div class=\"elementor-icon-wrapper\">\n\t\t\t<div class=\"elementor-icon\">\n\t\t\t<i aria-hidden=\"true\" class=\"vamtamtheme- vamtam-theme-phone\"><\/i>\t\t\t<\/div>\n\t\t<\/div>\n\t\t\t\t\t\t<\/div>\n\t\t\t\t<div class=\"elementor-element elementor-element-c6105c0 elementor-widget__width-initial elementor-widget elementor-widget-text-editor\" data-id=\"c6105c0\" data-element_type=\"widget\" data-e-type=\"widget\" data-widget_type=\"text-editor.default\">\n\t\t\t\t\t\t\t\t\t<p>Sollten Sie Schwierigkeiten beim Ausf\u00fcllen dieses Formulars haben, bitten wir Sie: <a href=\"\/contact-us\/\">Kontaktieren Sie uns.<\/a> Unser Team hilft Ihnen gern weiter.<\/p>\t\t\t\t\t\t\t\t<\/div>\n\t\t\t\t<\/div>\n\t\t\t\t<\/div>\n\t\t\t\t\t<\/div>\n\t\t\t\t<\/div>\n\t\t<div class=\"elementor-element elementor-element-cee9f62 e-con-full e-flex e-con e-parent\" data-id=\"cee9f62\" data-element_type=\"container\" data-e-type=\"container\" data-settings=\"{&quot;background_background&quot;:&quot;classic&quot;}\">\n\t\t<div class=\"elementor-element elementor-element-bbc1dc8 e-flex e-con-boxed e-con e-child\" data-id=\"bbc1dc8\" data-element_type=\"container\" data-e-type=\"container\" data-settings=\"{&quot;background_background&quot;:&quot;classic&quot;}\">\n\t\t\t\t\t<div class=\"e-con-inner\">\n\t\t<div class=\"elementor-element elementor-element-6ab6563 e-con-full e-flex e-con e-child\" data-id=\"6ab6563\" data-element_type=\"container\" data-e-type=\"container\">\n\t\t<div class=\"elementor-element elementor-element-a02b9ae e-con-full e-flex e-con e-child\" data-id=\"a02b9ae\" data-element_type=\"container\" data-e-type=\"container\">\n\t\t\t\t<div class=\"elementor-element elementor-element-a669b1f elementor-invisible elementor-widget__width-inherit animated-fast elementor-widget elementor-widget-heading\" data-id=\"a669b1f\" data-element_type=\"widget\" data-e-type=\"widget\" data-settings=\"{&quot;_animation&quot;:&quot;fadeIn&quot;}\" data-widget_type=\"heading.default\">\n\t\t\t\t\t<h2 class=\"elementor-heading-title elementor-size-default\">Wir arbeiten mit Partnern <span class=\"color-accent-4\">aus einem breiten<\/span> Spektrum an Sektoren zusammen<\/h2>\t\t\t\t<\/div>\n\t\t\t\t<\/div>\n\t\t\t\t<\/div>\n\t\t<div class=\"elementor-element elementor-element-5ae3a4f elementor-invisible animated-fast e-con-full equal-height-row e-flex e-con e-child\" data-id=\"5ae3a4f\" data-element_type=\"container\" data-e-type=\"container\" data-settings=\"{&quot;animation&quot;:&quot;fadeIn&quot;,&quot;animation_delay&quot;:50,&quot;background_background&quot;:&quot;classic&quot;}\">\n\t\t<div class=\"elementor-element elementor-element-dd43b83 elementor-invisible e-con-full animated-fast service-card equal-box e-flex e-con e-child\" data-id=\"dd43b83\" data-element_type=\"container\" data-e-type=\"container\" data-settings=\"{&quot;animation&quot;:&quot;slideInUp&quot;,&quot;animation_delay&quot;:0,&quot;background_background&quot;:&quot;classic&quot;}\">\n\t\t<div class=\"elementor-element elementor-element-e1a5a0c e-con-full e-flex e-con e-child\" data-id=\"e1a5a0c\" data-element_type=\"container\" data-e-type=\"container\" data-settings=\"{&quot;background_background&quot;:&quot;classic&quot;}\">\n\t\t\t\t<div class=\"elementor-element elementor-element-cc5b21e elementor-widget elementor-widget-heading\" data-id=\"cc5b21e\" data-element_type=\"widget\" data-e-type=\"widget\" data-widget_type=\"heading.default\">\n\t\t\t\t\t<h5 class=\"elementor-heading-title elementor-size-default\">Innovation &amp; Startups<\/h5>\t\t\t\t<\/div>\n\t\t\t\t<\/div>\n\t\t<div class=\"elementor-element elementor-element-b949d32 e-con-full equal-content e-flex e-con e-child\" data-id=\"b949d32\" data-element_type=\"container\" data-e-type=\"container\" data-settings=\"{&quot;background_background&quot;:&quot;classic&quot;}\">\n\t\t\t\t<div class=\"elementor-element elementor-element-5d4d0a5 elementor-widget elementor-widget-text-editor\" data-id=\"5d4d0a5\" data-element_type=\"widget\" data-e-type=\"widget\" data-widget_type=\"text-editor.default\">\n\t\t\t\t\t\t\t\t\t<p><span style=\"font-weight: 400;\">Inkubatoren, Technologietransferb\u00fcros, Risikokapitalgeber, Mikro-VCs und branchenspezifische Netzwerke f\u00fcr Start-ups.<\/span><\/p>\t\t\t\t\t\t\t\t<\/div>\n\t\t\t\t<\/div>\n\t\t\t\t<\/div>\n\t\t<div class=\"elementor-element elementor-element-167417e elementor-invisible e-con-full animated-fast service-card equal-box e-flex e-con e-child\" data-id=\"167417e\" data-element_type=\"container\" data-e-type=\"container\" data-settings=\"{&quot;animation&quot;:&quot;slideInUp&quot;,&quot;animation_delay&quot;:50,&quot;background_background&quot;:&quot;classic&quot;}\">\n\t\t<div class=\"elementor-element elementor-element-d3f0cf3 e-con-full e-flex e-con e-child\" data-id=\"d3f0cf3\" data-element_type=\"container\" data-e-type=\"container\" data-settings=\"{&quot;background_background&quot;:&quot;classic&quot;}\">\n\t\t\t\t<div class=\"elementor-element elementor-element-977fa0a elementor-widget elementor-widget-heading\" data-id=\"977fa0a\" data-element_type=\"widget\" data-e-type=\"widget\" data-widget_type=\"heading.default\">\n\t\t\t\t\t<h5 class=\"elementor-heading-title elementor-size-default\">Immobilien und Entwicklung<\/h5>\t\t\t\t<\/div>\n\t\t\t\t<\/div>\n\t\t<div class=\"elementor-element elementor-element-bb33a9f e-con-full equal-content e-flex e-con e-child\" data-id=\"bb33a9f\" data-element_type=\"container\" data-e-type=\"container\" data-settings=\"{&quot;background_background&quot;:&quot;classic&quot;}\">\n\t\t\t\t<div class=\"elementor-element elementor-element-14aa407 elementor-widget elementor-widget-text-editor\" data-id=\"14aa407\" data-element_type=\"widget\" data-e-type=\"widget\" data-widget_type=\"text-editor.default\">\n\t\t\t\t\t\t\t\t\t<p><span style=\"font-weight: 400;\">Bautr\u00e4ger, SPV-Eigent\u00fcmer, Gemeinden, Immobilienverwalter, Beratungsunternehmen und Architektur-\/Ingenieurb\u00fcros.<\/span><\/p><p><span style=\"font-weight: 400;\">\u00a0<\/span><\/p>\t\t\t\t\t\t\t\t<\/div>\n\t\t\t\t<\/div>\n\t\t\t\t<\/div>\n\t\t<div class=\"elementor-element elementor-element-f64f1cb elementor-invisible e-con-full animated-fast service-card equal-box e-flex e-con e-child\" data-id=\"f64f1cb\" data-element_type=\"container\" data-e-type=\"container\" data-settings=\"{&quot;animation&quot;:&quot;slideInUp&quot;,&quot;animation_delay&quot;:100,&quot;background_background&quot;:&quot;classic&quot;}\">\n\t\t<div class=\"elementor-element elementor-element-a844109 e-con-full e-flex e-con e-child\" data-id=\"a844109\" data-element_type=\"container\" data-e-type=\"container\" data-settings=\"{&quot;background_background&quot;:&quot;classic&quot;}\">\n\t\t\t\t<div class=\"elementor-element elementor-element-087abca elementor-widget elementor-widget-heading\" data-id=\"087abca\" data-element_type=\"widget\" data-e-type=\"widget\" data-widget_type=\"heading.default\">\n\t\t\t\t\t<h5 class=\"elementor-heading-title elementor-size-default\">Investoren und Kapitalgeber<\/h5>\t\t\t\t<\/div>\n\t\t\t\t<\/div>\n\t\t<div class=\"elementor-element elementor-element-be7a003 e-con-full equal-content e-flex e-con e-child\" data-id=\"be7a003\" data-element_type=\"container\" data-e-type=\"container\" data-settings=\"{&quot;background_background&quot;:&quot;classic&quot;}\">\n\t\t\t\t<div class=\"elementor-element elementor-element-441aebe elementor-widget elementor-widget-text-editor\" data-id=\"441aebe\" data-element_type=\"widget\" data-e-type=\"widget\" data-widget_type=\"text-editor.default\">\n\t\t\t\t\t\t\t\t\t<p><span style=\"font-weight: 400;\">Family Offices, private Verm\u00f6gensverwalter, institutionelle Verm\u00f6gensverwalter, Pensionsfonds, Corporate Venture Units und verm\u00f6gende Privatpersonen.<\/span><\/p>\t\t\t\t\t\t\t\t<\/div>\n\t\t\t\t<\/div>\n\t\t\t\t<\/div>\n\t\t<div class=\"elementor-element elementor-element-2722c5b elementor-invisible e-con-full animated-fast service-card equal-box e-flex e-con e-child\" data-id=\"2722c5b\" data-element_type=\"container\" data-e-type=\"container\" data-settings=\"{&quot;animation&quot;:&quot;slideInUp&quot;,&quot;animation_delay&quot;:150,&quot;background_background&quot;:&quot;classic&quot;}\">\n\t\t<div class=\"elementor-element elementor-element-3fb56ab e-con-full e-flex e-con e-child\" data-id=\"3fb56ab\" data-element_type=\"container\" data-e-type=\"container\" data-settings=\"{&quot;background_background&quot;:&quot;classic&quot;}\">\n\t\t\t\t<div class=\"elementor-element elementor-element-fc0d39c elementor-widget elementor-widget-heading\" data-id=\"fc0d39c\" data-element_type=\"widget\" data-e-type=\"widget\" data-widget_type=\"heading.default\">\n\t\t\t\t\t<h5 class=\"elementor-heading-title elementor-size-default\">Professionelle Dienstleistungen &amp; Recht<\/h5>\t\t\t\t<\/div>\n\t\t\t\t<\/div>\n\t\t<div class=\"elementor-element elementor-element-8e77de9 e-con-full equal-content e-flex e-con e-child\" data-id=\"8e77de9\" data-element_type=\"container\" data-e-type=\"container\" data-settings=\"{&quot;background_background&quot;:&quot;classic&quot;}\">\n\t\t\t\t<div class=\"elementor-element elementor-element-75f6400 elementor-widget elementor-widget-text-editor\" data-id=\"75f6400\" data-element_type=\"widget\" data-e-type=\"widget\" data-widget_type=\"text-editor.default\">\n\t\t\t\t\t\t\t\t\t<p><span style=\"font-weight: 400;\">Anwaltskanzleien, Notare, Treuhandgesellschaften, Steuerberater, Wirtschaftspr\u00fcfungsgesellschaften und Compliance-Berater.<\/span><\/p>\t\t\t\t\t\t\t\t<\/div>\n\t\t\t\t<\/div>\n\t\t\t\t<\/div>\n\t\t<div class=\"elementor-element elementor-element-5b5a8b4 elementor-invisible e-con-full animated-fast service-card equal-box e-flex e-con e-child\" data-id=\"5b5a8b4\" data-element_type=\"container\" data-e-type=\"container\" data-settings=\"{&quot;animation&quot;:&quot;slideInUp&quot;,&quot;animation_delay&quot;:150,&quot;background_background&quot;:&quot;classic&quot;}\">\n\t\t<div class=\"elementor-element elementor-element-7aabb8a e-con-full e-flex e-con e-child\" data-id=\"7aabb8a\" data-element_type=\"container\" data-e-type=\"container\" data-settings=\"{&quot;background_background&quot;:&quot;classic&quot;}\">\n\t\t\t\t<div class=\"elementor-element elementor-element-8b8c9b5 elementor-widget elementor-widget-heading\" data-id=\"8b8c9b5\" data-element_type=\"widget\" data-e-type=\"widget\" data-widget_type=\"heading.default\">\n\t\t\t\t\t<h5 class=\"elementor-heading-title elementor-size-default\">Andere strategische Partner<\/h5>\t\t\t\t<\/div>\n\t\t\t\t<\/div>\n\t\t<div class=\"elementor-element elementor-element-2b6287b e-con-full equal-content e-flex e-con e-child\" data-id=\"2b6287b\" data-element_type=\"container\" data-e-type=\"container\" data-settings=\"{&quot;background_background&quot;:&quot;classic&quot;}\">\n\t\t\t\t<div class=\"elementor-element elementor-element-75815fa elementor-widget elementor-widget-text-editor\" data-id=\"75815fa\" data-element_type=\"widget\" data-e-type=\"widget\" data-widget_type=\"text-editor.default\">\n\t\t\t\t\t\t\t\t\t<p><span style=\"font-weight: 400;\">Branchenverb\u00e4nde, Handelsgruppen, FinTech\/PropTech-Anbieter, akademische Forschungsgruppen und Technologie-Scouting-Netzwerke.<\/span><\/p>\t\t\t\t\t\t\t\t<\/div>\n\t\t\t\t<\/div>\n\t\t\t\t<\/div>\n\t\t\t\t<\/div>\n\t\t<div class=\"elementor-element elementor-element-7d49580 e-con-full e-flex e-con e-child\" data-id=\"7d49580\" data-element_type=\"container\" data-e-type=\"container\">\n\t\t<div class=\"elementor-element elementor-element-9905b2c e-con-full e-flex e-con e-child\" data-id=\"9905b2c\" data-element_type=\"container\" data-e-type=\"container\">\n\t\t\t\t<div class=\"elementor-element elementor-element-7aade73 elementor-invisible animated-fast elementor-widget-tablet__width-inherit elementor-widget__width-inherit elementor-widget elementor-widget-text-editor\" data-id=\"7aade73\" data-element_type=\"widget\" data-e-type=\"widget\" data-settings=\"{&quot;_animation&quot;:&quot;fadeIn&quot;,&quot;_animation_delay&quot;:0}\" data-widget_type=\"text-editor.default\">\n\t\t\t\t\t\t\t\t\t<p><span style=\"font-weight: 400;\">Nach Eingang Ihrer Bewerbung pr\u00fcfen wir diese und melden uns innerhalb von 24 Stunden bei Ihnen.<\/span><\/p>\t\t\t\t\t\t\t\t<\/div>\n\t\t\t\t<\/div>\n\t\t\t\t<\/div>\n\t\t\t\t\t<\/div>\n\t\t\t\t<\/div>\n\t\t\t\t<\/div>\n\t\t\t\t<\/div>","protected":false},"excerpt":{"rendered":"<p><!--We look forward to learning about your financial goals.--><\/p>","protected":false},"author":2,"featured_media":0,"parent":0,"menu_order":0,"comment_status":"closed","ping_status":"closed","template":"","meta":{"footnotes":""},"categories":[],"class_list":["post-989727","page","type-page","status-publish","hentry"],"_links":{"self":[{"href":"https:\/\/capiwell.ch\/de\/wp-json\/wp\/v2\/pages\/989727","targetHints":{"allow":["GET"]}}],"collection":[{"href":"https:\/\/capiwell.ch\/de\/wp-json\/wp\/v2\/pages"}],"about":[{"href":"https:\/\/capiwell.ch\/de\/wp-json\/wp\/v2\/types\/page"}],"author":[{"embeddable":true,"href":"https:\/\/capiwell.ch\/de\/wp-json\/wp\/v2\/users\/2"}],"replies":[{"embeddable":true,"href":"https:\/\/capiwell.ch\/de\/wp-json\/wp\/v2\/comments?post=989727"}],"version-history":[{"count":31,"href":"https:\/\/capiwell.ch\/de\/wp-json\/wp\/v2\/pages\/989727\/revisions"}],"predecessor-version":[{"id":993482,"href":"https:\/\/capiwell.ch\/de\/wp-json\/wp\/v2\/pages\/989727\/revisions\/993482"}],"wp:attachment":[{"href":"https:\/\/capiwell.ch\/de\/wp-json\/wp\/v2\/media?parent=989727"}],"wp:term":[{"taxonomy":"category","embeddable":true,"href":"https:\/\/capiwell.ch\/de\/wp-json\/wp\/v2\/categories?post=989727"}],"curies":[{"name":"wp","href":"https:\/\/api.w.org\/{rel}","templated":true}]}}