{"id":989417,"date":"2025-09-19T16:01:17","date_gmt":"2025-09-19T16:01:17","guid":{"rendered":"https:\/\/capiwell.ch\/?page_id=989417"},"modified":"2026-01-24T11:25:34","modified_gmt":"2026-01-24T11:25:34","slug":"investitionskontrolle","status":"publish","type":"page","link":"https:\/\/capiwell.ch\/de\/investieren\/investitionskontrolle\/","title":{"rendered":"Investitionskontrolle"},"content":{"rendered":"<div data-elementor-type=\"wp-page\" data-elementor-id=\"989417\" class=\"elementor elementor-989417\" data-elementor-post-type=\"page\">\n\t\t\t\t<div class=\"elementor-element elementor-element-b573bd0 e-flex e-con-boxed e-con e-parent\" data-id=\"b573bd0\" data-element_type=\"container\" data-e-type=\"container\">\n\t\t\t\t\t<div class=\"e-con-inner\">\n\t\t<div class=\"elementor-element elementor-element-973f7e4 e-con-full e-flex e-con e-child\" data-id=\"973f7e4\" data-element_type=\"container\" data-e-type=\"container\">\n\t\t<div class=\"elementor-element elementor-element-cd6dedd e-con-full e-flex e-con e-child\" data-id=\"cd6dedd\" data-element_type=\"container\" data-e-type=\"container\">\n\t\t\t\t<div class=\"elementor-element elementor-element-797af18 elementor-widget elementor-widget-text-editor\" data-id=\"797af18\" data-element_type=\"widget\" data-e-type=\"widget\" data-widget_type=\"text-editor.default\">\n\t\t\t\t\t\t\t\t\t<p><span style=\"font-weight: 400;\">Bei CapiWell beginnt Investieren mit der Zuteilung und setzt sich mit aktiver \u00dcberwachung fort. Die Investitionskontrolle gibt Anlegerinnen und Anlegern die Mittel, jede Anlage und jedes Projekt zu verfolgen \u2013 f\u00fcr fundierte, zeitnahe Entscheidungen.<\/span><\/p>\t\t\t\t\t\t\t\t<\/div>\n\t\t\t\t<\/div>\n\t\t\t\t<\/div>\n\t\t\t\t\t<\/div>\n\t\t\t\t<\/div>\n\t\t<div class=\"elementor-element elementor-element-25020d61 e-flex e-con-boxed e-con e-parent\" data-id=\"25020d61\" data-element_type=\"container\" data-e-type=\"container\">\n\t\t\t\t\t<div class=\"e-con-inner\">\n\t\t<div class=\"elementor-element elementor-element-7c997b65 elementor-invisible e-con-full animated-fast e-flex e-con e-child\" data-id=\"7c997b65\" data-element_type=\"container\" data-e-type=\"container\" data-settings=\"{&quot;background_background&quot;:&quot;classic&quot;,&quot;animation&quot;:&quot;slideInUp&quot;,&quot;animation_delay&quot;:0}\">\n\t\t<div class=\"elementor-element elementor-element-2ce1fa3f e-con-full e-flex e-con e-child\" data-id=\"2ce1fa3f\" data-element_type=\"container\" data-e-type=\"container\">\n\t\t<div class=\"elementor-element elementor-element-21ee7ec5 e-con-full e-flex e-con e-child\" data-id=\"21ee7ec5\" data-element_type=\"container\" data-e-type=\"container\">\n\t\t<div class=\"elementor-element elementor-element-66c68f58 e-con-full e-flex e-con e-child\" data-id=\"66c68f58\" data-element_type=\"container\" data-e-type=\"container\">\n\t\t\t\t<div class=\"elementor-element elementor-element-4e37eed5 elementor-widget elementor-widget-heading\" data-id=\"4e37eed5\" data-element_type=\"widget\" data-e-type=\"widget\" data-widget_type=\"heading.default\">\n\t\t\t\t\t<h5 class=\"elementor-heading-title elementor-size-default\">TrustBridge-Modell<\/h5>\t\t\t\t<\/div>\n\t\t\t\t<\/div>\n\t\t\t\t<\/div>\n\t\t<div class=\"elementor-element elementor-element-314e9f12 e-con-full e-flex e-con e-child\" data-id=\"314e9f12\" data-element_type=\"container\" data-e-type=\"container\">\n\t\t\t\t<div class=\"elementor-element elementor-element-79d8d8d8 elementor-widget elementor-widget-text-editor\" data-id=\"79d8d8d8\" data-element_type=\"widget\" data-e-type=\"widget\" data-widget_type=\"text-editor.default\">\n\t\t\t\t\t\t\t\t\t<p>Unsere TrustBridge-Technologie erm\u00f6glicht (wo immer m\u00f6glich) Echtzeit-Transparenz und einfaches Reporting:<\/p>\n\n<ul>\n \t<li>Live-Projektverfolgung mit IoT-Feeds liefert aktuelle Daten von Standorten und Anlagen.<\/li>\n \t<li>Sofortberichte und automatische Warnhinweise erlauben Leistungschecks ohne Verz\u00f6gerung.<\/li>\n<\/ul>\n<p>\u00dcbersichtliche Dashboards zeigen Metriken, Vereinbarungen und Meilensteine auf einen Blick.<\/p>\t\t\t\t\t\t\t\t<\/div>\n\t\t\t\t<\/div>\n\t\t\t\t<\/div>\n\t\t\t\t<\/div>\n\t\t<div class=\"elementor-element elementor-element-46146de0 elementor-invisible e-con-full animated-fast e-flex e-con e-child\" data-id=\"46146de0\" data-element_type=\"container\" data-e-type=\"container\" data-settings=\"{&quot;background_background&quot;:&quot;classic&quot;,&quot;animation&quot;:&quot;slideInUp&quot;,&quot;animation_delay&quot;:50}\">\n\t\t<div class=\"elementor-element elementor-element-15cf9d97 e-con-full e-flex e-con e-child\" data-id=\"15cf9d97\" data-element_type=\"container\" data-e-type=\"container\">\n\t\t<div class=\"elementor-element elementor-element-6c8b5fd e-con-full e-flex e-con e-child\" data-id=\"6c8b5fd\" data-element_type=\"container\" data-e-type=\"container\">\n\t\t\t\t<div class=\"elementor-element elementor-element-656733f1 elementor-widget elementor-widget-heading\" data-id=\"656733f1\" data-element_type=\"widget\" data-e-type=\"widget\" data-widget_type=\"heading.default\">\n\t\t\t\t\t<h5 class=\"elementor-heading-title elementor-size-default\">Projektsteuerung<\/h5>\t\t\t\t<\/div>\n\t\t\t\t<\/div>\n\t\t\t\t<\/div>\n\t\t<div class=\"elementor-element elementor-element-a8a4d9d e-con-full e-flex e-con e-child\" data-id=\"a8a4d9d\" data-element_type=\"container\" data-e-type=\"container\">\n\t\t\t\t<div class=\"elementor-element elementor-element-1a81667 elementor-widget elementor-widget-text-editor\" data-id=\"1a81667\" data-element_type=\"widget\" data-e-type=\"widget\" data-widget_type=\"text-editor.default\">\n\t\t\t\t\t\t\t\t\t<p>Project Control schafft dynamische Transparenz der Eigentumsverh\u00e4ltnisse:<\/p>\n<ul>\n \t<li>Echtzeit-Kapitalstruktur-Dashboard mit aktuellen Eigenkapitalpositionen und Verw\u00e4sserungseffekten.<\/li>\n \t<li>Unmittelbarer Blick auf die Auswirkungen der eingehenden Investitionen auf die Eigentumsverh\u00e4ltnisse und die Rendite.<\/li>\n \t<li>Szenariomodellierung, um Ergebnisse vor weiterem Kapitaleinsatz abzusch\u00e4tzen.<\/li>\n<\/ul>\t\t\t\t\t\t\t\t<\/div>\n\t\t\t\t<\/div>\n\t\t\t\t<\/div>\n\t\t\t\t\t<\/div>\n\t\t\t\t<\/div>\n\t\t<div class=\"elementor-element elementor-element-303553a e-flex e-con-boxed e-con e-child\" data-id=\"303553a\" data-element_type=\"container\" data-e-type=\"container\">\n\t\t\t\t\t<div class=\"e-con-inner\">\n\t\t<div class=\"elementor-element elementor-element-f5405bc e-con-full e-flex e-con e-child\" data-id=\"f5405bc\" data-element_type=\"container\" data-e-type=\"container\" data-settings=\"{&quot;background_background&quot;:&quot;classic&quot;}\">\n\t\t<div class=\"elementor-element elementor-element-2871fff e-con-full e-flex e-con e-child\" data-id=\"2871fff\" data-element_type=\"container\" data-e-type=\"container\">\n\t\t\t\t<div class=\"elementor-element elementor-element-9a927f4 elementor-invisible animated-fast elementor-widget elementor-widget-heading\" data-id=\"9a927f4\" data-element_type=\"widget\" data-e-type=\"widget\" data-settings=\"{&quot;_animation&quot;:&quot;slideInUp&quot;,&quot;_animation_delay&quot;:50}\" data-widget_type=\"heading.default\">\n\t\t\t\t\t<h3 class=\"elementor-heading-title elementor-size-default\">Risiko &amp; Compliance<\/h3>\t\t\t\t<\/div>\n\t\t\t\t<\/div>\n\t\t\t\t<div class=\"elementor-element elementor-element-934ad9e elementor-widget elementor-widget-spacer\" data-id=\"934ad9e\" data-element_type=\"widget\" data-e-type=\"widget\" data-widget_type=\"spacer.default\">\n\t\t\t\t\t\t\t<div class=\"elementor-spacer\">\n\t\t\t<div class=\"elementor-spacer-inner\"><\/div>\n\t\t<\/div>\n\t\t\t\t\t\t<\/div>\n\t\t<div class=\"elementor-element elementor-element-12a5e03 e-con-full e-flex e-con e-child\" data-id=\"12a5e03\" data-element_type=\"container\" data-e-type=\"container\">\n\t\t\t\t<div class=\"elementor-element elementor-element-f19028e elementor-widget elementor-widget-text-editor\" data-id=\"f19028e\" data-element_type=\"widget\" data-e-type=\"widget\" data-widget_type=\"text-editor.default\">\n\t\t\t\t\t\t\t\t\t<p><span style=\"font-weight: 400;\">Jedes Gesch\u00e4ft erh\u00e4lt eine klare Risikoeinstufung (niedrig, m\u00e4ssig, hoch) und wird von Investoren wie Fundraisern auf Regelkonformit\u00e4t gepr\u00fcft. Der Rahmen unterst\u00fctzt disziplinierte Aufsicht und st\u00e4rkt Anlegervertrauen.<\/span><\/p>\t\t\t\t\t\t\t\t<\/div>\n\t\t\t\t<\/div>\n\t\t\t\t<\/div>\n\t\t<div class=\"elementor-element elementor-element-2055a98 e-con-full e-flex e-con e-child\" data-id=\"2055a98\" data-element_type=\"container\" data-e-type=\"container\" data-settings=\"{&quot;background_background&quot;:&quot;classic&quot;}\">\n\t\t\t\t<\/div>\n\t\t\t\t\t<\/div>\n\t\t\t\t<\/div>\n\t\t<div class=\"elementor-element elementor-element-27b0d74 e-flex e-con-boxed e-con e-child\" data-id=\"27b0d74\" data-element_type=\"container\" data-e-type=\"container\">\n\t\t\t\t\t<div class=\"e-con-inner\">\n\t\t<div class=\"elementor-element elementor-element-a8fe088 e-con-full e-flex e-con e-child\" data-id=\"a8fe088\" data-element_type=\"container\" data-e-type=\"container\" data-settings=\"{&quot;background_background&quot;:&quot;classic&quot;}\">\n\t\t\t\t<\/div>\n\t\t<div class=\"elementor-element elementor-element-08c0750 e-con-full e-flex e-con e-child\" data-id=\"08c0750\" data-element_type=\"container\" data-e-type=\"container\" data-settings=\"{&quot;background_background&quot;:&quot;classic&quot;}\">\n\t\t<div class=\"elementor-element elementor-element-86508a4 e-con-full e-flex e-con e-child\" data-id=\"86508a4\" data-element_type=\"container\" data-e-type=\"container\">\n\t\t\t\t<div class=\"elementor-element elementor-element-3763e97 elementor-widget elementor-widget-image\" data-id=\"3763e97\" data-element_type=\"widget\" data-e-type=\"widget\" data-widget_type=\"image.default\">\n\t\t\t\t\t\t\t\t\t\t\t\t\t\t\t<img fetchpriority=\"high\" decoding=\"async\" width=\"754\" height=\"138\" src=\"https:\/\/capiwell.ch\/wp-content\/uploads\/2025\/09\/logo-white.png\" class=\"attachment-large size-large wp-image-988205\" alt=\"\" srcset=\"https:\/\/capiwell.ch\/wp-content\/uploads\/2025\/09\/logo-white.png 754w, https:\/\/capiwell.ch\/wp-content\/uploads\/2025\/09\/logo-white-300x55.png 300w, https:\/\/capiwell.ch\/wp-content\/uploads\/2025\/09\/logo-white-18x3.png 18w\" sizes=\"(max-width: 754px) 100vw, 754px\" \/>\t\t\t\t\t\t\t\t\t\t\t\t\t\t\t<\/div>\n\t\t\t\t<div class=\"elementor-element elementor-element-06c91c1 elementor-invisible animated-fast elementor-widget elementor-widget-heading\" data-id=\"06c91c1\" data-element_type=\"widget\" data-e-type=\"widget\" data-settings=\"{&quot;_animation&quot;:&quot;slideInUp&quot;,&quot;_animation_delay&quot;:50}\" data-widget_type=\"heading.default\">\n\t\t\t\t\t<h3 class=\"elementor-heading-title elementor-size-default\">Schweizer Standards anheben<\/h3>\t\t\t\t<\/div>\n\t\t\t\t<\/div>\n\t\t\t\t<div class=\"elementor-element elementor-element-9092360 elementor-widget elementor-widget-spacer\" data-id=\"9092360\" data-element_type=\"widget\" data-e-type=\"widget\" data-widget_type=\"spacer.default\">\n\t\t\t\t\t\t\t<div class=\"elementor-spacer\">\n\t\t\t<div class=\"elementor-spacer-inner\"><\/div>\n\t\t<\/div>\n\t\t\t\t\t\t<\/div>\n\t\t<div class=\"elementor-element elementor-element-2bc32d7 e-con-full e-flex e-con e-child\" data-id=\"2bc32d7\" data-element_type=\"container\" data-e-type=\"container\">\n\t\t\t\t<div class=\"elementor-element elementor-element-37257b1 elementor-widget elementor-widget-text-editor\" data-id=\"37257b1\" data-element_type=\"widget\" data-e-type=\"widget\" data-widget_type=\"text-editor.default\">\n\t\t\t\t\t\t\t\t\t<p><span style=\"font-weight: 400;\">CapiWell f\u00f6rdert aktive Projektverfolgung durch Investoren. Ziel: Rechenschaft st\u00e4rken und Transparenz auf den Schweizer Private-Markets weiter erh\u00f6hen.<\/span><\/p>\t\t\t\t\t\t\t\t<\/div>\n\t\t\t\t<\/div>\n\t\t\t\t<\/div>\n\t\t\t\t\t<\/div>\n\t\t\t\t<\/div>\n\t\t<div class=\"elementor-element elementor-element-9d1c397 e-flex e-con-boxed e-con e-parent\" data-id=\"9d1c397\" data-element_type=\"container\" data-e-type=\"container\">\n\t\t\t\t\t<div class=\"e-con-inner\">\n\t\t<div class=\"elementor-element elementor-element-74e0cea e-con-full e-flex e-con e-child\" data-id=\"74e0cea\" data-element_type=\"container\" data-e-type=\"container\">\n\t\t<div class=\"elementor-element elementor-element-966e0ef e-con-full e-flex e-con e-child\" data-id=\"966e0ef\" data-element_type=\"container\" data-e-type=\"container\">\n\t\t\t\t<div class=\"elementor-element elementor-element-0a73dbd elementor-invisible elementor-widget__width-initial animated-fast elementor-widget elementor-widget-heading\" data-id=\"0a73dbd\" data-element_type=\"widget\" data-e-type=\"widget\" data-settings=\"{&quot;_animation&quot;:&quot;fadeIn&quot;,&quot;_animation_delay&quot;:0}\" data-widget_type=\"heading.default\">\n\t\t\t\t\t<h2 class=\"elementor-heading-title elementor-size-default\">So starten <span class=\"color-accent-4\">Sie<\/span>\n<\/h2>\t\t\t\t<\/div>\n\t\t\t\t<div class=\"elementor-element elementor-element-75b8cfd elementor-widget elementor-widget-text-editor\" data-id=\"75b8cfd\" data-element_type=\"widget\" data-e-type=\"widget\" data-widget_type=\"text-editor.default\">\n\t\t\t\t\t\t\t\t\t<p><span style=\"font-weight: 400;\">Wenn Sie eine bestehende Investition \u00fcberwachen oder steuern m\u00f6chten (oder regelm\u00e4ssige Updates zu einem Projekt erhalten wollen, das Sie pr\u00fcfen), kontaktieren Sie uns. Wir aktivieren f\u00fcr Sie die Investitionskontrolle und den TrustBridge-Zugang.<\/span><\/p>\t\t\t\t\t\t\t\t<\/div>\n\t\t\t\t<div class=\"vamtam-has-theme-widget-styles elementor-element elementor-element-3e7c728 vamtam-icon-pos-row-reverse vamtam-has-icon-styles vamtam-has-hover-anim vamtam-has-outside-icon elementor-widget elementor-widget-button\" data-id=\"3e7c728\" data-element_type=\"widget\" data-e-type=\"widget\" data-widget_type=\"button.default\">\n\t\t\t\t\t\t\t\t\t\t<a class=\"elementor-button elementor-button-link elementor-size-sm\" href=\"https:\/\/capiwell.ch\/de\/loslegen\/\">\n\t\t\t\t\t\t<span class=\"elementor-button-content-wrapper\">\n\t\t\t\t\t\t<span class=\"elementor-button-icon\">\n\t\t\t\t<i aria-hidden=\"true\" class=\"vamtamtheme- vamtam-theme-arrow-link-up\"><\/i>\t\t\t<\/span>\n\t\t\t\t\t\t\t\t\t<span class=\"elementor-button-text\">Jetzt registrieren<\/span>\n\t\t\t\t\t<\/span>\n\t\t\t\t\t<\/a>\n\t\t\t\t\t\t\t\t<\/div>\n\t\t\t\t<\/div>\n\t\t\t\t<\/div>\n\t\t\t\t\t<\/div>\n\t\t\t\t<\/div>\n\t\t\t\t<\/div>","protected":false},"excerpt":{"rendered":"<p>Wir bei Capiwell glauben, dass Investitionen mit der Allokation beginnen und durch aktive \u00dcberwachung fortgesetzt werden. Mit Investment Control k\u00f6nnen Investoren jedes einzelne Projekt \u00fcberwachen, sodass Entscheidungen fundiert und zeitnah getroffen werden k\u00f6nnen. TrustBridge-Modell Unsere TrustBridge-Technologie erm\u00f6glicht (sofern m\u00f6glich) Echtzeit-Transparenz und unkomplizierte Berichterstellung: Live-Projektverfolgung mit IoT-Feeds, die aktuelle Daten aus ...<\/p>","protected":false},"author":2,"featured_media":989418,"parent":25,"menu_order":0,"comment_status":"closed","ping_status":"closed","template":"","meta":{"footnotes":""},"categories":[],"class_list":["post-989417","page","type-page","status-publish","has-post-thumbnail","hentry"],"_links":{"self":[{"href":"https:\/\/capiwell.ch\/de\/wp-json\/wp\/v2\/pages\/989417","targetHints":{"allow":["GET"]}}],"collection":[{"href":"https:\/\/capiwell.ch\/de\/wp-json\/wp\/v2\/pages"}],"about":[{"href":"https:\/\/capiwell.ch\/de\/wp-json\/wp\/v2\/types\/page"}],"author":[{"embeddable":true,"href":"https:\/\/capiwell.ch\/de\/wp-json\/wp\/v2\/users\/2"}],"replies":[{"embeddable":true,"href":"https:\/\/capiwell.ch\/de\/wp-json\/wp\/v2\/comments?post=989417"}],"version-history":[{"count":14,"href":"https:\/\/capiwell.ch\/de\/wp-json\/wp\/v2\/pages\/989417\/revisions"}],"predecessor-version":[{"id":991354,"href":"https:\/\/capiwell.ch\/de\/wp-json\/wp\/v2\/pages\/989417\/revisions\/991354"}],"up":[{"embeddable":true,"href":"https:\/\/capiwell.ch\/de\/wp-json\/wp\/v2\/pages\/25"}],"wp:featuredmedia":[{"embeddable":true,"href":"https:\/\/capiwell.ch\/de\/wp-json\/wp\/v2\/media\/989418"}],"wp:attachment":[{"href":"https:\/\/capiwell.ch\/de\/wp-json\/wp\/v2\/media?parent=989417"}],"wp:term":[{"taxonomy":"category","embeddable":true,"href":"https:\/\/capiwell.ch\/de\/wp-json\/wp\/v2\/categories?post=989417"}],"curies":[{"name":"wp","href":"https:\/\/api.w.org\/{rel}","templated":true}]}}