{"id":989175,"date":"2025-09-18T05:25:12","date_gmt":"2025-09-18T05:25:12","guid":{"rendered":"https:\/\/capiwell.ch\/?page_id=989175"},"modified":"2026-01-24T17:42:26","modified_gmt":"2026-01-24T17:42:26","slug":"capiwell-architektur","status":"publish","type":"page","link":"https:\/\/capiwell.ch\/de\/wie-es-funktioniert\/capiwell-architektur\/","title":{"rendered":"Architektur"},"content":{"rendered":"<div data-elementor-type=\"wp-page\" data-elementor-id=\"989175\" class=\"elementor elementor-989175\" data-elementor-post-type=\"page\">\n\t\t\t\t<div class=\"elementor-element elementor-element-b573bd0 e-flex e-con-boxed e-con e-parent\" data-id=\"b573bd0\" data-element_type=\"container\" data-e-type=\"container\">\n\t\t\t\t\t<div class=\"e-con-inner\">\n\t\t<div class=\"elementor-element elementor-element-973f7e4 e-con-full e-flex e-con e-child\" data-id=\"973f7e4\" data-element_type=\"container\" data-e-type=\"container\">\n\t\t<div class=\"elementor-element elementor-element-cd6dedd e-con-full e-flex e-con e-child\" data-id=\"cd6dedd\" data-element_type=\"container\" data-e-type=\"container\">\n\t\t\t\t<div class=\"elementor-element elementor-element-e07fbb7 elementor-invisible animated-fast elementor-widget__width-initial elementor-widget elementor-widget-heading\" data-id=\"e07fbb7\" data-element_type=\"widget\" data-e-type=\"widget\" data-settings=\"{&quot;_animation&quot;:&quot;fadeIn&quot;}\" data-widget_type=\"heading.default\">\n\t\t\t\t\t<h2 class=\"elementor-heading-title elementor-size-default\">Dreischichtige Architektur f\u00fcr<br>\n<span class=\"color-accent-4\">Vertrauen und Leistung<\/span><\/h2>\t\t\t\t<\/div>\n\t\t\t\t<\/div>\n\t\t\t\t<\/div>\n\t\t\t\t\t<\/div>\n\t\t\t\t<\/div>\n\t\t<div class=\"elementor-element elementor-element-25020d61 e-flex e-con-boxed e-con e-parent\" data-id=\"25020d61\" data-element_type=\"container\" data-e-type=\"container\">\n\t\t\t\t\t<div class=\"e-con-inner\">\n\t\t<div class=\"elementor-element elementor-element-7c997b65 elementor-invisible e-con-full animated-fast e-flex e-con e-child\" data-id=\"7c997b65\" data-element_type=\"container\" data-e-type=\"container\" data-settings=\"{&quot;background_background&quot;:&quot;classic&quot;,&quot;animation&quot;:&quot;slideInUp&quot;,&quot;animation_delay&quot;:0}\">\n\t\t<div class=\"elementor-element elementor-element-2ce1fa3f e-con-full e-flex e-con e-child\" data-id=\"2ce1fa3f\" data-element_type=\"container\" data-e-type=\"container\">\n\t\t<div class=\"elementor-element elementor-element-21ee7ec5 e-con-full e-flex e-con e-child\" data-id=\"21ee7ec5\" data-element_type=\"container\" data-e-type=\"container\">\n\t\t<div class=\"elementor-element elementor-element-66c68f58 e-con-full e-flex e-con e-child\" data-id=\"66c68f58\" data-element_type=\"container\" data-e-type=\"container\">\n\t\t\t\t<div class=\"elementor-element elementor-element-4e37eed5 elementor-widget elementor-widget-heading\" data-id=\"4e37eed5\" data-element_type=\"widget\" data-e-type=\"widget\" data-widget_type=\"heading.default\">\n\t\t\t\t\t<h4 class=\"elementor-heading-title elementor-size-default\">1. Personalisierte Benutzererfahrungsebene<\/h4>\t\t\t\t<\/div>\n\t\t\t\t<\/div>\n\t\t<div class=\"elementor-element elementor-element-72633283 e-con-full e-flex e-con e-child\" data-id=\"72633283\" data-element_type=\"container\" data-e-type=\"container\">\n\t\t\t\t<div class=\"elementor-element elementor-element-3eb6d5e elementor-widget elementor-widget-image\" data-id=\"3eb6d5e\" data-element_type=\"widget\" data-e-type=\"widget\" data-widget_type=\"image.default\">\n\t\t\t\t\t\t\t\t\t\t\t\t\t\t\t<img fetchpriority=\"high\" decoding=\"async\" width=\"446\" height=\"498\" src=\"https:\/\/capiwell.ch\/wp-content\/uploads\/2025\/09\/single-bar.png\" class=\"attachment-large size-large wp-image-988820\" alt=\"\" srcset=\"https:\/\/capiwell.ch\/wp-content\/uploads\/2025\/09\/single-bar.png 446w, https:\/\/capiwell.ch\/wp-content\/uploads\/2025\/09\/single-bar-269x300.png 269w, https:\/\/capiwell.ch\/wp-content\/uploads\/2025\/09\/single-bar-11x12.png 11w\" sizes=\"(max-width: 446px) 100vw, 446px\" \/>\t\t\t\t\t\t\t\t\t\t\t\t\t\t\t<\/div>\n\t\t\t\t<\/div>\n\t\t\t\t<\/div>\n\t\t<div class=\"elementor-element elementor-element-314e9f12 e-con-full e-flex e-con e-child\" data-id=\"314e9f12\" data-element_type=\"container\" data-e-type=\"container\">\n\t\t\t\t<div class=\"elementor-element elementor-element-79d8d8d8 elementor-widget elementor-widget-text-editor\" data-id=\"79d8d8d8\" data-element_type=\"widget\" data-e-type=\"widget\" data-widget_type=\"text-editor.default\">\n\t\t\t\t\t\t\t\t\t<p><span style=\"font-weight: 400;\">Die Oberfl\u00e4che f\u00fcr den t\u00e4glichen Gebrauch. Sie passt sich dynamisch den Bed\u00fcrfnissen von Anlegerinnen\/Anlegern und Kapitalsuchenden an \u2013 auf Basis von Verhaltensanalysen und Onboarding-Ergebnissen \u2013 und schafft eine rollenspezifische Umgebung.<\/span><\/p><ul><li style=\"font-weight: 400;\" aria-level=\"1\"><b>Intelligente Warnhinweise,<\/b><span style=\"font-weight: 400;\"> die stets auf dem Laufenden halten<\/span><span style=\"font-weight: 400;\"><br \/><br \/><\/span><\/li><li style=\"font-weight: 400;\" aria-level=\"1\"><b>Kuratiertes Deal-Handling,<\/b><span style=\"font-weight: 400;\"> die wichtigsten Gelegenheiten vorschlagen<\/span><span style=\"font-weight: 400;\"><br \/><br \/><\/span><\/li><li style=\"font-weight: 400;\" aria-level=\"1\"><b>Kontextbezogene Inhalte,<\/b><span style=\"font-weight: 400;\"> die ein statisches Dashboard in eine Entscheidungszentrale verwandeln<\/span><span style=\"font-weight: 400;\"><br \/><br \/><\/span><\/li><\/ul><p><span style=\"font-weight: 400;\">Mit <\/span><b>TrustBridge-Bewertungen<\/b><span style=\"font-weight: 400;\"> wird Regelkonformit\u00e4t sichtbar und transparent, und schafft Vertrauen bei jedem Schritt.<\/span><\/p>\t\t\t\t\t\t\t\t<\/div>\n\t\t\t\t<\/div>\n\t\t\t\t<\/div>\n\t\t\t\t<\/div>\n\t\t<div class=\"elementor-element elementor-element-46146de0 elementor-invisible e-con-full animated-fast e-flex e-con e-child\" data-id=\"46146de0\" data-element_type=\"container\" data-e-type=\"container\" data-settings=\"{&quot;background_background&quot;:&quot;classic&quot;,&quot;animation&quot;:&quot;slideInUp&quot;,&quot;animation_delay&quot;:50}\">\n\t\t<div class=\"elementor-element elementor-element-15cf9d97 e-con-full e-flex e-con e-child\" data-id=\"15cf9d97\" data-element_type=\"container\" data-e-type=\"container\">\n\t\t<div class=\"elementor-element elementor-element-6c8b5fd e-con-full e-flex e-con e-child\" data-id=\"6c8b5fd\" data-element_type=\"container\" data-e-type=\"container\">\n\t\t\t\t<div class=\"elementor-element elementor-element-656733f1 elementor-widget elementor-widget-heading\" data-id=\"656733f1\" data-element_type=\"widget\" data-e-type=\"widget\" data-widget_type=\"heading.default\">\n\t\t\t\t\t<h4 class=\"elementor-heading-title elementor-size-default\">2. Intelligenzmotor<\/h4>\t\t\t\t<\/div>\n\t\t\t\t<\/div>\n\t\t<div class=\"elementor-element elementor-element-7e7fe937 e-con-full e-flex e-con e-child\" data-id=\"7e7fe937\" data-element_type=\"container\" data-e-type=\"container\">\n\t\t\t\t<div class=\"elementor-element elementor-element-7f0431c elementor-widget elementor-widget-image\" data-id=\"7f0431c\" data-element_type=\"widget\" data-e-type=\"widget\" data-widget_type=\"image.default\">\n\t\t\t\t\t\t\t\t\t\t\t\t\t\t\t<img decoding=\"async\" width=\"446\" height=\"498\" src=\"https:\/\/capiwell.ch\/wp-content\/uploads\/2025\/09\/doubel-bar.png\" class=\"attachment-large size-large wp-image-988821\" alt=\"\" srcset=\"https:\/\/capiwell.ch\/wp-content\/uploads\/2025\/09\/doubel-bar.png 446w, https:\/\/capiwell.ch\/wp-content\/uploads\/2025\/09\/doubel-bar-269x300.png 269w, https:\/\/capiwell.ch\/wp-content\/uploads\/2025\/09\/doubel-bar-11x12.png 11w\" sizes=\"(max-width: 446px) 100vw, 446px\" \/>\t\t\t\t\t\t\t\t\t\t\t\t\t\t\t<\/div>\n\t\t\t\t<\/div>\n\t\t\t\t<\/div>\n\t\t<div class=\"elementor-element elementor-element-a8a4d9d e-con-full e-flex e-con e-child\" data-id=\"a8a4d9d\" data-element_type=\"container\" data-e-type=\"container\">\n\t\t\t\t<div class=\"elementor-element elementor-element-1a81667 elementor-widget elementor-widget-text-editor\" data-id=\"1a81667\" data-element_type=\"widget\" data-e-type=\"widget\" data-widget_type=\"text-editor.default\">\n\t\t\t\t\t\t\t\t\t<p><span style=\"font-weight: 400;\">Hinter der Benutzeroberfl\u00e4che arbeitet die Intelligenz, die Personalisierung und Regelkonformit\u00e4t sicherstellt. Diese Ebene steuert <\/span><b>Segmentierung, Abgleich und Filterung<\/b><span style=\"font-weight: 400;\">\u2013 so bleibt jede angezeigte Chance relevant und sicher.Gelegenheit sowohl relevant als auch sicher ist.<\/span><\/p><ul><li style=\"font-weight: 400;\" aria-level=\"1\"><b>Dynamische Benutzerprofile<\/b><span style=\"font-weight: 400;\"> aufgebaut aus Verhalten und Eingaben auf der Plattform<\/span><span style=\"font-weight: 400;\"><br \/><br \/><\/span><\/li><li style=\"font-weight: 400;\" aria-level=\"1\"><b>Kennzeichnungslogik<\/b><span style=\"font-weight: 400;\"> schneidet die Deal-Exponierung zielgenau zu<\/span><span style=\"font-weight: 400;\"><br \/><br \/><\/span><\/li><li style=\"font-weight: 400;\" aria-level=\"1\"><b>Automatisierte Bewertungsschwellen<\/b><span style=\"font-weight: 400;\"> gespeist durch Verhaltensanalysen<\/span><span style=\"font-weight: 400;\"><br \/><br \/><\/span><\/li><li style=\"font-weight: 400;\" aria-level=\"1\"><b>Eingebettete KYC- und AML-Filter<\/b><span style=\"font-weight: 400;\"> erkennen Risikosignale vor der Anzeige und leiten sie weiter<\/span><span style=\"font-weight: 400;\"><br \/><br \/><\/span><\/li><\/ul><p><span style=\"font-weight: 400;\">Hier treffen Anlegervertrauen und strenge Regulierung zusammen.<\/span><\/p>\t\t\t\t\t\t\t\t<\/div>\n\t\t\t\t<\/div>\n\t\t\t\t<\/div>\n\t\t<div class=\"elementor-element elementor-element-e94b969 elementor-invisible e-con-full animated-fast e-flex e-con e-child\" data-id=\"e94b969\" data-element_type=\"container\" data-e-type=\"container\" data-settings=\"{&quot;background_background&quot;:&quot;classic&quot;,&quot;animation&quot;:&quot;slideInUp&quot;,&quot;animation_delay&quot;:100}\">\n\t\t<div class=\"elementor-element elementor-element-46c8c89 e-con-full e-flex e-con e-child\" data-id=\"46c8c89\" data-element_type=\"container\" data-e-type=\"container\">\n\t\t<div class=\"elementor-element elementor-element-bbc0762 e-con-full e-flex e-con e-child\" data-id=\"bbc0762\" data-element_type=\"container\" data-e-type=\"container\">\n\t\t\t\t<div class=\"elementor-element elementor-element-225e521 elementor-widget elementor-widget-heading\" data-id=\"225e521\" data-element_type=\"widget\" data-e-type=\"widget\" data-widget_type=\"heading.default\">\n\t\t\t\t\t<h4 class=\"elementor-heading-title elementor-size-default\">3. Infrastrukturkern<\/h4>\t\t\t\t<\/div>\n\t\t\t\t<\/div>\n\t\t<div class=\"elementor-element elementor-element-a04ce62 e-con-full e-flex e-con e-child\" data-id=\"a04ce62\" data-element_type=\"container\" data-e-type=\"container\">\n\t\t\t\t<div class=\"elementor-element elementor-element-a063825 elementor-widget elementor-widget-image\" data-id=\"a063825\" data-element_type=\"widget\" data-e-type=\"widget\" data-widget_type=\"image.default\">\n\t\t\t\t\t\t\t\t\t\t\t\t\t\t\t<img decoding=\"async\" width=\"446\" height=\"498\" src=\"https:\/\/capiwell.ch\/wp-content\/uploads\/2025\/09\/three-bar.png\" class=\"attachment-large size-large wp-image-988816\" alt=\"\" srcset=\"https:\/\/capiwell.ch\/wp-content\/uploads\/2025\/09\/three-bar.png 446w, https:\/\/capiwell.ch\/wp-content\/uploads\/2025\/09\/three-bar-269x300.png 269w, https:\/\/capiwell.ch\/wp-content\/uploads\/2025\/09\/three-bar-11x12.png 11w\" sizes=\"(max-width: 446px) 100vw, 446px\" \/>\t\t\t\t\t\t\t\t\t\t\t\t\t\t\t<\/div>\n\t\t\t\t<\/div>\n\t\t\t\t<\/div>\n\t\t<div class=\"elementor-element elementor-element-74d655a e-con-full e-flex e-con e-child\" data-id=\"74d655a\" data-element_type=\"container\" data-e-type=\"container\">\n\t\t\t\t<div class=\"elementor-element elementor-element-e387e65 elementor-widget elementor-widget-text-editor\" data-id=\"e387e65\" data-element_type=\"widget\" data-e-type=\"widget\" data-widget_type=\"text-editor.default\">\n\t\t\t\t\t\t\t\t\t<p><span style=\"font-weight: 400;\">Die Basis bildet das System, das Integrit\u00e4t und Skalierbarkeit sicherstellt. Der Infrastrukturkern verankert <\/span><b>das rechtliche und operative R\u00fcckgrat von CapiWell<\/b><span style=\"font-weight: 400;\">.<\/span><\/p><ul><li style=\"font-weight: 400;\" aria-level=\"1\"><b>SO-FIT-konformer Rechtsrahmen<\/b><b><br \/><br \/><\/b><\/li><li style=\"font-weight: 400;\" aria-level=\"1\"><b>Standardisierte SPV-Vorlagen<\/b><span style=\"font-weight: 400;\"> f\u00fcr eine effiziente Transaktionsabwicklung<\/span><span style=\"font-weight: 400;\"><br \/><br \/><\/span><\/li><li style=\"font-weight: 400;\" aria-level=\"1\"><b>Sichere Zahlungsstr\u00f6me<\/b><span style=\"font-weight: 400;\"> mit l\u00fcckenloser Nachverfolgbarkeit f\u00fcr Audits<\/span><span style=\"font-weight: 400;\"><br \/><br \/><\/span><\/li><li style=\"font-weight: 400;\" aria-level=\"1\"><b>Unternehmenstaugliches CRM-System,<\/b><span style=\"font-weight: 400;\"> ausgelegt f\u00fcr Aufsichtspr\u00fcfungen<\/span><span style=\"font-weight: 400;\"><br \/><br \/><\/span><\/li><\/ul><p><span style=\"font-weight: 400;\">Vom ersten Tag an ist jede Aktion und jeder Datenpunkt gesichert, nachvollziehbar und skalierbar.<\/span><\/p>\t\t\t\t\t\t\t\t<\/div>\n\t\t\t\t<\/div>\n\t\t\t\t<\/div>\n\t\t\t\t\t<\/div>\n\t\t\t\t<\/div>\n\t\t<div class=\"elementor-element elementor-element-303553a e-flex e-con-boxed e-con e-child\" data-id=\"303553a\" data-element_type=\"container\" data-e-type=\"container\">\n\t\t\t\t\t<div class=\"e-con-inner\">\n\t\t<div class=\"elementor-element elementor-element-2055a98 e-con-full e-flex e-con e-child\" data-id=\"2055a98\" data-element_type=\"container\" data-e-type=\"container\" data-settings=\"{&quot;background_background&quot;:&quot;classic&quot;}\">\n\t\t\t\t<\/div>\n\t\t<div class=\"elementor-element elementor-element-f5405bc e-con-full e-flex e-con e-child\" data-id=\"f5405bc\" data-element_type=\"container\" data-e-type=\"container\" data-settings=\"{&quot;background_background&quot;:&quot;classic&quot;}\">\n\t\t<div class=\"elementor-element elementor-element-2871fff e-con-full e-flex e-con e-child\" data-id=\"2871fff\" data-element_type=\"container\" data-e-type=\"container\">\n\t\t\t\t<div class=\"elementor-element elementor-element-e3f77f1 elementor-widget elementor-widget-image\" data-id=\"e3f77f1\" data-element_type=\"widget\" data-e-type=\"widget\" data-widget_type=\"image.default\">\n\t\t\t\t\t\t\t\t\t\t\t\t\t\t\t<img loading=\"lazy\" decoding=\"async\" width=\"754\" height=\"138\" src=\"https:\/\/capiwell.ch\/wp-content\/uploads\/2025\/09\/logo-white.png\" class=\"attachment-large size-large wp-image-988205\" alt=\"\" srcset=\"https:\/\/capiwell.ch\/wp-content\/uploads\/2025\/09\/logo-white.png 754w, https:\/\/capiwell.ch\/wp-content\/uploads\/2025\/09\/logo-white-300x55.png 300w, https:\/\/capiwell.ch\/wp-content\/uploads\/2025\/09\/logo-white-18x3.png 18w\" sizes=\"(max-width: 754px) 100vw, 754px\" \/>\t\t\t\t\t\t\t\t\t\t\t\t\t\t\t<\/div>\n\t\t\t\t<div class=\"elementor-element elementor-element-9a927f4 elementor-invisible animated-fast elementor-widget elementor-widget-heading\" data-id=\"9a927f4\" data-element_type=\"widget\" data-e-type=\"widget\" data-settings=\"{&quot;_animation&quot;:&quot;slideInUp&quot;,&quot;_animation_delay&quot;:50}\" data-widget_type=\"heading.default\">\n\t\t\t\t\t<h3 class=\"elementor-heading-title elementor-size-default\">Eine Plattform, die die Kategorie pr\u00e4gt<\/h3>\t\t\t\t<\/div>\n\t\t\t\t<\/div>\n\t\t\t\t<div class=\"elementor-element elementor-element-934ad9e elementor-widget elementor-widget-spacer\" data-id=\"934ad9e\" data-element_type=\"widget\" data-e-type=\"widget\" data-widget_type=\"spacer.default\">\n\t\t\t\t\t\t\t<div class=\"elementor-spacer\">\n\t\t\t<div class=\"elementor-spacer-inner\"><\/div>\n\t\t<\/div>\n\t\t\t\t\t\t<\/div>\n\t\t<div class=\"elementor-element elementor-element-12a5e03 e-con-full e-flex e-con e-child\" data-id=\"12a5e03\" data-element_type=\"container\" data-e-type=\"container\">\n\t\t\t\t<div class=\"elementor-element elementor-element-f19028e elementor-widget elementor-widget-text-editor\" data-id=\"f19028e\" data-element_type=\"widget\" data-e-type=\"widget\" data-widget_type=\"text-editor.default\">\n\t\t\t\t\t\t\t\t\t<p><span style=\"font-weight: 400;\">Mehr als ein Marktplatz: CapiWell ist eine <\/span><b>kategoriepr\u00e4gende Plattform,<\/b><span style=\"font-weight: 400;\"> die <\/span><b>Personalisierung f\u00fcr Investoren, Bef\u00e4higung f\u00fcr Gr\u00fcnderinnen und Gr\u00fcnder und systemische Glaubw\u00fcrdigkeit<\/b><span style=\"font-weight: 400;\"> in einem synchronen System verbindet. Durch modulare Technologie auf einem compliance-orientierten Fundament setzen wir einen neuen Standard daf\u00fcr, wie Privatkapital in der Schweiz \u2013 und dar\u00fcber hinaus \u2013 erlebt wird.<\/span><\/p><p><b>CapiWell - wo Vertrauen, Compliance und Wachstum zusammenkommen.<\/b><\/p>\t\t\t\t\t\t\t\t<\/div>\n\t\t\t\t<\/div>\n\t\t\t\t<\/div>\n\t\t\t\t\t<\/div>\n\t\t\t\t<\/div>\n\t\t\t\t<\/div>","protected":false},"excerpt":{"rendered":"<p>A Three-Layered Architecture for Trust and Performance 1. Personalized User Experience Layer This is the interface users see and interact with every day. It adapts dynamically for investors and capital seekers, creating a role-specific environment powered by behavioral insights and onboarding outcomes. Smart alerts keep users informed Curated deal flows bring forward the most relevant&#8230;<\/p>","protected":false},"author":2,"featured_media":989282,"parent":991728,"menu_order":0,"comment_status":"closed","ping_status":"closed","template":"","meta":{"footnotes":""},"categories":[],"class_list":["post-989175","page","type-page","status-publish","has-post-thumbnail","hentry"],"_links":{"self":[{"href":"https:\/\/capiwell.ch\/de\/wp-json\/wp\/v2\/pages\/989175","targetHints":{"allow":["GET"]}}],"collection":[{"href":"https:\/\/capiwell.ch\/de\/wp-json\/wp\/v2\/pages"}],"about":[{"href":"https:\/\/capiwell.ch\/de\/wp-json\/wp\/v2\/types\/page"}],"author":[{"embeddable":true,"href":"https:\/\/capiwell.ch\/de\/wp-json\/wp\/v2\/users\/2"}],"replies":[{"embeddable":true,"href":"https:\/\/capiwell.ch\/de\/wp-json\/wp\/v2\/comments?post=989175"}],"version-history":[{"count":35,"href":"https:\/\/capiwell.ch\/de\/wp-json\/wp\/v2\/pages\/989175\/revisions"}],"predecessor-version":[{"id":991734,"href":"https:\/\/capiwell.ch\/de\/wp-json\/wp\/v2\/pages\/989175\/revisions\/991734"}],"up":[{"embeddable":true,"href":"https:\/\/capiwell.ch\/de\/wp-json\/wp\/v2\/pages\/991728"}],"wp:featuredmedia":[{"embeddable":true,"href":"https:\/\/capiwell.ch\/de\/wp-json\/wp\/v2\/media\/989282"}],"wp:attachment":[{"href":"https:\/\/capiwell.ch\/de\/wp-json\/wp\/v2\/media?parent=989175"}],"wp:term":[{"taxonomy":"category","embeddable":true,"href":"https:\/\/capiwell.ch\/de\/wp-json\/wp\/v2\/categories?post=989175"}],"curies":[{"name":"wp","href":"https:\/\/api.w.org\/{rel}","templated":true}]}}