{"id":2110,"date":"2025-02-21T12:00:10","date_gmt":"2025-02-21T12:00:10","guid":{"rendered":"https:\/\/finovate.vamtam.com\/?page_id=2110"},"modified":"2026-01-24T16:00:52","modified_gmt":"2026-01-24T16:00:52","slug":"cesar-jabr","status":"publish","type":"page","link":"https:\/\/capiwell.ch\/de\/uber-uns\/fuhrung\/cesar-jabr\/","title":{"rendered":"Cesar Jabr"},"content":{"rendered":"<div data-elementor-type=\"wp-page\" data-elementor-id=\"2110\" class=\"elementor elementor-2110\" data-elementor-post-type=\"page\">\n\t\t\t\t<div class=\"elementor-element elementor-element-3088465 e-flex e-con-boxed e-con e-parent\" data-id=\"3088465\" data-element_type=\"container\" data-e-type=\"container\">\n\t\t\t\t\t<div class=\"e-con-inner\">\n\t\t\t\t<div class=\"elementor-element elementor-element-19b76ed elementor-widget-divider--view-line elementor-widget elementor-widget-divider\" data-id=\"19b76ed\" data-element_type=\"widget\" data-e-type=\"widget\" data-widget_type=\"divider.default\">\n\t\t\t\t\t\t\t<div class=\"elementor-divider\">\n\t\t\t<span class=\"elementor-divider-separator\">\n\t\t\t\t\t\t<\/span>\n\t\t<\/div>\n\t\t\t\t\t\t<\/div>\n\t\t\t\t\t<\/div>\n\t\t\t\t<\/div>\n\t\t<div class=\"elementor-element elementor-element-bb8a142 e-flex e-con-boxed e-con e-parent\" data-id=\"bb8a142\" data-element_type=\"container\" data-e-type=\"container\">\n\t\t\t\t\t<div class=\"e-con-inner\">\n\t\t\t\t<div class=\"elementor-element elementor-element-f403d4e elementor-widget elementor-widget-text-editor\" data-id=\"f403d4e\" data-element_type=\"widget\" data-e-type=\"widget\" data-widget_type=\"text-editor.default\">\n\t\t\t\t\t\t\t\t\t<p>Er war stellvertretender Group Chief Executive bei Monty Mobile, wo er das Unternehmen zur IPO-Reife f\u00fchrte und bahnbrechende mobile Finanzdienstleistungen und digitale Bankl\u00f6sungen einf\u00fchrte. Seine Karriere umfasst F\u00fchrungspositionen bei Monty Holding, Spactron und DiscoveryTel Communications sowie Beratungs- und Consulting-Leistungen im Bereich FinTech und digitale Transformation. Er hat in den Bereichen Unternehmensumstrukturierung, Projektmanagement und grenz\u00fcberschreitende Gesch\u00e4ftsentwicklung konstant gute Ergebnisse erzielt.<\/p><p>Cesar hat einen Doktortitel in Managementwissenschaften von der Universit\u00e9 Montesquieu Bordeaux IV und verf\u00fcgt \u00fcber fortgeschrittene Qualifikationen in den Bereichen Finanzen und Betriebswirtschaft von f\u00fchrenden libanesischen Institutionen. Er spricht flie\u00dfend Englisch, Arabisch und Franz\u00f6sisch und verf\u00fcgt \u00fcber eine seltene Kombination aus akademischen Qualifikationen, unternehmerischem Engagement und internationaler Erfahrung in F\u00fchrungspositionen, die ihn zu einer vertrauensw\u00fcrdigen F\u00fchrungspers\u00f6nlichkeit in der digitalen Wirtschaft machen.<\/p>\t\t\t\t\t\t\t\t<\/div>\n\t\t\t\t\t<\/div>\n\t\t\t\t<\/div>\n\t\t\t\t<\/div>","protected":false},"excerpt":{"rendered":"<p>Cesar Jabr ist eine F\u00fchrungskraft mit mehr als f\u00fcnfundzwanzig Jahren internationaler F\u00fchrungserfahrung in Europa, dem Nahen Osten und Afrika. Er hat sich den Ruf erworben, Organisationen durch komplexe Transformationen in den Bereichen Telekommunikation, digitales Banking und Technologie zu f\u00fchren und dabei strategische Visionen mit einem tiefgreifenden Verst\u00e4ndnis von Finanzen, Governance und Innovation zu verbinden.<\/p>","protected":false},"author":1,"featured_media":990599,"parent":1071,"menu_order":0,"comment_status":"closed","ping_status":"closed","template":"","meta":{"footnotes":""},"categories":[78],"class_list":["post-2110","page","type-page","status-publish","has-post-thumbnail","hentry","category-leadership"],"_links":{"self":[{"href":"https:\/\/capiwell.ch\/de\/wp-json\/wp\/v2\/pages\/2110","targetHints":{"allow":["GET"]}}],"collection":[{"href":"https:\/\/capiwell.ch\/de\/wp-json\/wp\/v2\/pages"}],"about":[{"href":"https:\/\/capiwell.ch\/de\/wp-json\/wp\/v2\/types\/page"}],"author":[{"embeddable":true,"href":"https:\/\/capiwell.ch\/de\/wp-json\/wp\/v2\/users\/1"}],"replies":[{"embeddable":true,"href":"https:\/\/capiwell.ch\/de\/wp-json\/wp\/v2\/comments?post=2110"}],"version-history":[{"count":10,"href":"https:\/\/capiwell.ch\/de\/wp-json\/wp\/v2\/pages\/2110\/revisions"}],"predecessor-version":[{"id":990507,"href":"https:\/\/capiwell.ch\/de\/wp-json\/wp\/v2\/pages\/2110\/revisions\/990507"}],"up":[{"embeddable":true,"href":"https:\/\/capiwell.ch\/de\/wp-json\/wp\/v2\/pages\/1071"}],"wp:featuredmedia":[{"embeddable":true,"href":"https:\/\/capiwell.ch\/de\/wp-json\/wp\/v2\/media\/990599"}],"wp:attachment":[{"href":"https:\/\/capiwell.ch\/de\/wp-json\/wp\/v2\/media?parent=2110"}],"wp:term":[{"taxonomy":"category","embeddable":true,"href":"https:\/\/capiwell.ch\/de\/wp-json\/wp\/v2\/categories?post=2110"}],"curies":[{"name":"wp","href":"https:\/\/api.w.org\/{rel}","templated":true}]}}