{"id":2079,"date":"2025-02-21T13:00:28","date_gmt":"2025-02-21T13:00:28","guid":{"rendered":"https:\/\/finovate.vamtam.com\/?page_id=2079"},"modified":"2026-01-24T10:54:46","modified_gmt":"2026-01-24T10:54:46","slug":"mountasser-hachem","status":"publish","type":"page","link":"https:\/\/capiwell.ch\/de\/uber-uns\/fuhrung\/mountasser-hachem\/","title":{"rendered":"Mountasser Hachem"},"content":{"rendered":"<div data-elementor-type=\"wp-page\" data-elementor-id=\"2079\" class=\"elementor elementor-2079\" data-elementor-post-type=\"page\">\n\t\t\t\t<div class=\"elementor-element elementor-element-04625ac e-flex e-con-boxed e-con e-parent\" data-id=\"04625ac\" data-element_type=\"container\" data-e-type=\"container\">\n\t\t\t\t\t<div class=\"e-con-inner\">\n\t\t\t\t<div class=\"elementor-element elementor-element-84efbdb elementor-widget-divider--view-line elementor-widget elementor-widget-divider\" data-id=\"84efbdb\" data-element_type=\"widget\" data-e-type=\"widget\" data-widget_type=\"divider.default\">\n\t\t\t\t\t\t\t<div class=\"elementor-divider\">\n\t\t\t<span class=\"elementor-divider-separator\">\n\t\t\t\t\t\t<\/span>\n\t\t<\/div>\n\t\t\t\t\t\t<\/div>\n\t\t\t\t\t<\/div>\n\t\t\t\t<\/div>\n\t\t<div class=\"elementor-element elementor-element-5aef412 e-flex e-con-boxed e-con e-parent\" data-id=\"5aef412\" data-element_type=\"container\" data-e-type=\"container\">\n\t\t\t\t\t<div class=\"e-con-inner\">\n\t\t\t\t<div class=\"elementor-element elementor-element-9c9281f elementor-widget elementor-widget-text-editor\" data-id=\"9c9281f\" data-element_type=\"widget\" data-e-type=\"widget\" data-widget_type=\"text-editor.default\">\n\t\t\t\t\t\t\t\t\t<p>Als Gr\u00fcnder und Group Chairman der Monty Holding hat Montasser die Expansion des Unternehmens zu einem weltweit f\u00fchrenden Unternehmen mit Niederlassungen in mehr als 120 L\u00e4ndern \u00fcberwacht. Unter seiner Leitung hat das Unternehmen bahnbrechende Initiativen in den Bereichen mobile Finanzdienstleistungen, Fintech und digitales Banking gestartet und die Monty Holding an die Spitze der technologischen Innovation und finanziellen Inklusion gebracht. Im Laufe seiner Karriere hat er Organisationen erfolgreich zur B\u00f6rsenreife gef\u00fchrt, grenz\u00fcberschreitende Wachstumsstrategien orchestriert und internationale Partnerschaften gef\u00f6rdert. Dabei hat er immer wieder seine seltene F\u00e4higkeit unter Beweis gestellt, unternehmerische Visionen mit Governance und Finanzdisziplin zu verbinden.<\/p><p>Montasser verf\u00fcgt \u00fcber fortgeschrittene Qualifikationen in Management, Finanzen und Betriebswirtschaft und spricht flie\u00dfend Englisch, Arabisch und Franz\u00f6sisch. Seine F\u00fchrungsqualit\u00e4ten zeichnen sich durch Belastbarkeit, strategische Einsicht und ein unersch\u00fctterliches Engagement f\u00fcr Innovation aus, was ihm die Anerkennung als hochrangige F\u00fchrungskraft und vertrauensw\u00fcrdige F\u00fchrungspers\u00f6nlichkeit einbrachte. Mit seiner umfassenden Erfahrung in der Beratung multinationaler Unternehmen und der Gestaltung der Zukunft digitaler \u00d6kosysteme bringt er eine einzigartige Kombination aus globaler Perspektive, unternehmerischem Antrieb und transformativem Einfluss mit, die ihn zu einem Eckpfeiler des strategischen Wachstums und der langfristigen Wertsch\u00f6pfung macht.<\/p>\t\t\t\t\t\t\t\t<\/div>\n\t\t\t\t\t<\/div>\n\t\t\t\t<\/div>\n\t\t\t\t<\/div>","protected":false},"excerpt":{"rendered":"<p>Montasser Hachem ist eine vision\u00e4re F\u00fchrungspers\u00f6nlichkeit und ein Unternehmer mit mehr als f\u00fcnfundzwanzig Jahren internationaler Erfahrung an der Spitze von Telekommunikation, digitaler Innovation und Finanzdienstleistungen. Er ist weithin anerkannt f\u00fcr seine F\u00e4higkeit, Unternehmen umzugestalten und nachhaltiges Wachstum voranzutreiben, und hat sich einen Ruf als eine der einflussreichsten Pers\u00f6nlichkeiten in der digitalen Wirtschaft in Europa, dem Nahen Osten und Afrika erworben. Sein strategischer Weitblick in Verbindung mit seinem fundierten operativen Fachwissen hat ihn in die Lage versetzt, komplexe Unternehmenstransformationen zu leiten und innovative L\u00f6sungen zu entwickeln, die M\u00e4rkte neu definieren und den Stakeholdern einen dauerhaften Mehrwert bieten.<\/p>","protected":false},"author":1,"featured_media":990600,"parent":1071,"menu_order":0,"comment_status":"closed","ping_status":"closed","template":"","meta":{"footnotes":""},"categories":[78],"class_list":["post-2079","page","type-page","status-publish","has-post-thumbnail","hentry","category-leadership"],"_links":{"self":[{"href":"https:\/\/capiwell.ch\/de\/wp-json\/wp\/v2\/pages\/2079","targetHints":{"allow":["GET"]}}],"collection":[{"href":"https:\/\/capiwell.ch\/de\/wp-json\/wp\/v2\/pages"}],"about":[{"href":"https:\/\/capiwell.ch\/de\/wp-json\/wp\/v2\/types\/page"}],"author":[{"embeddable":true,"href":"https:\/\/capiwell.ch\/de\/wp-json\/wp\/v2\/users\/1"}],"replies":[{"embeddable":true,"href":"https:\/\/capiwell.ch\/de\/wp-json\/wp\/v2\/comments?post=2079"}],"version-history":[{"count":19,"href":"https:\/\/capiwell.ch\/de\/wp-json\/wp\/v2\/pages\/2079\/revisions"}],"predecessor-version":[{"id":990640,"href":"https:\/\/capiwell.ch\/de\/wp-json\/wp\/v2\/pages\/2079\/revisions\/990640"}],"up":[{"embeddable":true,"href":"https:\/\/capiwell.ch\/de\/wp-json\/wp\/v2\/pages\/1071"}],"wp:featuredmedia":[{"embeddable":true,"href":"https:\/\/capiwell.ch\/de\/wp-json\/wp\/v2\/media\/990600"}],"wp:attachment":[{"href":"https:\/\/capiwell.ch\/de\/wp-json\/wp\/v2\/media?parent=2079"}],"wp:term":[{"taxonomy":"category","embeddable":true,"href":"https:\/\/capiwell.ch\/de\/wp-json\/wp\/v2\/categories?post=2079"}],"curies":[{"name":"wp","href":"https:\/\/api.w.org\/{rel}","templated":true}]}}